{"id":72,"date":"2009-05-25T13:22:59","date_gmt":"2009-05-25T11:22:59","guid":{"rendered":"https:\/\/webs.uab.cat\/arquezoologia\/serveis\/"},"modified":"2023-03-06T10:37:11","modified_gmt":"2023-03-06T08:37:11","slug":"serveis","status":"publish","type":"page","link":"https:\/\/webs.uab.cat\/arqueozoologia\/serveis\/","title":{"rendered":"Servei d&#8217;An\u00e0lisis Arqueozool\u00f2giques"},"content":{"rendered":"\n<p>\u00a0<\/p>\n\n\n\n<p>El Laboratori d\u2019Arquezoologia del Departament de Prehist\u00f2ria de la Universitat Aut\u00f2noma de Barcelona ofereix un servei d\u2019an\u00e0lisi de restes de fauna recuperades en jaciments arqueol\u00f2gics.<\/p>\n\n\n\n<p>Aquest servei ajuda a cobrir una demanda creixent en la realitzaci\u00f3 d\u2019an\u00e0lisis arqueozool\u00f2giques de qualitat en un marc pr\u00f2xim a la seva regularitzaci\u00f3 definitiva. Aquest ha estat generat, en part, per una major sensibilitzaci\u00f3 i reconeixement social a l\u2019aportaci\u00f3 dels estudis de la fauna&nbsp; per la interpretaci\u00f3 arqueol\u00f2gica.<\/p>\n\n\n\n<p>La pol\u00edtica del Laboratori d\u2019Arqueozoologia t\u00e9 com a objectiu afegit inserir els estudis que s\u2019hi realitzen en el marc de les L\u00ednies d&#8217;Investigaci\u00f3, Desenvolupament i Innovaci\u00f3 en Arqueologia dels Projectes de Recerca vigents, ja siguin desenvolupats des del&nbsp; propi Laboratori o des dels altres grups de recerca on participa.&nbsp;La finalitat dels estudis realitzats \u00e9s permetre la seva integraci\u00f3 a l\u00ednies de treball concretes, aportant les dades i la informaci\u00f3 generada. Per aquest prop\u00f2sit la formulaci\u00f3 de les an\u00e0lisis inclou estrat\u00e8gies concretes que cobreixen les necessitats te\u00f2riques, metodol\u00f2giques i t\u00e8cniques espec\u00edfiques en cada cas i que nom\u00e9s poden ser formulades coneixent les necessitats de les respostes a resoldre.<\/p>\n\n\n\n<p>Sempre que sigui possible s\u2019intentar\u00e0 donar difusi\u00f3 als resultats obtinguts a partir de les vies que en cada cas s\u2019estimin oportunes per tal de generar un conjunt d\u2019informaci\u00f3 \u00fatil a la comunitat cient\u00edfica i societat en general.<\/p>\n\n\n\n<h2 class=\"wp-block-heading\"><strong>Apartats potencialment inclosos a l\u2019an\u00e0lisi de les restes de fauna<\/strong><\/h2>\n\n\n\n<ol class=\"wp-block-list\"><li>Determinaci\u00f3 anat\u00f2mica i taxon\u00f2mica de cada una de les restes de fauna recuperades:&nbsp;<em>establiment de la variabilitat espec\u00edfica i esquel\u00e8tica<\/em>.<\/li><li>Determinaci\u00f3 de l&#8217;edat i del sexe dels animals representats:&nbsp;<em>establiment del tipus i del mode d&#8217;explotaci\u00f3 i caracteritzaci\u00f3 de l&#8217;estrat\u00e8gia implementada. Avaluaci\u00f3 del grau d&#8217;especialitzaci\u00f3 productiva.<\/em><\/li><li>An\u00e0lisi tafon\u00f2mica de les restes:&nbsp;<em>identificaci\u00f3 i registre de les alteracions tafon\u00f2miques de car\u00e0cter natural o antr\u00f2piques que presenten les restes. Reconstituci\u00f3 de la hist\u00f2ria tafon\u00f2mica dels conjunts i avaluaci\u00f3 del potencial grau d&#8217;alteraci\u00f3 i modificaci\u00f3 que puguin presentar i que pugui esbiaixar les conclusions socials que se n\u2019extreuen.<\/em><\/li><li>An\u00e0lisi qualitativa de les restes: identificaci\u00f3 i registre de les alteracions de car\u00e0cter antr\u00f2pic que presenten les restes:&nbsp;<em>traces de despellament, esquarterament, desarticulaci\u00f3, descarnaci\u00f3 i termoalteracions. Establiment de les t\u00e8cniques de processament dels animals i productes animals.<\/em><\/li><li>An\u00e0lisi biom\u00e8trica de les restes:&nbsp;<em>reconstituci\u00f3 del exemplars i comparaci\u00f3 entre poblacions. Avaluaci\u00f3 dels criteris de selecci\u00f3 que guien el sacrifici dels animals.<\/em><\/li><li>Estudi de paleopatologies:&nbsp;<em>estudi sistem\u00e0tic de les paleopatologies com a eina anal\u00edtica per tal d\u2019integrar aspectes que poden proporcionar informaci\u00f3 sobre la din\u00e0mica de vida de les poblacions animals (malalties, estructura demogr\u00e0fica, accidents, pautes de mobilitat &#8230;) I sobre com aquesta s\u2019ha transformat degut a la pressi\u00f3 i selecci\u00f3 antr\u00f2pica.<\/em><\/li><li>Processament quantitatiu i estad\u00edstic de les dades obtingudes:<em>&nbsp;elaboraci\u00f3 de les taules i gr\u00e0fiques corresponents necess\u00e0ries per al tractament de les dades.<\/em><\/li><li>An\u00e0lisi espacial dels conjunts:&nbsp;<em>remuntatges i connexions anat\u00f2miques. Establiment de la din\u00e0mica d&#8217;aband\u00f3 i dip\u00f2sit de les restes de fauna. Documentaci\u00f3 de les activitats corresponents al processament&nbsp; i consum de l\u2019animal en funci\u00f3 de la representaci\u00f3 de restes en el diferents espais del jaciment.<\/em><\/li><li>Estudi de relacions isot\u00f2piques i concentracions elementals:&nbsp;<em>an\u00e0lisis de les composicions qu\u00edmiques de les restes de fauna. Estudis relacionats amb la reconstituci\u00f3 del clima i les condicions medioambientals i amb l\u2019evaluaci\u00f3 dels patrons d\u2019alimentaci\u00f3, mobilitat i reproducci\u00f3 de les poblacions animals.<\/em><\/li><li>Estudi esclerocronologia:&nbsp;<em>estudi del creixement de l\u2019esquelet en els mol\u00b7luscos com a font d\u2019informaci\u00f3 d\u2019estacionalitat. Aquest estudi \u00e9s susceptible de ser aplicat en els casos en que es disposi de la informaci\u00f3 necess\u00e0ria pertinent per a aquella esp\u00e8cie i sempre que les caracter\u00edstiques pr\u00f2pies d\u2019aquesta ho permetin.<\/em><\/li><li>Estudi d\u2019artefactes sobre suport animal:&nbsp;&nbsp;<em>estudi sistem\u00e0tic de la ind\u00fastria realitzada sobre teixit ossi, banya i valva de mol\u00b7lusc.<\/em><\/li><li>Redacci\u00f3 de l&#8217;informe corresponent:&nbsp;<em>integraci\u00f3 de la informaci\u00f3 i s\u00edntesi dels resultats.<\/em><\/li><li>Estudi comparatiu i de paral\u00b7lels dels resultats obtinguts:&nbsp;<em>integraci\u00f3 de les dades obtingudes en el context de la problem\u00e0tica hist\u00f2rica en la que s\u2019emmarca. Per una altra banda els estudis que es realitzin en el laboratori, s\u2019intentaran vincular als diferents projectes d\u2019investigaci\u00f3 desenvolupats al mateix laboratori o en els que participen els seus integrants.<\/em><\/li><\/ol>\n\n\n\n<p><strong>Segons els objectius del projecte, les preguntes formulades i els resultats obtinguts amb l\u2019an\u00e0lisi i mitjans disponibles es podr\u00e0 incidir en menor o major grau en els seg\u00fcents aspectes:<\/strong><\/p>\n\n\n\n<ol class=\"wp-block-list\"><li>Estrat\u00e8gies de gesti\u00f3 i explotaci\u00f3 dels recursos animals al llarg de l&#8217;interval temporal representat en el jaciment o jaciments.<\/li><li>Din\u00e0mica de canvi d&#8217;aquestes estrat\u00e8gies respecte als moments precedents i posteriors, explicant tant les seves causes com conseq\u00fc\u00e8ncies, inferint d&#8217;aquesta manera en els factors econ\u00f2mics i socials de base que condicionaren aquests canvis.<\/li><li>Nivell de desenvolupament t\u00e8cnic de les estrat\u00e8gies d\u2019explotaci\u00f3 dels recursos animals.<\/li><li>Rol de les activitats de cacera, pesca, recol\u00b7lecci\u00f3 i ramaderia.<ul><li>Pes de l&#8217;activitat ramadera dins el conjunt d&#8217;estrat\u00e8gies econ\u00f2miques practicades. Avaluar la import\u00e0ncia econ\u00f2mica que tingueren els diferents processos de producci\u00f3 ramadera (c\u00e0rnica, l\u00e0ctia, de llana, tracci\u00f3, obtenci\u00f3 de mat\u00e8ria primera&#8230;).<\/li><li>Activitats necess\u00e0ries en l\u2019obtenci\u00f3 dels animals salvatges i contextualitzar-los dins del sistema econ\u00f2mic general de la societat que els ha consumit.<\/li><\/ul><\/li><li>Caracteritzaci\u00f3 biol\u00f2gica de cada una de les esp\u00e8cies animals per tal d&#8217;incidir en els criteris de selecci\u00f3 i gesti\u00f3 ramadera i dels recursos salvatges.<\/li><li>Establiment de les modalitats de processament dels animals i productes animals. Incidir en les t\u00e8cniques de manteniment i de preparaci\u00f3 culin\u00e0ria dels aliments d&#8217;origen animal.<\/li><li>Din\u00e0mica dels processos de distribuci\u00f3 i consum dels animals i productes animals.<\/li><li>Paper dels animals i productes animals en el marc del comer\u00e7 i l&#8217;intercanvi.<\/li><li>Paper dels animals i productes animals en el marc de l\u2019\u00e0mbit politic i ideol\u00f2gic.<\/li><li>Din\u00e0mica de formaci\u00f3 dels diferents conjunts i la gesti\u00f3 de les deixalles que s\u2019efectuava.<\/li><li>&nbsp;Condicions clim\u00e0tiques i ecol\u00f2giques en el marc de les quals s\u2019explotaven aquests recursos.<\/li><\/ol>\n\n\n\n<h2 class=\"wp-block-heading\"><strong>Requisits de l\u2019entrega dels materials<\/strong><\/h2>\n\n\n\n<ul class=\"wp-block-list\"><li>Ser\u00e0 imprescindible per a l\u2019estudi de qualsevol conjunt l\u2019entrega de documentaci\u00f3 relativa al context arqueol\u00f2gic de recuperaci\u00f3 de les restes que es cregui necess\u00e0ria per a&nbsp; portar a terme un estudi de qualitat.<\/li><li>Els materials per l\u2019estudi es portar\u00e0n al Laboratori d\u2019Arqueozoologia correctament referenciats (cronologia, context arqueol\u00f2gic, etc\u2026), nets i siglats.<\/li><li>Per con\u00e8ixer preus i tarifes, contactar directament amb el Laboratori (<a href=\"mailto:l.arqueozoologia@uab.cat\">l.arqueozoologia@uab.cat<\/a>).<ul><li>La tarifa es convindr\u00e0 en funci\u00f3 de certes variables: volum, tipus d\u2019estudi, data d\u2019entrega i caracter\u00edstiques del conjunt.<\/li><\/ul><\/li><\/ul>\n","protected":false},"excerpt":{"rendered":"<p>\u00a0 El Laboratori d\u2019Arquezoologia del Departament de Prehist\u00f2ria de la Universitat Aut\u00f2noma de Barcelona ofereix un servei d\u2019an\u00e0lisi de restes de fauna recuperades en jaciments arqueol\u00f2gics. Aquest servei ajuda a cobrir una demanda creixent en la realitzaci\u00f3 d\u2019an\u00e0lisis arqueozool\u00f2giques de qualitat en un marc pr\u00f2xim a la seva regularitzaci\u00f3 definitiva. Aquest ha estat generat, en [&hellip;]<\/p>\n","protected":false},"author":20,"featured_media":0,"parent":0,"menu_order":0,"comment_status":"closed","ping_status":"closed","template":"","meta":{"footnotes":""},"class_list":["post-72","page","type-page","status-publish","hentry"],"_links":{"self":[{"href":"https:\/\/webs.uab.cat\/arqueozoologia\/wp-json\/wp\/v2\/pages\/72","targetHints":{"allow":["GET"]}}],"collection":[{"href":"https:\/\/webs.uab.cat\/arqueozoologia\/wp-json\/wp\/v2\/pages"}],"about":[{"href":"https:\/\/webs.uab.cat\/arqueozoologia\/wp-json\/wp\/v2\/types\/page"}],"author":[{"embeddable":true,"href":"https:\/\/webs.uab.cat\/arqueozoologia\/wp-json\/wp\/v2\/users\/20"}],"replies":[{"embeddable":true,"href":"https:\/\/webs.uab.cat\/arqueozoologia\/wp-json\/wp\/v2\/comments?post=72"}],"version-history":[{"count":1,"href":"https:\/\/webs.uab.cat\/arqueozoologia\/wp-json\/wp\/v2\/pages\/72\/revisions"}],"predecessor-version":[{"id":442,"href":"https:\/\/webs.uab.cat\/arqueozoologia\/wp-json\/wp\/v2\/pages\/72\/revisions\/442"}],"wp:attachment":[{"href":"https:\/\/webs.uab.cat\/arqueozoologia\/wp-json\/wp\/v2\/media?parent=72"}],"curies":[{"name":"wp","href":"https:\/\/api.w.org\/{rel}","templated":true}]}}