{"id":120,"date":"2012-02-23T14:15:06","date_gmt":"2012-02-23T12:15:06","guid":{"rendered":"https:\/\/webs.uab.cat\/arsad\/2011-seminar-0\/"},"modified":"2012-02-23T14:15:06","modified_gmt":"2012-02-23T12:15:06","slug":"2011-seminar-0","status":"publish","type":"page","link":"https:\/\/webs.uab.cat\/arsad\/2011-seminar-0\/","title":{"rendered":"2011 Seminar"},"content":{"rendered":"<p><span style=\"font-size:18px\"><span style=\"font-family:verdana,geneva,sans-serif\"><strong>ARSAD 2011- PROGRAMME<\/strong><\/span><\/span><\/p>\n<p><span style=\"font-size:18px\"><span style=\"font-family:verdana,geneva,sans-serif\"><strong>Thursday 24 March, 2011<\/strong><\/span><\/span><\/p>\n<p><span style=\"font-size:18px\"><span style=\"font-family:verdana,geneva,sans-serif\">08:30-09:00 Registration&nbsp;<\/span><\/span><\/p>\n<p><span style=\"font-size:18px\"><span style=\"font-family:verdana,geneva,sans-serif\">09:00-09:15 Welcome address (Francesc Parcerisas, Dean of the Faculty of Translation&nbsp;<\/span><\/span><\/p>\n<p><span style=\"font-size:18px\"><span style=\"font-family:verdana,geneva,sans-serif\">and Interpreting, UAB; Pilar Orero, PI, Transmedia Catalonia Research Group, &amp; Peter&nbsp;<\/span><\/span><\/p>\n<p><span style=\"font-size:18px\"><span style=\"font-family:verdana,geneva,sans-serif\">Olaf Looms, Danish Broadcasting Corporation)&nbsp;<\/span><\/span><\/p>\n<p><span style=\"font-size:18px\"><span style=\"font-family:verdana,geneva,sans-serif\">09:15-10:00 Keynote lecture &nbsp;<\/span><\/span><\/p>\n<p><span style=\"font-size:18px\"><span style=\"font-family:verdana,geneva,sans-serif\">Andrew Duchowski (Clemson University, USA). Audio Description: Who\u2019s Watching?&nbsp;<\/span><\/span><\/p>\n<p><span style=\"font-size:18px\"><span style=\"font-family:verdana,geneva,sans-serif\">Quantifying the Viewing Experience.&nbsp;<\/span><\/span><\/p>\n<p><span style=\"font-size:18px\"><span style=\"font-family:verdana,geneva,sans-serif\">10:00-10:30 Coffee Break&nbsp;<\/span><\/span><\/p>\n<p><span style=\"font-size:18px\"><span style=\"font-family:verdana,geneva,sans-serif\">10:30-12:00 Panel 1: Theoretical approaches and merging modalities.&nbsp;<\/span><\/span><\/p>\n<p><span style=\"font-size:18px\"><span style=\"font-family:verdana,geneva,sans-serif\">Chair: Mereijn van der Heijden&nbsp;<\/span><\/span><\/p>\n<p><span style=\"font-size:18px\"><span style=\"font-family:verdana,geneva,sans-serif\">Speaker 1. Gert Vercauteren (Artesis University College Antwerp, Belgium). The use of mental models for content selection in filmic AD<\/span><\/span><\/p>\n<p><span style=\"font-size:18px\"><span style=\"font-family:verdana,geneva,sans-serif\">Speaker 2. Rosamund Webster (London, UK). Three W&#8217;s for two I&#8217;s. How Who, Whom and What convey Information and Interest (through cohesion) in Audio Subtitling.&nbsp;<\/span><\/span><\/p>\n<p><span style=\"font-size:18px\"><span style=\"font-family:verdana,geneva,sans-serif\">Speaker 3. Eva Espasa (Universitat de Vic, Spain). Audio Describing documentaries: Specific practices. Specific guidelines?<\/span><\/span><\/p>\n<p><span style=\"font-size:18px\"><span style=\"font-family:verdana,geneva,sans-serif\">12:00-13:30 Panel 2A: AD in practice: theatre, opera, cinema.&nbsp;<\/span><\/span><\/p>\n<p><span style=\"font-size:18px\"><span style=\"font-family:verdana,geneva,sans-serif\">Chair: Joel Snyder &nbsp;<\/span><\/span><\/p>\n<p><span style=\"font-size:18px\"><span style=\"font-family:verdana,geneva,sans-serif\">Speaker 1. Bernd Benecke (Bayerischer Rundfunk, Germany). Creating AD: the difference between Story Description and Plot Description &nbsp;<\/span><\/span><\/p>\n<p><span style=\"font-size:18px\"><span style=\"font-family:verdana,geneva,sans-serif\">Speaker 2. Susanne Verberk (Nevero, Belgium). AD in translation.&nbsp;<\/span><\/span><\/p>\n<p><span style=\"font-size:18px\"><span style=\"font-family:verdana,geneva,sans-serif\">Speaker 3. Anna Jankowska (Jagiellonian University, Poland). Translation audio description for dubbed films in Polish and Spanish&nbsp;<\/span><\/span><\/p>\n<p><span style=\"font-size:18px\"><span style=\"font-family:verdana,geneva,sans-serif\">13:30-14:30 Lunch&nbsp;<\/span><\/span><\/p>\n<p><span style=\"font-size:18px\"><span style=\"font-family:verdana,geneva,sans-serif\">14:30-16:30 Panel 2B: AD in practice: theatre, opera, cinema.&nbsp;<\/span><\/span><\/p>\n<p><span style=\"font-size:18px\"><span style=\"font-family:verdana,geneva,sans-serif\">Chair: Bernd Benecke&nbsp;<\/span><\/span><\/p>\n<p><span style=\"font-size:18px\"><span style=\"font-family:verdana,geneva,sans-serif\">Speaker 1. Maria Valero (Universit\u00e0 degli Studi di Parma, Italy). Audio Description in Italy: a few notes on the state of the art&nbsp;<\/span><\/span><\/p>\n<p><span style=\"font-size:18px\"><span style=\"font-family:verdana,geneva,sans-serif\">Speaker 2. Christopher Taylor &amp; Elisa Perego (University of Trieste, Italy). Audio Description in Italy: guidelines exist!&nbsp;<\/span><\/span><\/p>\n<p><span style=\"font-size:18px\"><span style=\"font-family:verdana,geneva,sans-serif\">Speaker 3. Joel Snyder (Audio Description Associates, USA). Audio Description in the United States: the Obama Era and Beyond.&nbsp;<\/span><\/span><\/p>\n<p><span style=\"font-size:18px\"><span style=\"font-family:verdana,geneva,sans-serif\">Speaker 4. Larissa Costa (Pont\u00edficia Universidade Cat\u00f3lica, Brazil). Audio description in Rio de Janeiro 16:30-17:00 Coffee Break&nbsp;<\/span><\/span><\/p>\n<p><span style=\"font-size:18px\"><span style=\"font-family:verdana,geneva,sans-serif\">17:00-18:00 Panel 3. ONGOING RESEARCH PROJECTS (short 10-minute presentations). &nbsp;<\/span><\/span><\/p>\n<p><span style=\"font-size:18px\"><span style=\"font-family:verdana,geneva,sans-serif\">Chair: Elena Di Giovanni&nbsp;<\/span><\/span><\/p>\n<p><span style=\"font-size:18px\"><span style=\"font-family:verdana,geneva,sans-serif\">Speaker 1.Crist\u00f3bal Cabeza-C\u00e1ceres (Universitat Aut\u00f2noma de Barcelona). A reception study on audio description: the narration speed parameter&nbsp;<\/span><\/span><\/p>\n<p><span style=\"font-size:18px\"><span style=\"font-family:verdana,geneva,sans-serif\">Speaker 2. Nazaret Fresno (Universitat Aut\u00f2noma de Barcelona). An empirical approach to character reception in AD&nbsp;<\/span><\/span><\/p>\n<p><span style=\"font-size:18px\"><span style=\"font-family:verdana,geneva,sans-serif\">Speaker 3. Sarah Weaver (University of Durham, UK). Lifting the curtain on Opera Description: comparing approaches.&nbsp;<\/span><\/span><\/p>\n<p><span style=\"font-size:18px\"><span style=\"font-family:verdana,geneva,sans-serif\">Speaker 4. Bernd Benecke, Anna Maszerowska, Anna Matamala, Pilar Orero, Gert Vercauteren. ORCAD. Online Resource Center for AD Research<\/span><\/span><\/p>\n<p><span style=\"font-size:18px\"><span style=\"font-family:verdana,geneva,sans-serif\">20:00 Conference dinner (Barcelona). Mama Caf\u00e8.&nbsp;<\/span><\/span><\/p>\n<p><span style=\"font-size:18px\"><span style=\"font-family:verdana,geneva,sans-serif\"><strong>FRIDAY, 25th MARCH 2011<\/strong><\/span><\/span><\/p>\n<p><span style=\"font-size:18px\"><span style=\"font-family:verdana,geneva,sans-serif\">09:00-11:00 Panel 4: Linguistic aspects, sound and delivery&nbsp;<\/span><\/span><\/p>\n<p><span style=\"font-size:18px\"><span style=\"font-family:verdana,geneva,sans-serif\">Chair: &nbsp;Agnieszka Chmiel&nbsp;<\/span><\/span><\/p>\n<p><span style=\"font-size:18px\"><span style=\"font-family:verdana,geneva,sans-serif\">Speaker 1. Louise Fryer (Goldsmiths College, University of London, UK). Audio description: the art of sound?&nbsp;<\/span><\/span><\/p>\n<p><span style=\"font-size:18px\"><span style=\"font-family:verdana,geneva,sans-serif\">Speaker 2. Andrew Holland (VocalEyes, UK). Hamlet without the Prince: audience&#8217;s point of view&nbsp;<\/span><\/span><\/p>\n<p><span style=\"font-size:18px\"><span style=\"font-family:verdana,geneva,sans-serif\">Speaker 3. Mereijn van der Hejden. Mixing and delivering AD for 3D films&nbsp;<\/span><\/span><\/p>\n<p><span style=\"font-size:18px\"><span style=\"font-family:verdana,geneva,sans-serif\">Speaker 4. Gion Linder &amp; Juan Mart\u00ednez (SWISS TXT, Switzerland). Audio Description with a TTS application&nbsp;<\/span><\/span><\/p>\n<p><span style=\"font-size:18px\"><span style=\"font-family:verdana,geneva,sans-serif\">11:00-11:30 Coffee break&nbsp;<\/span><\/span><\/p>\n<p><span style=\"font-size:18px\"><span style=\"font-family:verdana,geneva,sans-serif\">11:30-13:30 Panel 5A. Reception and perception&nbsp;<\/span><\/span><\/p>\n<p><span style=\"font-size:18px\"><span style=\"font-family:verdana,geneva,sans-serif\">Chair: Andrew Holland &nbsp;<\/span><\/span><\/p>\n<p><span style=\"font-size:18px\"><span style=\"font-family:verdana,geneva,sans-serif\">Speaker 1. Agnieszka Chmiel &amp; Iwona Mazur (Adam Mickiewicz University, Poznan, Poland) AD reception research: some methodological considerations.&nbsp;<\/span><\/span><\/p>\n<p><span style=\"font-size:18px\"><span style=\"font-family:verdana,geneva,sans-serif\">Speaker 2. Izabela Kreztz, Agnieszka Szarkowska &amp; Agnieszka Walczak (Warsaw School of Humanities and Social Sciences, Poland). Guided attention- audio description&nbsp;<\/span><\/span><\/p>\n<p><span style=\"font-size:18px\"><span style=\"font-family:verdana,geneva,sans-serif\">in education&nbsp;<\/span><\/span><\/p>\n<p><span style=\"font-size:18px\"><span style=\"font-family:verdana,geneva,sans-serif\">Speaker 3. Pablo Romero-Fresco (Roehampton University, London, UK). The use of audio introduction in films&nbsp;<\/span><\/span><\/p>\n<p><span style=\"font-size:18px\"><span style=\"font-family:verdana,geneva,sans-serif\">Speaker 4. Anna Vilar\u00f3, Aitor Rodr\u00edguez, Xavier Vives (Universitat Aut\u00f2noma de Barcelona, TVC). AD scenarios over IPTV: user evaluation<\/span><\/span><\/p>\n<p><span style=\"font-size:18px\"><span style=\"font-family:verdana,geneva,sans-serif\">Lunch 13:30-14:30 14:30-16:30 Panel 5B: Reception and perception<\/span><\/span><\/p>\n<p><span style=\"font-size:18px\"><span style=\"font-family:verdana,geneva,sans-serif\">Chair: &nbsp;Iwona Mazur&nbsp;<\/span><\/span><\/p>\n<p><span style=\"font-size:18px\"><span style=\"font-family:verdana,geneva,sans-serif\">Speaker 1. Agnieszka Walczak (University of Warsaw, Poland) Text-to-speech audio description for visually impaired children.&nbsp;<\/span><\/span><\/p>\n<p><span style=\"font-size:18px\"><span style=\"font-family:verdana,geneva,sans-serif\">Speaker 2. Elena di Giovanni (University of Macerata, Italy). Visual and narrative priorities of the blind and non-blind: the results of an eye-tracking experiment and its&nbsp;<\/span><\/span><\/p>\n<p><span style=\"font-size:18px\"><span style=\"font-family:verdana,geneva,sans-serif\">application to the drafting of AD.&nbsp;<\/span><\/span><\/p>\n<p><span style=\"font-size:18px\"><span style=\"font-family:verdana,geneva,sans-serif\">Speaker 3. Marina Ramos (Universidad de Murcia, Spain). AD and emotions: a preliminary study&nbsp;<\/span><\/span><\/p>\n<p><span style=\"font-size:18px\"><span style=\"font-family:verdana,geneva,sans-serif\">Speaker 4. Andrew Duchowski, Pilar Orero, Andrew D. Ouzts, Janna L. Reid (Clemson University, CAIAC-UAB, Winthrop University). Audio description research through&nbsp;<\/span><\/span><\/p>\n<p><span style=\"font-size:18px\"><span style=\"font-family:verdana,geneva,sans-serif\">eye-tracking technology: a new methodological approach.&nbsp;<\/span><\/span><\/p>\n<p><span style=\"font-size:18px\"><span style=\"font-family:verdana,geneva,sans-serif\">16:30-17:00 Coffee break&nbsp;<\/span><\/span><\/p>\n<p><span style=\"font-size:18px\"><span style=\"font-family:verdana,geneva,sans-serif\">17:00-18:00 ROUND TABLE ON AD<\/span><\/span><\/p>\n<p><span style=\"font-size:18px\"><span style=\"font-family:verdana,geneva,sans-serif\">Chair: &nbsp;Aline Remael&nbsp;<\/span><\/span><\/p>\n<p><span style=\"font-size:18px\"><span style=\"font-family:verdana,geneva,sans-serif\">Invited speakers:&nbsp;<\/span><\/span><\/p>\n<p><span style=\"font-size:18px\"><span style=\"font-family:verdana,geneva,sans-serif\">Joan Greening (independent adviser, UK)&nbsp;<\/span><\/span><\/p>\n<p><span style=\"font-size:18px\"><span style=\"font-family:verdana,geneva,sans-serif\">Trevor Franklin &nbsp;(independent adviser, UK)&nbsp;<\/span><\/span><\/p>\n<p><span style=\"font-size:18px\"><span style=\"font-family:verdana,geneva,sans-serif\">Andrew Holland (VocalEyes, UK)&nbsp;<\/span><\/span><\/p>\n<p><span style=\"font-size:18px\"><span style=\"font-family:verdana,geneva,sans-serif\">Louise Fryer (Goldsmiths College, University of London)&nbsp;<\/span><\/span><\/p>\n<p><span style=\"font-size:18px\"><span style=\"font-family:verdana,geneva,sans-serif\">Giuseppa Avola (Film Voices, Italy), and &nbsp;<\/span><\/span><\/p>\n<p><span style=\"font-size:18px\"><span style=\"font-family:verdana,geneva,sans-serif\">Alessandra Carta (Film Voices, Italy)&nbsp;<\/span><\/span><\/p>\n<p><span style=\"font-size:18px\"><span style=\"font-family:verdana,geneva,sans-serif\">18:00 Concluding remarks by Pilar Orero (UAB)&nbsp;<\/span><\/span><\/p>\n<p>&nbsp;<\/p>\n<p>&nbsp;<\/p>\n<p>&nbsp;<\/p>\n<p>&nbsp;<\/p>\n","protected":false},"excerpt":{"rendered":"<p>ARSAD 2011- PROGRAMME Thursday 24 March, 2011 08:30-09:00 Registration&nbsp; 09:00-09:15 Welcome address (Francesc Parcerisas, Dean of the Faculty of Translation&nbsp; and Interpreting, UAB; Pilar Orero, PI, Transmedia Catalonia Research Group, &amp; Peter&nbsp; Olaf Looms, Danish Broadcasting Corporation)&nbsp; 09:15-10:00 Keynote lecture &nbsp; Andrew Duchowski (Clemson University, USA). Audio Description: Who\u2019s Watching?&nbsp; Quantifying the Viewing Experience.&nbsp; 10:00-10:30 [&hellip;]<\/p>\n","protected":false},"author":20,"featured_media":0,"parent":0,"menu_order":0,"comment_status":"closed","ping_status":"closed","template":"","meta":{"footnotes":""},"class_list":["post-120","page","type-page","status-publish","hentry"],"_links":{"self":[{"href":"https:\/\/webs.uab.cat\/arsad\/wp-json\/wp\/v2\/pages\/120","targetHints":{"allow":["GET"]}}],"collection":[{"href":"https:\/\/webs.uab.cat\/arsad\/wp-json\/wp\/v2\/pages"}],"about":[{"href":"https:\/\/webs.uab.cat\/arsad\/wp-json\/wp\/v2\/types\/page"}],"author":[{"embeddable":true,"href":"https:\/\/webs.uab.cat\/arsad\/wp-json\/wp\/v2\/users\/20"}],"replies":[{"embeddable":true,"href":"https:\/\/webs.uab.cat\/arsad\/wp-json\/wp\/v2\/comments?post=120"}],"version-history":[{"count":0,"href":"https:\/\/webs.uab.cat\/arsad\/wp-json\/wp\/v2\/pages\/120\/revisions"}],"wp:attachment":[{"href":"https:\/\/webs.uab.cat\/arsad\/wp-json\/wp\/v2\/media?parent=120"}],"curies":[{"name":"wp","href":"https:\/\/api.w.org\/{rel}","templated":true}]}}