{"id":105,"date":"2016-01-19T13:43:45","date_gmt":"2016-01-19T13:43:45","guid":{"rendered":"https:\/\/webs.uab.cat\/asome\/pagina\/"},"modified":"2023-03-15T18:14:50","modified_gmt":"2023-03-15T18:14:50","slug":"pagina","status":"publish","type":"page","link":"https:\/\/webs.uab.cat\/asome\/","title":{"rendered":"Presentaci\u00f3"},"content":{"rendered":"\n<p>El Grup de Recerca en Arqueoecologia Social Mediterr\u00e0nia va ser constitu\u00eft el 1996 i posseeix la categoria de Grup d&#8217;Investigaci\u00f3 Consolidat (convocat\u00f2ries 1996 SGR 00092, 1998 SGR 00068, 2000 SGR 00051, 2001 SGR 000156, 2005 SGR 01025, 2009 SGR 0778, 2017 SGR 1044, \u00a02021 SGR 00525). L&#8217;objectiu general de la nostra activitat cient\u00edfica \u00e9s la investigaci\u00f3 del funcionament i de la din\u00e0mica de les relacions econ\u00f2miques, socials i pol\u00edtiques desenvolupades per les societats mediterr\u00e0nies durant la prehist\u00f2ria recent, i tamb\u00e9 l&#8217;avaluaci\u00f3 de l&#8217;impacte ecol\u00f2gic de les estrat\u00e8gies productives practicades a ritmes diferents i a escales temporals. Les regions on es centren els treballs de camp i d&#8217;an\u00e0lisi s\u00f3n el sud-est de la Pen\u00ednsula Ib\u00e8rica i les Illes Balears. Malgrat que la disciplina cient\u00edfica que caracteritza el nostre estudi \u00e9s l&#8217;arqueologia (principalment l&#8217;arqueologia prehist\u00f2rica), l&#8217;activitat cient\u00edfica del grup prioritza l&#8217;interdisciplinarietat amb altres branques del coneixement, com ara l&#8217;antropologia f\u00edsica i diverses especialitats dins de les ci\u00e8ncies naturals (geologia, biologia, qu\u00edmica ).<\/p>\n\n\n\n<p>Universitat i Departament al que s&#8217;adscriu el grup:<\/p>\n\n\n\n<p><a href=\"https:\/\/www.uab.cat\/ca\/prehistoria\" data-type=\"URL\" data-id=\"https:\/\/www.uab.cat\/ca\/prehistoria\" target=\"_blank\" rel=\"noreferrer noopener\">Departament de Prehist\u00f2ria de la Universitat Aut\u00f2noma de Barcelona<\/a><\/p>\n\n\n\n<p><\/p>\n","protected":false},"excerpt":{"rendered":"<p>El Grup de Recerca en Arqueoecologia Social Mediterr\u00e0nia va ser constitu\u00eft el 1996 i posseeix la categoria de Grup d&#8217;Investigaci\u00f3 Consolidat (convocat\u00f2ries 1996 SGR 00092, 1998 SGR 00068, 2000 SGR 00051, 2001 SGR 000156, 2005 SGR 01025, 2009 SGR 0778, 2017 SGR 1044, \u00a02021 SGR 00525). L&#8217;objectiu general de la nostra activitat cient\u00edfica \u00e9s la [&hellip;]<\/p>\n","protected":false},"author":44,"featured_media":0,"parent":0,"menu_order":0,"comment_status":"closed","ping_status":"closed","template":"","meta":{"footnotes":""},"class_list":["post-105","page","type-page","status-publish","hentry"],"_links":{"self":[{"href":"https:\/\/webs.uab.cat\/asome\/wp-json\/wp\/v2\/pages\/105","targetHints":{"allow":["GET"]}}],"collection":[{"href":"https:\/\/webs.uab.cat\/asome\/wp-json\/wp\/v2\/pages"}],"about":[{"href":"https:\/\/webs.uab.cat\/asome\/wp-json\/wp\/v2\/types\/page"}],"author":[{"embeddable":true,"href":"https:\/\/webs.uab.cat\/asome\/wp-json\/wp\/v2\/users\/44"}],"replies":[{"embeddable":true,"href":"https:\/\/webs.uab.cat\/asome\/wp-json\/wp\/v2\/comments?post=105"}],"version-history":[{"count":4,"href":"https:\/\/webs.uab.cat\/asome\/wp-json\/wp\/v2\/pages\/105\/revisions"}],"predecessor-version":[{"id":952,"href":"https:\/\/webs.uab.cat\/asome\/wp-json\/wp\/v2\/pages\/105\/revisions\/952"}],"wp:attachment":[{"href":"https:\/\/webs.uab.cat\/asome\/wp-json\/wp\/v2\/media?parent=105"}],"curies":[{"name":"wp","href":"https:\/\/api.w.org\/{rel}","templated":true}]}}