{"id":109,"date":"2016-04-26T13:39:37","date_gmt":"2016-04-26T13:39:37","guid":{"rendered":"https:\/\/webs.uab.cat\/asome\/equip-de-recerca\/"},"modified":"2023-09-22T11:27:16","modified_gmt":"2023-09-22T11:27:16","slug":"equip-de-recerca","status":"publish","type":"page","link":"https:\/\/webs.uab.cat\/asome\/equip-de-recerca\/","title":{"rendered":"Equip de Recerca"},"content":{"rendered":"\n<p><\/p>\n\n\n\n<h2 class=\"wp-block-heading\"><em>Membres de la UAB del grup de recerca ASOME de la Direcci\u00f3 General de Recerca de la Generalitat de Catalunya.<\/em><\/h2>\n\n\n\n<p style=\"text-transform:uppercase\"><strong>COORDINACI\u00d3<\/strong><\/p>\n\n\n\n<p><\/p>\n\n\n\n<p><span style=\"font-family: Arial, Helvetica, sans-serif;font-size: small\"><strong>Dr. Vicente Lull <\/strong>(<a href=\"mailto:vicenclull@gmail.com\">vicenclull@gmail.com<\/a>). Professor honor\u00edfic de Prehist\u00f2ria del Departament de Prehist\u00f2ria de la Universitat Aut\u00f2noma de Barcelona. <\/span><\/p>\n\n\n\n<p><span style=\"font-family: Arial, Helvetica, sans-serif;font-size: small\"><strong>Dr. Rafael Mic\u00f3 <\/strong> (<a href=\"mailto:rafael.mico@uab.cat\">rafael.mico@uab.cat<\/a>). Catedr\u00e0tic laboral del Departament de Prehist\u00f2ria de la Universitat Aut\u00f2noma de Barcelona. <\/span><\/p>\n\n\n\n<p><span style=\"font-family: Arial, Helvetica, sans-serif;font-size: small\"><strong>Dra. Cristina Rihuete <\/strong> (<a href=\"mailto:cristina@sonfornes.mallorca.museum\" target=\"_blank\" rel=\"noreferrer noopener\">cristina.rihuete@uab.cat<\/a>). Directora del Museu Arqueol\u00f2gic de Son Forn\u00e9s (Montu\u00efri, Mallorca) i professora agregada&nbsp;del Departament de Prehist\u00f2ria de la Universitat Aut\u00f2noma de Barcelona. <\/span><\/p>\n\n\n\n<p><span style=\"font-family: Arial, Helvetica, sans-serif;font-size: small\"><strong>Dr. Roberto Risch <\/strong>(<a href=\"mailto:robert.risch@uab.es\">robert.risch@uab.es<\/a>). Catedr\u00e0tic de Prehist\u00f2ria del Departament de Prehist\u00f2ria de la Universitat Aut\u00f2noma de Barcelona. <\/span><\/p>\n\n\n\n<p><\/p>\n\n\n\n<p class=\"has-normal-font-size\" style=\"font-style:normal;font-weight:900;text-transform:uppercase\"><span style=\"font-family: Arial, Helvetica, sans-serif;font-size: small\"><strong>Personal de recerca:<\/strong> <\/span><\/p>\n\n\n\n<p><span style=\"font-family: Arial, Helvetica, sans-serif;font-size: small\"><strong>Dra. Mireia Ache Delgad<\/strong>o (<a href=\"mailto:mireia_ache@hotmail.com\">mireia_ache@hotmail.com<\/a>). Investigadora&nbsp;del Departament de Prehist\u00f2ria de la Universitat Aut\u00f2noma de Barcelona. &nbsp; <\/span><\/p>\n\n\n\n<p><span style=\"font-family: Arial, Helvetica, sans-serif;font-size: small\"><strong>Jos\u00e9 V. \u00c1vila Fern\u00e1ndez<\/strong> (<a href=\"https:\/\/joseavila.vf@gmail.com\">jose.vicente.avila@uab.cat<\/a>).&nbsp;Investigador&nbsp;predoctoral del Departament de Prehist\u00f2ria de la Universitat Aut\u00f2noma de Barcelona. &nbsp;<\/span><\/p>\n\n\n\n<p><span style=\"font-family: Arial, Helvetica, sans-serif;font-size: small\"><strong>Paula Maria Amengual Nicolau <\/strong>(<a href=\"mailto:paula.m.amengual@gmail.com\" target=\"_blank\" rel=\"noreferrer noopener\">paula.m.amengual@gmail.com<\/a>). Investigadora&nbsp;del Museu Arqueol\u00f2gic de Son Forn\u00e9s (Montu\u00efri, Mallorca).<\/span><\/p>\n\n\n\n<p><span style=\"font-family: Arial, Helvetica, sans-serif;font-size: small\"><strong>Dra. Lourdes And\u00fagar Mart\u00ednez<\/strong> (<a href=\"mailto:luandugar@hotmail.com\">luandugar@gmail.com<\/a>). Investigadora posdoctoral del Departament de Prehist\u00f2ria de la Universitat Aut\u00f2noma de Barcelona. &nbsp; <\/span><\/p>\n\n\n\n<p><span style=\"font-family: Arial, Helvetica, sans-serif;font-size: small\"><strong>Eva Celdr\u00e1n Beltr\u00e1n<\/strong> (<a href=\"mailto:ecelbel@hotmail.com\">eva.celdran@uab.cat<\/a>). Investigadora predoctoral del Departament de Prehist\u00f2ria de la Universitat Aut\u00f2noma de Barcelona. \u00a0 <\/span><\/p>\n\n\n\n<p><span style=\"font-family: Arial, Helvetica, sans-serif;font-size: small\"><strong>Dra. Selina Delgado Raack <\/strong>(<a href=\"mailto:sdelgadoraack@hotmail.com\">selina.delgado@uab.cat<\/a>). Investigadora i t\u00e8cnica especialista de suport a la investigaci\u00f3 del Departament de Prehist\u00f2ria de la Universitat Aut\u00f2noma de Barcelona.<\/span><\/p>\n\n\n\n<p><span style=\"font-family: Arial, Helvetica, sans-serif;font-size: small\"><strong>Marina Eguiluz <\/strong>(<a href=\"mailto:marina.eguiluz@autonoma.cat\">marina.eguiluz@autonoma.cat<\/a>). Investigadora predoctoral del Departament de Prehist\u00f2ria&nbsp;de la Universitat Aut\u00f2noma de Barcelona.<\/span><\/p>\n\n\n\n<p><span style=\"font-family: Arial, Helvetica, sans-serif;font-size: small\"><strong>Dr. Nicolau Escanilla Artigues <\/strong> (<a href=\"mailto:nescanilla@gmail.com\">nescanilla@gmail.com<\/a>). Investigador posdoctoral del Departament de Prehist\u00f2ria de la Universitat Aut\u00f2noma de Barcelona. &nbsp; <\/span><\/p>\n\n\n\n<p><span style=\"font-family: Arial, Helvetica, sans-serif;font-size: small\"><strong>Carla Garrido Garc\u00eda<\/strong> (<a href=\"mailto:carla.garrido@uab.cat\">carla.garrido@uab.cat<\/a>).&nbsp;Investigadora predoctoral del Departament de Prehist\u00f2ria de la Universitat Aut\u00f2noma de Barcelona<\/span><\/p>\n\n\n\n<p><span style=\"font-family: Arial, Helvetica, sans-serif;font-size: small\"><strong>Dra. Camila Oliart Caravatti<\/strong> (<a href=\"mailto:camila.oliart@uab.cat\">camila.oliart@uab.cat<\/a>). Investigadora i t\u00e8cnica especialista de suport a la investigaci\u00f3 del Departament de Prehist\u00f2ria de la Universitat Aut\u00f2noma de Barcelona. <\/span><\/p>\n\n\n\n<p><span style=\"font-family: Arial, Helvetica, sans-serif;font-size: small\"><strong>Elena Sintes Olives<\/strong> (<a href=\"mailto:elenasintes@gmail.com\">elenasintes@gmail.com<\/a>). Investigadora&nbsp;del Departament de Prehist\u00f2ria de la Universitat Aut\u00f2noma de Barcelona. &nbsp; <\/span><\/p>\n\n\n\n<p><span style=\"font-family: Arial, Helvetica, sans-serif;font-size: small\"><strong>Dra. Beatriz Palomar Puebla<\/strong> (<a href=\"https:\/\/bppuebla@gmail.com\">bppuebla@gmail.com<\/a>). Investigadora postdoctoral del Museu Arqueol\u00f2gic de Son Forn\u00e9s (Montu\u00efri, Mallorca).<\/span><\/p>\n\n\n\n<p><span style=\"font-family: Arial, Helvetica, sans-serif;font-size: small\"><strong>Dr. Marcello Peres<\/strong> (<a href=\"mailto:marcello.peres@uab.cat\">marcello.peres@uab.cat<\/a>). Investigador postdoctoral Margarita Salas&nbsp;del Departament de Prehist\u00f2ria de la Universitat Aut\u00f2noma de Barcelona. <\/span><\/p>\n\n\n\n<p><span style=\"font-family: Arial, Helvetica, sans-serif;font-size: small\"><strong>Dr. Eni&nbsp;Soriano Llopis<\/strong> (<a href=\"mailto:eni.soriano@uab.cat\">eni.soriano@uab.cat<\/a>). Investigador postdoctoral del Departament de Prehist\u00f2ria de la Universitat Aut\u00f2noma de Barcelona. &nbsp; <\/span><\/p>\n\n\n\n<p><span style=\"font-family: Arial, Helvetica, sans-serif;font-size: small\"><strong>Dr. Miguel Valerio<\/strong> (<a href=\"https:\/\/miguel.valerio@uab.cat\">miguel.valerio@uab.cat<\/a>). Investigador Maria Zambrano&nbsp;del Departament de Prehist\u00f2ria de la Universitat Aut\u00f2noma de Barcelona. &nbsp;<\/span><\/p>\n\n\n\n<p><span style=\"font-family: Arial, Helvetica, sans-serif;font-size: small\"><strong>Dr. Carlos Velasco Felipe<\/strong> (<a href=\"mailto:%20cvelasfe@gmail.com\">cvelasfe@gmail.com<\/a>). Investigador posdoctoral del Departament de Prehist\u00f2ria de la Universitat Aut\u00f2noma de Barcelona. &nbsp; <\/span><\/p>\n\n\n\n<p><\/p>\n","protected":false},"excerpt":{"rendered":"<p>Membres de la UAB del grup de recerca ASOME de la Direcci\u00f3 General de Recerca de la Generalitat de Catalunya. COORDINACI\u00d3 Dr. Vicente Lull (vicenclull@gmail.com). Professor honor\u00edfic de Prehist\u00f2ria del Departament de Prehist\u00f2ria de la Universitat Aut\u00f2noma de Barcelona. Dr. Rafael Mic\u00f3 (rafael.mico@uab.cat). Catedr\u00e0tic laboral del Departament de Prehist\u00f2ria de la Universitat Aut\u00f2noma de Barcelona. [&hellip;]<\/p>\n","protected":false},"author":44,"featured_media":0,"parent":0,"menu_order":0,"comment_status":"closed","ping_status":"closed","template":"","meta":{"footnotes":""},"class_list":["post-109","page","type-page","status-publish","hentry"],"_links":{"self":[{"href":"https:\/\/webs.uab.cat\/asome\/wp-json\/wp\/v2\/pages\/109","targetHints":{"allow":["GET"]}}],"collection":[{"href":"https:\/\/webs.uab.cat\/asome\/wp-json\/wp\/v2\/pages"}],"about":[{"href":"https:\/\/webs.uab.cat\/asome\/wp-json\/wp\/v2\/types\/page"}],"author":[{"embeddable":true,"href":"https:\/\/webs.uab.cat\/asome\/wp-json\/wp\/v2\/users\/44"}],"replies":[{"embeddable":true,"href":"https:\/\/webs.uab.cat\/asome\/wp-json\/wp\/v2\/comments?post=109"}],"version-history":[{"count":12,"href":"https:\/\/webs.uab.cat\/asome\/wp-json\/wp\/v2\/pages\/109\/revisions"}],"predecessor-version":[{"id":997,"href":"https:\/\/webs.uab.cat\/asome\/wp-json\/wp\/v2\/pages\/109\/revisions\/997"}],"wp:attachment":[{"href":"https:\/\/webs.uab.cat\/asome\/wp-json\/wp\/v2\/media?parent=109"}],"curies":[{"name":"wp","href":"https:\/\/api.w.org\/{rel}","templated":true}]}}