{"id":351,"date":"2019-02-20T10:56:11","date_gmt":"2019-02-20T10:56:11","guid":{"rendered":"https:\/\/webs.uab.cat\/asome\/objectius\/"},"modified":"2023-03-13T13:30:32","modified_gmt":"2023-03-13T13:30:32","slug":"objectius","status":"publish","type":"page","link":"https:\/\/webs.uab.cat\/asome\/objectius\/","title":{"rendered":"Objectius"},"content":{"rendered":"\n<p><strong>El Grup de Recerca d&#8217;Arqueoecologia Social Mediterr\u00e0nia t\u00e9 per objectiu principal la reconstrucci\u00f3 de la din\u00e0mica social, econ\u00f2mica i ecol\u00f2gica de les societats que van poblar la conca occidental de la Mediterr\u00e0nia al llarg de la prehist\u00f2ria recent,<\/strong>&nbsp;\u00e9s a dir, entre el tercer i el primer mil\u00b7lenni abans de la nostra era. Dins d&#8217;aquest marc, la major part de la intensitat investigadora s&#8217;ha centrat a dues regions:&nbsp;<strong>el sud-est de la Pen\u00ednsula Ib\u00e8rica i les Illes Balears.<\/strong><\/p>\n\n\n\n<p>Fins aleshores, dins dels dos \u00e0mbits geogr\u00e0fics esmentats, s&#8217;han dut a terme nombroses campanyes de treball de camp i programes sistem\u00e0tics d&#8217;an\u00e0lisi de materials, centrats en diversos jaciments arqueol\u00f2gics multiestratificats: Son Forn\u00e9s (Mallorca), les coves d&#8217;enterrament pretalai\u00f2tiques d&#8217;Es C\u00e0rritx, Es Mussol i Es Forat de Ses Aritges (Menorca), la naveta d&#8217;enterrament de Ses Arenas de Baix (Menorca) i els poblats arg\u00e0rics de Gatas i Fuente \u00c1lamo (Almeria). A m\u00e9s a m\u00e9s, la investigaci\u00f3 tamb\u00e9 s&#8217;ha adre\u00e7at als \u00e0mbits de l&#8217;an\u00e0lisi territorial i a la paleoecologia a gran escala, concretament a la depressi\u00f3 de Vera (Almeria) i Mallorca (Les Balears). Els darrers anys, l&#8217;equip est\u00e0 fent treballs de camp, de laboratori, muse\u00eftzaci\u00f3 i divulgaci\u00f3 del patrimoni arqueol\u00f2gic a la vall del Guadalent\u00edn (M\u00farcia), gr\u00e0cies a la investigaci\u00f3 a La Bastida, un dels assentaments arg\u00e0rics m\u00e9s importants del sud-est, i la Tira del Lienzo.<\/p>\n\n\n\n<p>Aquestes activitats de recerca desenvolupades durant els \u00faltims 30 anys han perm\u00e8s aprofundir en el coneixement de grups arqueol\u00f2gics tan destacats com Los Millares i El Argar del sud-est peninsular, aix\u00ed com els per\u00edodes navetiforme i talai\u00f2tic de les Illes Balears.<\/p>\n\n\n\n<p>La perspectiva investigadora que caracteritza el nostre grup de treball pot definir-se en funci\u00f3 de dos principis fonamentals:<\/p>\n\n\n\n<ul class=\"wp-block-list\"><li> La necessitat d&#8217;orientar la investigaci\u00f3 cap al coneixement de les condicions materials (en termes d&#8217;agents humans, estructura productiva i estat del medi ambient) que permeten comprendre l&#8217;organitzaci\u00f3 global d&#8217;una societat del passat i explicar-ne el desenvolupament. D&#8217;aqu\u00ed l&#8217;\u00e8mfasi en la investigaci\u00f3 de les variables paleoecon\u00f2miques i paleoecol\u00f2giques .  <\/li><li> Malgrat que l&#8217;arqueologia prehist\u00f2rica pot considerar-se l&#8217;\u00e0mbit cient\u00edfic a partir del qual s&#8217;articulen la resta de les investigacions, estem conven\u00e7uts que l&#8217;enfocament interdisciplinari segons una perspectiva cronol\u00f2gica a llarg termini \u00e9s la via m\u00e9s satisfact\u00f2ria per enregistrar l&#8217;extrema variabilitat de l&#8217;expressi\u00f3 emp\u00edrica dels fen\u00f2mens socials. Per aquest motiu, apostem per una investigaci\u00f3 arqueol\u00f2gica relacionada estretament amb altres disciplines de les ci\u00e8ncies naturals, com ara la geologia, la geomorfologia, la bot\u00e0nica, la zoologia, l&#8217;ecologia, la cronometria o l&#8217;antropologia f\u00edsica, entre d&#8217;altres. Aquesta voluntat s&#8217;ha plasmat en diversos projectes oficials de col\u00b7laboraci\u00f3 amb departaments universitaris relacionats amb les ci\u00e8ncies de la terra, ci\u00e8ncies dels materials, geografia o ci\u00e8ncies de la salut, adscrits a centres estatals i internacionals . <\/li><\/ul>\n","protected":false},"excerpt":{"rendered":"<p>El Grup de Recerca d&#8217;Arqueoecologia Social Mediterr\u00e0nia t\u00e9 per objectiu principal la reconstrucci\u00f3 de la din\u00e0mica social, econ\u00f2mica i ecol\u00f2gica de les societats que van poblar la conca occidental de la Mediterr\u00e0nia al llarg de la prehist\u00f2ria recent,&nbsp;\u00e9s a dir, entre el tercer i el primer mil\u00b7lenni abans de la nostra era. Dins d&#8217;aquest marc, [&hellip;]<\/p>\n","protected":false},"author":44,"featured_media":0,"parent":0,"menu_order":0,"comment_status":"closed","ping_status":"closed","template":"","meta":{"footnotes":""},"class_list":["post-351","page","type-page","status-publish","hentry"],"_links":{"self":[{"href":"https:\/\/webs.uab.cat\/asome\/wp-json\/wp\/v2\/pages\/351","targetHints":{"allow":["GET"]}}],"collection":[{"href":"https:\/\/webs.uab.cat\/asome\/wp-json\/wp\/v2\/pages"}],"about":[{"href":"https:\/\/webs.uab.cat\/asome\/wp-json\/wp\/v2\/types\/page"}],"author":[{"embeddable":true,"href":"https:\/\/webs.uab.cat\/asome\/wp-json\/wp\/v2\/users\/44"}],"replies":[{"embeddable":true,"href":"https:\/\/webs.uab.cat\/asome\/wp-json\/wp\/v2\/comments?post=351"}],"version-history":[{"count":1,"href":"https:\/\/webs.uab.cat\/asome\/wp-json\/wp\/v2\/pages\/351\/revisions"}],"predecessor-version":[{"id":627,"href":"https:\/\/webs.uab.cat\/asome\/wp-json\/wp\/v2\/pages\/351\/revisions\/627"}],"wp:attachment":[{"href":"https:\/\/webs.uab.cat\/asome\/wp-json\/wp\/v2\/media?parent=351"}],"curies":[{"name":"wp","href":"https:\/\/api.w.org\/{rel}","templated":true}]}}