{"id":376,"date":"2019-02-21T12:03:09","date_gmt":"2019-02-21T12:03:09","guid":{"rendered":"https:\/\/webs.uab.cat\/asome\/es-carritx-projecte\/"},"modified":"2023-03-13T14:04:46","modified_gmt":"2023-03-13T14:04:46","slug":"es-carritx-projecte","status":"publish","type":"page","link":"https:\/\/webs.uab.cat\/asome\/es-carritx-projecte\/","title":{"rendered":"Es C\u00e0rritx : Projecte"},"content":{"rendered":"\n<div class=\"wp-block-buttons is-content-justification-center is-layout-flex wp-container-core-buttons-is-layout-16018d1d wp-block-buttons-is-layout-flex\">\n<div class=\"wp-block-button\"><a class=\"wp-block-button__link\" href=\"https:\/\/webs.uab.cat\/asome\/es-carritx-projecte\/\">Projecte<\/a><\/div>\n\n\n\n<div class=\"wp-block-button\"><a class=\"wp-block-button__link\" href=\"https:\/\/webs.uab.cat\/asome\/es-carritx-diposit\/\">Dip\u00f2sit<\/a><\/div>\n\n\n\n<div class=\"wp-block-button\"><a class=\"wp-block-button__link\" href=\"https:\/\/webs.uab.cat\/asome\/es-carritx-ritual\/\">Ritual funerari<\/a><\/div>\n\n\n\n<div class=\"wp-block-button\"><a class=\"wp-block-button__link\" href=\"https:\/\/webs.uab.cat\/asome\/es-carritx-excavacio\/\">M\u00e8tode d&#8217;excavaci\u00f3<\/a><\/div>\n\n\n\n<div class=\"wp-block-button\"><a class=\"wp-block-button__link\" href=\"https:\/\/webs.uab.cat\/asome\/es-carritx-resultats\/\">resultats recerca<\/a><\/div>\n<\/div>\n\n\n<div class=\"wp-block-image\">\n<figure class=\"alignleft\"><img loading=\"lazy\" decoding=\"async\" width=\"600\" height=\"372\" src=\"https:\/\/webs.uab.cat\/asome\/wp-content\/uploads\/sites\/387\/2019\/02\/investmedjcp_1.gif\" alt=\"\" class=\"wp-image-374\"\/><\/figure>\n<\/div>\n\n\n<p>La <strong>cueva de Es C\u00e0rritx<\/strong> ha proporcionado un conjunto de hallazgos arqueol\u00f3gicos excepcionales.Su descubrimiento fortuito corri\u00f3 a cargo de los espele\u00f3logos Pedro Arnau y Josep M\u00e1rquez. Enseguida, los responsables arqueol\u00f3gicos advirtieron la importancia de los restos y dieron v\u00eda libre a una investigaci\u00f3n en la que han colaborado muchas personas, laboratorios e instituciones, y que ha culminado en diversas publicaciones.<\/p>\n\n\n\n<p>El proyecto de investigaci\u00f3n no puede considerarse concluido. Todav\u00eda restan sectores rec\u00f3nditos de la cueva y aspectos relacionados con el an\u00e1lisis de objetos arqueol\u00f3gicos que suscitan la expectativa de nuevos descubrimientos.<\/p>\n\n\n\n<p><style type=\"text\/css\">#link_bar a { padding:10px; font-weight:bold; margin:2px; float:left; text-decoration: none;}&amp;lt;br \/>     #link_bar a:link { color:#707070; background-color:#ffffb3; }&amp;lt;br \/>     #link_bar a:visited { color:#909090; background-color:#ffffb3; }&amp;lt;br \/>     #link_bar a:hover { color:#ffffff; background-color:#CCCCCC; }&amp;lt;br \/>     #link_bar a:active { color:#f0f0f0; background-color:#00ff00; }&amp;lt;br \/> <\/style><\/p>\n","protected":false},"excerpt":{"rendered":"<p>La cueva de Es C\u00e0rritx ha proporcionado un conjunto de hallazgos arqueol\u00f3gicos excepcionales.Su descubrimiento fortuito corri\u00f3 a cargo de los espele\u00f3logos Pedro Arnau y Josep M\u00e1rquez. Enseguida, los responsables arqueol\u00f3gicos advirtieron la importancia de los restos y dieron v\u00eda libre a una investigaci\u00f3n en la que han colaborado muchas personas, laboratorios e instituciones, y que [&hellip;]<\/p>\n","protected":false},"author":44,"featured_media":0,"parent":0,"menu_order":0,"comment_status":"closed","ping_status":"closed","template":"","meta":{"footnotes":""},"class_list":["post-376","page","type-page","status-publish","hentry"],"_links":{"self":[{"href":"https:\/\/webs.uab.cat\/asome\/wp-json\/wp\/v2\/pages\/376","targetHints":{"allow":["GET"]}}],"collection":[{"href":"https:\/\/webs.uab.cat\/asome\/wp-json\/wp\/v2\/pages"}],"about":[{"href":"https:\/\/webs.uab.cat\/asome\/wp-json\/wp\/v2\/types\/page"}],"author":[{"embeddable":true,"href":"https:\/\/webs.uab.cat\/asome\/wp-json\/wp\/v2\/users\/44"}],"replies":[{"embeddable":true,"href":"https:\/\/webs.uab.cat\/asome\/wp-json\/wp\/v2\/comments?post=376"}],"version-history":[{"count":1,"href":"https:\/\/webs.uab.cat\/asome\/wp-json\/wp\/v2\/pages\/376\/revisions"}],"predecessor-version":[{"id":654,"href":"https:\/\/webs.uab.cat\/asome\/wp-json\/wp\/v2\/pages\/376\/revisions\/654"}],"wp:attachment":[{"href":"https:\/\/webs.uab.cat\/asome\/wp-json\/wp\/v2\/media?parent=376"}],"curies":[{"name":"wp","href":"https:\/\/api.w.org\/{rel}","templated":true}]}}