{"id":393,"date":"2019-02-26T08:59:13","date_gmt":"2019-02-26T08:59:13","guid":{"rendered":"https:\/\/webs.uab.cat\/asome\/es-carritx-excavacio\/"},"modified":"2023-03-13T14:40:08","modified_gmt":"2023-03-13T14:40:08","slug":"es-carritx-excavacio","status":"publish","type":"page","link":"https:\/\/webs.uab.cat\/asome\/es-carritx-excavacio\/","title":{"rendered":"Es C\u00e0rritx : excavaci\u00f3"},"content":{"rendered":"\n<div class=\"wp-block-buttons is-content-justification-center is-layout-flex wp-container-core-buttons-is-layout-16018d1d wp-block-buttons-is-layout-flex\">\n<div class=\"wp-block-button\"><a class=\"wp-block-button__link\" href=\"https:\/\/webs.uab.cat\/asome\/es-carritx-projecte\/\">Projecte<\/a><\/div>\n\n\n\n<div class=\"wp-block-button\"><a class=\"wp-block-button__link\" href=\"https:\/\/webs.uab.cat\/asome\/es-carritx-diposit\/\">Dip\u00f2sit<\/a><\/div>\n\n\n\n<div class=\"wp-block-button\"><a class=\"wp-block-button__link\" href=\"https:\/\/webs.uab.cat\/asome\/es-carritx-ritual\/\">Ritual funerari<\/a><\/div>\n\n\n\n<div class=\"wp-block-button\"><a class=\"wp-block-button__link\" href=\"https:\/\/webs.uab.cat\/asome\/es-carritx-excavacio\/\">M\u00e8tode d&#8217;excavaci\u00f3<\/a><\/div>\n\n\n\n<div class=\"wp-block-button\"><a class=\"wp-block-button__link\" href=\"https:\/\/webs.uab.cat\/asome\/es-carritx-resultats\/\">resultats recerca<\/a><\/div>\n<\/div>\n\n\n\n<p>El objetivo principal de la excavaci\u00f3n arqueol\u00f3gica consiste en registrar la ubicaci\u00f3n de los hallazgos para, de esta forma, reconstruir las pr\u00e1cticas sociales realizadas en el pasado. En el caso de la cueva de Es C\u00e0rritx, la delicadeza y fragilidad de muchos de los objetos requiri\u00f3 la participaci\u00f3n de personal cualificado en conservaci\u00f3n, as\u00ed como la puesta en marcha de m\u00e9todos novedosos de recogida de informaci\u00f3n.<\/p>\n\n\n\n<p>Un yacimiento arqueol\u00f3gico tan excepcional requer\u00eda m\u00e9todos de trabajo poco corrientes. Con el fin de registrar detalladamente toda la informaci\u00f3n sobre la disposici\u00f3n de los hallazgos, se<strong> ide\u00f3 un sistema basado en la toma de im\u00e1genes con c\u00e1maras digitales<\/strong>.<\/p>\n\n\n\n<p>La <strong>extracci\u00f3n de los hallazgos arqueol\u00f3gicos <\/strong>se realizaba con la ayuda de <strong>fichas de campo<\/strong> elaboradas a partir de impresiones en papel de cada una de las im\u00e1genes digitales.<\/p>\n\n\n\n<p>En total, la excavaci\u00f3n de la Sala 1 proporcion\u00f3 unos 30.000 restos \u00f3seos humanos, m\u00e1s de 4.000 fragmentos cer\u00e1micos, 170 objetos de metal enteros o incompletos, 2 centenares de cuentas de fayenza, unos 200 botones de colmillo y hueso, adem\u00e1s de un n\u00famero menor de piezas de hueso, piedra o madera. A partir de aqu\u00ed comenz\u00f3 el estudio cient\u00edfico de todos estos hallazgos, a cargo de profesionales especializados.<\/p>\n\n\n\n<p>Este registro por cuadr\u00edculas proporcion\u00f3 la posibilidad de restituir toda la planta de los niveles superficial y final, mediante el ensamblaje de las distintas im\u00e1gnes individuales como si se tratara de un puzzle. Para abordar la fotocomposici\u00f3n de la imagen de la Sala 1 se requer\u00eda un<strong> tratamiento digital espec\u00edfico<\/strong>.<\/p>\n\n\n\n<p>A fin de<strong> preservar las zonas que todav\u00eda no han sido investigadas,<\/strong> se tapi\u00f3 la entrada de la cueva de Es C\u00e0rritx<\/p>\n\n\n\n<figure class=\"wp-block-image\"><a href=\"https:\/\/webs.uab.cat\/asome\/es-carritx-registre\/\"><img loading=\"lazy\" decoding=\"async\" width=\"200\" height=\"36\" src=\"https:\/\/webs.uab.cat\/asome\/wp-content\/uploads\/sites\/387\/2019\/02\/investmedjcmbr1.jpg\" alt=\"\" class=\"wp-image-383\"\/><\/a><\/figure>\n\n\n\n<figure class=\"wp-block-image\"><a href=\"https:\/\/webs.uab.cat\/asome\/es-carritx-extraccio-0\/\"><img loading=\"lazy\" decoding=\"async\" width=\"200\" height=\"36\" src=\"https:\/\/webs.uab.cat\/asome\/wp-content\/uploads\/sites\/387\/2019\/02\/investmedjcmbe1.jpg\" alt=\"\" class=\"wp-image-387\"\/><\/a><\/figure>\n\n\n\n<figure class=\"wp-block-image\"><a href=\"https:\/\/webs.uab.cat\/asome\/es-carritx-tractament\/\"><img loading=\"lazy\" decoding=\"async\" width=\"200\" height=\"36\" src=\"https:\/\/webs.uab.cat\/asome\/wp-content\/uploads\/sites\/387\/2019\/02\/investmedjcmbt1.jpg\" alt=\"\" class=\"wp-image-389\"\/><\/a><\/figure>\n\n\n\n<figure class=\"wp-block-image\"><a href=\"https:\/\/webs.uab.cat\/asome\/es-carritx-preservacio\/\"><img loading=\"lazy\" decoding=\"async\" width=\"200\" height=\"36\" src=\"https:\/\/webs.uab.cat\/asome\/wp-content\/uploads\/sites\/387\/2019\/02\/investmedjcmbp1.jpg\" alt=\"\" class=\"wp-image-391\"\/><\/a><\/figure>\n\n\n\n<p><style type=\"text\/css\">#link_bar a { padding:10px; font-weight:bold; margin:2px; float:left; text-decoration: none;}&amp;amp;amp;amp;amp;amp;amp;lt;br \/>     #link_bar a:link { color:#707070; background-color:#ffffb3; }&amp;amp;amp;amp;amp;amp;amp;lt;br \/>     #link_bar a:visited { color:#909090; background-color:#ffffb3; }&amp;amp;amp;amp;amp;amp;amp;lt;br \/>     #link_bar a:hover { color:#ffffff; background-color:#CCCCCC; }&amp;amp;amp;amp;amp;amp;amp;lt;br \/>     #link_bar a:active { color:#f0f0f0; background-color:#00ff00; }&amp;amp;amp;amp;amp;amp;amp;lt;br \/> <\/style><\/p>\n","protected":false},"excerpt":{"rendered":"<p>El objetivo principal de la excavaci\u00f3n arqueol\u00f3gica consiste en registrar la ubicaci\u00f3n de los hallazgos para, de esta forma, reconstruir las pr\u00e1cticas sociales realizadas en el pasado. En el caso de la cueva de Es C\u00e0rritx, la delicadeza y fragilidad de muchos de los objetos requiri\u00f3 la participaci\u00f3n de personal cualificado en conservaci\u00f3n, as\u00ed como [&hellip;]<\/p>\n","protected":false},"author":44,"featured_media":0,"parent":0,"menu_order":0,"comment_status":"closed","ping_status":"closed","template":"","meta":{"footnotes":""},"class_list":["post-393","page","type-page","status-publish","hentry"],"_links":{"self":[{"href":"https:\/\/webs.uab.cat\/asome\/wp-json\/wp\/v2\/pages\/393","targetHints":{"allow":["GET"]}}],"collection":[{"href":"https:\/\/webs.uab.cat\/asome\/wp-json\/wp\/v2\/pages"}],"about":[{"href":"https:\/\/webs.uab.cat\/asome\/wp-json\/wp\/v2\/types\/page"}],"author":[{"embeddable":true,"href":"https:\/\/webs.uab.cat\/asome\/wp-json\/wp\/v2\/users\/44"}],"replies":[{"embeddable":true,"href":"https:\/\/webs.uab.cat\/asome\/wp-json\/wp\/v2\/comments?post=393"}],"version-history":[{"count":2,"href":"https:\/\/webs.uab.cat\/asome\/wp-json\/wp\/v2\/pages\/393\/revisions"}],"predecessor-version":[{"id":680,"href":"https:\/\/webs.uab.cat\/asome\/wp-json\/wp\/v2\/pages\/393\/revisions\/680"}],"wp:attachment":[{"href":"https:\/\/webs.uab.cat\/asome\/wp-json\/wp\/v2\/media?parent=393"}],"curies":[{"name":"wp","href":"https:\/\/api.w.org\/{rel}","templated":true}]}}