{"id":410,"date":"2019-02-26T09:04:18","date_gmt":"2019-02-26T09:04:18","guid":{"rendered":"https:\/\/webs.uab.cat\/asome\/es-carritx-resultats\/"},"modified":"2023-03-13T14:12:39","modified_gmt":"2023-03-13T14:12:39","slug":"es-carritx-resultats","status":"publish","type":"page","link":"https:\/\/webs.uab.cat\/asome\/es-carritx-resultats\/","title":{"rendered":"Es C\u00e0rritx : Resultats"},"content":{"rendered":"\n<div class=\"wp-block-buttons is-content-justification-center is-layout-flex wp-container-core-buttons-is-layout-16018d1d wp-block-buttons-is-layout-flex\">\n<div class=\"wp-block-button\"><a class=\"wp-block-button__link\" href=\"https:\/\/webs.uab.cat\/asome\/es-carritx-projecte\/\">Projecte<\/a><\/div>\n\n\n\n<div class=\"wp-block-button\"><a class=\"wp-block-button__link\" href=\"https:\/\/webs.uab.cat\/asome\/es-carritx-diposit\/\">Dip\u00f2sit<\/a><\/div>\n\n\n\n<div class=\"wp-block-button\"><a class=\"wp-block-button__link\" href=\"https:\/\/webs.uab.cat\/asome\/es-carritx-ritual\/\">Ritual funerari<\/a><\/div>\n\n\n\n<div class=\"wp-block-button\"><a class=\"wp-block-button__link\" href=\"https:\/\/webs.uab.cat\/asome\/es-carritx-excavacio\/\">M\u00e8tode d&#8217;excavaci\u00f3<\/a><\/div>\n\n\n\n<div class=\"wp-block-button\"><a class=\"wp-block-button__link\" href=\"https:\/\/webs.uab.cat\/asome\/es-carritx-resultats\/\">resultats recerca<\/a><\/div>\n<\/div>\n\n\n\n<p><strong>Las investigaciones recientes <\/strong>en el yacimiento menorqu\u00edn de la cueva de Es C\u00e0rritx han proporcionado informaciones muy valiosas sobre la <strong>sociedad y los rituales funerarios<\/strong> de la \u00e9poca comprendida entre <strong>1400 y 800 antes de nuestra era<\/strong>.<\/p>\n\n\n\n<p>Sabemos que cada cueva acog\u00eda a los <strong>miembros de un grupo <\/strong>unido en vida por relaciones de parentesco.<\/p>\n\n\n\n<p><strong>2<\/strong>. La <strong>mortalidad<\/strong> infantil era bastante alta, de forma que tan s\u00f3lo dos de cada tres criaturas alcanzaba la adolescencia.<\/p>\n\n\n\n<p><strong>3. <\/strong>Mujeres y hombres de todas las edades ten\u00edan el derecho a recibir sepultura, con la excepci\u00f3n de las criaturas fallecidas al nacer cuyo destino final ignoramos.La <strong>esperanza de vida<\/strong> de los hombres rondaba los 34 a\u00f1os, mientras que la de las mujeres era ligeramente inferior, seguramente debido a los riesgos derivados de la gestaci\u00f3n y el parto.Hay que se\u00f1alar que no pocos hombres y mujeres superaron la cincuentena.<\/p>\n\n\n\n<p><strong>4. <\/strong>Sabemos tambi\u00e9n que la <strong>dieta<\/strong> de estas poblaciones se basaba en el consumo de alimentos de origen animal, complementados con un aporte vegetal diversificado (frutos, verduras, cereales).<\/p>\n\n\n\n<p><strong>5. <\/strong>Exist\u00eda una marcado <strong>dimorfismo sexual<\/strong>. (mujeres entre 1,55 m-143 m; hombres entre 1,57 m y 1,70 m).<\/p>\n\n\n\n<p><strong>6. <\/strong>Pese a que la caries era pr\u00e1cticamente desconocida, la <strong>higiene dental<\/strong> era deficiente, lo cual acarreaba la formaci\u00f3n de placas de sarro y, en muchas ocasiones, la ca\u00edda prematura de piezas dentarias.<\/p>\n\n\n\n<p><strong>7. <\/strong>La mayor parte de las <strong>enfermedades y lesiones <\/strong>tuvieron como origen las actividades de la vida cotidiana.<\/p>\n\n\n\n<p><strong>8. <\/strong>Son de destacar los <strong>problemas articulares<\/strong> ocasionados por sobreesfuerzos f\u00edsicos y, sobre todo, llama la atenci\u00f3n la abundancia de traumatismos y deformaciones en los huesos de los pies como consecuencia de marchas prolongadas a trav\u00e9s de terrenos agrestes. Este hecho se relaciona con la pr\u00e1ctica del pastoreo de cabras y ovejas, una actividad ya documentada a trav\u00e9s del an\u00e1lisis de las porciones de carne depositadas como ofrendas funerarias.<\/p>\n\n\n\n<p><strong>9. <\/strong>El an\u00e1lisis de los esqueletos nos informa tambi\u00e9n de la ausencia de privilegios en el consumo de alimentos por raz\u00f3n del sexo.<\/p>\n\n\n\n<p>Este panorama de igualitarismo en las relaciones sociales coincide con lo observado en el propio desarrollo del ritual funerario. As\u00ed, las escasas ofrendas realizadas (una prenda de ropa, unos pocos adornos, algunas porciones de carne) tampoco revelan desigualdades en el acceso a la riqueza.<\/p>\n\n\n\n<figure class=\"wp-block-image\"><a href=\"http:\/\/grupsderecerca.uab.cat\/asome\/ca\/content\/es-c%C3%A0rritx-grup\"><img loading=\"lazy\" decoding=\"async\" width=\"125\" height=\"29\" src=\"https:\/\/webs.uab.cat\/asome\/wp-content\/uploads\/sites\/387\/2019\/02\/investmedjci1.jpg\" alt=\"\" class=\"wp-image-394\"\/><\/a><\/figure>\n\n\n\n<figure class=\"wp-block-image\"><a href=\"http:\/\/grupsderecerca.uab.cat\/asome\/ca\/content\/es-c%C3%A0rritx-mortalitat\"><img loading=\"lazy\" decoding=\"async\" width=\"125\" height=\"29\" src=\"https:\/\/webs.uab.cat\/asome\/wp-content\/uploads\/sites\/387\/2019\/02\/investmedjci2.jpg\" alt=\"\" class=\"wp-image-396\"\/><\/a><\/figure>\n\n\n\n<figure class=\"wp-block-image\"><a href=\"http:\/\/grupsderecerca.uab.cat\/asome\/ca\/content\/es-c%C3%A0rritx-espvida\"><img loading=\"lazy\" decoding=\"async\" width=\"125\" height=\"30\" src=\"https:\/\/webs.uab.cat\/asome\/wp-content\/uploads\/sites\/387\/2019\/02\/investmedjci3.jpg\" alt=\"\" class=\"wp-image-398\"\/><\/a><\/figure>\n\n\n\n<figure class=\"wp-block-image\"><a href=\"http:\/\/grupsderecerca.uab.cat\/asome\/ca\/content\/es-c%C3%A0rritx-dieta\"><img loading=\"lazy\" decoding=\"async\" width=\"125\" height=\"29\" src=\"https:\/\/webs.uab.cat\/asome\/wp-content\/uploads\/sites\/387\/2019\/02\/investmedjci4.jpg\" alt=\"\" class=\"wp-image-400\"\/><\/a><\/figure>\n\n\n\n<figure class=\"wp-block-image\"><a href=\"http:\/\/grupsderecerca.uab.cat\/asome\/ca\/content\/es-c%C3%A0rritx-dimorfisme\"><img loading=\"lazy\" decoding=\"async\" width=\"125\" height=\"29\" src=\"https:\/\/webs.uab.cat\/asome\/wp-content\/uploads\/sites\/387\/2019\/02\/investmedjci5.jpg\" alt=\"\" class=\"wp-image-402\"\/><\/a><\/figure>\n\n\n\n<figure class=\"wp-block-image\"><a href=\"http:\/\/grupsderecerca.uab.cat\/asome\/ca\/content\/es-c%C3%A0rritx-higiene\"><img loading=\"lazy\" decoding=\"async\" width=\"125\" height=\"29\" src=\"https:\/\/webs.uab.cat\/asome\/wp-content\/uploads\/sites\/387\/2019\/02\/investmedjci6.jpg\" alt=\"\" class=\"wp-image-404\"\/><\/a><\/figure>\n\n\n\n<figure class=\"wp-block-image\"><a href=\"http:\/\/grupsderecerca.uab.cat\/asome\/ca\/content\/es-c%C3%A0rritx-lesions\"><img loading=\"lazy\" decoding=\"async\" width=\"125\" height=\"29\" src=\"https:\/\/webs.uab.cat\/asome\/wp-content\/uploads\/sites\/387\/2019\/02\/investmedjci7.jpg\" alt=\"\" class=\"wp-image-406\"\/><\/a><\/figure>\n\n\n\n<figure class=\"wp-block-image\"><a href=\"http:\/\/grupsderecerca.uab.cat\/asome\/ca\/content\/es-c%C3%A0rritx-articular\"><img loading=\"lazy\" decoding=\"async\" width=\"125\" height=\"30\" src=\"https:\/\/webs.uab.cat\/asome\/wp-content\/uploads\/sites\/387\/2019\/02\/investmedjci8.jpg\" alt=\"\" class=\"wp-image-408\"\/><\/a><\/figure>\n\n\n\n<p><style type=\"text\/css\">#link_bar a { padding:10px; font-weight:bold; margin:2px; float:left; text-decoration: none;}&amp;amp;lt;br \/>     #link_bar a:link { color:#707070; background-color:#ffffb3; }&amp;amp;lt;br \/>     #link_bar a:visited { color:#909090; background-color:#ffffb3; }&amp;amp;lt;br \/>     #link_bar a:hover { color:#ffffff; background-color:#CCCCCC; }&amp;amp;lt;br \/>     #link_bar a:active { color:#f0f0f0; background-color:#00ff00; }&amp;amp;lt;br \/> <\/style><\/p>\n","protected":false},"excerpt":{"rendered":"<p>Las investigaciones recientes en el yacimiento menorqu\u00edn de la cueva de Es C\u00e0rritx han proporcionado informaciones muy valiosas sobre la sociedad y los rituales funerarios de la \u00e9poca comprendida entre 1400 y 800 antes de nuestra era. Sabemos que cada cueva acog\u00eda a los miembros de un grupo unido en vida por relaciones de parentesco. [&hellip;]<\/p>\n","protected":false},"author":44,"featured_media":0,"parent":0,"menu_order":0,"comment_status":"closed","ping_status":"closed","template":"","meta":{"footnotes":""},"class_list":["post-410","page","type-page","status-publish","hentry"],"_links":{"self":[{"href":"https:\/\/webs.uab.cat\/asome\/wp-json\/wp\/v2\/pages\/410","targetHints":{"allow":["GET"]}}],"collection":[{"href":"https:\/\/webs.uab.cat\/asome\/wp-json\/wp\/v2\/pages"}],"about":[{"href":"https:\/\/webs.uab.cat\/asome\/wp-json\/wp\/v2\/types\/page"}],"author":[{"embeddable":true,"href":"https:\/\/webs.uab.cat\/asome\/wp-json\/wp\/v2\/users\/44"}],"replies":[{"embeddable":true,"href":"https:\/\/webs.uab.cat\/asome\/wp-json\/wp\/v2\/comments?post=410"}],"version-history":[{"count":1,"href":"https:\/\/webs.uab.cat\/asome\/wp-json\/wp\/v2\/pages\/410\/revisions"}],"predecessor-version":[{"id":661,"href":"https:\/\/webs.uab.cat\/asome\/wp-json\/wp\/v2\/pages\/410\/revisions\/661"}],"wp:attachment":[{"href":"https:\/\/webs.uab.cat\/asome\/wp-json\/wp\/v2\/media?parent=410"}],"curies":[{"name":"wp","href":"https:\/\/api.w.org\/{rel}","templated":true}]}}