{"id":411,"date":"2019-02-26T12:07:52","date_gmt":"2019-02-26T12:07:52","guid":{"rendered":"https:\/\/webs.uab.cat\/asome\/sesarenesdebaix-metode\/"},"modified":"2023-03-13T13:47:10","modified_gmt":"2023-03-13T13:47:10","slug":"sesarenesdebaix-metode","status":"publish","type":"page","link":"https:\/\/webs.uab.cat\/asome\/sesarenesdebaix-metode\/","title":{"rendered":"Ses_Arenes_de_Baix : M\u00e8tode"},"content":{"rendered":"\n<div class=\"wp-block-buttons is-content-justification-center is-layout-flex wp-container-core-buttons-is-layout-16018d1d wp-block-buttons-is-layout-flex\">\n<div class=\"wp-block-button\"><a class=\"wp-block-button__link\" href=\"https:\/\/webs.uab.cat\/asome\/ses-arenes-de-baix-projecte\/\">Projecte<\/a><\/div>\n\n\n\n<div class=\"wp-block-button\"><a class=\"wp-block-button__link\" href=\"https:\/\/webs.uab.cat\/asome\/ses-arenes-de-baix-arquitectura\/\">Arquitectura<\/a><\/div>\n\n\n\n<div class=\"wp-block-button\"><a class=\"wp-block-button__link\" href=\"https:\/\/webs.uab.cat\/asome\/sesarenesdebaix-diposit\/\">Dip\u00f2sit<\/a><\/div>\n\n\n\n<div class=\"wp-block-button\"><a class=\"wp-block-button__link\" href=\"https:\/\/webs.uab.cat\/asome\/sesarenesdebaix-metode\/\">M\u00e8tode d&#8217;excavaci\u00f3<\/a><\/div>\n\n\n\n<div class=\"wp-block-button\"><a class=\"wp-block-button__link\" href=\"https:\/\/webs.uab.cat\/asome\/sesarenesdebaix-suport\/\">Suport institucional<\/a><\/div>\n<\/div>\n\n\n\n<p>L&#8217;<strong>excavaci\u00f3 estratigr\u00e0fica<\/strong> de la naveta de Ses Arenes de Baix s&#8217;ha dut a terme mitjan\u00e7ant un sistema de <strong>registre per fotogrametria digital<\/strong>, t\u00e8cnica emprada per primera vegada a Europa el 1995 durant la investigaci\u00f3 arqueol\u00f2gica de la Cova des C\u00e0rritx<\/p>\n\n\n\n<p>Aquest m\u00e8tode consisteix en fixar <strong>una malla o quadr\u00edcula<\/strong> sobre el jaciment i projectar-la sobre les restes arqueol\u00f2giques. Una <strong>cambra digital suspesa perpendicularment d&#8217;una \u201cgirafa\u201d fotogr\u00e0fica<\/strong> registra tot el proc\u00e9s d&#8217;excavaci\u00f3. Aix\u00f2 permet ubicar espacialment totes les restes \u00f2ssies i tots els materials arqueol\u00f2gics apareguts aix\u00ed com obtenir planimetries digitals de cada un dels conjunts excavats. Aquesta informaci\u00f3 tridimensional resulta impresci ndible per al remuntatge dels materials i la reconstrucci\u00f3 posterior dels rituals funeraris .<\/p>\n\n\n\n<p>Un cop finalitzats els treballs d&#8217;excavaci\u00f3 en el mateix jaciment es dur\u00e0 a terme la flotaci\u00f3 i el tamisat h\u00eddric del sediment de la cambra funer\u00e0ria que s&#8217;ha recollit en la seva totalitat. Aquest proc\u00e9s permetr\u00e0 recuperar i estudiar les restes arqueol\u00f2giques, antropol\u00f2giques, faun\u00edstiques i bot\u00e0niques d&#8217;escala mil\u00b7lim\u00e8trica .<\/p>\n\n\n\n<p><style type=\"text\/css\">#link_bar a { padding:10px; font-weight:bold; margin:2px; float:left; text-decoration: none;}&amp;amp;lt;br \/>     #link_bar a:link { color:#707070; background-color:#ffffb3; }&amp;amp;lt;br \/>     #link_bar a:visited { color:#909090; background-color:#ffffb3; }&amp;amp;lt;br \/>     #link_bar a:hover { color:#ffffff; background-color:#CCCCCC; }&amp;amp;lt;br \/>     #link_bar a:active { color:#f0f0f0; background-color:#00ff00; }&amp;amp;lt;br \/> <\/style><\/p>\n","protected":false},"excerpt":{"rendered":"<p>L&#8217;excavaci\u00f3 estratigr\u00e0fica de la naveta de Ses Arenes de Baix s&#8217;ha dut a terme mitjan\u00e7ant un sistema de registre per fotogrametria digital, t\u00e8cnica emprada per primera vegada a Europa el 1995 durant la investigaci\u00f3 arqueol\u00f2gica de la Cova des C\u00e0rritx Aquest m\u00e8tode consisteix en fixar una malla o quadr\u00edcula sobre el jaciment i projectar-la sobre [&hellip;]<\/p>\n","protected":false},"author":44,"featured_media":0,"parent":0,"menu_order":0,"comment_status":"closed","ping_status":"closed","template":"","meta":{"footnotes":""},"class_list":["post-411","page","type-page","status-publish","hentry"],"_links":{"self":[{"href":"https:\/\/webs.uab.cat\/asome\/wp-json\/wp\/v2\/pages\/411","targetHints":{"allow":["GET"]}}],"collection":[{"href":"https:\/\/webs.uab.cat\/asome\/wp-json\/wp\/v2\/pages"}],"about":[{"href":"https:\/\/webs.uab.cat\/asome\/wp-json\/wp\/v2\/types\/page"}],"author":[{"embeddable":true,"href":"https:\/\/webs.uab.cat\/asome\/wp-json\/wp\/v2\/users\/44"}],"replies":[{"embeddable":true,"href":"https:\/\/webs.uab.cat\/asome\/wp-json\/wp\/v2\/comments?post=411"}],"version-history":[{"count":2,"href":"https:\/\/webs.uab.cat\/asome\/wp-json\/wp\/v2\/pages\/411\/revisions"}],"predecessor-version":[{"id":644,"href":"https:\/\/webs.uab.cat\/asome\/wp-json\/wp\/v2\/pages\/411\/revisions\/644"}],"wp:attachment":[{"href":"https:\/\/webs.uab.cat\/asome\/wp-json\/wp\/v2\/media?parent=411"}],"curies":[{"name":"wp","href":"https:\/\/api.w.org\/{rel}","templated":true}]}}