{"id":414,"date":"2019-02-26T12:24:13","date_gmt":"2019-02-26T12:24:13","guid":{"rendered":"https:\/\/webs.uab.cat\/asome\/sesarenesdebaix-suport\/"},"modified":"2023-03-13T13:47:29","modified_gmt":"2023-03-13T13:47:29","slug":"sesarenesdebaix-suport","status":"publish","type":"page","link":"https:\/\/webs.uab.cat\/asome\/sesarenesdebaix-suport\/","title":{"rendered":"Ses_Arenes_de_Baix : Suport"},"content":{"rendered":"\n<div class=\"wp-block-buttons is-content-justification-center is-layout-flex wp-container-core-buttons-is-layout-16018d1d wp-block-buttons-is-layout-flex\">\n<div class=\"wp-block-button\"><a class=\"wp-block-button__link\" href=\"https:\/\/webs.uab.cat\/asome\/ses-arenes-de-baix-projecte\/\">Projecte<\/a><\/div>\n\n\n\n<div class=\"wp-block-button\"><a class=\"wp-block-button__link\" href=\"https:\/\/webs.uab.cat\/asome\/ses-arenes-de-baix-arquitectura\/\">Arquitectura<\/a><\/div>\n\n\n\n<div class=\"wp-block-button\"><a class=\"wp-block-button__link\" href=\"https:\/\/webs.uab.cat\/asome\/sesarenesdebaix-diposit\/\">Dip\u00f2sit<\/a><\/div>\n\n\n\n<div class=\"wp-block-button\"><a class=\"wp-block-button__link\" href=\"https:\/\/webs.uab.cat\/asome\/sesarenesdebaix-metode\/\">M\u00e8tode d&#8217;excavaci\u00f3<\/a><\/div>\n\n\n\n<div class=\"wp-block-button\"><a class=\"wp-block-button__link\" href=\"https:\/\/webs.uab.cat\/asome\/sesarenesdebaix-suport\/\">Suport institucional<\/a><\/div>\n<\/div>\n\n\n\n<p>Les excavacions fetes a Ses Arenes de Baix d urant el mes d&#8217;octubre han comptat amb el suport econ\u00f2mic de l &#8216;Ajuntament de Ciutadella, del Consell Insular de Menorca i de Sa Nostra. A m\u00e9s, desitgem agrair la col\u00b7laboraci\u00f3 de Pedro Arnau , del Museu Municipal de Ciutadella, en les tasques d&#8217;excavaci\u00f3 i el suport i inter\u00e8s mostrat per la fam\u00edlia Sim\u00f3 d&#8217;Olivar , propiet\u00e0ria del terreny on s&#8217;ubica la naveta, en el projecte dut a terme.<style type=\"text\/css\">#link_bar a { padding:10px; font-weight:bold; margin:2px; float:left; text-decoration: none;}&amp;amp;lt;br \/>     #link_bar a:link { color:#707070; background-color:#ffffb3; }&amp;amp;lt;br \/>     #link_bar a:visited { color:#909090; background-color:#ffffb3; }&amp;amp;lt;br \/>     #link_bar a:hover { color:#ffffff; background-color:#CCCCCC; }&amp;amp;lt;br \/>     #link_bar a:active { color:#f0f0f0; background-color:#00ff00; }&amp;amp;lt;br \/> <\/style><\/p>\n","protected":false},"excerpt":{"rendered":"<p>Les excavacions fetes a Ses Arenes de Baix d urant el mes d&#8217;octubre han comptat amb el suport econ\u00f2mic de l &#8216;Ajuntament de Ciutadella, del Consell Insular de Menorca i de Sa Nostra. A m\u00e9s, desitgem agrair la col\u00b7laboraci\u00f3 de Pedro Arnau , del Museu Municipal de Ciutadella, en les tasques d&#8217;excavaci\u00f3 i el suport [&hellip;]<\/p>\n","protected":false},"author":44,"featured_media":0,"parent":0,"menu_order":0,"comment_status":"closed","ping_status":"closed","template":"","meta":{"footnotes":""},"class_list":["post-414","page","type-page","status-publish","hentry"],"_links":{"self":[{"href":"https:\/\/webs.uab.cat\/asome\/wp-json\/wp\/v2\/pages\/414","targetHints":{"allow":["GET"]}}],"collection":[{"href":"https:\/\/webs.uab.cat\/asome\/wp-json\/wp\/v2\/pages"}],"about":[{"href":"https:\/\/webs.uab.cat\/asome\/wp-json\/wp\/v2\/types\/page"}],"author":[{"embeddable":true,"href":"https:\/\/webs.uab.cat\/asome\/wp-json\/wp\/v2\/users\/44"}],"replies":[{"embeddable":true,"href":"https:\/\/webs.uab.cat\/asome\/wp-json\/wp\/v2\/comments?post=414"}],"version-history":[{"count":1,"href":"https:\/\/webs.uab.cat\/asome\/wp-json\/wp\/v2\/pages\/414\/revisions"}],"predecessor-version":[{"id":647,"href":"https:\/\/webs.uab.cat\/asome\/wp-json\/wp\/v2\/pages\/414\/revisions\/647"}],"wp:attachment":[{"href":"https:\/\/webs.uab.cat\/asome\/wp-json\/wp\/v2\/media?parent=414"}],"curies":[{"name":"wp","href":"https:\/\/api.w.org\/{rel}","templated":true}]}}