{"id":417,"date":"2019-02-26T12:27:33","date_gmt":"2019-02-26T12:27:33","guid":{"rendered":"https:\/\/webs.uab.cat\/asome\/es-mussol\/"},"modified":"2023-03-15T18:53:27","modified_gmt":"2023-03-15T18:53:27","slug":"es-mussol","status":"publish","type":"page","link":"https:\/\/webs.uab.cat\/asome\/es-mussol\/","title":{"rendered":"Es Mussol"},"content":{"rendered":"\n<div class=\"wp-block-buttons is-content-justification-center is-layout-flex wp-container-core-buttons-is-layout-16018d1d wp-block-buttons-is-layout-flex\">\n<div class=\"wp-block-button\"><a class=\"wp-block-button__link\" href=\"https:\/\/webs.uab.cat\/asome\/es-mussol-projecte\/\">Projecte<\/a><\/div>\n\n\n\n<div class=\"wp-block-button\"><a class=\"wp-block-button__link\" href=\"https:\/\/webs.uab.cat\/asome\/es-mussol-mussol-i\/\">Mussol I<\/a><\/div>\n\n\n\n<div class=\"wp-block-button\"><a class=\"wp-block-button__link\" href=\"https:\/\/webs.uab.cat\/asome\/es-mussol-mussol-ii\/\">Mussol II<\/a><\/div>\n\n\n\n<div class=\"wp-block-button\"><a class=\"wp-block-button__link\" href=\"https:\/\/webs.uab.cat\/asome\/es-mussol-mussol-iii\/\">Mussol III: metalls<\/a><\/div>\n\n\n\n<div class=\"wp-block-button\"><a class=\"wp-block-button__link\" href=\"https:\/\/webs.uab.cat\/asome\/es-mussol-talles-de-fusta\/\">Talles de fusta<\/a><\/div>\n<\/div>\n\n\n<div class=\"wp-block-image\">\n<figure class=\"aligncenter\"><img loading=\"lazy\" decoding=\"async\" width=\"794\" height=\"458\" src=\"https:\/\/webs.uab.cat\/asome\/wp-content\/uploads\/sites\/387\/2019\/02\/investmjmb.gif\" alt=\"\" class=\"wp-image-415\" \/><\/figure>\n<\/div>\n\n\n<p><\/p>\n\n\n\n<p>El espele\u00f3logo Pedro Arnau <strong>descubri\u00f3 la cueva de Es Mussol en el verano de 1997<\/strong>.<\/p>\n\n\n\n<p>La cavidad se abre en un acantilado de 40 metros de altura situado en el paraje de Cala Be, al noroeste del t\u00e9rmino municipal de Ciutadella (Menorca). La cueva de Es Mussol posee una serie de salas interconectadas que acog\u00edan restos de \u00e9poca prehist\u00f3rica, la mayor\u00eda directamente depositados sobre el suelo.<\/p>\n\n\n\n<p>En una de estas salas se descubrieron tres peque\u00f1as vasijas de cer\u00e1mica y una serie de tallas de madera, entre las cuales destacaban dos cabezas con evidentes rasgos humanos.<\/p>\n\n\n\n<p>Lo ins\u00f3lito de estos restos prehist\u00f3ricos y su car\u00e1cter perecedero aconsejaron una<strong> intervenci\u00f3n de urgencia en agosto de 1997<\/strong>.<\/p>\n","protected":false},"excerpt":{"rendered":"<p>El espele\u00f3logo Pedro Arnau descubri\u00f3 la cueva de Es Mussol en el verano de 1997. La cavidad se abre en un acantilado de 40 metros de altura situado en el paraje de Cala Be, al noroeste del t\u00e9rmino municipal de Ciutadella (Menorca). La cueva de Es Mussol posee una serie de salas interconectadas que acog\u00edan [&hellip;]<\/p>\n","protected":false},"author":44,"featured_media":0,"parent":0,"menu_order":0,"comment_status":"closed","ping_status":"closed","template":"","meta":{"footnotes":""},"class_list":["post-417","page","type-page","status-publish","hentry"],"_links":{"self":[{"href":"https:\/\/webs.uab.cat\/asome\/wp-json\/wp\/v2\/pages\/417","targetHints":{"allow":["GET"]}}],"collection":[{"href":"https:\/\/webs.uab.cat\/asome\/wp-json\/wp\/v2\/pages"}],"about":[{"href":"https:\/\/webs.uab.cat\/asome\/wp-json\/wp\/v2\/types\/page"}],"author":[{"embeddable":true,"href":"https:\/\/webs.uab.cat\/asome\/wp-json\/wp\/v2\/users\/44"}],"replies":[{"embeddable":true,"href":"https:\/\/webs.uab.cat\/asome\/wp-json\/wp\/v2\/comments?post=417"}],"version-history":[{"count":5,"href":"https:\/\/webs.uab.cat\/asome\/wp-json\/wp\/v2\/pages\/417\/revisions"}],"predecessor-version":[{"id":975,"href":"https:\/\/webs.uab.cat\/asome\/wp-json\/wp\/v2\/pages\/417\/revisions\/975"}],"wp:attachment":[{"href":"https:\/\/webs.uab.cat\/asome\/wp-json\/wp\/v2\/media?parent=417"}],"curies":[{"name":"wp","href":"https:\/\/api.w.org\/{rel}","templated":true}]}}