{"id":418,"date":"2019-02-26T12:28:56","date_gmt":"2019-02-26T12:28:56","guid":{"rendered":"https:\/\/webs.uab.cat\/asome\/des-mussol-mussol-i\/"},"modified":"2023-03-15T18:44:47","modified_gmt":"2023-03-15T18:44:47","slug":"es-mussol-mussol-i","status":"publish","type":"page","link":"https:\/\/webs.uab.cat\/asome\/es-mussol-mussol-i\/","title":{"rendered":"Es Mussol : Mussol I"},"content":{"rendered":"\n<div class=\"wp-block-buttons is-content-justification-center is-layout-flex wp-container-core-buttons-is-layout-16018d1d wp-block-buttons-is-layout-flex\">\n<div class=\"wp-block-button\"><a class=\"wp-block-button__link\" href=\"https:\/\/webs.uab.cat\/asome\/des-mussol-projecte\/\">Projecte<\/a><\/div>\n\n\n\n<div class=\"wp-block-button\"><a class=\"wp-block-button__link\" href=\"https:\/\/webs.uab.cat\/asome\/des-mussol-mussol-i\/\">Mussol I<\/a><\/div>\n\n\n\n<div class=\"wp-block-button\"><a class=\"wp-block-button__link\" href=\"https:\/\/webs.uab.cat\/asome\/des-mussol-mussol-ii\/\">Mussol II<\/a><\/div>\n\n\n\n<div class=\"wp-block-button\"><a class=\"wp-block-button__link\" href=\"https:\/\/webs.uab.cat\/asome\/des-mussol-mussol-iii\/\">Mussol III: metalls<\/a><\/div>\n\n\n\n<div class=\"wp-block-button\"><a class=\"wp-block-button__link\" href=\"https:\/\/webs.uab.cat\/asome\/des-mussol-talles-de-fusta\/\">Talles de fusta<\/a><\/div>\n<\/div>\n\n\n\n<p>En algunas de las&nbsp;<strong>primeras salas de Es Mussol<\/strong>&nbsp;se encontraron&nbsp;<strong>restos de hogares<\/strong>.<\/p>\n\n\n\n<ul class=\"wp-block-list\"><li>Los\u00a0<strong>an\u00e1lisis pol\u00ednicos<\/strong>\u00a0y de carbones muestran que se quemaba una gran variedad de maderas, hojas y flores: acebuche, pino, lentisco, higuera, jaras, aladierno, romero, llant\u00e9n, gram\u00edneas, cruc\u00edferas y manzanilla, entre otras especies. Varias de estas especies queman mal o tienen un valor energ\u00e9tico escaso y seguramente fueron usadas por sus propiedades arom\u00e1ticas.<\/li><li>En torno a las hogueras se depositaron partes comestibles de cabras, ovejas, b\u00f3vidos y cerdos, que no presentan se\u00f1ales de haber sido cocinadas ni huellas de descarnamiento Se observa que cada especie animal estaba representada por porciones de un ejemplar joven y otro adulto.<\/li><li><strong>Las vasijas\u00a0<\/strong>colocadas sobre el piso tienden a ser de grandes dimensiones, por lo que cabe suponer tambi\u00e9n la ofrenda de l\u00edquidos.<\/li><li>Por \u00faltimo, sorprenden las acumulaciones puntuales de estalactitas fracturadas, arrancadas y tra\u00eddas expresamente desde otros sectores de las cuevas.Los an\u00e1lisis micromorfol\u00f3gicos han mostrado que las ocupaciones humanas fueron breves y sucesivas.<\/li><li>Tampoco el tipo de artefactos encontrados corresponden a los habituales restos de asentamiento sedentario.<\/li><\/ul>\n\n\n\n<ul class=\"wp-block-list\"><li>Los condicionantes geogr\u00e1ficos de la ubicaci\u00f3n de la cueva de Es Mussol tambi\u00e9n excluyen una ocupaci\u00f3n estable, dado que la cueva s\u00f3lo pod\u00eda ser visitada con ayuda de embarcaciones provenientes de playas lejanas y con una mar en calma. Todav\u00eda hoy los pescadores evitan los acantilados de la parte noroccidental de Menorca, debido a la frecuente inseguridad de aquellas aguas. La totalidad de los alimentos, objetos de uso y el combustible vegetal ten\u00edan que ser transportado por mar hacia la cueva, lo cual supon\u00eda un escollo adicional para una ocupaci\u00f3n permanente.<\/li><\/ul>\n\n\n\n<p>Los&nbsp;<strong>elementos simb\u00f3licos<\/strong>&nbsp;observados en Es Mussol permiten se\u00f1alar que la&nbsp;<strong>sociedad menorquina de mediados del II milenio mantuvo unas creencias que consideraban las entra\u00f1as de la tierra como el lugar an\u00f3nimo donde se genera toda vida<\/strong>. Desde esta perspectiva, nada m\u00e1s propio para socializar este mundo que presidirlo con el s\u00edmbolo del sexo que genera toda vida humana&nbsp;.<\/p>\n\n\n\n<p>#link_bar a { padding:10px; font-weight:bold; margin:2px; float:left; text-decoration: none;}&lt;br \/&gt;     #link_bar a:link { color:#707070; background-color:#ffffb3; }&lt;br \/&gt;     #link_bar a:visited { color:#909090; background-color:#ffffb3; }&lt;br \/&gt;     #link_bar a:hover { color:#ffffff; background-color:#CCCCCC; }&lt;br \/&gt;     #link_bar a:active { color:#f0f0f0; background-color:#00ff00; }&lt;br \/&gt; <\/p>\n\n\n\n<hr class=\"wp-block-separator has-alpha-channel-opacity\" \/>\n","protected":false},"excerpt":{"rendered":"<p>En algunas de las&nbsp;primeras salas de Es Mussol&nbsp;se encontraron&nbsp;restos de hogares. Los\u00a0an\u00e1lisis pol\u00ednicos\u00a0y de carbones muestran que se quemaba una gran variedad de maderas, hojas y flores: acebuche, pino, lentisco, higuera, jaras, aladierno, romero, llant\u00e9n, gram\u00edneas, cruc\u00edferas y manzanilla, entre otras especies. Varias de estas especies queman mal o tienen un valor energ\u00e9tico escaso y [&hellip;]<\/p>\n","protected":false},"author":44,"featured_media":0,"parent":0,"menu_order":0,"comment_status":"closed","ping_status":"closed","template":"","meta":{"footnotes":""},"class_list":["post-418","page","type-page","status-publish","hentry"],"_links":{"self":[{"href":"https:\/\/webs.uab.cat\/asome\/wp-json\/wp\/v2\/pages\/418","targetHints":{"allow":["GET"]}}],"collection":[{"href":"https:\/\/webs.uab.cat\/asome\/wp-json\/wp\/v2\/pages"}],"about":[{"href":"https:\/\/webs.uab.cat\/asome\/wp-json\/wp\/v2\/types\/page"}],"author":[{"embeddable":true,"href":"https:\/\/webs.uab.cat\/asome\/wp-json\/wp\/v2\/users\/44"}],"replies":[{"embeddable":true,"href":"https:\/\/webs.uab.cat\/asome\/wp-json\/wp\/v2\/comments?post=418"}],"version-history":[{"count":2,"href":"https:\/\/webs.uab.cat\/asome\/wp-json\/wp\/v2\/pages\/418\/revisions"}],"predecessor-version":[{"id":964,"href":"https:\/\/webs.uab.cat\/asome\/wp-json\/wp\/v2\/pages\/418\/revisions\/964"}],"wp:attachment":[{"href":"https:\/\/webs.uab.cat\/asome\/wp-json\/wp\/v2\/media?parent=418"}],"curies":[{"name":"wp","href":"https:\/\/api.w.org\/{rel}","templated":true}]}}