{"id":419,"date":"2019-02-26T12:30:10","date_gmt":"2019-02-26T12:30:10","guid":{"rendered":"https:\/\/webs.uab.cat\/asome\/des-mussol-mussol-ii\/"},"modified":"2023-03-15T18:45:03","modified_gmt":"2023-03-15T18:45:03","slug":"es-mussol-mussol-ii","status":"publish","type":"page","link":"https:\/\/webs.uab.cat\/asome\/es-mussol-mussol-ii\/","title":{"rendered":"Es Mussol : Mussol II"},"content":{"rendered":"\n<div class=\"wp-block-buttons is-content-justification-center is-layout-flex wp-container-core-buttons-is-layout-16018d1d wp-block-buttons-is-layout-flex\">\n<div class=\"wp-block-button\"><a class=\"wp-block-button__link\" href=\"https:\/\/webs.uab.cat\/asome\/des-mussol-projecte\/\">Projecte<\/a><\/div>\n\n\n\n<div class=\"wp-block-button\"><a class=\"wp-block-button__link\" href=\"https:\/\/webs.uab.cat\/asome\/des-mussol-mussol-i\/\">Mussol I<\/a><\/div>\n\n\n\n<div class=\"wp-block-button\"><a class=\"wp-block-button__link\" href=\"https:\/\/webs.uab.cat\/asome\/des-mussol-mussol-ii\/\">Mussol II<\/a><\/div>\n\n\n\n<div class=\"wp-block-button\"><a class=\"wp-block-button__link\" href=\"https:\/\/webs.uab.cat\/asome\/des-mussol-mussol-iii\/\">Mussol III: metalls<\/a><\/div>\n\n\n\n<div class=\"wp-block-button\"><a class=\"wp-block-button__link\" href=\"https:\/\/webs.uab.cat\/asome\/des-mussol-talles-de-fusta\/\">Talles de fusta<\/a><\/div>\n<\/div>\n\n\n\n<p>Gracias a los <strong>descubrimientos en la cueva de Es Mussol<\/strong>, se ha constatado una<strong> profunda mutaci\u00f3n en las creencias de las comunidades prehist\u00f3ricas menorquinas<\/strong>.<\/p>\n\n\n\n<p>Una de las salas (<strong>Sala 3c<\/strong>) m\u00e1s rec\u00f3nditas de la citada cueva<strong> funcion\u00f3 en torno a 1200 como una especie de &#8220;santuario&#8221;<\/strong>. Se trata de una peque\u00f1a estancia alargada y de piso irregular.<\/p>\n\n\n\n<p>En \u00e9l se han recuperado dos asombrosas tallas de madera con rasgos humanos. Una de ellas representa la cabeza de un individuo masculino de manera muy realista, mientras que la segunda muestra un ser sobrenatural que combina rasgos faciales humanos con dos cuernos, posiblemente de c\u00e9rvido. El protagonismo simb\u00f3lico de la talla provista de cuernos indica que la ideolog\u00eda de aquellas gentes hab\u00eda cambiado.<\/p>\n\n\n\n<p>En este sentido, las viejas creencias en un principio renovador de vida, an\u00f3nimo, femenino y subterr\u00e1neo, fueron sustituidas por otras en las que el<strong> papel dominante recay\u00f3 en seres sobrenaturales personificados y en individuos de sexo masculino<\/strong>. As\u00ed mismo, los resultados de las investigaciones sugieren que la cueva de Es Mussol <strong>funcion\u00f3 como uno de los puntos culminantes de un ritual inici\u00e1tico<\/strong>, que capacit\u00f3 a determinados individuos de la comunidad para desempe\u00f1ar el papel de adivinos, magos o curanderos, es decir, el tipo de cometidos realizados por los chamanes.#link_bar a { padding:10px; font-weight:bold; margin:2px; float:left; text-decoration: none;}&amp;amp;amp;amp;amp;lt;br \/&gt;     #link_bar a:link { color:#707070; background-color:#ffffb3; }&amp;amp;amp;amp;amp;lt;br \/&gt;     #link_bar a:visited { color:#909090; background-color:#ffffb3; }&amp;amp;amp;amp;amp;lt;br \/&gt;     #link_bar a:hover { color:#ffffff; background-color:#CCCCCC; }&amp;amp;amp;amp;amp;lt;br \/&gt;     #link_bar a:active { color:#f0f0f0; background-color:#00ff00; }&amp;amp;amp;amp;amp;lt;br \/&gt; <\/p>\n","protected":false},"excerpt":{"rendered":"<p>Gracias a los descubrimientos en la cueva de Es Mussol, se ha constatado una profunda mutaci\u00f3n en las creencias de las comunidades prehist\u00f3ricas menorquinas. Una de las salas (Sala 3c) m\u00e1s rec\u00f3nditas de la citada cueva funcion\u00f3 en torno a 1200 como una especie de &#8220;santuario&#8221;. Se trata de una peque\u00f1a estancia alargada y de [&hellip;]<\/p>\n","protected":false},"author":44,"featured_media":0,"parent":0,"menu_order":0,"comment_status":"closed","ping_status":"closed","template":"","meta":{"footnotes":""},"class_list":["post-419","page","type-page","status-publish","hentry"],"_links":{"self":[{"href":"https:\/\/webs.uab.cat\/asome\/wp-json\/wp\/v2\/pages\/419","targetHints":{"allow":["GET"]}}],"collection":[{"href":"https:\/\/webs.uab.cat\/asome\/wp-json\/wp\/v2\/pages"}],"about":[{"href":"https:\/\/webs.uab.cat\/asome\/wp-json\/wp\/v2\/types\/page"}],"author":[{"embeddable":true,"href":"https:\/\/webs.uab.cat\/asome\/wp-json\/wp\/v2\/users\/44"}],"replies":[{"embeddable":true,"href":"https:\/\/webs.uab.cat\/asome\/wp-json\/wp\/v2\/comments?post=419"}],"version-history":[{"count":2,"href":"https:\/\/webs.uab.cat\/asome\/wp-json\/wp\/v2\/pages\/419\/revisions"}],"predecessor-version":[{"id":965,"href":"https:\/\/webs.uab.cat\/asome\/wp-json\/wp\/v2\/pages\/419\/revisions\/965"}],"wp:attachment":[{"href":"https:\/\/webs.uab.cat\/asome\/wp-json\/wp\/v2\/media?parent=419"}],"curies":[{"name":"wp","href":"https:\/\/api.w.org\/{rel}","templated":true}]}}