{"id":423,"date":"2019-02-26T12:33:24","date_gmt":"2019-02-26T12:33:24","guid":{"rendered":"https:\/\/webs.uab.cat\/asome\/des-mussol-mussol-iii\/"},"modified":"2023-03-31T14:02:58","modified_gmt":"2023-03-31T14:02:58","slug":"es-mussol-mussol-iii","status":"publish","type":"page","link":"https:\/\/webs.uab.cat\/asome\/es-mussol-mussol-iii\/","title":{"rendered":"Es Mussol : Mussol III"},"content":{"rendered":"\n<div class=\"wp-block-buttons is-content-justification-center is-layout-flex wp-container-core-buttons-is-layout-16018d1d wp-block-buttons-is-layout-flex\">\n<div class=\"wp-block-button\"><a class=\"wp-block-button__link\" href=\"https:\/\/webs.uab.cat\/asome\/des-mussol-projecte\/\">Projecte<\/a><\/div>\n\n\n\n<div class=\"wp-block-button\"><a class=\"wp-block-button__link\" href=\"https:\/\/webs.uab.cat\/asome\/des-mussol-mussol-i\/\">Mussol I<\/a><\/div>\n\n\n\n<div class=\"wp-block-button\"><a class=\"wp-block-button__link\" href=\"https:\/\/webs.uab.cat\/asome\/des-mussol-mussol-ii\/\">Mussol II<\/a><\/div>\n\n\n\n<div class=\"wp-block-button\"><a class=\"wp-block-button__link\" href=\"https:\/\/webs.uab.cat\/asome\/des-mussol-mussol-iii\/\">Mussol III: metalls<\/a><\/div>\n\n\n\n<div class=\"wp-block-button\"><a class=\"wp-block-button__link\" href=\"https:\/\/webs.uab.cat\/asome\/des-mussol-talles-de-fusta\/\">Talles de fusta<\/a><\/div>\n<\/div>\n\n\n\n<p>Entre aproximadamente <strong>1000 y 800 antes de nuestra era<\/strong>. Uso de la<strong> Sala 1 como espacio de inhumaci\u00f3n colectiva<\/strong>, y frecuentaci\u00f3n de espacios interiores con motivo de la deposici\u00f3n ritual de <strong>objetos met\u00e1licos<\/strong>.<\/p>\n","protected":false},"excerpt":{"rendered":"<p>Entre aproximadamente 1000 y 800 antes de nuestra era. Uso de la Sala 1 como espacio de inhumaci\u00f3n colectiva, y frecuentaci\u00f3n de espacios interiores con motivo de la deposici\u00f3n ritual de objetos met\u00e1licos.<\/p>\n","protected":false},"author":44,"featured_media":0,"parent":0,"menu_order":0,"comment_status":"closed","ping_status":"closed","template":"","meta":{"footnotes":""},"class_list":["post-423","page","type-page","status-publish","hentry"],"_links":{"self":[{"href":"https:\/\/webs.uab.cat\/asome\/wp-json\/wp\/v2\/pages\/423","targetHints":{"allow":["GET"]}}],"collection":[{"href":"https:\/\/webs.uab.cat\/asome\/wp-json\/wp\/v2\/pages"}],"about":[{"href":"https:\/\/webs.uab.cat\/asome\/wp-json\/wp\/v2\/types\/page"}],"author":[{"embeddable":true,"href":"https:\/\/webs.uab.cat\/asome\/wp-json\/wp\/v2\/users\/44"}],"replies":[{"embeddable":true,"href":"https:\/\/webs.uab.cat\/asome\/wp-json\/wp\/v2\/comments?post=423"}],"version-history":[{"count":3,"href":"https:\/\/webs.uab.cat\/asome\/wp-json\/wp\/v2\/pages\/423\/revisions"}],"predecessor-version":[{"id":985,"href":"https:\/\/webs.uab.cat\/asome\/wp-json\/wp\/v2\/pages\/423\/revisions\/985"}],"wp:attachment":[{"href":"https:\/\/webs.uab.cat\/asome\/wp-json\/wp\/v2\/media?parent=423"}],"curies":[{"name":"wp","href":"https:\/\/api.w.org\/{rel}","templated":true}]}}