{"id":435,"date":"2019-02-26T12:44:33","date_gmt":"2019-02-26T12:44:33","guid":{"rendered":"https:\/\/webs.uab.cat\/asome\/es-forat-de-ses-aritges\/"},"modified":"2023-03-15T19:01:41","modified_gmt":"2023-03-15T19:01:41","slug":"es-forat-de-ses-aritges","status":"publish","type":"page","link":"https:\/\/webs.uab.cat\/asome\/es-forat-de-ses-aritges\/","title":{"rendered":"Es Forat de ses Aritges"},"content":{"rendered":"\n<div class=\"wp-block-buttons is-content-justification-center is-layout-flex wp-container-core-buttons-is-layout-16018d1d wp-block-buttons-is-layout-flex\">\n<div class=\"wp-block-button\"><a class=\"wp-block-button__link\" href=\"https:\/\/webs.uab.cat\/asome\/es-forat-de-ses-aritges-projecte\/\">Projecte<\/a><\/div>\n\n\n\n<div class=\"wp-block-button\"><a class=\"wp-block-button__link\" href=\"https:\/\/webs.uab.cat\/asome\/es-forat-de-ses-aritges-botons-v\/\">Botons V<\/a><\/div>\n\n\n\n<div class=\"wp-block-button\"><a class=\"wp-block-button__link\" href=\"https:\/\/webs.uab.cat\/asome\/es-forat-de-ses-aritges-diposit\/\">Dip\u00f2sit arqueol\u00f2gic<\/a><\/div>\n\n\n\n<div class=\"wp-block-button\"><a class=\"wp-block-button__link\" href=\"https:\/\/webs.uab.cat\/asome\/es-forat-de-ses-aritges-metode\/\">M\u00e8tode d&#8217;excavaci\u00f3<\/a><\/div>\n\n\n\n<div class=\"wp-block-button\"><a class=\"wp-block-button__link\" href=\"https:\/\/webs.uab.cat\/asome\/es-forat-de-ses-aritges-suport\/\">Suport institucional<\/a><\/div>\n<\/div>\n\n\n\n<figure class=\"wp-block-image\"><img loading=\"lazy\" decoding=\"async\" width=\"794\" height=\"458\" src=\"https:\/\/webs.uab.cat\/asome\/wp-content\/uploads\/sites\/387\/2019\/02\/investmjrb.gif\" alt=\"\" class=\"wp-image-433\" \/><\/figure>\n\n\n\n<p>El jaciment arqueol\u00f2gic d<strong>&#8216;Es Forat de Ses Aritges<\/strong> (Ciutadella, Menorca) est\u00e0 situat en el vessant occidental del barranc d&#8217;Algendar , a nom\u00e9s quatre metres al sud de la Cova des C\u00e0rritx .<\/p>\n\n\n\n<p>Es tracta d&#8217;un petit abric natural tancat mitjan\u00e7ant un mur ciclopi, que va acollir un <strong>sepulcre col\u00b7lectiu d&#8217;inhumaci\u00f3<\/strong> entre, aproximadament, l&#8217;any <strong>1400 i 1000 a.n.e<\/strong>.<\/p>\n\n\n\n<p><strong>L&#8217;entrada<\/strong> es realitzava a trav\u00e9s d&#8217;una obertura oberta a un<strong> mur de pedr<\/strong>e, dotat d&#8217;un llindar tamb\u00e9 de pedra.<\/p>\n","protected":false},"excerpt":{"rendered":"<p>El jaciment arqueol\u00f2gic d&#8216;Es Forat de Ses Aritges (Ciutadella, Menorca) est\u00e0 situat en el vessant occidental del barranc d&#8217;Algendar , a nom\u00e9s quatre metres al sud de la Cova des C\u00e0rritx . Es tracta d&#8217;un petit abric natural tancat mitjan\u00e7ant un mur ciclopi, que va acollir un sepulcre col\u00b7lectiu d&#8217;inhumaci\u00f3 entre, aproximadament, l&#8217;any 1400 i [&hellip;]<\/p>\n","protected":false},"author":44,"featured_media":0,"parent":0,"menu_order":0,"comment_status":"closed","ping_status":"closed","template":"","meta":{"footnotes":""},"class_list":["post-435","page","type-page","status-publish","hentry"],"_links":{"self":[{"href":"https:\/\/webs.uab.cat\/asome\/wp-json\/wp\/v2\/pages\/435","targetHints":{"allow":["GET"]}}],"collection":[{"href":"https:\/\/webs.uab.cat\/asome\/wp-json\/wp\/v2\/pages"}],"about":[{"href":"https:\/\/webs.uab.cat\/asome\/wp-json\/wp\/v2\/types\/page"}],"author":[{"embeddable":true,"href":"https:\/\/webs.uab.cat\/asome\/wp-json\/wp\/v2\/users\/44"}],"replies":[{"embeddable":true,"href":"https:\/\/webs.uab.cat\/asome\/wp-json\/wp\/v2\/comments?post=435"}],"version-history":[{"count":3,"href":"https:\/\/webs.uab.cat\/asome\/wp-json\/wp\/v2\/pages\/435\/revisions"}],"predecessor-version":[{"id":978,"href":"https:\/\/webs.uab.cat\/asome\/wp-json\/wp\/v2\/pages\/435\/revisions\/978"}],"wp:attachment":[{"href":"https:\/\/webs.uab.cat\/asome\/wp-json\/wp\/v2\/media?parent=435"}],"curies":[{"name":"wp","href":"https:\/\/api.w.org\/{rel}","templated":true}]}}