{"id":442,"date":"2019-02-26T12:50:26","date_gmt":"2019-02-26T12:50:26","guid":{"rendered":"https:\/\/webs.uab.cat\/asome\/des-forat-de-ses-aritges-diposit\/"},"modified":"2023-03-15T18:42:06","modified_gmt":"2023-03-15T18:42:06","slug":"es-forat-de-ses-aritges-diposit","status":"publish","type":"page","link":"https:\/\/webs.uab.cat\/asome\/es-forat-de-ses-aritges-diposit\/","title":{"rendered":"Es Forat de ses Aritges : Dip\u00f2sit"},"content":{"rendered":"\n<div class=\"wp-block-buttons is-content-justification-center is-layout-flex wp-container-core-buttons-is-layout-16018d1d wp-block-buttons-is-layout-flex\">\n<div class=\"wp-block-button\"><a class=\"wp-block-button__link\" href=\"https:\/\/webs.uab.cat\/asome\/des-forat-de-ses-aritges-projecte\/\">Projecte<\/a><\/div>\n\n\n\n<div class=\"wp-block-button\"><a class=\"wp-block-button__link\" href=\"https:\/\/webs.uab.cat\/asome\/des-forat-de-ses-aritges-botons-v\/\">Botons V<\/a><\/div>\n\n\n\n<div class=\"wp-block-button\"><a class=\"wp-block-button__link\" href=\"https:\/\/webs.uab.cat\/asome\/des-forat-de-ses-aritges-diposit\/\">Dip\u00f2sit arqueol\u00f2gic<\/a><\/div>\n\n\n\n<div class=\"wp-block-button\"><a class=\"wp-block-button__link\" href=\"https:\/\/webs.uab.cat\/asome\/des-forat-de-ses-aritges-metode\/\">M\u00e8tode d&#8217;excavaci\u00f3<\/a><\/div>\n\n\n\n<div class=\"wp-block-button\"><a class=\"wp-block-button__link\" href=\"https:\/\/webs.uab.cat\/asome\/des-forat-de-ses-aritges-suport\/\">Suport institucional<\/a><\/div>\n<\/div>\n\n\n\n<p>En el <strong>dip\u00f2sit arqueol\u00f2gic <\/strong>s&#8217;hi van trobar milers <strong>d&#8217;ossos human<\/strong>s, sencers o fragmentats i gaireb\u00e9 mai en connexi\u00f3 anat\u00f2mica, que podrien correspondre a un nombre lleugerament superior al centenar d&#8217;individus (en curs d&#8217;estudi).<\/p>\n\n\n\n<p>A m\u00e9s, barrejats amb els ossos humans, s&#8217;hi van trobar objectes utilitzats en el transcurs de les cerim\u00f2nies funer\u00e0ries, fonamentalment<\/p>\n\n\n\n<p><strong>recipients cer\u00e0mics <\/strong>i<strong> artefactes fabricats <\/strong>amb<strong> metall (punxons, bra\u00e7alets) <\/strong>i amb<strong> ossos o dents (punxons, botons i penjolls, <\/strong>entre d&#8217;altres).<\/p>\n\n\n\n<figure class=\"wp-block-image\"><a href=\"https:\/\/webs.uab.cat\/asome\/es-forat-de-ses-aritges-recipients-ceramics\/\"><img loading=\"lazy\" decoding=\"async\" width=\"200\" height=\"28\" src=\"https:\/\/webs.uab.cat\/asome\/wp-content\/uploads\/sites\/387\/2019\/02\/es_forat_aritges_img1.jpg\" alt=\"\" class=\"wp-image-438\" \/><\/a><\/figure>\n\n\n\n<figure class=\"wp-block-image\"><a href=\"https:\/\/webs.uab.cat\/asome\/es-forat-de-ses-aritges-industria-osea\/\"><img loading=\"lazy\" decoding=\"async\" width=\"200\" height=\"29\" src=\"https:\/\/webs.uab.cat\/asome\/wp-content\/uploads\/sites\/387\/2019\/02\/es_forat_aritges_img2.jpg\" alt=\"\" class=\"wp-image-440\" \/><\/a><\/figure>\n\n\n\n<p>#link_bar a { padding:10px; font-weight:bold; margin:2px; float:left; text-decoration: none;}&amp;amp;amp;lt;br \/&gt;     #link_bar a:link { color:#707070; background-color:#ffffb3; }&amp;amp;amp;lt;br \/&gt;     #link_bar a:visited { color:#909090; background-color:#ffffb3; }&amp;amp;amp;lt;br \/&gt;     #link_bar a:hover { color:#ffffff; background-color:#CCCCCC; }&amp;amp;amp;lt;br \/&gt;     #link_bar a:active { color:#f0f0f0; background-color:#00ff00; }&amp;amp;amp;lt;br \/&gt; <\/p>\n","protected":false},"excerpt":{"rendered":"<p>En el dip\u00f2sit arqueol\u00f2gic s&#8217;hi van trobar milers d&#8217;ossos humans, sencers o fragmentats i gaireb\u00e9 mai en connexi\u00f3 anat\u00f2mica, que podrien correspondre a un nombre lleugerament superior al centenar d&#8217;individus (en curs d&#8217;estudi). A m\u00e9s, barrejats amb els ossos humans, s&#8217;hi van trobar objectes utilitzats en el transcurs de les cerim\u00f2nies funer\u00e0ries, fonamentalment recipients cer\u00e0mics [&hellip;]<\/p>\n","protected":false},"author":44,"featured_media":0,"parent":0,"menu_order":0,"comment_status":"closed","ping_status":"closed","template":"","meta":{"footnotes":""},"class_list":["post-442","page","type-page","status-publish","hentry"],"_links":{"self":[{"href":"https:\/\/webs.uab.cat\/asome\/wp-json\/wp\/v2\/pages\/442","targetHints":{"allow":["GET"]}}],"collection":[{"href":"https:\/\/webs.uab.cat\/asome\/wp-json\/wp\/v2\/pages"}],"about":[{"href":"https:\/\/webs.uab.cat\/asome\/wp-json\/wp\/v2\/types\/page"}],"author":[{"embeddable":true,"href":"https:\/\/webs.uab.cat\/asome\/wp-json\/wp\/v2\/users\/44"}],"replies":[{"embeddable":true,"href":"https:\/\/webs.uab.cat\/asome\/wp-json\/wp\/v2\/comments?post=442"}],"version-history":[{"count":3,"href":"https:\/\/webs.uab.cat\/asome\/wp-json\/wp\/v2\/pages\/442\/revisions"}],"predecessor-version":[{"id":960,"href":"https:\/\/webs.uab.cat\/asome\/wp-json\/wp\/v2\/pages\/442\/revisions\/960"}],"wp:attachment":[{"href":"https:\/\/webs.uab.cat\/asome\/wp-json\/wp\/v2\/media?parent=442"}],"curies":[{"name":"wp","href":"https:\/\/api.w.org\/{rel}","templated":true}]}}