{"id":16,"date":"2009-05-08T11:14:38","date_gmt":"2009-05-08T11:14:38","guid":{"rendered":"https:\/\/webs.uab.cat\/ateixell\/home\/"},"modified":"2024-06-03T09:00:28","modified_gmt":"2024-06-03T09:00:28","slug":"home","status":"publish","type":"page","link":"https:\/\/webs.uab.cat\/ateixell\/","title":{"rendered":"Home"},"content":{"rendered":"\n<div class=\"wp-block-columns is-layout-flex wp-container-core-columns-is-layout-9d6595d7 wp-block-columns-is-layout-flex\">\n<div class=\"wp-block-column is-vertically-aligned-top is-layout-flow wp-block-column-is-layout-flow\" style=\"flex-basis:33.33%\">\n<figure class=\"wp-block-image size-full\"><img loading=\"lazy\" decoding=\"async\" width=\"490\" height=\"637\" src=\"https:\/\/webs.uab.cat\/ateixell\/wp-content\/uploads\/sites\/96\/2022\/08\/image.png\" alt=\"\" class=\"wp-image-240\" srcset=\"https:\/\/webs.uab.cat\/ateixell\/wp-content\/uploads\/sites\/96\/2022\/08\/image.png 490w, https:\/\/webs.uab.cat\/ateixell\/wp-content\/uploads\/sites\/96\/2022\/08\/image-231x300.png 231w\" sizes=\"auto, (max-width: 490px) 100vw, 490px\" \/><\/figure>\n<\/div>\n\n\n\n<div class=\"wp-block-column is-layout-flow wp-block-column-is-layout-flow\" style=\"flex-basis:66.66%\">\n<p><\/p>\n\n\n\n<p>Catedr\u00e0tic de Geodin\u00e0mica Interna<br><\/p>\n\n\n\n<p>Departament de Geologia<br>Universitat Aut\u00f2noma de Barcelona<br>08193 Bellaterra (Barcelona)<\/p>\n\n\n\n<p>Email: antonio.teixell At uab.es<\/p>\n<\/div>\n<\/div>\n\n\n\n<h2 class=\"wp-block-heading\">Temes d&#8217;investigaci\u00f3                                                                              (dins la Geologia estructural i la Tect\u00f2nica):<\/h2>\n\n\n\n<p><span style=\"font-size: medium\">&#8211; <\/span><span style=\"font-size: medium\">Tect\u00f2nica i evoluci\u00f3 del relleu de les serralades de muntanyes<\/span><\/p>\n\n\n\n<p><span style=\"font-size: medium\">&#8211; Sistemes d&#8217;encavalcaments. Interaccions amb la sedimentaci\u00f3 en las conques d&#8217;avantpais <\/span><\/p>\n\n\n\n<p><span style=\"font-size: medium\">&#8211; Tect\u00f2nica salina en extensi\u00f3 i en inversi\u00f3 tect\u00f2nica<\/span><\/p>\n\n\n\n<p><span style=\"font-size: medium\">&#8211; Estructura i mec\u00e0nica de les zones de falla <\/span><\/p>\n\n\n\n<h2 class=\"wp-block-heading\">Projectes de recerca<\/h2>\n\n\n\n<p><span style=\"font-size: medium\">&#8211; Evoluci\u00f3 del nord dels Pirineus: de la hyperextensi\u00f3 a la inversi\u00f3 (ANR Fran\u00e7a, MEC, MCYT, MINECO; MICINN,  Espanya)<\/span><\/p>\n\n\n\n<p><span style=\"font-size: medium\">&#8211; Tect\u00f2nica i evoluci\u00f3 del relleu en la Serralada Oriental dels Andes de Colombia (MEC, Ecopetrol)<\/span><\/p>\n\n\n\n<p><span style=\"font-size: medium\">&#8211; Evoluci\u00f3 tect\u00f2nica i topogr\u00e0fica de les serralades de l&#8217;Atlas del Marroc (MEC, MCYT, MINECO, MICINN, NATO, AECI)<\/span><\/p>\n\n\n\n<hr class=\"wp-block-separator has-alpha-channel-opacity\" \/>\n","protected":false},"excerpt":{"rendered":"<p>Catedr\u00e0tic de Geodin\u00e0mica Interna Departament de GeologiaUniversitat Aut\u00f2noma de Barcelona08193 Bellaterra (Barcelona) Email: antonio.teixell At uab.es Temes d&#8217;investigaci\u00f3 (dins la Geologia estructural i la Tect\u00f2nica): &#8211; Tect\u00f2nica i evoluci\u00f3 del relleu de les serralades de muntanyes &#8211; Sistemes d&#8217;encavalcaments. Interaccions amb la sedimentaci\u00f3 en las conques d&#8217;avantpais &#8211; Tect\u00f2nica salina en extensi\u00f3 i en inversi\u00f3 [&hellip;]<\/p>\n","protected":false},"author":20,"featured_media":0,"parent":0,"menu_order":0,"comment_status":"closed","ping_status":"closed","template":"","meta":{"footnotes":""},"class_list":["post-16","page","type-page","status-publish","hentry"],"_links":{"self":[{"href":"https:\/\/webs.uab.cat\/ateixell\/wp-json\/wp\/v2\/pages\/16","targetHints":{"allow":["GET"]}}],"collection":[{"href":"https:\/\/webs.uab.cat\/ateixell\/wp-json\/wp\/v2\/pages"}],"about":[{"href":"https:\/\/webs.uab.cat\/ateixell\/wp-json\/wp\/v2\/types\/page"}],"author":[{"embeddable":true,"href":"https:\/\/webs.uab.cat\/ateixell\/wp-json\/wp\/v2\/users\/20"}],"replies":[{"embeddable":true,"href":"https:\/\/webs.uab.cat\/ateixell\/wp-json\/wp\/v2\/comments?post=16"}],"version-history":[{"count":7,"href":"https:\/\/webs.uab.cat\/ateixell\/wp-json\/wp\/v2\/pages\/16\/revisions"}],"predecessor-version":[{"id":287,"href":"https:\/\/webs.uab.cat\/ateixell\/wp-json\/wp\/v2\/pages\/16\/revisions\/287"}],"wp:attachment":[{"href":"https:\/\/webs.uab.cat\/ateixell\/wp-json\/wp\/v2\/media?parent=16"}],"curies":[{"name":"wp","href":"https:\/\/api.w.org\/{rel}","templated":true}]}}