{"id":1360,"date":"2023-03-20T11:03:54","date_gmt":"2023-03-20T09:03:54","guid":{"rendered":"https:\/\/webs.uab.cat\/atlas\/projects\/"},"modified":"2023-03-20T11:03:54","modified_gmt":"2023-03-20T09:03:54","slug":"projects","status":"publish","type":"page","link":"https:\/\/webs.uab.cat\/atlas\/en\/projects\/","title":{"rendered":"Projects"},"content":{"rendered":"\n<div class=\"wp-block-columns alignfull is-layout-flex wp-container-core-columns-is-layout-9d6595d7 wp-block-columns-is-layout-flex\">\n<div class=\"wp-block-column is-layout-flow wp-block-column-is-layout-flow\" style=\"flex-basis:40%\"><\/div>\n<\/div>\n\n\n\n<div class=\"wp-block-columns alignfull is-layout-flex wp-container-core-columns-is-layout-9d6595d7 wp-block-columns-is-layout-flex\">\n<div class=\"wp-block-column is-vertically-aligned-top is-layout-flow wp-block-column-is-layout-flow\" style=\"flex-basis:35%\">\n<figure class=\"wp-block-image is-resized\"><img decoding=\"async\" src=\"https:\/\/webs.uab.cat\/atlas\/wp-content\/uploads\/sites\/248\/2023\/05\/thumbnail_C9805C0C-D1F7-4B8D-AEC0-CDFD0FBDCC50-3-edited.jpg\" alt=\"\" class=\"wp-image-470\" width=\"500\" srcset=\"https:\/\/webs.uab.cat\/atlas\/wp-content\/uploads\/sites\/248\/2023\/05\/thumbnail_C9805C0C-D1F7-4B8D-AEC0-CDFD0FBDCC50-3-edited.jpg 1918w, https:\/\/webs.uab.cat\/atlas\/wp-content\/uploads\/sites\/248\/2023\/05\/thumbnail_C9805C0C-D1F7-4B8D-AEC0-CDFD0FBDCC50-3-edited-300x188.jpg 300w, https:\/\/webs.uab.cat\/atlas\/wp-content\/uploads\/sites\/248\/2023\/05\/thumbnail_C9805C0C-D1F7-4B8D-AEC0-CDFD0FBDCC50-3-edited-1024x640.jpg 1024w, https:\/\/webs.uab.cat\/atlas\/wp-content\/uploads\/sites\/248\/2023\/05\/thumbnail_C9805C0C-D1F7-4B8D-AEC0-CDFD0FBDCC50-3-edited-768x480.jpg 768w, https:\/\/webs.uab.cat\/atlas\/wp-content\/uploads\/sites\/248\/2023\/05\/thumbnail_C9805C0C-D1F7-4B8D-AEC0-CDFD0FBDCC50-3-edited-1536x960.jpg 1536w, https:\/\/webs.uab.cat\/atlas\/wp-content\/uploads\/sites\/248\/2023\/05\/thumbnail_C9805C0C-D1F7-4B8D-AEC0-CDFD0FBDCC50-3-edited-1200x750.jpg 1200w\" sizes=\"(max-width: 1918px) 100vw, 1918px\" \/><\/figure>\n<\/div>\n\n\n\n<div class=\"wp-block-column is-vertically-aligned-center is-layout-flow wp-block-column-is-layout-flow\" style=\"flex-basis:55%\">\n<p><\/p>\n\n\n\n<p><strong>AGEncias: Children&#8217;s agencies, vulnerability and education. Creation of transmedia narratives for inclusion <\/strong><\/p>\n\n\n\n<p class=\"has-text-align-left has-small-font-size\">Programa de generaci\u00f3n de conocimiento. Ref. PID2021-125108OB-I00 (2022-2025). PIs. Montserrat Rif\u00e0 &amp; Marta Bertran (UAB)<\/p>\n\n\n\n<p class=\"has-text-align-left has-small-font-size\">It studies children&#8217;s agencies in contemporary societies, to explore children&#8217;s vulnerabilities, belongings and life projects. It also faces, as societal challenges, the creation and communication of inclusive narratives to educate in the face of inequalities and promote good treatment. The research consists of interviews and an ethnography in regulated and non-regulated socio-educational spaces. t incorporates research based on the arts to build narratives (<em>storytelling<\/em>) with children in four different cities: Lleida, Santa Coloma, Barcelona and Terrassa. Project Website<\/p>\n\n\n\n<p><\/p>\n<\/div>\n<\/div>\n\n\n\n<div class=\"wp-block-columns alignfull is-layout-flex wp-container-core-columns-is-layout-9d6595d7 wp-block-columns-is-layout-flex\">\n<div class=\"wp-block-column is-vertically-aligned-top is-layout-flow wp-block-column-is-layout-flow\" style=\"flex-basis:35%\">\n<figure class=\"wp-block-image is-resized\"><img decoding=\"async\" src=\"https:\/\/webs.uab.cat\/atlas\/wp-content\/uploads\/sites\/248\/2023\/05\/youth-1-edited.jpg\" alt=\"\" class=\"wp-image-459\" width=\"500\" srcset=\"https:\/\/webs.uab.cat\/atlas\/wp-content\/uploads\/sites\/248\/2023\/05\/youth-1-edited.jpg 1373w, https:\/\/webs.uab.cat\/atlas\/wp-content\/uploads\/sites\/248\/2023\/05\/youth-1-edited-300x188.jpg 300w, https:\/\/webs.uab.cat\/atlas\/wp-content\/uploads\/sites\/248\/2023\/05\/youth-1-edited-1024x641.jpg 1024w, https:\/\/webs.uab.cat\/atlas\/wp-content\/uploads\/sites\/248\/2023\/05\/youth-1-edited-768x480.jpg 768w, https:\/\/webs.uab.cat\/atlas\/wp-content\/uploads\/sites\/248\/2023\/05\/youth-1-edited-1200x751.jpg 1200w\" sizes=\"(max-width: 1373px) 100vw, 1373px\" \/><\/figure>\n<\/div>\n\n\n\n<div class=\"wp-block-column is-vertically-aligned-center is-layout-flow wp-block-column-is-layout-flow\" style=\"flex-basis:55%\">\n<p><\/p>\n\n\n\n<p><strong>ALLER-VERS: Transformer les cadres pour l\u2019inclusion de tous \/\/ Outreach: Inclusive and Transformative Frameworks for All (YouthReach<\/strong>)<\/p>\n\n\n\n<p class=\"has-small-font-size\">Erasmus+ programme. Ref. 2021-1-FR01-KA220-ADU-000033655. PIs. Virginie Poujol (L\u00e9ris), Angelina S\u00e1nchez Mart\u00ed (UAB)<\/p>\n\n\n\n<p class=\"has-small-font-size\">It proposes a training course (which includes both theoretical and historical elements on social work practices, but also elements related to social intermediation), and a 6-step approach to experiment with the resolution of unsatisfactory situations in the support of young people (and not so young), involving the institutions concerned. These two productions (the training program and the intervention methodology) were developed collectively and are in the test phase in the different countries. <a rel=\"noreferrer noopener\" href=\"http:\/\/ALLER-VERS:%20Transformer%20les%20cadres%20pour%20l%E2%80%99inclusion%20de%20tous%20\/\/%20Outreach:%20Inclusive%20and%20Transformative%20Frameworks%20for%20All%20%E2%80%AF(YouthReach)%20Erasmus+%20programme%20KA220-ADU%20-%20Key%20Action%202:%20Cooperative%20partnerships%20in%20adult%20education%202021-1-FR01-KA220-ADU-000033655\" target=\"_blank\">Project Website<\/a><\/p>\n<\/div>\n<\/div>\n\n\n\n<div class=\"wp-block-columns alignfull is-layout-flex wp-container-core-columns-is-layout-9d6595d7 wp-block-columns-is-layout-flex\">\n<div class=\"wp-block-column is-vertically-aligned-top is-layout-flow wp-block-column-is-layout-flow\" style=\"flex-basis:35%\">\n<figure class=\"wp-block-image size-full is-resized\"><img decoding=\"async\" src=\"https:\/\/webs.uab.cat\/atlas\/wp-content\/uploads\/sites\/248\/2023\/05\/altres-pedagogies-2-edited.jpg\" alt=\"\" class=\"wp-image-482\" width=\"500\" srcset=\"https:\/\/webs.uab.cat\/atlas\/wp-content\/uploads\/sites\/248\/2023\/05\/altres-pedagogies-2-edited.jpg 1415w, https:\/\/webs.uab.cat\/atlas\/wp-content\/uploads\/sites\/248\/2023\/05\/altres-pedagogies-2-edited-300x187.jpg 300w, https:\/\/webs.uab.cat\/atlas\/wp-content\/uploads\/sites\/248\/2023\/05\/altres-pedagogies-2-edited-1024x640.jpg 1024w, https:\/\/webs.uab.cat\/atlas\/wp-content\/uploads\/sites\/248\/2023\/05\/altres-pedagogies-2-edited-768x480.jpg 768w, https:\/\/webs.uab.cat\/atlas\/wp-content\/uploads\/sites\/248\/2023\/05\/altres-pedagogies-2-edited-1200x750.jpg 1200w\" sizes=\"(max-width: 1415px) 100vw, 1415px\" \/><\/figure>\n<\/div>\n\n\n\n<div class=\"wp-block-column is-vertically-aligned-center is-layout-flow wp-block-column-is-layout-flow\" style=\"flex-basis:55%\">\n<p><\/p>\n\n\n\n<p><strong>OTHER PEDAGOGIES: Transformations to educate in equality<\/strong><\/p>\n\n\n\n<p class=\"has-text-align-left has-small-font-size\">Instituto de la mujer. Ref. 34\/5ACT\/21 (2022). PI Ingrid Agud<\/p>\n\n\n\n<p class=\"has-text-align-left has-small-font-size\">The legacy of educational knowledge presents the biases of a patriarchal structure. Feminist currents, inside and outside academia, have pointed out how knowledge supports multiple structures of oppression beyond the axis of gender. In this sense, it is necessary to incorporate voices and views from the margins that subvert pedagogical knowledge and practice. This questioning results in the commitment to a transgressive and anti-normative pedagogy that problematizes knowledge and educational practices from an intersectional perspective. <a rel=\"noreferrer noopener\" href=\"https:\/\/otraspedagogias-congreso.com\/\" target=\"_blank\">Project Website<\/a><\/p>\n<\/div>\n<\/div>\n\n\n\n<div class=\"wp-block-columns alignfull is-layout-flex wp-container-core-columns-is-layout-9d6595d7 wp-block-columns-is-layout-flex\">\n<div class=\"wp-block-column is-vertically-aligned-top is-layout-flow wp-block-column-is-layout-flow\" style=\"flex-basis:35%\"><\/div>\n<\/div>\n\n\n\n<p class=\"has-text-align-right has-verd-tropic-color has-text-color\">                                                                              <strong><a href=\"https:\/\/webs.uab.cat\/atlas\/2023\/05\/24\/https-webs-uab-cat-atlas-projectes\/\" data-type=\"URL\" data-id=\"https:\/\/webs.uab.cat\/atlas\/2023\/05\/24\/https-webs-uab-cat-atlas-projectes\/\">More projects <\/a><\/strong>&gt;&gt;<\/p>\n","protected":false},"excerpt":{"rendered":"<p>AGEncias: Children&#8217;s agencies, vulnerability and education. Creation of transmedia narratives for inclusion Programa de generaci\u00f3n de conocimiento. Ref. PID2021-125108OB-I00 (2022-2025). PIs. Montserrat Rif\u00e0 &amp; Marta Bertran (UAB) It studies children&#8217;s agencies in contemporary societies, to explore children&#8217;s vulnerabilities, belongings and life projects. It also faces, as societal challenges, the creation and communication of inclusive narratives [&hellip;]<\/p>\n","protected":false},"author":2140,"featured_media":0,"parent":0,"menu_order":0,"comment_status":"closed","ping_status":"closed","template":"","meta":{"footnotes":""},"class_list":["post-1360","page","type-page","status-publish","hentry"],"_links":{"self":[{"href":"https:\/\/webs.uab.cat\/atlas\/en\/wp-json\/wp\/v2\/pages\/1360","targetHints":{"allow":["GET"]}}],"collection":[{"href":"https:\/\/webs.uab.cat\/atlas\/en\/wp-json\/wp\/v2\/pages"}],"about":[{"href":"https:\/\/webs.uab.cat\/atlas\/en\/wp-json\/wp\/v2\/types\/page"}],"author":[{"embeddable":true,"href":"https:\/\/webs.uab.cat\/atlas\/en\/wp-json\/wp\/v2\/users\/2140"}],"replies":[{"embeddable":true,"href":"https:\/\/webs.uab.cat\/atlas\/en\/wp-json\/wp\/v2\/comments?post=1360"}],"version-history":[{"count":0,"href":"https:\/\/webs.uab.cat\/atlas\/en\/wp-json\/wp\/v2\/pages\/1360\/revisions"}],"wp:attachment":[{"href":"https:\/\/webs.uab.cat\/atlas\/en\/wp-json\/wp\/v2\/media?parent=1360"}],"curies":[{"name":"wp","href":"https:\/\/api.w.org\/{rel}","templated":true}]}}