{"id":1371,"date":"2023-05-28T17:13:38","date_gmt":"2023-05-28T15:13:38","guid":{"rendered":"https:\/\/webs.uab.cat\/atlas\/resources\/"},"modified":"2023-05-28T17:13:38","modified_gmt":"2023-05-28T15:13:38","slug":"resources","status":"publish","type":"page","link":"https:\/\/webs.uab.cat\/atlas\/en\/resources\/","title":{"rendered":"Resources"},"content":{"rendered":"\n<p class=\"has-text-align-left has-large-font-size\">We develop resources based on specific assignments or, also, as the results of the various investigations we carry out within the group.<\/p>\n\n\n\n<div class=\"wp-block-columns is-layout-flex wp-container-core-columns-is-layout-9d6595d7 wp-block-columns-is-layout-flex\">\n<div class=\"wp-block-column is-layout-flow wp-block-column-is-layout-flow\" style=\"flex-basis:33.33%\">\n<figure class=\"wp-block-image size-large\"><img loading=\"lazy\" decoding=\"async\" width=\"719\" height=\"1024\" src=\"https:\/\/webs.uab.cat\/atlas\/wp-content\/uploads\/sites\/248\/2023\/06\/Captura-de-pantalla-2023-06-01-a-las-16.27.25-719x1024.png\" alt=\"\" class=\"wp-image-753\" srcset=\"https:\/\/webs.uab.cat\/atlas\/wp-content\/uploads\/sites\/248\/2023\/06\/Captura-de-pantalla-2023-06-01-a-las-16.27.25-719x1024.png 719w, https:\/\/webs.uab.cat\/atlas\/wp-content\/uploads\/sites\/248\/2023\/06\/Captura-de-pantalla-2023-06-01-a-las-16.27.25-211x300.png 211w, https:\/\/webs.uab.cat\/atlas\/wp-content\/uploads\/sites\/248\/2023\/06\/Captura-de-pantalla-2023-06-01-a-las-16.27.25-768x1094.png 768w, https:\/\/webs.uab.cat\/atlas\/wp-content\/uploads\/sites\/248\/2023\/06\/Captura-de-pantalla-2023-06-01-a-las-16.27.25.png 783w\" sizes=\"auto, (max-width: 719px) 100vw, 719px\" \/><\/figure>\n<\/div>\n\n\n\n<div class=\"wp-block-column is-layout-flow wp-block-column-is-layout-flow\" style=\"flex-basis:66.66%\">\n<p><strong>Review of the adequacy of policies, programs and training and occupational measures for Roma youth of Barcelona<\/strong> to detect problems and thus contribute to alleviating the situation of inequality experienced by the Roma population of Barcelona. <\/p>\n\n\n\n<p>Commissioned by: <strong>Barcelona Activa<\/strong><\/p>\n\n\n\n<p>Authors: <strong>Balint Abel Beremenyi, <a href=\"https:\/\/portalrecerca.uab.cat\/en\/persons\/angelina-sanchez-marti-3\">Angelina S\u00e1nchez-Mart\u00ed<\/a>, Cecilia Vergnano; in collaboration with the collective entities themselves.<\/strong><\/p>\n\n\n\n<p>Resulting publication: <strong><a rel=\"noreferrer noopener\" href=\"https:\/\/www.barcelonactiva.cat\/documents\/20124\/49143\/Estudi+poblacio+gitana_DIGITAL.pdf\" target=\"_blank\">&#8220;Poblaci\u00f3 jove gitana: formaci\u00f3 i mercat laboral a Barcelona<\/a>&#8220;<\/strong> (April, 2023)<\/p>\n<\/div>\n<\/div>\n\n\n\n<div style=\"height:50px\" aria-hidden=\"true\" class=\"wp-block-spacer\"><\/div>\n\n\n\n<div class=\"wp-block-columns is-layout-flex wp-container-core-columns-is-layout-9d6595d7 wp-block-columns-is-layout-flex\">\n<div class=\"wp-block-column is-layout-flow wp-block-column-is-layout-flow\" style=\"flex-basis:33.33%\">\n<figure class=\"wp-block-image size-large\"><img loading=\"lazy\" decoding=\"async\" width=\"982\" height=\"1024\" src=\"https:\/\/webs.uab.cat\/atlas\/wp-content\/uploads\/sites\/248\/2023\/06\/Captura-de-pantalla-2023-06-22-a-las-17.13.57-982x1024.png\" alt=\"\" class=\"wp-image-785\" srcset=\"https:\/\/webs.uab.cat\/atlas\/wp-content\/uploads\/sites\/248\/2023\/06\/Captura-de-pantalla-2023-06-22-a-las-17.13.57-982x1024.png 982w, https:\/\/webs.uab.cat\/atlas\/wp-content\/uploads\/sites\/248\/2023\/06\/Captura-de-pantalla-2023-06-22-a-las-17.13.57-288x300.png 288w, https:\/\/webs.uab.cat\/atlas\/wp-content\/uploads\/sites\/248\/2023\/06\/Captura-de-pantalla-2023-06-22-a-las-17.13.57-768x801.png 768w, https:\/\/webs.uab.cat\/atlas\/wp-content\/uploads\/sites\/248\/2023\/06\/Captura-de-pantalla-2023-06-22-a-las-17.13.57-1200x1251.png 1200w, https:\/\/webs.uab.cat\/atlas\/wp-content\/uploads\/sites\/248\/2023\/06\/Captura-de-pantalla-2023-06-22-a-las-17.13.57.png 1363w\" sizes=\"auto, (max-width: 982px) 100vw, 982px\" \/><\/figure>\n<\/div>\n\n\n\n<div class=\"wp-block-column is-layout-flow wp-block-column-is-layout-flow\" style=\"flex-basis:66.66%\">\n<p><strong>Recordings of the presentations of the 1st International Congress of Education and Gender, under the title &#8220;Other pedagogies: (transformation) to educate in equality&#8221;. <\/strong>The congress wanted to establish &#8220;a space for joint reflection on the construction and limits of educational knowledge, educated bodies, the curriculum and educational policies from their configuration at the state, regional and local level to their translation in teaching practices&#8221;. To achieve a dialogue involving all points of view, the congress was addressed to researchers, teachers, representatives of the public administration and all other agents of the educational community. In addition, the congress wanted to respond to the need to carry out &#8220;resolute action against sexist biases and other forms of discrimination in education and in the training of future educators (teachers, pedagogues, social educators)&#8221;.<\/p>\n\n\n\n<p>Organization by: <strong>Grup de Recerca d&#8217;Educaci\u00f3 i G\u00e8nere de la UAB.<\/strong><\/p>\n\n\n\n<p>Video documentation: <a rel=\"noreferrer noopener\" href=\"https:\/\/www.youtube.com\/watch?v=SDgAX5j2EOw&amp;list=PLqQJyf8FbWPBq5EKyHX78W8v-z2l-gPc5&amp;index=2\" target=\"_blank\"><strong>I Congr\u00e9s Internacional d&#8217;Educaci\u00f3 i G\u00e8nere, sota el t\u00edtol &#8220;Altres pedagogies: (trans)formacions per educar en igualtat&#8221;<\/strong><\/a>(November, 2022)<\/p>\n<\/div>\n<\/div>\n\n\n\n<div style=\"height:50px\" aria-hidden=\"true\" class=\"wp-block-spacer\"><\/div>\n\n\n\n<div class=\"wp-block-columns is-layout-flex wp-container-core-columns-is-layout-9d6595d7 wp-block-columns-is-layout-flex\">\n<div class=\"wp-block-column is-layout-flow wp-block-column-is-layout-flow\" style=\"flex-basis:33.33%\">\n<figure class=\"wp-block-image size-large\"><img loading=\"lazy\" decoding=\"async\" width=\"724\" height=\"1024\" src=\"https:\/\/webs.uab.cat\/atlas\/wp-content\/uploads\/sites\/248\/2023\/06\/front-page-ingrid-new-724x1024.png\" alt=\"\" class=\"wp-image-769\" srcset=\"https:\/\/webs.uab.cat\/atlas\/wp-content\/uploads\/sites\/248\/2023\/06\/front-page-ingrid-new-724x1024.png 724w, https:\/\/webs.uab.cat\/atlas\/wp-content\/uploads\/sites\/248\/2023\/06\/front-page-ingrid-new-212x300.png 212w, https:\/\/webs.uab.cat\/atlas\/wp-content\/uploads\/sites\/248\/2023\/06\/front-page-ingrid-new-768x1086.png 768w, https:\/\/webs.uab.cat\/atlas\/wp-content\/uploads\/sites\/248\/2023\/06\/front-page-ingrid-new-1086x1536.png 1086w, https:\/\/webs.uab.cat\/atlas\/wp-content\/uploads\/sites\/248\/2023\/06\/front-page-ingrid-new-1448x2048.png 1448w, https:\/\/webs.uab.cat\/atlas\/wp-content\/uploads\/sites\/248\/2023\/06\/front-page-ingrid-new-1200x1697.png 1200w, https:\/\/webs.uab.cat\/atlas\/wp-content\/uploads\/sites\/248\/2023\/06\/front-page-ingrid-new-1980x2801.png 1980w\" sizes=\"auto, (max-width: 724px) 100vw, 724px\" \/><\/figure>\n<\/div>\n\n\n\n<div class=\"wp-block-column is-layout-flow wp-block-column-is-layout-flow\" style=\"flex-basis:66.66%\">\n<p><strong>Document resulting from the project with the same name &#8220;Gender perspective in education&#8221; which contains a proposal for a conceptual framework to frame and make visible everything that encompasses the incorporation of what is known as &#8220;gender perspective&#8221; as a form of improve teaching quality at the Faculty of Education Sciences of the UAB. <\/strong>In no case do we want to define a universal formula or an instruction manual, but this resource aims to generate a subversive scientific discourse against academic normality (Biglia and Bonet 2017).<\/p>\n\n\n\n<p>Commissioned by: <strong>Materioal of the Research Group d&#8217;Educaci\u00f3 i G\u00e8nere<\/strong> <strong> UAB.<\/strong><\/p>\n\n\n\n<p>Authorship: <strong>Grup d\u2019Educaci\u00f3 i G\u00e8nere de la Facultat de Ci\u00e8ncies de l\u2019Educaci\u00f3 amb el suport dels projectes per a la Millora de la Qualitat Docent (Institut de<br>Ci\u00e8ncies de l\u2019Educaci\u00f3 de la UAB), en la convocat\u00f2ria 2018-2019.<\/strong><\/p>\n\n\n\n<p>Resulting publication: <strong><a href=\"https:\/\/ddd.uab.cat\/pub\/llibres\/2020\/226865\/PERSPECTIVA_DE_GENERE_EN_LEDUCACIO_Marconceptual.pdf\" target=\"_blank\" rel=\"noreferrer noopener\">&#8220;Perspectiva de g\u00e8nere en l&#8217;educaci\u00f3&#8221; <\/a><\/strong>(July, 2020)<\/p>\n<\/div>\n<\/div>\n\n\n\n<div style=\"height:50px\" aria-hidden=\"true\" class=\"wp-block-spacer\"><\/div>\n\n\n\n<div class=\"wp-block-columns is-layout-flex wp-container-core-columns-is-layout-9d6595d7 wp-block-columns-is-layout-flex\">\n<div class=\"wp-block-column is-layout-flow wp-block-column-is-layout-flow\" style=\"flex-basis:33.33%\"><\/div>\n\n\n\n<div class=\"wp-block-column is-layout-flow wp-block-column-is-layout-flow\" style=\"flex-basis:66.66%\"><\/div>\n<\/div>\n","protected":false},"excerpt":{"rendered":"<p>We develop resources based on specific assignments or, also, as the results of the various investigations we carry out within the group. Review of the adequacy of policies, programs and training and occupational measures for Roma youth of Barcelona to detect problems and thus contribute to alleviating the situation of inequality experienced by the Roma [&hellip;]<\/p>\n","protected":false},"author":2624,"featured_media":0,"parent":0,"menu_order":0,"comment_status":"closed","ping_status":"closed","template":"","meta":{"footnotes":""},"class_list":["post-1371","page","type-page","status-publish","hentry"],"_links":{"self":[{"href":"https:\/\/webs.uab.cat\/atlas\/en\/wp-json\/wp\/v2\/pages\/1371","targetHints":{"allow":["GET"]}}],"collection":[{"href":"https:\/\/webs.uab.cat\/atlas\/en\/wp-json\/wp\/v2\/pages"}],"about":[{"href":"https:\/\/webs.uab.cat\/atlas\/en\/wp-json\/wp\/v2\/types\/page"}],"author":[{"embeddable":true,"href":"https:\/\/webs.uab.cat\/atlas\/en\/wp-json\/wp\/v2\/users\/2624"}],"replies":[{"embeddable":true,"href":"https:\/\/webs.uab.cat\/atlas\/en\/wp-json\/wp\/v2\/comments?post=1371"}],"version-history":[{"count":0,"href":"https:\/\/webs.uab.cat\/atlas\/en\/wp-json\/wp\/v2\/pages\/1371\/revisions"}],"wp:attachment":[{"href":"https:\/\/webs.uab.cat\/atlas\/en\/wp-json\/wp\/v2\/media?parent=1371"}],"curies":[{"name":"wp","href":"https:\/\/api.w.org\/{rel}","templated":true}]}}