{"id":1313,"date":"2022-10-04T12:25:02","date_gmt":"2022-10-04T10:25:02","guid":{"rendered":"https:\/\/webs.uab.cat\/atlas\/descripcion-del-grupo\/"},"modified":"2026-04-15T12:48:12","modified_gmt":"2026-04-15T10:48:12","slug":"descripcion-del-grupo","status":"publish","type":"page","link":"https:\/\/webs.uab.cat\/atlas\/es\/","title":{"rendered":"Descripci\u00f3n del grupo"},"content":{"rendered":"\n<p>El grupo de investigaci\u00f3n <em>ATLAS Intersecciones Cr\u00edticas en Educaci\u00f3n<\/em> se centra en el an\u00e1lisis de las desigualdades y experiencias de los sujetos de la educaci\u00f3n (ni\u00f1os, j\u00f3venes, familias, profesionales de la educaci\u00f3n&#8230;) en sus relacionalidades e interdependencias.&nbsp;<\/p>\n\n\n\n<p>Somos un grupo de investigaci\u00f3n interdisciplinario (2021 SGR 01014) con diferentes enfoques metodol\u00f3gicos, como la etnograf\u00eda, m\u00e9todos cualitativos, mixtos y multimodales y la investigaci\u00f3n educativa basada en las artes y el dise\u00f1o. &nbsp; Generamos conocimiento des de una perspectiva feminista, no adultoc\u00e9ntrica y colaborativa.&nbsp;&nbsp;&nbsp;<\/p>\n\n\n\n<p>Desde una mirada cr\u00edtica, nos proponemos &nbsp;una transformaci\u00f3n educativa, basada en la equidad y la agencia, para resistir y contestar a las m\u00faltiples formas de discriminaci\u00f3n y exclusi\u00f3n de forma colectiva.&nbsp;<\/p>\n\n\n\n<p><\/p>\n\n\n\n<h3 class=\"wp-block-heading\">L\u00edneas de investigaci\u00f3n<\/h3>\n\n\n\n<div class=\"wp-block-columns is-layout-flex wp-container-core-columns-is-layout-9d6595d7 wp-block-columns-is-layout-flex\">\n<div class=\"wp-block-column is-layout-flow wp-block-column-is-layout-flow\">\n<ul class=\"has-small-font-size wp-block-list\">\n<li><strong>Las injusticias<\/strong> raciales\/\u00e9tnicas, de clase social, de edad, de g\u00e9nero, de sexualidad y de religi\u00f3n en la educaci\u00f3n.&nbsp;<\/li>\n\n\n\n<li><strong>La agencia<\/strong> de los sujetos: experiencias de vida, identidades, estrategiea de resistencia y formas de organizaci\u00f3n colectiva.<\/li>\n\n\n\n<li><strong>Las vulnerabilidades, precariedades y exclusiones-violencias<\/strong> que afectan a grupos migrados y minorizados por raz\u00f3n de clase social, raza\/etnia, edad, g\u00e9nero, sexualidad y religi\u00f3n.&nbsp;<\/li>\n\n\n\n<li><strong>Los discursos, los modos de producci\u00f3n del conocimiento y las metodolog\u00edas de investigaci\u00f3n<\/strong> feministas, decoloniales y no adultoc\u00e9ntricas.&nbsp;<\/li>\n\n\n\n<li><strong>Los conceptos, pol\u00edticas y pr\u00e1cticas<\/strong> de las pedagog\u00edas cr\u00edticas, feministas, populares, corporales, art\u00edsticas y de la cultura visual.&nbsp;<\/li>\n<\/ul>\n<\/div>\n<\/div>\n","protected":false},"excerpt":{"rendered":"<p>El grupo de investigaci\u00f3n ATLAS Intersecciones Cr\u00edticas en Educaci\u00f3n se centra en el an\u00e1lisis de las desigualdades y experiencias de los sujetos de la educaci\u00f3n (ni\u00f1os, j\u00f3venes, familias, profesionales de la educaci\u00f3n&#8230;) en sus relacionalidades e interdependencias.&nbsp; Somos un grupo de investigaci\u00f3n interdisciplinario (2021 SGR 01014) con diferentes enfoques metodol\u00f3gicos, como la etnograf\u00eda, m\u00e9todos cualitativos, [&hellip;]<\/p>\n","protected":false},"author":169,"featured_media":0,"parent":0,"menu_order":0,"comment_status":"closed","ping_status":"closed","template":"sidebar.php","meta":{"footnotes":""},"class_list":["post-1313","page","type-page","status-publish","hentry"],"_links":{"self":[{"href":"https:\/\/webs.uab.cat\/atlas\/es\/wp-json\/wp\/v2\/pages\/1313","targetHints":{"allow":["GET"]}}],"collection":[{"href":"https:\/\/webs.uab.cat\/atlas\/es\/wp-json\/wp\/v2\/pages"}],"about":[{"href":"https:\/\/webs.uab.cat\/atlas\/es\/wp-json\/wp\/v2\/types\/page"}],"author":[{"embeddable":true,"href":"https:\/\/webs.uab.cat\/atlas\/es\/wp-json\/wp\/v2\/users\/169"}],"replies":[{"embeddable":true,"href":"https:\/\/webs.uab.cat\/atlas\/es\/wp-json\/wp\/v2\/comments?post=1313"}],"version-history":[{"count":1,"href":"https:\/\/webs.uab.cat\/atlas\/es\/wp-json\/wp\/v2\/pages\/1313\/revisions"}],"predecessor-version":[{"id":1315,"href":"https:\/\/webs.uab.cat\/atlas\/es\/wp-json\/wp\/v2\/pages\/1313\/revisions\/1315"}],"wp:attachment":[{"href":"https:\/\/webs.uab.cat\/atlas\/es\/wp-json\/wp\/v2\/media?parent=1313"}],"curies":[{"name":"wp","href":"https:\/\/api.w.org\/{rel}","templated":true}]}}