{"id":2,"date":"2022-10-04T12:25:02","date_gmt":"2022-10-04T10:25:02","guid":{"rendered":"https:\/\/webs.uab.cat\/atlas\/?page_id=2"},"modified":"2023-12-15T01:53:24","modified_gmt":"2023-12-14T23:53:24","slug":"pagina-exemple","status":"publish","type":"page","link":"https:\/\/webs.uab.cat\/atlas\/","title":{"rendered":"Descripci\u00f3 del grup"},"content":{"rendered":"\n<p>El grup de recerca <em>ATLAS Interseccions Cr\u00edtiques en Educaci\u00f3<\/em> se centra en l\u2019an\u00e0lisi de les desigualtats i experi\u00e8ncies dels subjectes de l\u2019educaci\u00f3 (infants, joves, fam\u00edlies, professionals de l\u2019educaci\u00f3&#8230;) en les seves relacionalitats i interdepend\u00e8ncies.&nbsp;<\/p>\n\n\n\n<p>Som un grup de recerca interdisciplinari (2021 SGR 01014) amb diferents enfocaments metodol\u00f2gics, com ara l\u2019etnografia, m\u00e8todes qualitatius, mixtes i multimodals i la recerca educativa basada en les arts i el disseny.&nbsp;Generem coneixement des d\u2019una perspectiva feminista, no adultoc\u00e8ntrica i col.laborativa.&nbsp;&nbsp;&nbsp;<\/p>\n\n\n\n<p>Des d\u2019una mirada cr\u00edtica, ens proposem&nbsp; una transformaci\u00f3 educativa, basada en l\u2019equitat i l\u2019ag\u00e8ncia, per resistir i contestar les m\u00faltiples formes de discriminaci\u00f3 i exclusi\u00f3 de forma col\u00b7lectiva.&nbsp;<\/p>\n\n\n\n<p><\/p>\n\n\n\n<h3 class=\"wp-block-heading\">L\u00ednies de recerca<\/h3>\n\n\n\n<div class=\"wp-block-columns is-layout-flex wp-container-core-columns-is-layout-9d6595d7 wp-block-columns-is-layout-flex\">\n<div class=\"wp-block-column is-layout-flow wp-block-column-is-layout-flow\">\n<ul class=\"has-small-font-size wp-block-list\">\n<li><strong>Les injust\u00edcies<\/strong> racials\/\u00e8tniques, de classe social, d\u2019edat, de g\u00e8nere, de sexualitat i de religi\u00f3 en l\u2019educaci\u00f3.\u202f\u202f&nbsp;<\/li>\n\n\n\n<li><strong>L\u2019ag\u00e8ncia <\/strong>dels subjectes: experi\u00e8ncies de vida, identitats, estrat\u00e8gies de resist\u00e8ncia i formes d\u2019organitzaci\u00f3 col\u00b7lectiva.<\/li>\n\n\n\n<li><strong>Les vulnerabilitats, les precarietats i les exclusions-viol\u00e8ncies<\/strong> que afecten a grups migrats i minoritzats per ra\u00f3 de classe social, ra\u00e7a\/\u00e8tnia, edat, g\u00e8nere, sexualitat i religi\u00f3.\u202f\u202f&nbsp;<\/li>\n\n\n\n<li><strong>Els discursos, els modes de producci\u00f3 del coneixement i les metodologies de recerca<\/strong> feministes, decolonials i no adultoc\u00e8ntriques.\u202f&nbsp;<\/li>\n\n\n\n<li><strong>Els conceptes, les pol\u00edtiques i les pr\u00e0ctiques<\/strong> de les pedagogies cr\u00edtiques, feministes, populars, corporals, art\u00edstiques i de la cultura visual.\u202f&nbsp;<\/li>\n<\/ul>\n<\/div>\n<\/div>\n","protected":false},"excerpt":{"rendered":"<p>El grup de recerca ATLAS Interseccions Cr\u00edtiques en Educaci\u00f3 se centra en l\u2019an\u00e0lisi de les desigualtats i experi\u00e8ncies dels subjectes de l\u2019educaci\u00f3 (infants, joves, fam\u00edlies, professionals de l\u2019educaci\u00f3&#8230;) en les seves relacionalitats i interdepend\u00e8ncies.&nbsp; Som un grup de recerca interdisciplinari (2021 SGR 01014) amb diferents enfocaments metodol\u00f2gics, com ara l\u2019etnografia, m\u00e8todes qualitatius, mixtes i multimodals [&hellip;]<\/p>\n","protected":false},"author":169,"featured_media":0,"parent":0,"menu_order":0,"comment_status":"closed","ping_status":"open","template":"sidebar.php","meta":{"footnotes":""},"class_list":["post-2","page","type-page","status-publish","hentry"],"_links":{"self":[{"href":"https:\/\/webs.uab.cat\/atlas\/wp-json\/wp\/v2\/pages\/2","targetHints":{"allow":["GET"]}}],"collection":[{"href":"https:\/\/webs.uab.cat\/atlas\/wp-json\/wp\/v2\/pages"}],"about":[{"href":"https:\/\/webs.uab.cat\/atlas\/wp-json\/wp\/v2\/types\/page"}],"author":[{"embeddable":true,"href":"https:\/\/webs.uab.cat\/atlas\/wp-json\/wp\/v2\/users\/169"}],"replies":[{"embeddable":true,"href":"https:\/\/webs.uab.cat\/atlas\/wp-json\/wp\/v2\/comments?post=2"}],"version-history":[{"count":19,"href":"https:\/\/webs.uab.cat\/atlas\/wp-json\/wp\/v2\/pages\/2\/revisions"}],"predecessor-version":[{"id":1314,"href":"https:\/\/webs.uab.cat\/atlas\/wp-json\/wp\/v2\/pages\/2\/revisions\/1314"}],"wp:attachment":[{"href":"https:\/\/webs.uab.cat\/atlas\/wp-json\/wp\/v2\/media?parent=2"}],"curies":[{"name":"wp","href":"https:\/\/api.w.org\/{rel}","templated":true}]}}