{"id":711,"date":"2023-05-28T18:05:29","date_gmt":"2023-05-28T16:05:29","guid":{"rendered":"https:\/\/webs.uab.cat\/atlas\/?page_id=711"},"modified":"2023-10-20T13:03:21","modified_gmt":"2023-10-20T11:03:21","slug":"serveis","status":"publish","type":"page","link":"https:\/\/webs.uab.cat\/atlas\/serveis\/","title":{"rendered":"Serveis"},"content":{"rendered":"\n<p class=\"has-large-font-size\">Desenvolupem serveis a partir d\u2019enc\u00e0rrecs espec\u00edfics o, tamb\u00e9, com a resultat de les diverses investigacions i col\u00b7laboracions que duem a terme des del grup; i ho fem tant per a professionals de l&#8217;\u00e0mbit de l&#8217;educaci\u00f3 formal com del no formal. Treballem en el diagn\u00f2stic, l&#8217;acompanyament i la implementaci\u00f3 de processos participatius de g\u00e8nere,\u202fanti-adultoc\u00e8ntrics i\u202fdecolonials\u202fen contextos socioeducatius, amb la voluntat d&#8217;identificar i empoderar el benestar de les inf\u00e0ncies en  les xarxes comunit\u00e0ries.<\/p>\n\n\n\n<div style=\"height:50px\" aria-hidden=\"true\" class=\"wp-block-spacer\"><\/div>\n\n\n\n<h3 class=\"wp-block-heading\">Formaci\u00f3<\/h3>\n\n\n\n<div class=\"wp-block-columns is-layout-flex wp-container-core-columns-is-layout-9d6595d7 wp-block-columns-is-layout-flex\">\n<div class=\"wp-block-column is-vertically-aligned-top is-layout-flow wp-block-column-is-layout-flow\"><div class=\"wp-block-image\">\n<figure class=\"alignleft size-full\"><img loading=\"lazy\" decoding=\"async\" width=\"425\" height=\"319\" src=\"https:\/\/webs.uab.cat\/atlas\/wp-content\/uploads\/sites\/248\/2023\/05\/paulina-milde-jachowska-uGWvfZtzZRI-unsplash-edited.jpg\" alt=\"\" class=\"wp-image-719\" srcset=\"https:\/\/webs.uab.cat\/atlas\/wp-content\/uploads\/sites\/248\/2023\/05\/paulina-milde-jachowska-uGWvfZtzZRI-unsplash-edited.jpg 425w, https:\/\/webs.uab.cat\/atlas\/wp-content\/uploads\/sites\/248\/2023\/05\/paulina-milde-jachowska-uGWvfZtzZRI-unsplash-edited-300x225.jpg 300w\" sizes=\"auto, (max-width: 425px) 100vw, 425px\" \/><\/figure>\n<\/div><\/div>\n\n\n\n<div class=\"wp-block-column is-layout-flow wp-block-column-is-layout-flow\">\n<p>Interdum et malesuada fames ac ante ipsum primis in faucibus. Duis nibh ex, fringilla ac massa et, vulputate tempus magna. Ut posuere ante ut lacus molestie convallis. Aliquam vitae augue ut mi pulvinar luctus. Donec fermentum nunc sed est vehicula, a interdum augue elementum. <\/p>\n<\/div>\n<\/div>\n\n\n\n<div style=\"height:70px\" aria-hidden=\"true\" class=\"wp-block-spacer\"><\/div>\n\n\n\n<h3 class=\"wp-block-heading\"><strong>Avaluaci\u00f3 de programes i pol\u00edtiques p\u00fabliques<\/strong><\/h3>\n\n\n\n<div class=\"wp-block-columns is-layout-flex wp-container-core-columns-is-layout-9d6595d7 wp-block-columns-is-layout-flex\">\n<div class=\"wp-block-column is-layout-flow wp-block-column-is-layout-flow\">\n<figure class=\"wp-block-image size-full\"><img loading=\"lazy\" decoding=\"async\" width=\"377\" height=\"283\" src=\"https:\/\/webs.uab.cat\/atlas\/wp-content\/uploads\/sites\/248\/2023\/05\/jason-leung-Xaanw0s0pMk-unsplash-edited.jpg\" alt=\"\" class=\"wp-image-722\" srcset=\"https:\/\/webs.uab.cat\/atlas\/wp-content\/uploads\/sites\/248\/2023\/05\/jason-leung-Xaanw0s0pMk-unsplash-edited.jpg 377w, https:\/\/webs.uab.cat\/atlas\/wp-content\/uploads\/sites\/248\/2023\/05\/jason-leung-Xaanw0s0pMk-unsplash-edited-300x225.jpg 300w\" sizes=\"auto, (max-width: 377px) 100vw, 377px\" \/><\/figure>\n<\/div>\n\n\n\n<div class=\"wp-block-column is-layout-flow wp-block-column-is-layout-flow\">\n<p>Interdum et malesuada fames ac ante ipsum primis in faucibus. Duis nibh ex, fringilla ac massa et, vulputate tempus magna. Ut posuere ante ut lacus molestie convallis. Aliquam vitae augue ut mi pulvinar luctus. Donec fermentum nunc sed est vehicula, a interdum augue elementum. <\/p>\n<\/div>\n<\/div>\n\n\n\n<div style=\"height:70px\" aria-hidden=\"true\" class=\"wp-block-spacer\"><\/div>\n\n\n\n<h3 class=\"wp-block-heading\"><strong>Consultoria<\/strong>&nbsp;<strong> i assessorament<\/strong><\/h3>\n\n\n\n<div class=\"wp-block-columns is-layout-flex wp-container-core-columns-is-layout-9d6595d7 wp-block-columns-is-layout-flex\">\n<div class=\"wp-block-column is-layout-flow wp-block-column-is-layout-flow\">\n<figure class=\"wp-block-image size-full\"><img loading=\"lazy\" decoding=\"async\" width=\"425\" height=\"319\" src=\"https:\/\/webs.uab.cat\/atlas\/wp-content\/uploads\/sites\/248\/2023\/05\/alexander-andrews-A3DPhhAL6Zg-unsplash-edited.jpg\" alt=\"\" class=\"wp-image-725\" srcset=\"https:\/\/webs.uab.cat\/atlas\/wp-content\/uploads\/sites\/248\/2023\/05\/alexander-andrews-A3DPhhAL6Zg-unsplash-edited.jpg 425w, https:\/\/webs.uab.cat\/atlas\/wp-content\/uploads\/sites\/248\/2023\/05\/alexander-andrews-A3DPhhAL6Zg-unsplash-edited-300x225.jpg 300w\" sizes=\"auto, (max-width: 425px) 100vw, 425px\" \/><\/figure>\n<\/div>\n\n\n\n<div class=\"wp-block-column is-layout-flow wp-block-column-is-layout-flow\">\n<p>Sed nec enim commodo, consequat nisl eget, interdum nisl. Curabitur at ligula cursus, fringilla elit quis, facilisis tellus. Vivamus consequat et arcu quis ultricies. Duis semper ultrices commodo<mark style=\"color:var(--color-marca-terciari)\" class=\"has-inline-color\">.<\/mark><\/p>\n<\/div>\n<\/div>\n\n\n\n<div style=\"height:70px\" aria-hidden=\"true\" class=\"wp-block-spacer\"><\/div>\n\n\n\n<h3 class=\"wp-block-heading\">Acci\u00f3 social<\/h3>\n\n\n\n<div class=\"wp-block-columns is-layout-flex wp-container-core-columns-is-layout-9d6595d7 wp-block-columns-is-layout-flex\">\n<div class=\"wp-block-column is-layout-flow wp-block-column-is-layout-flow\">\n<figure class=\"wp-block-image size-large\"><img loading=\"lazy\" decoding=\"async\" width=\"1024\" height=\"683\" src=\"https:\/\/webs.uab.cat\/atlas\/wp-content\/uploads\/sites\/248\/2023\/10\/MG_4025-1024x683.jpg\" alt=\"\" class=\"wp-image-919\" srcset=\"https:\/\/webs.uab.cat\/atlas\/wp-content\/uploads\/sites\/248\/2023\/10\/MG_4025-1024x683.jpg 1024w, https:\/\/webs.uab.cat\/atlas\/wp-content\/uploads\/sites\/248\/2023\/10\/MG_4025-300x200.jpg 300w, https:\/\/webs.uab.cat\/atlas\/wp-content\/uploads\/sites\/248\/2023\/10\/MG_4025-768x512.jpg 768w, https:\/\/webs.uab.cat\/atlas\/wp-content\/uploads\/sites\/248\/2023\/10\/MG_4025-1536x1024.jpg 1536w, https:\/\/webs.uab.cat\/atlas\/wp-content\/uploads\/sites\/248\/2023\/10\/MG_4025-2048x1365.jpg 2048w, https:\/\/webs.uab.cat\/atlas\/wp-content\/uploads\/sites\/248\/2023\/10\/MG_4025-1200x800.jpg 1200w, https:\/\/webs.uab.cat\/atlas\/wp-content\/uploads\/sites\/248\/2023\/10\/MG_4025-1980x1320.jpg 1980w\" sizes=\"auto, (max-width: 1024px) 100vw, 1024px\" \/><\/figure>\n<\/div>\n\n\n\n<div class=\"wp-block-column is-layout-flow wp-block-column-is-layout-flow\">\n<p>Sed nec enim commodo, consequat nisl eget, interdum nisl. Curabitur at ligula cursus, fringilla elit quis, facilisis tellus. Vivamus consequat et arcu quis ultricies. Duis semper ultrices commodo.<\/p>\n<\/div>\n<\/div>\n","protected":false},"excerpt":{"rendered":"<p>Desenvolupem serveis a partir d\u2019enc\u00e0rrecs espec\u00edfics o, tamb\u00e9, com a resultat de les diverses investigacions i col\u00b7laboracions que duem a terme des del grup; i ho fem tant per a professionals de l&#8217;\u00e0mbit de l&#8217;educaci\u00f3 formal com del no formal. Treballem en el diagn\u00f2stic, l&#8217;acompanyament i la implementaci\u00f3 de processos participatius de g\u00e8nere,\u202fanti-adultoc\u00e8ntrics i\u202fdecolonials\u202fen contextos [&hellip;]<\/p>\n","protected":false},"author":2624,"featured_media":0,"parent":0,"menu_order":0,"comment_status":"closed","ping_status":"closed","template":"","meta":{"footnotes":""},"class_list":["post-711","page","type-page","status-publish","hentry"],"_links":{"self":[{"href":"https:\/\/webs.uab.cat\/atlas\/wp-json\/wp\/v2\/pages\/711","targetHints":{"allow":["GET"]}}],"collection":[{"href":"https:\/\/webs.uab.cat\/atlas\/wp-json\/wp\/v2\/pages"}],"about":[{"href":"https:\/\/webs.uab.cat\/atlas\/wp-json\/wp\/v2\/types\/page"}],"author":[{"embeddable":true,"href":"https:\/\/webs.uab.cat\/atlas\/wp-json\/wp\/v2\/users\/2624"}],"replies":[{"embeddable":true,"href":"https:\/\/webs.uab.cat\/atlas\/wp-json\/wp\/v2\/comments?post=711"}],"version-history":[{"count":14,"href":"https:\/\/webs.uab.cat\/atlas\/wp-json\/wp\/v2\/pages\/711\/revisions"}],"predecessor-version":[{"id":956,"href":"https:\/\/webs.uab.cat\/atlas\/wp-json\/wp\/v2\/pages\/711\/revisions\/956"}],"wp:attachment":[{"href":"https:\/\/webs.uab.cat\/atlas\/wp-json\/wp\/v2\/media?parent=711"}],"curies":[{"name":"wp","href":"https:\/\/api.w.org\/{rel}","templated":true}]}}