{"id":880,"date":"2023-10-20T11:06:29","date_gmt":"2023-10-20T09:06:29","guid":{"rendered":"https:\/\/webs.uab.cat\/atlas\/?page_id=880"},"modified":"2023-12-19T12:45:07","modified_gmt":"2023-12-19T10:45:07","slug":"noticies","status":"publish","type":"page","link":"https:\/\/webs.uab.cat\/atlas\/noticies\/","title":{"rendered":"Not\u00edcies"},"content":{"rendered":"\n<details class=\"wp-block-mamaduka-toggles wp-block-toggles\"><summary><strong>SUBJETIVIDADES PARA LA PAZ &#8211; H\u00c9CTOR JAVIER CH\u00cdSICA<\/strong> (15\/12\/2023) <\/summary><div class=\"wp-block-toggles__content\">\n<p>H\u00e9ctor Javier Ch\u00edsica, investigador de la Universidad de los Andes d&#8217;estada a la UAB, va compartir divendres la seva recerca sobre la subjectivitat en les experi\u00e8ncies d\u2019Educaci\u00f3 per la Pau a Col\u00f2mbia. Imprescindible per comprendre com els conflictes ens travessen i com els resistim.<\/p>\n\n\n\n<figure class=\"wp-block-image size-full\"><img loading=\"lazy\" decoding=\"async\" width=\"1024\" height=\"576\" src=\"https:\/\/webs.uab.cat\/atlas\/wp-content\/uploads\/sites\/248\/2023\/12\/WhatsApp-Image-2023-12-14-at-15.00.23.jpeg\" alt=\"\" class=\"wp-image-1339\" srcset=\"https:\/\/webs.uab.cat\/atlas\/wp-content\/uploads\/sites\/248\/2023\/12\/WhatsApp-Image-2023-12-14-at-15.00.23.jpeg 1024w, https:\/\/webs.uab.cat\/atlas\/wp-content\/uploads\/sites\/248\/2023\/12\/WhatsApp-Image-2023-12-14-at-15.00.23-300x169.jpeg 300w, https:\/\/webs.uab.cat\/atlas\/wp-content\/uploads\/sites\/248\/2023\/12\/WhatsApp-Image-2023-12-14-at-15.00.23-768x432.jpeg 768w\" sizes=\"auto, (max-width: 1024px) 100vw, 1024px\" \/><\/figure>\n\n\n\n<figure class=\"wp-block-image size-large\"><img loading=\"lazy\" decoding=\"async\" width=\"1024\" height=\"768\" src=\"https:\/\/webs.uab.cat\/atlas\/wp-content\/uploads\/sites\/248\/2023\/12\/WhatsApp-Image-2023-12-15-at-14.41.39-1024x768.jpeg\" alt=\"\" class=\"wp-image-1342\" srcset=\"https:\/\/webs.uab.cat\/atlas\/wp-content\/uploads\/sites\/248\/2023\/12\/WhatsApp-Image-2023-12-15-at-14.41.39-1024x768.jpeg 1024w, https:\/\/webs.uab.cat\/atlas\/wp-content\/uploads\/sites\/248\/2023\/12\/WhatsApp-Image-2023-12-15-at-14.41.39-300x225.jpeg 300w, https:\/\/webs.uab.cat\/atlas\/wp-content\/uploads\/sites\/248\/2023\/12\/WhatsApp-Image-2023-12-15-at-14.41.39-768x576.jpeg 768w, https:\/\/webs.uab.cat\/atlas\/wp-content\/uploads\/sites\/248\/2023\/12\/WhatsApp-Image-2023-12-15-at-14.41.39-1536x1152.jpeg 1536w, https:\/\/webs.uab.cat\/atlas\/wp-content\/uploads\/sites\/248\/2023\/12\/WhatsApp-Image-2023-12-15-at-14.41.39-1200x900.jpeg 1200w, https:\/\/webs.uab.cat\/atlas\/wp-content\/uploads\/sites\/248\/2023\/12\/WhatsApp-Image-2023-12-15-at-14.41.39.jpeg 1600w\" sizes=\"auto, (max-width: 1024px) 100vw, 1024px\" \/><\/figure>\n<\/div><\/details>\n\n\n\n<details class=\"wp-block-mamaduka-toggles wp-block-toggles\"><summary><strong>CONVOCAT\u00d2RIA DE PLA\u00c7A de <em>Project Manager<\/em> (T\u00e8cnic\/a de Suport a la Recerca, PAS). Projecte KREPORTERS<\/strong>. <\/summary><div class=\"wp-block-toggles__content\">\n<p>Obert el per\u00edode de sol\u00b7licitud del\u00a015 al 29 de desembre. Podeu trobar tota la informaci\u00f3 sobre la convocat\u00f2ria i la sol\u00b7licitud a la <a href=\"https:\/\/tauler.seu.cat\/pagDetall.do?idEdicte=469370&amp;idens=11\">seu electr\u00f2nica<\/a> i a <a href=\"https:\/\/euraxess.ec.europa.eu\/jobs\/178483\">Euraxess.<\/a><\/p>\n\n\n\n<p>Es convoca una pla\u00e7a de T\u00e8cnic\/a de Suport a la Recerca per a cobrir la figura de <em>Project Manager<\/em> del projecte <strong>KREPORTERS, Reassembling politics across children&#8217;s cultures to scale intersectional pedagogies<\/strong>. Aquest projecte Horizon Europe del grup de recerca atlas, interseccions cr\u00edtiques en educaci\u00f3, promou l&#8217;Intercanvi de Personal (<em>Staff Exchange<\/em>) en el marc del programa MSCA.<a href=\"https:\/\/cordis.europa.eu\/project\/id\/101131090\"><\/a><\/p>\n\n\n\n<p><a href=\"https:\/\/cordis.europa.eu\/project\/id\/101131090\">KREPORTERS<\/a> \u00e9s un projecte interdisciplinari, internacional i intersectorial, que explora la pol\u00edtica i les cultures infantils en les societats actuals amb la finalitat de contribuir al benestar dels infants mitjan\u00e7ant el disseny d&#8217;eines pedag\u00f2giques interseccionals per a professionals. El consorci est\u00e0 format per 17 institucions de 12 pa\u00efsos diferents.<\/p>\n\n\n\n<p>La incorporaci\u00f3 del <em>Project Manager<\/em> es far\u00e0 al Departament de Did\u00e0ctica de l&#8217;Expressi\u00f3 Musical, Pl\u00e0stica i Corporal de la UAB. Trobareu tota la informaci\u00f3 sobre el concurs als enlla\u00e7os a la convocat\u00f2ria i la presentaci\u00f3 de persones candidates s&#8217;ha d&#8217;efectuar a trav\u00e9s de&nbsp;<a href=\"https:\/\/seleccio.uab.cat\/\">https:\/\/seleccio.uab.cat\/<\/a> <strong><\/strong><\/p>\n\n\n\n<figure class=\"wp-block-gallery has-nested-images columns-default is-cropped wp-block-gallery-1 is-layout-flex wp-block-gallery-is-layout-flex\">\n<figure class=\"wp-block-image size-large\"><img loading=\"lazy\" decoding=\"async\" width=\"1024\" height=\"529\" data-id=\"1299\" src=\"https:\/\/webs.uab.cat\/atlas\/wp-content\/uploads\/sites\/248\/2023\/12\/kreporters-5-1024x529.jpg\" alt=\"\" class=\"wp-image-1299\" srcset=\"https:\/\/webs.uab.cat\/atlas\/wp-content\/uploads\/sites\/248\/2023\/12\/kreporters-5-1024x529.jpg 1024w, https:\/\/webs.uab.cat\/atlas\/wp-content\/uploads\/sites\/248\/2023\/12\/kreporters-5-300x155.jpg 300w, https:\/\/webs.uab.cat\/atlas\/wp-content\/uploads\/sites\/248\/2023\/12\/kreporters-5-768x397.jpg 768w, https:\/\/webs.uab.cat\/atlas\/wp-content\/uploads\/sites\/248\/2023\/12\/kreporters-5.jpg 1034w\" sizes=\"auto, (max-width: 1024px) 100vw, 1024px\" \/><\/figure>\n<\/figure>\n<\/div><\/details>\n\n\n\n<details class=\"wp-block-mamaduka-toggles wp-block-toggles\"><summary><strong>NOVA PUBLICACI\u00d3 &#8211; MARA GABRIELLI I JORDI P\u00c0MIES<\/strong> (06\/12\/2023) <\/summary><div class=\"wp-block-toggles__content\">\n<p>Les investigadores Mara Gabrielli i Jordi P\u00e0mies han publicat un cap\u00edtol titulat &#8220;Young refugees and asylum-seekers in Catalonia: An analysis of the implementation of policies and programmes for their social inclusion&#8221; al llibre de Routledge &#8220;The Integration of Refugees in the Education and Labour Markets: Between Inclusions and Exclusion Practices&#8221;.<\/p>\n\n\n\n<p>Enlla\u00e7 al llibre: <a href=\"https:\/\/shorturl.at\/cfKTV\">https:\/\/shorturl.at\/cfKTV<\/a><\/p>\n\n\n\n<figure class=\"wp-block-image size-full is-resized\"><img loading=\"lazy\" decoding=\"async\" src=\"https:\/\/webs.uab.cat\/atlas\/wp-content\/uploads\/sites\/248\/2023\/12\/image.png\" alt=\"\" class=\"wp-image-1014\" width=\"173\" height=\"265\" srcset=\"https:\/\/webs.uab.cat\/atlas\/wp-content\/uploads\/sites\/248\/2023\/12\/image.png 350w, https:\/\/webs.uab.cat\/atlas\/wp-content\/uploads\/sites\/248\/2023\/12\/image-196x300.png 196w\" sizes=\"auto, (max-width: 173px) 100vw, 173px\" \/><\/figure>\n<\/div><\/details>\n\n\n\n<details class=\"wp-block-mamaduka-toggles wp-block-toggles\"><summary><strong>DRETS HUMANS I ANTROPOLOGIA DE LA IMPLEMENTACI\u00d3<\/strong> (20\/11\/2023)<\/summary><div class=\"wp-block-toggles__content\">\n<p>Alice Binazzi, investigadora resident al grup atlas, exposa la seva recerca que est\u00e0 desenvolupant dins el&nbsp;<em>Plan de Recuperaci\u00f3n Transformaci\u00f3n y Resiliencia de Espa\u00f1a, plan de recualificaci\u00f3n del sistema universitario espa\u00f1ol, Proyecto M.Salas.<\/em><\/p>\n\n\n\n<figure class=\"wp-block-image size-large is-resized\"><img loading=\"lazy\" decoding=\"async\" src=\"https:\/\/webs.uab.cat\/atlas\/wp-content\/uploads\/sites\/248\/2023\/10\/thumbnail_IMG_7547-1-1024x768.jpg\" alt=\"\" class=\"wp-image-958\" width=\"605\" height=\"454\" srcset=\"https:\/\/webs.uab.cat\/atlas\/wp-content\/uploads\/sites\/248\/2023\/10\/thumbnail_IMG_7547-1-1024x768.jpg 1024w, https:\/\/webs.uab.cat\/atlas\/wp-content\/uploads\/sites\/248\/2023\/10\/thumbnail_IMG_7547-1-300x225.jpg 300w, https:\/\/webs.uab.cat\/atlas\/wp-content\/uploads\/sites\/248\/2023\/10\/thumbnail_IMG_7547-1-768x576.jpg 768w, https:\/\/webs.uab.cat\/atlas\/wp-content\/uploads\/sites\/248\/2023\/10\/thumbnail_IMG_7547-1-1536x1152.jpg 1536w, https:\/\/webs.uab.cat\/atlas\/wp-content\/uploads\/sites\/248\/2023\/10\/thumbnail_IMG_7547-1-1200x900.jpg 1200w, https:\/\/webs.uab.cat\/atlas\/wp-content\/uploads\/sites\/248\/2023\/10\/thumbnail_IMG_7547-1.jpg 1920w\" sizes=\"auto, (max-width: 605px) 100vw, 605px\" \/><\/figure>\n<\/div><\/details>\n\n\n\n<details class=\"wp-block-mamaduka-toggles wp-block-toggles\"><summary><strong>FIRA D&#8217;INNOVACI\u00d3 <\/strong>(17\/10\/2023)<\/summary><div class=\"wp-block-toggles__content\">\n<p>Hem participat a la Fira d&#8217;Innovaci\u00f3 celebrada a l&#8217;Hotel de la Vila Universit\u00e0ria en el marc de la Setmana d&#8217;Innovaci\u00f3 de la UAB.<\/p>\n\n\n\n<figure class=\"wp-block-image size-full\"><img loading=\"lazy\" decoding=\"async\" width=\"834\" height=\"748\" src=\"https:\/\/webs.uab.cat\/atlas\/wp-content\/uploads\/sites\/248\/2023\/10\/fira-4.jpg\" alt=\"\" class=\"wp-image-946\" srcset=\"https:\/\/webs.uab.cat\/atlas\/wp-content\/uploads\/sites\/248\/2023\/10\/fira-4.jpg 834w, https:\/\/webs.uab.cat\/atlas\/wp-content\/uploads\/sites\/248\/2023\/10\/fira-4-300x269.jpg 300w, https:\/\/webs.uab.cat\/atlas\/wp-content\/uploads\/sites\/248\/2023\/10\/fira-4-768x689.jpg 768w\" sizes=\"auto, (max-width: 834px) 100vw, 834px\" \/><\/figure>\n<\/div><\/details>\n\n\n\n<details class=\"wp-block-mamaduka-toggles wp-block-toggles\"><summary><strong><strong>MIRADES<\/strong> <\/strong>(22\/09\/2023)<\/summary><div class=\"wp-block-toggles__content\">\n<p>A la primera sessi\u00f3 de treball del curs 2023-2024 hem reflexionat al voltant de les diferents mirades que hi ha al grup de recerca atlas tot revisant els nostres temes, camps de coneixement, perspectives i refer\u00e8ncies. La sessi\u00f3 ha estat dinamitzada per l&#8217;Anna Maj\u00f3 que ens ha convidat a compartir aquestes mirades a partir del visionat d&#8217;un cap\u00edtol de la s\u00e8rie Doctor en Alaska.<\/p>\n\n\n\n<figure class=\"wp-block-image size-full\"><img loading=\"lazy\" decoding=\"async\" width=\"850\" height=\"550\" src=\"https:\/\/webs.uab.cat\/atlas\/wp-content\/uploads\/sites\/248\/2023\/10\/doctor-en-Alaska-1.jpg\" alt=\"\" class=\"wp-image-950\" srcset=\"https:\/\/webs.uab.cat\/atlas\/wp-content\/uploads\/sites\/248\/2023\/10\/doctor-en-Alaska-1.jpg 850w, https:\/\/webs.uab.cat\/atlas\/wp-content\/uploads\/sites\/248\/2023\/10\/doctor-en-Alaska-1-300x194.jpg 300w, https:\/\/webs.uab.cat\/atlas\/wp-content\/uploads\/sites\/248\/2023\/10\/doctor-en-Alaska-1-768x497.jpg 768w\" sizes=\"auto, (max-width: 850px) 100vw, 850px\" \/><\/figure>\n<\/div><\/details>\n\n\n\n<details class=\"wp-block-mamaduka-toggles wp-block-toggles\"><summary><strong>ASSEMBLEA ANUAL (14 i 15\/07\/2023)<\/strong><\/summary><div class=\"wp-block-toggles__content\">\n<div class=\"wp-block-group is-vertical is-layout-flex wp-container-core-group-is-layout-8cf370e7 wp-block-group-is-layout-flex\">\n<p>El passat mes de juliol, el grup de recerca atlas va celebrar la jornada de treball i assemblea anual a la Fundaci\u00f3 la Plana, per fer valoraci\u00f3 del nostre primer any de vida. Tamb\u00e9 vam acordar el calendari de treball i vam debatre sobre els reptes del grup pel proper curs. Si us voleu afegir a les sessions tem\u00e0tiques (mensuals) ens podeu escriure a info@atlas.uab.cat.<\/p>\n\n\n\n<figure class=\"wp-block-image size-full\"><img loading=\"lazy\" decoding=\"async\" width=\"1024\" height=\"768\" src=\"https:\/\/webs.uab.cat\/atlas\/wp-content\/uploads\/sites\/248\/2023\/10\/PHOTO-2023-07-14-11-20-38-1.jpg\" alt=\"\" class=\"wp-image-886\" srcset=\"https:\/\/webs.uab.cat\/atlas\/wp-content\/uploads\/sites\/248\/2023\/10\/PHOTO-2023-07-14-11-20-38-1.jpg 1024w, https:\/\/webs.uab.cat\/atlas\/wp-content\/uploads\/sites\/248\/2023\/10\/PHOTO-2023-07-14-11-20-38-1-300x225.jpg 300w, https:\/\/webs.uab.cat\/atlas\/wp-content\/uploads\/sites\/248\/2023\/10\/PHOTO-2023-07-14-11-20-38-1-768x576.jpg 768w\" sizes=\"auto, (max-width: 1024px) 100vw, 1024px\" \/><\/figure>\n<\/div>\n<\/div><\/details>\n","protected":false},"excerpt":{"rendered":"","protected":false},"author":2140,"featured_media":0,"parent":0,"menu_order":0,"comment_status":"closed","ping_status":"closed","template":"","meta":{"footnotes":""},"class_list":["post-880","page","type-page","status-publish","hentry"],"_links":{"self":[{"href":"https:\/\/webs.uab.cat\/atlas\/wp-json\/wp\/v2\/pages\/880","targetHints":{"allow":["GET"]}}],"collection":[{"href":"https:\/\/webs.uab.cat\/atlas\/wp-json\/wp\/v2\/pages"}],"about":[{"href":"https:\/\/webs.uab.cat\/atlas\/wp-json\/wp\/v2\/types\/page"}],"author":[{"embeddable":true,"href":"https:\/\/webs.uab.cat\/atlas\/wp-json\/wp\/v2\/users\/2140"}],"replies":[{"embeddable":true,"href":"https:\/\/webs.uab.cat\/atlas\/wp-json\/wp\/v2\/comments?post=880"}],"version-history":[{"count":48,"href":"https:\/\/webs.uab.cat\/atlas\/wp-json\/wp\/v2\/pages\/880\/revisions"}],"predecessor-version":[{"id":1473,"href":"https:\/\/webs.uab.cat\/atlas\/wp-json\/wp\/v2\/pages\/880\/revisions\/1473"}],"wp:attachment":[{"href":"https:\/\/webs.uab.cat\/atlas\/wp-json\/wp\/v2\/media?parent=880"}],"curies":[{"name":"wp","href":"https:\/\/api.w.org\/{rel}","templated":true}]}}