{"id":17,"date":"2009-05-08T11:14:38","date_gmt":"2009-05-08T11:14:38","guid":{"rendered":"https:\/\/webs.uab.cat\/aurelialabert\/research\/"},"modified":"2024-09-21T17:36:24","modified_gmt":"2024-09-21T15:36:24","slug":"research","status":"publish","type":"page","link":"https:\/\/webs.uab.cat\/aurelialabert\/research\/","title":{"rendered":"Research"},"content":{"rendered":"\n<h2 class=\"wp-block-heading\">Research interests<\/h2>\n\n\n\n<p>I am the leader of the Research Group in Mathematical Modelling and Applications (<a href=\"http:\/\/mat.uab.cat\/%7Egramm\">GRAMM<\/a>).<br>I am currently interested in the field of&nbsp;<em>Optimisation under Uncertainty Conditions<\/em>, both form the theoretical and practical points of view.<\/p>\n\n\n\n<h2 class=\"wp-block-heading\">Some papers<\/h2>\n\n\n\n<p>Some selected papers. For a more complete list, please go to <a href=\"http:\/\/scholar.google.com\/citations?user=PVQnQJQAAAAJ&amp;hl=en\">Google Scholar<\/a>, or check the institutional page of UAB <a href=\"https:\/\/portalrecerca.uab.cat\/en\/persons\/aureli-alabert-romero-20\/publications\/\">here<\/a>.<\/p>\n\n\n\n<ul class=\"wp-block-list\">\n<li><strong>A. Alabert, M. Farr\u00e9,<\/strong> <strong>R. Montes,<\/strong> <em>Optimal Decision Rules for the Discursive Dilemma, <\/em><br>Group Decision and Negotiation, 32, 2023, p.889-923 (<a href=\"https:\/\/webs.uab.cat\/aurelialabert\/wp-content\/uploads\/sites\/108\/2024\/08\/35.Alabert-Farre-Montes2023.GDN_.pdf\">PDF file<\/a>)<\/li>\n\n\n\n<li><strong>L.M. Rangel, A. Alabert,<\/strong> <em>The increase in the print-run of the of the 42-line Bible: with two corrections to recent censuses,<\/em><br>Journal of the Printing Historical Society, 3rd Series, 2022, p.101-113 (<a href=\"https:\/\/webs.uab.cat\/aurelialabert\/wp-content\/uploads\/sites\/108\/2024\/08\/34.Rangel-Alabert2022JPHS3.pdf\">PDF file<\/a>)<\/li>\n\n\n\n<li><strong>A. Alabert, J. Marull, A. Ruiz, F. Coll, M. Miranda, R. Padr\u00f3,<\/strong> <em>Space-time dynamics of urban systems from satellite images of night lighting. Urban progress scenarios for European metropolitan regions,<\/em><br>Computers, Environment and Urban Systems, 86, n.101587, 2021 (<a href=\"https:\/\/webs.uab.cat\/aurelialabert\/wp-content\/uploads\/sites\/108\/2024\/08\/32.Alabert-al.2021.CEUS_.pdf\">PDF file<\/a>)<\/li>\n\n\n\n<li><strong>J. Marull, P. Torabi, R. Padr\u00f3, A. Alabert, M.J. La Rota, T. Serrano,<\/strong> <em>Energy-Landscape optimization for land use planning. Application in the Barcelona Metropolitan Area,<\/em><br>Ecological Modelling, 431, n.109182, 2020 (<a href=\"https:\/\/webs.uab.cat\/aurelialabert\/wp-content\/uploads\/sites\/108\/2024\/08\/31.Marull-al2020.EcolMod.pdf\">PDF file<\/a>)<\/li>\n\n\n\n<li><strong>C. Font, R. Padr\u00f3, C. Cattaneo, J. Marull, E. Tello, A. Alabert, M. Farr\u00e9<\/strong>, <em>How farmers shape cultural landscapes. Dealing with information in farm systems (Vall\u00e8s County, Catalonia, 1860),<\/em><br>Ecological Indicators, 112, n.106104, 2020 (<a href=\"https:\/\/webs.uab.cat\/aurelialabert\/wp-content\/uploads\/sites\/108\/2024\/08\/30.Font-al2020.EcolInd.pdf\">PDF file<\/a>)<\/li>\n\n\n\n<li><strong>A. Alabert, R. Caballero,<\/strong> <em>On the minimum of a conditioned Brownian bridge<\/em>,<br>Stochastic Models, 34, 2018, pp. 269-291 (<a href=\"https:\/\/webs.uab.cat\/aurelialabert\/wp-content\/uploads\/sites\/108\/2024\/08\/29.Alabert-Caballero2018.SM_.pdf\">PDF file<\/a>) <\/li>\n\n\n\n<li><strong>A. Alabert, J. Le\u00f3n, <\/strong><em>On uniqueness of some non-Lipschitz SDE<\/em>,<br>Journal of Differential Equations 262, 2017, p. 6047 &#8211; 6067 (<a href=\"https:\/\/webs.uab.cat\/aurelialabert\/wp-content\/uploads\/sites\/108\/2018\/07\/27.alabert-leon2017.jde_.pdf\">PDF file<\/a>)<\/li>\n\n\n\n<li><strong>A. Alabert, A. Berti, R. Caballero, M. Ferrante,&nbsp;<\/strong><em>No-Free-Lunch Theorems in the Continuum<\/em>,<br>Theoretical Computer Science 600, 2015, p. 98-106 (<a href=\"https:\/\/webs.uab.cat\/aurelialabert\/wp-content\/uploads\/sites\/108\/2016\/09\/25.alabert-berti-caballero-ferrante2015.tcs_.pdf\">PDF file<\/a>)<\/li>\n\n\n\n<li><strong>A. Alabert, L.M. Rangel,<\/strong> <em>Printing chronology of the 42-line Bible. An update<\/em>,<br>Gutenberg Jahrbuch 2012, p. 53-70, (<a href=\"https:\/\/webs.uab.cat\/aurelialabert\/wp-content\/uploads\/sites\/108\/2016\/10\/24.alabert-rangel2012.gj_.pdf\">PDF file<\/a>)<\/li>\n\n\n\n<li><strong>A. Alabert, L.M. Rangel,<\/strong> <em>Classifying the typefaces of the Gutenberg 42-line bible<\/em>,<br>International Journal on Document Analysis and Recognition 14, 2011, p. 303-317, (<a href=\"https:\/\/webs.uab.cat\/aurelialabert\/wp-content\/uploads\/sites\/108\/2016\/09\/18.Alabert-Rangel2011.IJDAR_.2011.pdf\">PDF file<\/a>)<\/li>\n\n\n\n<li><strong>A. Alabert, I. Gy\u00f6ngy,<\/strong> <em>On numerical approximation of stochastic Burgers&#8217; equation<\/em>,<br>&#8220;From Stochastic Calculus to Mathematical Finance&#8221;, Springer 2006, p. 1-15 (<a href=\"https:\/\/webs.uab.cat\/aurelialabert\/wp-content\/uploads\/sites\/108\/2024\/08\/15.Alabert-Gyongy2006-SCMF.pdf\">PDF file<\/a>)<\/li>\n\n\n\n<li><strong>A. Alabert, M. Ferrante, <\/strong><em>Linear stochastic differential-algebraic equations with constant coefficients,<\/em><br>Electronic Communications in Probability 11, 2006, p. 316-335.&nbsp;(<a href=\"https:\/\/webs.uab.cat\/aurelialabert\/wp-content\/uploads\/sites\/108\/2016\/09\/17.Alabert-Ferrante2006-ECP.pdf\">PDF file<\/a>)<\/li>\n\n\n\n<li><strong>A. Alabert, M.A. Marmolejo, <\/strong><em>Stochastic differential equations with boundary conditions driven by a Poisson noise,<\/em><br>Electronic Journal of Probability 9, 2004, p. 230-254.&nbsp;(<a href=\"https:\/\/webs.uab.cat\/aurelialabert\/wp-content\/uploads\/sites\/108\/2016\/09\/14.Alabert-Marmolejo2004-EJP.pdf\">PDF file<\/a>)<\/li>\n\n\n\n<li><strong>A. Alabert, M. Farr\u00e9, R. Roy, <\/strong><em>Exit times from equilateral triangles,<\/em><br>Applied Mathematics and Optimization 49, no. 1, 2004, p. 43-53.&nbsp;(<a href=\"https:\/\/webs.uab.cat\/aurelialabert\/wp-content\/uploads\/sites\/108\/2016\/09\/13.Alabert-Farre-Roy2004-AMO.pdf\">PDF file<\/a>)<\/li>\n\n\n\n<li><strong>A. Alabert, M. Ferrante, <\/strong><em>Linear stochastic differential equations with functional boundary conditions,<\/em><br>The Annals of Probability 31, no. 4, 2003, p. 2082-2108. (<a href=\"https:\/\/webs.uab.cat\/aurelialabert\/wp-content\/uploads\/sites\/108\/2016\/09\/12.Alabert-Ferrante2003-AP.pdf\">PDF file<\/a>)<\/li>\n\n\n\n<li><strong>A. Alabert,&nbsp;<\/strong><em>Sistemes electorals,<\/em><br>Butllet\u00ed de la Societat Catalana de Matem\u00e0tiques 16, no. 2, 2001, p. 7-30.&nbsp;(<a href=\"https:\/\/webs.uab.cat\/aurelialabert\/wp-content\/uploads\/sites\/108\/2016\/09\/11.Alabert2001-BSCM.pdf\">PDF file<\/a>)<\/li>\n\n\n\n<li><strong>A. Alabert, M.A. Marmolejo, <\/strong><em>Differential equations with boundary conditions perturbed by a Poisson noise,&nbsp;<\/em><br>Stochastic Processes and their Applications 91, no. 2, 2001, p. 255-276.&nbsp;(<a href=\"https:\/\/webs.uab.cat\/aurelialabert\/wp-content\/uploads\/sites\/108\/2016\/09\/10.Alabert-Marmolejo2001-SPA.pdf\">PDF file<\/a>)<\/li>\n\n\n\n<li><strong>A. Alabert, I. Gy\u00f6ngy, <\/strong><em>On stochastic reaction-diffusion equations with singular force term,<\/em><br>Bernoulli 7, no. 1, 2001, p. 145-164.&nbsp;(<a href=\"https:\/\/webs.uab.cat\/aurelialabert\/wp-content\/uploads\/sites\/108\/2024\/08\/09.Alabert-Gyongy2001-B.pdf\">PDF file<\/a>)<\/li>\n\n\n\n<li><strong>A. Alabert, M.A. Marmolejo, <\/strong><em>Reciprocal property for a class of anticipating stochastic differential equations,<\/em><br>Markov Processes and Related Fields 5, no. 3, 1999, p. 331-356.&nbsp;(<a href=\"https:\/\/webs.uab.cat\/aurelialabert\/wp-content\/uploads\/sites\/108\/2016\/09\/08.Alabert-Marmolejo1999MPRF.pdf\">PDF file<\/a>)<\/li>\n\n\n\n<li><strong>A. Alabert, D. Nualart, <\/strong><em>A second-order Stratonovich differential equation with boundary conditions,<\/em><br>Stochastic Processes and their Applications 68, no. 1, 1997, p. 21-47.&nbsp;(<a href=\"https:\/\/webs.uab.cat\/aurelialabert\/wp-content\/uploads\/sites\/108\/2016\/09\/06.Alabert-Nualart1997-SPA.pdf\">PDF file<\/a>)<\/li>\n\n\n\n<li><strong>A. Alabert, M. Ferrante<\/strong>, <em>A conditional independence property for the solution of a linear stochastic differential equation with lateral conditions<\/em>, <br>Stochastic Analysis and Related Topics VI, p. 159-173, Birkh\u00e4user, <br>ISBN  978-1-4612-2022-0. (<a href=\"https:\/\/webs.uab.cat\/aurelialabert\/wp-content\/uploads\/sites\/108\/2024\/09\/07.Alabert-Ferrante1998-SART.pdf\">PDF file<\/a>)<\/li>\n\n\n\n<li><strong>A. Alabert, M. Ferrante,&nbsp;D. Nualart, <\/strong><em>Markov field property of stochastic differential equations,<\/em><br>The Annals of Probability 23, no. 3, 1995, p. 1262-1288.&nbsp;(<a href=\"https:\/\/webs.uab.cat\/aurelialabert\/wp-content\/uploads\/sites\/108\/2016\/09\/04.Alabert-Ferrante-Nualart1995-AP.pdf\">PDF file<\/a>)<\/li>\n\n\n\n<li><strong>A. Alabert, <\/strong><em>Stochastic differential equations with boundary conditions and the change of measure method,<\/em><br>en Stochastic Partial Differential Equations (Etheridge, ed.), Cambridge University Press 1995, p. 1-21.&nbsp;(<a href=\"https:\/\/webs.uab.cat\/aurelialabert\/wp-content\/uploads\/sites\/108\/2024\/08\/03.Alabert1995.SPDE_.pdf\">PDF file<\/a>)<\/li>\n\n\n\n<li><strong>A. Alabert, D. Nualart, <\/strong><em>Some remarks on the conditional independence and the Markov property,&nbsp;<\/em><br>in Stochastic Analysis and Related Topics (K\u00f6rezlioglu-\u00dcst\u00fcnel, eds.), Birkh\u00e4user 1992, p. 343-363.&nbsp;(<a href=\"https:\/\/webs.uab.cat\/aurelialabert\/wp-content\/uploads\/sites\/108\/2016\/09\/02.Alabert-Nualart1992.SART_.pdf\">PDF file<\/a>)<\/li>\n\n\n\n<li><strong>A. Alabert,&nbsp;<\/strong><em>Sobre l\u2019optimitzaci\u00f3 de la producci\u00f3 hidroel\u00e8ctrica amb aportacions naturals d\u2019aigua aleat\u00f2ries,<\/em><br>Quaderns d\u2019Estad\u00edstica, Sistemes, Inform\u00e0tica i Investigaci\u00f3 Operativa 15, no. 3, 1991, p. 307-348.&nbsp;(<a href=\"https:\/\/webs.uab.cat\/aurelialabert\/wp-content\/uploads\/sites\/108\/2016\/09\/01.Alabert1991-Q_0.pdf\">PDF file<\/a>)<\/li>\n<\/ul>\n","protected":false},"excerpt":{"rendered":"<p>Research interests I am the leader of the Research Group in Mathematical Modelling and Applications (GRAMM).I am currently interested in the field of&nbsp;Optimisation under Uncertainty Conditions, both form the theoretical and practical points of view. Some papers Some selected papers. For a more complete list, please go to Google Scholar, or check the institutional page [&hellip;]<\/p>\n","protected":false},"author":20,"featured_media":0,"parent":0,"menu_order":0,"comment_status":"closed","ping_status":"closed","template":"","meta":{"footnotes":""},"class_list":["post-17","page","type-page","status-publish","hentry"],"_links":{"self":[{"href":"https:\/\/webs.uab.cat\/aurelialabert\/wp-json\/wp\/v2\/pages\/17","targetHints":{"allow":["GET"]}}],"collection":[{"href":"https:\/\/webs.uab.cat\/aurelialabert\/wp-json\/wp\/v2\/pages"}],"about":[{"href":"https:\/\/webs.uab.cat\/aurelialabert\/wp-json\/wp\/v2\/types\/page"}],"author":[{"embeddable":true,"href":"https:\/\/webs.uab.cat\/aurelialabert\/wp-json\/wp\/v2\/users\/20"}],"replies":[{"embeddable":true,"href":"https:\/\/webs.uab.cat\/aurelialabert\/wp-json\/wp\/v2\/comments?post=17"}],"version-history":[{"count":18,"href":"https:\/\/webs.uab.cat\/aurelialabert\/wp-json\/wp\/v2\/pages\/17\/revisions"}],"predecessor-version":[{"id":168,"href":"https:\/\/webs.uab.cat\/aurelialabert\/wp-json\/wp\/v2\/pages\/17\/revisions\/168"}],"wp:attachment":[{"href":"https:\/\/webs.uab.cat\/aurelialabert\/wp-json\/wp\/v2\/media?parent=17"}],"curies":[{"name":"wp","href":"https:\/\/api.w.org\/{rel}","templated":true}]}}