{"id":775,"date":"2026-04-06T19:04:28","date_gmt":"2026-04-06T17:04:28","guid":{"rendered":"https:\/\/webs.uab.cat\/badems\/inici-2\/"},"modified":"2026-04-08T08:45:38","modified_gmt":"2026-04-08T06:45:38","slug":"inici-2","status":"publish","type":"page","link":"https:\/\/webs.uab.cat\/badems\/ca\/","title":{"rendered":"Inici"},"content":{"rendered":"\n<div class=\"wp-block-columns is-layout-flex wp-container-core-columns-is-layout-9d6595d7 wp-block-columns-is-layout-flex\">\n<div class=\"wp-block-column is-vertically-aligned-top is-layout-flow wp-block-column-is-layout-flow\"><ul class=\"wp-block-latest-posts__list has-dates wp-block-latest-posts\"><li><a class=\"wp-block-latest-posts__post-title\" href=\"https:\/\/webs.uab.cat\/badems\/ca\/2025\/06\/17\/conference\/\">Conference<\/a><time datetime=\"2025-06-17T10:45:38+02:00\" class=\"wp-block-latest-posts__post-date\">17 de juny de 2025<\/time><div class=\"wp-block-latest-posts__post-excerpt\">&#8220;The Cultural Agency and Limits of Minority Groups in Early Modern Iberia: A Comparative Approach&#8221;\ud83d\udcc5\u00a025-26 June 2025\ud83d\udccd\u00a0Universitat Aut\u00f2noma de Barcelona Organized by the projects Making of Blackness in Early Modern Spain and BADEMS, this two-day event will bring together scholars researching minority groups who resided in early modern Iberia and its colonial territories. The focus\u2026 <a class=\"wp-block-latest-posts__read-more\" href=\"https:\/\/webs.uab.cat\/badems\/ca\/2025\/06\/17\/conference\/\" rel=\"noopener noreferrer\">Llegiu-ne m\u00e9s<span class=\"screen-reader-text\">: Conference<\/span><\/a><\/div><\/li>\n<\/ul>\n\n<ul class=\"wp-block-latest-posts__list has-dates wp-block-latest-posts\"><\/ul><\/div>\n\n\n\n<div class=\"wp-block-column is-vertically-aligned-stretch is-layout-flow wp-block-column-is-layout-flow\">\n<figure class=\"wp-block-image\"><img decoding=\"async\" src=\"https:\/\/webs.uab.cat\/badems\/wp-content\/uploads\/sites\/609\/2024\/12\/badems_title_horizontal-1024x103.png\" alt=\"\"\/><\/figure>\n\n\n\n<p class=\"has-text-align-left\">BADEMS \u00e9s un projecte de recerca finan\u00e7at pel European Research Council que escentra en les comunitats negres a l\u2019Espanya dels segles XVI i XVII, i els seus vincles amb el m\u00f3n ib\u00e8ric. L\u2019 objectiu principal \u00e9s donar veu a la hist\u00f2ria poc coneguda de les comunitats negroafricanes i destacar l&#8217;impacte de les seves contribucions culturals, que abasten des de l&#8217;\u00e0mbit art\u00edstic fins a l&#8217;intel\u00b7lectual. El projecte analitza com aquestes comunitats van transformar les representacions culturals de la negritud en aquella \u00e8poca i com les seves pr\u00e0ctiques culturals van influir en els sentiments de pertinen\u00e7a, la construcci\u00f3 d\u2019identitats i les estrat\u00e8gies de superviv\u00e8ncia. En recuperar aquests llegats hist\u00f2rics, BADEMS q\u00fcestiona les narratives tradicionals sobre la hist\u00f2ria i la identitat europees.<\/p>\n<\/div>\n<\/div>\n","protected":false},"excerpt":{"rendered":"<p>BADEMS \u00e9s un projecte de recerca finan\u00e7at pel European Research Council que escentra en les comunitats negres a l\u2019Espanya dels segles XVI i XVII, i els seus vincles amb el m\u00f3n ib\u00e8ric. L\u2019 objectiu principal \u00e9s donar veu a la hist\u00f2ria poc coneguda de les comunitats negroafricanes i destacar l&#8217;impacte de les seves contribucions culturals, [&hellip;]<\/p>\n","protected":false},"author":3014,"featured_media":0,"parent":0,"menu_order":0,"comment_status":"closed","ping_status":"closed","template":"","meta":{"footnotes":""},"class_list":["post-775","page","type-page","status-publish","hentry"],"_links":{"self":[{"href":"https:\/\/webs.uab.cat\/badems\/ca\/wp-json\/wp\/v2\/pages\/775","targetHints":{"allow":["GET"]}}],"collection":[{"href":"https:\/\/webs.uab.cat\/badems\/ca\/wp-json\/wp\/v2\/pages"}],"about":[{"href":"https:\/\/webs.uab.cat\/badems\/ca\/wp-json\/wp\/v2\/types\/page"}],"author":[{"embeddable":true,"href":"https:\/\/webs.uab.cat\/badems\/ca\/wp-json\/wp\/v2\/users\/3014"}],"replies":[{"embeddable":true,"href":"https:\/\/webs.uab.cat\/badems\/ca\/wp-json\/wp\/v2\/comments?post=775"}],"version-history":[{"count":1,"href":"https:\/\/webs.uab.cat\/badems\/ca\/wp-json\/wp\/v2\/pages\/775\/revisions"}],"predecessor-version":[{"id":776,"href":"https:\/\/webs.uab.cat\/badems\/ca\/wp-json\/wp\/v2\/pages\/775\/revisions\/776"}],"wp:attachment":[{"href":"https:\/\/webs.uab.cat\/badems\/ca\/wp-json\/wp\/v2\/media?parent=775"}],"curies":[{"name":"wp","href":"https:\/\/api.w.org\/{rel}","templated":true}]}}