{"id":837,"date":"2026-04-09T19:22:45","date_gmt":"2026-04-09T17:22:45","guid":{"rendered":"https:\/\/webs.uab.cat\/badems\/project\/"},"modified":"2026-04-09T21:34:26","modified_gmt":"2026-04-09T19:34:26","slug":"project","status":"publish","type":"page","link":"https:\/\/webs.uab.cat\/badems\/ca\/project\/","title":{"rendered":"Project"},"content":{"rendered":"\n<div class=\"wp-block-columns is-layout-flex wp-container-core-columns-is-layout-9d6595d7 wp-block-columns-is-layout-flex\">\n<div class=\"wp-block-column is-vertically-aligned-center is-layout-flow wp-block-column-is-layout-flow\">\n<figure class=\"wp-block-image size-large\"><img loading=\"lazy\" decoding=\"async\" width=\"1024\" height=\"103\" src=\"https:\/\/webs.uab.cat\/badems\/wp-content\/uploads\/sites\/609\/2024\/12\/badems_title_horizontal-1024x103.png\" alt=\"\" class=\"wp-image-95\" srcset=\"https:\/\/webs.uab.cat\/badems\/wp-content\/uploads\/sites\/609\/2024\/12\/badems_title_horizontal-1024x103.png 1024w, https:\/\/webs.uab.cat\/badems\/wp-content\/uploads\/sites\/609\/2024\/12\/badems_title_horizontal-300x30.png 300w, https:\/\/webs.uab.cat\/badems\/wp-content\/uploads\/sites\/609\/2024\/12\/badems_title_horizontal-768x77.png 768w, https:\/\/webs.uab.cat\/badems\/wp-content\/uploads\/sites\/609\/2024\/12\/badems_title_horizontal-1536x154.png 1536w, https:\/\/webs.uab.cat\/badems\/wp-content\/uploads\/sites\/609\/2024\/12\/badems_title_horizontal-1200x121.png 1200w, https:\/\/webs.uab.cat\/badems\/wp-content\/uploads\/sites\/609\/2024\/12\/badems_title_horizontal.png 1583w\" sizes=\"auto, (max-width: 1024px) 100vw, 1024px\" \/><\/figure>\n\n\n\n<p class=\"has-text-align-left\">El projecte <em>Badems<\/em> aprofundeix en l\u2019estudi de la di\u00e0spora negra a Espanya durant els segles XVI i XVII, amb l\u2019objectiu de recuperar els seus llegats culturals desconeguts.\nMitjan\u00e7ant un enfocament interdisciplinari, <em>Badems<\/em> q\u00fcestiona les narratives tradicionals sobre la formaci\u00f3 de la identitat europea i el paper de les comunitats negroafricanes en la vida cultural i intel\u00b7lectual de l\u2019\u00e8poca.\nAmb Espanya i les seves connexions amb el m\u00f3n ib\u00e8ric com a eix central, el projecte proposa un nou marc acad\u00e8mic per entendre com les comunitats negroafricanes\u2014lliures, parcialment manumitides i esclavitzades\u2014van participar activament en la creaci\u00f3 cultural, la construcci\u00f3 de la negritud i els processos de formaci\u00f3 identit\u00e0ria durant la modernitat primerenca.  <\/p>\n\n\n\n<p>Un exemple revelador d\u2019aquesta realitat \u00e9s la hist\u00f2ria de Leonor Rica, una dona racialitzada que, l\u2019any 1587, va guanyar el primer premi per la seva actuaci\u00f3 de dansa a les festivitats del Corpus Christi a Sevilla. Leonor, una artista destacada, liderava una companyia de ballarins, m\u00fasics i actors negres (Brooks, 1988; Bejarano, 2014). El seu \u00e8xit permet entreveure un univers molt m\u00e9s ampli, sovint ignorat, de creadors culturals negres a Espanya: persones les contribucions art\u00edstiques i intel\u00b7lectuals de les quals van ser fonamentals per al dinamisme cultural de l\u2019\u00e8poca. Malgrat aix\u00f2, els estudis acad\u00e8mics han desat\u00e8s durant molt de temps el paper actiu de les comunitats negroafricanes com a agents culturals, aix\u00ed com la import\u00e0ncia i la influ\u00e8ncia de la di\u00e0spora negra a Espanya, que va ser la segona m\u00e9s gran de l\u2019Europa moderna, despr\u00e9s de la de Portugal.   <\/p>\n\n\n\n<p><em>Badems<\/em> pret\u00e9n corregir aquesta omissi\u00f3 hist\u00f2rica mitjan\u00e7ant una investigaci\u00f3 sistem\u00e0tica sobre les aportacions culturals de les comunitats negroafricanes a la modernitat espanyola. El projecte t\u00e9 com a objectiu descobrir noves evid\u00e8ncies, connectar dades pr\u00e8viament a\u00efllades i posar llum sobre la vida art\u00edstica i intel\u00b7lectual d\u2019aquestes comunitats, especialment a trav\u00e9s de la hist\u00f2ria social, cultural i liter\u00e0ria. En centrar-se en les experi\u00e8ncies quotidianes de les comunitats negres\u2014les seves pr\u00e0ctiques creatives, la seva participaci\u00f3 en les produccions culturals hegem\u00f2niques i el seu paper en la configuraci\u00f3 de les narratives sobre la negritud\u2014, <em>Badems<\/em> ofereix una necess\u00e0ria relectura acad\u00e8mica de la hist\u00f2ria cultural d\u2019Espanya. M\u00e9s que un projecte de recuperaci\u00f3, BADEMS proposa redefinir la manera com entenem la ra\u00e7a, la identitat cultural i la pres\u00e8ncia negra a l\u2019Europa dels segles XVI i XVII. El projecte s\u2019articula al voltant de tres objectius principals:  El projecte s\u2019articula al voltant de tres objectius principals: primer, crear nous paradigmes en la hist\u00f2ria cultural de la modernitat espanyola; segon, redefinir la interpretaci\u00f3 de les produccions culturals; i tercer, transformar la nostra comprensi\u00f3 de la di\u00e0spora negroafricana a l\u2019\u00e0mbit ib\u00e8ric. Per assolir aquests objectius, <em>Badems<\/em> adopta una metodologia multidisciplin\u00e0ria que combina hist\u00f2ria cultural, an\u00e0lisi liter\u00e0ria i estudis ling\u00fc\u00edstics.<\/p>\n\n\n\n<p><strong>Hist\u00f2ria cultural i la di\u00e0spora negra. <\/strong>La hist\u00f2ria cultural encara no ha ofert un estudi integral sobre la di\u00e0spora negroafricana a Espanya, i <em>Badems<\/em> pret\u00e9n omplir aquest buit. Mitjan\u00e7ant la integraci\u00f3 de pr\u00e0ctiques socials i culturals, el projecte aborda el per\u00edode modern des de la perspectiva de la hist\u00f2ria cultural, plantejant preguntes clau: quin paper van tenir els homes i dones negres en les activitats culturals, tenint en compte les limitacions i oportunitats dels seus contextos socials? Quines formes de producci\u00f3 cultural\u2014dansa, m\u00fasica, teatre o altres arts\u2014van crear o influir les comunitats negroafricanes? Quins vestigis d\u2019aquestes contribucions han arribat fins avui? En respondre aquestes q\u00fcestions, <em>Badems<\/em> aprofundeix en la comprensi\u00f3 de la pres\u00e8ncia africana a l\u2019Espanya moderna i el seu impacte en la construcci\u00f3 de la cultura europea.   <\/p>\n\n\n\n<p><strong>Estudis literaris i negritud<\/strong>. En el camp dels estudis literaris, <em>Badems<\/em> desafia l\u2019enfocament tradicional que sovint s\u2019ha centrat en com els autors blancs representaven personatges negres, deixant de banda la participaci\u00f3 activa de les comunitats negres en la creaci\u00f3 cultural. <em>Badems<\/em> adopta una perspectiva innovadora en analitzar tant textos literaris com fonts hist\u00f2riques, oferint una visi\u00f3 m\u00e9s completa de la relaci\u00f3 dels afrodescendents amb les produccions culturals. Algunes de les preguntes que orienten aquest an\u00e0lisi s\u00f3n: com van contribuir les comunitats negres a donar forma a la noci\u00f3 de negritud en les narratives culturals hegem\u00f2niques? Quines condicions, motivacions i l\u00edmits van definir la seva participaci\u00f3 en aquests processos culturals? En abordar aquestes q\u00fcestions, <em>el projecte<\/em> proposa noves interpretacions sobre la interacci\u00f3 entre els afrodescendents i la literatura de la modernitat espanyola, enriquint aix\u00ed els contextos literaris i hist\u00f2rics.   <\/p>\n\n\n\n<p><strong>Pr\u00e0ctiques ling\u00fc\u00edstiques i mediaci\u00f3 transcultural.<\/strong> <em>El projecte<\/em> tamb\u00e9 explora les dimensions ling\u00fc\u00edstiques de la vida negroafricana a l\u2019Espanya moderna. Quines lleng\u00fces parlaven, aprenien i utilitzaven els negroafricans i afrodescendents en el seu dia a dia? Com va influir la interacci\u00f3 entre el portugu\u00e8s, el castell\u00e0 i les lleng\u00fces africanes en les seves pr\u00e0ctiques culturals i les seves relacions amb altres comunitats? <em>Badems<\/em> examina com el multiling\u00fcisme va modelar les experi\u00e8ncies dels negroafricans a la pen\u00ednsula Ib\u00e8rica, omplint un buit cr\u00edtic en la comprensi\u00f3 de la di\u00e0spora negra. Badems examina com el multiling\u00fcisme va modelar les experi\u00e8ncies dels negroafricans a la pen\u00ednsula Ib\u00e8rica, omplint un buit cr\u00edtic en la comprensi\u00f3 de la di\u00e0spora negra. Aquest enfocament ling\u00fc\u00edstic demostra que els negroafricans eren multiling\u00fces i es movien en espais transculturals complexos. Estudiar aquestes pr\u00e0ctiques ling\u00fc\u00edstiques permet entendre com homes i dones negres van mediar en els intercanvis culturals i van contribuir a la construcci\u00f3 de la identitat ib\u00e8rica.<em> <\/em>     <\/p>\n\n\n\n<p>En definitiva, el projecte <em>Badems<\/em> busca recuperar una comunitat silenciada pel temps, l\u2019oblit cultural i les jerarquies de poder, una comunitat que va jugar un paper fonamental en la configuraci\u00f3 del paisatge cultural i intel\u00b7lectual d\u2019Espanya i del m\u00f3n ib\u00e8ric.\nAmb el seu enfocament interdisciplinari, Badems aspira a contribuir als debats acad\u00e8mics globals sobre la construcci\u00f3 de la negritud, l\u2019aparici\u00f3 de la ra\u00e7a a Iberia i les aportacions culturals dels negroafricans a Europa, oferint una comprensi\u00f3 m\u00e9s inclusiva i precisa de la cultura ib\u00e8rica en l\u2019Edat Moderna. <\/p>\n<\/div>\n<\/div>\n","protected":false},"excerpt":{"rendered":"<p>El projecte Badems aprofundeix en l\u2019estudi de la di\u00e0spora negra a Espanya durant els segles XVI i XVII, amb l\u2019objectiu de recuperar els seus llegats culturals desconeguts. Mitjan\u00e7ant un enfocament interdisciplinari, Badems q\u00fcestiona les narratives tradicionals sobre la formaci\u00f3 de la identitat europea i el paper de les comunitats negroafricanes en la vida cultural i [&hellip;]<\/p>\n","protected":false},"author":3014,"featured_media":0,"parent":0,"menu_order":0,"comment_status":"closed","ping_status":"closed","template":"","meta":{"footnotes":""},"class_list":["post-837","page","type-page","status-publish","hentry"],"_links":{"self":[{"href":"https:\/\/webs.uab.cat\/badems\/ca\/wp-json\/wp\/v2\/pages\/837","targetHints":{"allow":["GET"]}}],"collection":[{"href":"https:\/\/webs.uab.cat\/badems\/ca\/wp-json\/wp\/v2\/pages"}],"about":[{"href":"https:\/\/webs.uab.cat\/badems\/ca\/wp-json\/wp\/v2\/types\/page"}],"author":[{"embeddable":true,"href":"https:\/\/webs.uab.cat\/badems\/ca\/wp-json\/wp\/v2\/users\/3014"}],"replies":[{"embeddable":true,"href":"https:\/\/webs.uab.cat\/badems\/ca\/wp-json\/wp\/v2\/comments?post=837"}],"version-history":[{"count":1,"href":"https:\/\/webs.uab.cat\/badems\/ca\/wp-json\/wp\/v2\/pages\/837\/revisions"}],"predecessor-version":[{"id":838,"href":"https:\/\/webs.uab.cat\/badems\/ca\/wp-json\/wp\/v2\/pages\/837\/revisions\/838"}],"wp:attachment":[{"href":"https:\/\/webs.uab.cat\/badems\/ca\/wp-json\/wp\/v2\/media?parent=837"}],"curies":[{"name":"wp","href":"https:\/\/api.w.org\/{rel}","templated":true}]}}