{"id":329,"date":"2025-01-10T20:26:36","date_gmt":"2025-01-10T18:26:36","guid":{"rendered":"https:\/\/webs.uab.cat\/badems\/eventos\/"},"modified":"2026-01-29T21:09:10","modified_gmt":"2026-01-29T19:09:10","slug":"eventos","status":"publish","type":"page","link":"https:\/\/webs.uab.cat\/badems\/es\/resultados\/eventos\/","title":{"rendered":"Eventos"},"content":{"rendered":"<div class=\"wp-block-image\">\n<figure class=\"aligncenter size-full is-resized\"><img loading=\"lazy\" decoding=\"async\" width=\"678\" height=\"944\" src=\"https:\/\/webs.uab.cat\/badems\/wp-content\/uploads\/sites\/609\/2025\/06\/The_cultural_agency_and_limits_of_minority_groups_in_early_modern_iberia.png\" alt=\"The_cultural_agency_and_limits_of_minority_groups_in_early_modern_iberia_poster\" class=\"wp-image-472\" style=\"width:595px;height:auto\" srcset=\"https:\/\/webs.uab.cat\/badems\/wp-content\/uploads\/sites\/609\/2025\/06\/The_cultural_agency_and_limits_of_minority_groups_in_early_modern_iberia.png 678w, https:\/\/webs.uab.cat\/badems\/wp-content\/uploads\/sites\/609\/2025\/06\/The_cultural_agency_and_limits_of_minority_groups_in_early_modern_iberia-215x300.png 215w\" sizes=\"auto, (max-width: 678px) 100vw, 678px\" \/><\/figure>\n<\/div>\n\n\n<div class=\"wp-block-file\"><a id=\"wp-block-file--media-44b85e4c-4fbd-4b32-a230-26746e0f8572\" href=\"https:\/\/webs.uab.cat\/badems\/wp-content\/uploads\/sites\/609\/2025\/06\/Programme_The-Cultural-Agency-and-Limits-of-Minority-Groups_-June-2025-1.pdf\">Programme_The Cultural Agency and Limits of Minority Groups_ June 2025<\/a><a href=\"https:\/\/webs.uab.cat\/badems\/wp-content\/uploads\/sites\/609\/2025\/06\/Programme_The-Cultural-Agency-and-Limits-of-Minority-Groups_-June-2025-1.pdf\" class=\"wp-block-file__button wp-element-button\" download aria-describedby=\"wp-block-file--media-44b85e4c-4fbd-4b32-a230-26746e0f8572\">Download<\/a><\/div>\n\n\n\n<div class=\"wp-block-file\"><a id=\"wp-block-file--media-4f5df3b9-86d5-4fb4-ba1e-0c586bd836d4\" href=\"https:\/\/webs.uab.cat\/badems\/wp-content\/uploads\/sites\/609\/2025\/06\/Congreso-Agencia-cultural-y-limites-\u2013-Informacion-practica-Espanol.pdf\">Congreso Agencia cultural y l\u00edmites \u2013 Informaci\u00f3n pr\u00e1ctica (Espa\u00f1ol)<\/a><a href=\"https:\/\/webs.uab.cat\/badems\/wp-content\/uploads\/sites\/609\/2025\/06\/Congreso-Agencia-cultural-y-limites-\u2013-Informacion-practica-Espanol.pdf\" class=\"wp-block-file__button wp-element-button\" download aria-describedby=\"wp-block-file--media-4f5df3b9-86d5-4fb4-ba1e-0c586bd836d4\">Download<\/a><\/div>\n\n\n<div class=\"wp-block-image\">\n<figure class=\"aligncenter size-full\"><img loading=\"lazy\" decoding=\"async\" width=\"595\" height=\"841\" src=\"https:\/\/webs.uab.cat\/badems\/wp-content\/uploads\/sites\/609\/2025\/01\/RW01_In-conversation-with-Dr.-F.-Bouza.jpg\" alt=\"RW01_In conversation with Dr. F. Bouza\" class=\"wp-image-342\" srcset=\"https:\/\/webs.uab.cat\/badems\/wp-content\/uploads\/sites\/609\/2025\/01\/RW01_In-conversation-with-Dr.-F.-Bouza.jpg 595w, https:\/\/webs.uab.cat\/badems\/wp-content\/uploads\/sites\/609\/2025\/01\/RW01_In-conversation-with-Dr.-F.-Bouza-212x300.jpg 212w\" sizes=\"auto, (max-width: 595px) 100vw, 595px\" \/><\/figure>\n<\/div>\n\n<div class=\"wp-block-image\">\n<figure class=\"aligncenter size-large is-resized\"><img loading=\"lazy\" decoding=\"async\" width=\"724\" height=\"1024\" src=\"https:\/\/webs.uab.cat\/badems\/wp-content\/uploads\/sites\/609\/2025\/01\/rz2-RW02-In-conversation-with-Rocio-Perianez-724x1024.jpeg\" alt=\"RW02-In conversation with Roci\u0301o Peria\u0301n\u0303ez\" class=\"wp-image-348\" style=\"width:598px;height:auto\" srcset=\"https:\/\/webs.uab.cat\/badems\/wp-content\/uploads\/sites\/609\/2025\/01\/rz2-RW02-In-conversation-with-Rocio-Perianez-724x1024.jpeg 724w, https:\/\/webs.uab.cat\/badems\/wp-content\/uploads\/sites\/609\/2025\/01\/rz2-RW02-In-conversation-with-Rocio-Perianez-212x300.jpeg 212w, https:\/\/webs.uab.cat\/badems\/wp-content\/uploads\/sites\/609\/2025\/01\/rz2-RW02-In-conversation-with-Rocio-Perianez-768x1086.jpeg 768w, https:\/\/webs.uab.cat\/badems\/wp-content\/uploads\/sites\/609\/2025\/01\/rz2-RW02-In-conversation-with-Rocio-Perianez.jpeg 827w\" sizes=\"auto, (max-width: 724px) 100vw, 724px\" \/><\/figure>\n<\/div>\n\n<div class=\"wp-block-image\">\n<figure class=\"aligncenter size-full is-resized\"><img loading=\"lazy\" decoding=\"async\" width=\"651\" height=\"898\" src=\"https:\/\/webs.uab.cat\/badems\/wp-content\/uploads\/sites\/609\/2025\/01\/RW3-A-conversation-with-Clara-Bejarano-and-Ascension-Mazuela-Anguita.-FUENTES-Y-MUSICA.jpg\" alt=\"RW3 A conversation with Clara Bejarano and Ascensio\u0301n Mazuela-Anguita. FUENTES Y MU\u0301SICA \" class=\"wp-image-345\" style=\"width:653px;height:auto\" srcset=\"https:\/\/webs.uab.cat\/badems\/wp-content\/uploads\/sites\/609\/2025\/01\/RW3-A-conversation-with-Clara-Bejarano-and-Ascension-Mazuela-Anguita.-FUENTES-Y-MUSICA.jpg 651w, https:\/\/webs.uab.cat\/badems\/wp-content\/uploads\/sites\/609\/2025\/01\/RW3-A-conversation-with-Clara-Bejarano-and-Ascension-Mazuela-Anguita.-FUENTES-Y-MUSICA-217x300.jpg 217w\" sizes=\"auto, (max-width: 651px) 100vw, 651px\" \/><\/figure>\n<\/div>\n\n<div class=\"wp-block-image\">\n<figure class=\"aligncenter size-full is-resized\"><img loading=\"lazy\" decoding=\"async\" width=\"553\" height=\"785\" src=\"https:\/\/webs.uab.cat\/badems\/wp-content\/uploads\/sites\/609\/2025\/01\/cartel-4_jaime-garcia.png\" alt=\"cartel-4-jaime-garcia\" class=\"wp-image-414\" style=\"width:593px;height:auto\" srcset=\"https:\/\/webs.uab.cat\/badems\/wp-content\/uploads\/sites\/609\/2025\/01\/cartel-4_jaime-garcia.png 553w, https:\/\/webs.uab.cat\/badems\/wp-content\/uploads\/sites\/609\/2025\/01\/cartel-4_jaime-garcia-211x300.png 211w\" sizes=\"auto, (max-width: 553px) 100vw, 553px\" \/><\/figure>\n<\/div>\n\n<div class=\"wp-block-image\">\n<figure class=\"aligncenter size-large is-resized\"><img loading=\"lazy\" decoding=\"async\" width=\"724\" height=\"1024\" src=\"https:\/\/webs.uab.cat\/badems\/wp-content\/uploads\/sites\/609\/2025\/03\/cartel-5_alejandro-garcia-724x1024.jpg\" alt=\"cartel 5_alejandro garcia\" class=\"wp-image-433\" style=\"width:600px;height:auto\" srcset=\"https:\/\/webs.uab.cat\/badems\/wp-content\/uploads\/sites\/609\/2025\/03\/cartel-5_alejandro-garcia-724x1024.jpg 724w, https:\/\/webs.uab.cat\/badems\/wp-content\/uploads\/sites\/609\/2025\/03\/cartel-5_alejandro-garcia-212x300.jpg 212w, https:\/\/webs.uab.cat\/badems\/wp-content\/uploads\/sites\/609\/2025\/03\/cartel-5_alejandro-garcia-768x1086.jpg 768w, https:\/\/webs.uab.cat\/badems\/wp-content\/uploads\/sites\/609\/2025\/03\/cartel-5_alejandro-garcia-1086x1536.jpg 1086w, https:\/\/webs.uab.cat\/badems\/wp-content\/uploads\/sites\/609\/2025\/03\/cartel-5_alejandro-garcia-1448x2048.jpg 1448w, https:\/\/webs.uab.cat\/badems\/wp-content\/uploads\/sites\/609\/2025\/03\/cartel-5_alejandro-garcia-1200x1697.jpg 1200w, https:\/\/webs.uab.cat\/badems\/wp-content\/uploads\/sites\/609\/2025\/03\/cartel-5_alejandro-garcia-1980x2801.jpg 1980w, https:\/\/webs.uab.cat\/badems\/wp-content\/uploads\/sites\/609\/2025\/03\/cartel-5_alejandro-garcia-scaled.jpg 1810w\" sizes=\"auto, (max-width: 724px) 100vw, 724px\" \/><\/figure>\n<\/div>\n\n<div class=\"wp-block-image\">\n<figure class=\"aligncenter size-full is-resized\"><img loading=\"lazy\" decoding=\"async\" width=\"595\" height=\"841\" src=\"https:\/\/webs.uab.cat\/badems\/wp-content\/uploads\/sites\/609\/2025\/03\/THE-MATRIARCHIVE-MEMORY-TEXTUALITY-AND-COMMUNITY-IN-POST-TERESIAN-FEMALE-MONASTICISM_Julia-Lewandowska_rev2.jpg\" alt=\"THE MATRIARCHIVE- MEMORY TEXTUALITY, AND COMMUNITY IN POST-TERESIAN FEMALE MONASTICISM_Julia Lewandowska_rev2\" class=\"wp-image-452\" style=\"width:600px\" srcset=\"https:\/\/webs.uab.cat\/badems\/wp-content\/uploads\/sites\/609\/2025\/03\/THE-MATRIARCHIVE-MEMORY-TEXTUALITY-AND-COMMUNITY-IN-POST-TERESIAN-FEMALE-MONASTICISM_Julia-Lewandowska_rev2.jpg 595w, https:\/\/webs.uab.cat\/badems\/wp-content\/uploads\/sites\/609\/2025\/03\/THE-MATRIARCHIVE-MEMORY-TEXTUALITY-AND-COMMUNITY-IN-POST-TERESIAN-FEMALE-MONASTICISM_Julia-Lewandowska_rev2-212x300.jpg 212w\" sizes=\"auto, (max-width: 595px) 100vw, 595px\" \/><\/figure>\n<\/div>\n\n<div class=\"wp-block-image\">\n<figure class=\"aligncenter size-full is-resized\"><img loading=\"lazy\" decoding=\"async\" width=\"595\" height=\"841\" src=\"https:\/\/webs.uab.cat\/badems\/wp-content\/uploads\/sites\/609\/2025\/10\/03-BADEMS_New-Challenges-and-Approaches_Seville_Nov2025.jpg\" alt=\"\" class=\"wp-image-526\" style=\"width:595px;height:auto\" srcset=\"https:\/\/webs.uab.cat\/badems\/wp-content\/uploads\/sites\/609\/2025\/10\/03-BADEMS_New-Challenges-and-Approaches_Seville_Nov2025.jpg 595w, https:\/\/webs.uab.cat\/badems\/wp-content\/uploads\/sites\/609\/2025\/10\/03-BADEMS_New-Challenges-and-Approaches_Seville_Nov2025-212x300.jpg 212w\" sizes=\"auto, (max-width: 595px) 100vw, 595px\" \/><\/figure>\n<\/div>\n\n<div class=\"wp-block-image\">\n<figure class=\"aligncenter size-large is-resized\"><img loading=\"lazy\" decoding=\"async\" width=\"724\" height=\"1024\" src=\"https:\/\/webs.uab.cat\/badems\/wp-content\/uploads\/sites\/609\/2025\/10\/DEFINING-CULTURE-SHAPING-RESEARCH-724x1024.jpg\" alt=\"\" class=\"wp-image-533\" style=\"width:600px;height:auto\" srcset=\"https:\/\/webs.uab.cat\/badems\/wp-content\/uploads\/sites\/609\/2025\/10\/DEFINING-CULTURE-SHAPING-RESEARCH-724x1024.jpg 724w, https:\/\/webs.uab.cat\/badems\/wp-content\/uploads\/sites\/609\/2025\/10\/DEFINING-CULTURE-SHAPING-RESEARCH-212x300.jpg 212w, https:\/\/webs.uab.cat\/badems\/wp-content\/uploads\/sites\/609\/2025\/10\/DEFINING-CULTURE-SHAPING-RESEARCH-768x1086.jpg 768w, https:\/\/webs.uab.cat\/badems\/wp-content\/uploads\/sites\/609\/2025\/10\/DEFINING-CULTURE-SHAPING-RESEARCH-1087x1536.jpg 1087w, https:\/\/webs.uab.cat\/badems\/wp-content\/uploads\/sites\/609\/2025\/10\/DEFINING-CULTURE-SHAPING-RESEARCH-1200x1696.jpg 1200w, https:\/\/webs.uab.cat\/badems\/wp-content\/uploads\/sites\/609\/2025\/10\/DEFINING-CULTURE-SHAPING-RESEARCH.jpg 1240w\" sizes=\"auto, (max-width: 724px) 100vw, 724px\" \/><\/figure>\n<\/div>\n\n\n<div class=\"wp-block-file\"><a id=\"wp-block-file--media-fb936cb3-c448-46ea-8c80-3e8b1fc1e68e\" href=\"https:\/\/webs.uab.cat\/badems\/wp-content\/uploads\/sites\/609\/2025\/10\/DEFINING-CULTURE-SHAPING-RESEARCH.pdf\">DEFINING CULTURE, SHAPING RESEARCH.<\/a><a href=\"https:\/\/webs.uab.cat\/badems\/wp-content\/uploads\/sites\/609\/2025\/10\/DEFINING-CULTURE-SHAPING-RESEARCH.pdf\" class=\"wp-block-file__button wp-element-button\" download aria-describedby=\"wp-block-file--media-fb936cb3-c448-46ea-8c80-3e8b1fc1e68e\">Download<\/a><\/div>\n\n\n<div class=\"wp-block-image\">\n<figure class=\"aligncenter size-large is-resized\"><img loading=\"lazy\" decoding=\"async\" width=\"724\" height=\"1024\" src=\"https:\/\/webs.uab.cat\/badems\/wp-content\/uploads\/sites\/609\/2026\/01\/DIALOGUES-ON-RACE-rz-724x1024.jpg\" alt=\"dialogues_on_race_poster\" class=\"wp-image-587\" style=\"width:600px\" srcset=\"https:\/\/webs.uab.cat\/badems\/wp-content\/uploads\/sites\/609\/2026\/01\/DIALOGUES-ON-RACE-rz-724x1024.jpg 724w, https:\/\/webs.uab.cat\/badems\/wp-content\/uploads\/sites\/609\/2026\/01\/DIALOGUES-ON-RACE-rz-212x300.jpg 212w, https:\/\/webs.uab.cat\/badems\/wp-content\/uploads\/sites\/609\/2026\/01\/DIALOGUES-ON-RACE-rz-768x1086.jpg 768w, https:\/\/webs.uab.cat\/badems\/wp-content\/uploads\/sites\/609\/2026\/01\/DIALOGUES-ON-RACE-rz-1087x1536.jpg 1087w, https:\/\/webs.uab.cat\/badems\/wp-content\/uploads\/sites\/609\/2026\/01\/DIALOGUES-ON-RACE-rz-1200x1696.jpg 1200w, https:\/\/webs.uab.cat\/badems\/wp-content\/uploads\/sites\/609\/2026\/01\/DIALOGUES-ON-RACE-rz.jpg 1240w\" sizes=\"auto, (max-width: 724px) 100vw, 724px\" \/><\/figure>\n<\/div>\n\n<div class=\"wp-block-image\">\n<figure class=\"aligncenter size-large is-resized\"><img loading=\"lazy\" decoding=\"async\" width=\"724\" height=\"1024\" src=\"https:\/\/webs.uab.cat\/badems\/wp-content\/uploads\/sites\/609\/2026\/01\/cartel-5_-Judge-Cruz-Melchor-Eya-Nchama-724x1024.jpg\" alt=\"udge-Cruz-Melchor-Eya-Nchama_poster\" class=\"wp-image-599\" style=\"width:600px\" srcset=\"https:\/\/webs.uab.cat\/badems\/wp-content\/uploads\/sites\/609\/2026\/01\/cartel-5_-Judge-Cruz-Melchor-Eya-Nchama-724x1024.jpg 724w, https:\/\/webs.uab.cat\/badems\/wp-content\/uploads\/sites\/609\/2026\/01\/cartel-5_-Judge-Cruz-Melchor-Eya-Nchama-212x300.jpg 212w, https:\/\/webs.uab.cat\/badems\/wp-content\/uploads\/sites\/609\/2026\/01\/cartel-5_-Judge-Cruz-Melchor-Eya-Nchama-768x1086.jpg 768w, https:\/\/webs.uab.cat\/badems\/wp-content\/uploads\/sites\/609\/2026\/01\/cartel-5_-Judge-Cruz-Melchor-Eya-Nchama-1087x1536.jpg 1087w, https:\/\/webs.uab.cat\/badems\/wp-content\/uploads\/sites\/609\/2026\/01\/cartel-5_-Judge-Cruz-Melchor-Eya-Nchama-1200x1696.jpg 1200w, https:\/\/webs.uab.cat\/badems\/wp-content\/uploads\/sites\/609\/2026\/01\/cartel-5_-Judge-Cruz-Melchor-Eya-Nchama.jpg 1240w\" sizes=\"auto, (max-width: 724px) 100vw, 724px\" \/><\/figure>\n<\/div>","protected":false},"excerpt":{"rendered":"","protected":false},"author":3014,"featured_media":0,"parent":335,"menu_order":0,"comment_status":"closed","ping_status":"closed","template":"","meta":{"footnotes":""},"class_list":["post-329","page","type-page","status-publish","hentry"],"_links":{"self":[{"href":"https:\/\/webs.uab.cat\/badems\/es\/wp-json\/wp\/v2\/pages\/329","targetHints":{"allow":["GET"]}}],"collection":[{"href":"https:\/\/webs.uab.cat\/badems\/es\/wp-json\/wp\/v2\/pages"}],"about":[{"href":"https:\/\/webs.uab.cat\/badems\/es\/wp-json\/wp\/v2\/types\/page"}],"author":[{"embeddable":true,"href":"https:\/\/webs.uab.cat\/badems\/es\/wp-json\/wp\/v2\/users\/3014"}],"replies":[{"embeddable":true,"href":"https:\/\/webs.uab.cat\/badems\/es\/wp-json\/wp\/v2\/comments?post=329"}],"version-history":[{"count":11,"href":"https:\/\/webs.uab.cat\/badems\/es\/wp-json\/wp\/v2\/pages\/329\/revisions"}],"predecessor-version":[{"id":602,"href":"https:\/\/webs.uab.cat\/badems\/es\/wp-json\/wp\/v2\/pages\/329\/revisions\/602"}],"up":[{"embeddable":true,"href":"https:\/\/webs.uab.cat\/badems\/es\/wp-json\/wp\/v2\/pages\/335"}],"wp:attachment":[{"href":"https:\/\/webs.uab.cat\/badems\/es\/wp-json\/wp\/v2\/media?parent=329"}],"curies":[{"name":"wp","href":"https:\/\/api.w.org\/{rel}","templated":true}]}}