{"id":777,"date":"2026-04-06T19:04:28","date_gmt":"2026-04-06T17:04:28","guid":{"rendered":"https:\/\/webs.uab.cat\/badems\/inicio-2\/"},"modified":"2026-04-08T08:45:53","modified_gmt":"2026-04-08T06:45:53","slug":"inicio-2","status":"publish","type":"page","link":"https:\/\/webs.uab.cat\/badems\/es\/","title":{"rendered":"Inicio"},"content":{"rendered":"\n<div class=\"wp-block-columns is-layout-flex wp-container-core-columns-is-layout-9d6595d7 wp-block-columns-is-layout-flex\">\n<div class=\"wp-block-column is-vertically-aligned-top is-layout-flow wp-block-column-is-layout-flow\"><ul class=\"wp-block-latest-posts__list has-dates wp-block-latest-posts\"><li><a class=\"wp-block-latest-posts__post-title\" href=\"https:\/\/webs.uab.cat\/badems\/es\/2025\/06\/17\/conference\/\">Conference<\/a><time datetime=\"2025-06-17T10:45:38+02:00\" class=\"wp-block-latest-posts__post-date\">17 de junio de 2025<\/time><div class=\"wp-block-latest-posts__post-excerpt\">\u00abThe Cultural Agency and Limits of Minority Groups in Early Modern Iberia: A Comparative Approach\u00bb \ud83d\udcc5\u00a025-26 June 2025\ud83d\udccd\u00a0Universitat Aut\u00f2noma de Barcelona Organized by the projects Making of Blackness in Early Modern Spain and BADEMS, this two-day event will bring together scholars researching minority groups who resided in early modern Iberia and its colonial territories. The&#8230; <a class=\"wp-block-latest-posts__read-more\" href=\"https:\/\/webs.uab.cat\/badems\/es\/2025\/06\/17\/conference\/\" rel=\"noopener noreferrer\">Lee m\u00e1s<span class=\"screen-reader-text\">: Conference<\/span><\/a><\/div><\/li>\n<\/ul>\n\n<ul class=\"wp-block-latest-posts__list has-dates wp-block-latest-posts\"><\/ul><\/div>\n\n\n\n<div class=\"wp-block-column is-vertically-aligned-stretch is-layout-flow wp-block-column-is-layout-flow\">\n<figure class=\"wp-block-image\"><img decoding=\"async\" src=\"https:\/\/webs.uab.cat\/badems\/wp-content\/uploads\/sites\/609\/2024\/12\/badems_title_horizontal-1024x103.png\" alt=\"\"\/><\/figure>\n\n\n\n<p class=\"has-text-align-left\">BADEMS es un proyecto de investigaci\u00f3n financiado por el European Research Council que se centra en las comunidades negras de la Espa\u00f1a de los siglos XVI y XVII y sus v\u00ednculos con el mundo ib\u00e9rico. Su objetivo principal es dar voz a la historia poco conocida de las comunidades negroafricanas y destacar el impacto de sus contribuciones culturales, abarcando desde lo art\u00edstico hasta lo intelectual. El proyecto analiza c\u00f3mo estas comunidades transformaron las representaciones culturales de la negritud en la \u00e9poca y c\u00f3mo sus pr\u00e1cticas culturales influyeron en los sentidos de pertenencia, la construcci\u00f3n de identidades y las estrategias de supervivencia. Al recuperar estos legados hist\u00f3ricos, BADEMS cuestiona las narrativas tradicionales sobre la historia y la identidad europeas.<\/p>\n<\/div>\n<\/div>\n","protected":false},"excerpt":{"rendered":"<p>BADEMS es un proyecto de investigaci\u00f3n financiado por el European Research Council que se centra en las comunidades negras de la Espa\u00f1a de los siglos XVI y XVII y sus v\u00ednculos con el mundo ib\u00e9rico. Su objetivo principal es dar voz a la historia poco conocida de las comunidades negroafricanas y destacar el impacto de [&hellip;]<\/p>\n","protected":false},"author":3014,"featured_media":0,"parent":0,"menu_order":0,"comment_status":"closed","ping_status":"closed","template":"","meta":{"footnotes":""},"class_list":["post-777","page","type-page","status-publish","hentry"],"_links":{"self":[{"href":"https:\/\/webs.uab.cat\/badems\/es\/wp-json\/wp\/v2\/pages\/777","targetHints":{"allow":["GET"]}}],"collection":[{"href":"https:\/\/webs.uab.cat\/badems\/es\/wp-json\/wp\/v2\/pages"}],"about":[{"href":"https:\/\/webs.uab.cat\/badems\/es\/wp-json\/wp\/v2\/types\/page"}],"author":[{"embeddable":true,"href":"https:\/\/webs.uab.cat\/badems\/es\/wp-json\/wp\/v2\/users\/3014"}],"replies":[{"embeddable":true,"href":"https:\/\/webs.uab.cat\/badems\/es\/wp-json\/wp\/v2\/comments?post=777"}],"version-history":[{"count":1,"href":"https:\/\/webs.uab.cat\/badems\/es\/wp-json\/wp\/v2\/pages\/777\/revisions"}],"predecessor-version":[{"id":778,"href":"https:\/\/webs.uab.cat\/badems\/es\/wp-json\/wp\/v2\/pages\/777\/revisions\/778"}],"wp:attachment":[{"href":"https:\/\/webs.uab.cat\/badems\/es\/wp-json\/wp\/v2\/media?parent=777"}],"curies":[{"name":"wp","href":"https:\/\/api.w.org\/{rel}","templated":true}]}}