{"id":839,"date":"2026-04-09T19:22:45","date_gmt":"2026-04-09T17:22:45","guid":{"rendered":"https:\/\/webs.uab.cat\/badems\/project\/"},"modified":"2026-04-09T21:35:30","modified_gmt":"2026-04-09T19:35:30","slug":"project","status":"publish","type":"page","link":"https:\/\/webs.uab.cat\/badems\/es\/project\/","title":{"rendered":"Project"},"content":{"rendered":"\n<div class=\"wp-block-columns is-layout-flex wp-container-core-columns-is-layout-9d6595d7 wp-block-columns-is-layout-flex\">\n<div class=\"wp-block-column is-vertically-aligned-center is-layout-flow wp-block-column-is-layout-flow\">\n<figure class=\"wp-block-image size-large\"><img loading=\"lazy\" decoding=\"async\" width=\"1024\" height=\"103\" src=\"https:\/\/webs.uab.cat\/badems\/wp-content\/uploads\/sites\/609\/2024\/12\/badems_title_horizontal-1024x103.png\" alt=\"\" class=\"wp-image-95\" srcset=\"https:\/\/webs.uab.cat\/badems\/wp-content\/uploads\/sites\/609\/2024\/12\/badems_title_horizontal-1024x103.png 1024w, https:\/\/webs.uab.cat\/badems\/wp-content\/uploads\/sites\/609\/2024\/12\/badems_title_horizontal-300x30.png 300w, https:\/\/webs.uab.cat\/badems\/wp-content\/uploads\/sites\/609\/2024\/12\/badems_title_horizontal-768x77.png 768w, https:\/\/webs.uab.cat\/badems\/wp-content\/uploads\/sites\/609\/2024\/12\/badems_title_horizontal-1536x154.png 1536w, https:\/\/webs.uab.cat\/badems\/wp-content\/uploads\/sites\/609\/2024\/12\/badems_title_horizontal-1200x121.png 1200w, https:\/\/webs.uab.cat\/badems\/wp-content\/uploads\/sites\/609\/2024\/12\/badems_title_horizontal.png 1583w\" sizes=\"auto, (max-width: 1024px) 100vw, 1024px\" \/><\/figure>\n\n\n\n<p class=\"has-text-align-left\">El proyecto <em>Badems<\/em> se adentra en el estudio de la di\u00e1spora negra en Espa\u00f1a durante los siglos XVI y XVII, con el objetivo de recuperar sus desconocidos legados culturales. A trav\u00e9s de un enfoque interdisciplinario, <em>Badems<\/em> cuestiona las narrativas tradicionales sobre la formaci\u00f3n de la identidad europea y el papel de los negroafricanos en la vida cultural e intelectual de la \u00e9poca. Con Espa\u00f1a y sus conexiones con el mundo ib\u00e9rico como eje central, el proyecto propone un nuevo marco acad\u00e9mico para comprender c\u00f3mo las comunidades negroafricanas\u2014libres, manumitidas parcialmente y esclavizadas\u2014participaron activamente en la creaci\u00f3n cultural, la construcci\u00f3n de la negritud y los procesos de formaci\u00f3n identitaria durante la modernidad temprana.  <\/p>\n\n\n\n<p>El proyecto Badems se adentra en el estudio de la di\u00e1spora negra en Espa\u00f1a durante los siglos XVI y XVII, con el objetivo de recuperar sus desconocidos legados culturales. A trav\u00e9s de un enfoque interdisciplinario, Badems cuestiona las narrativas tradicionales sobre la formaci\u00f3n de la identidad europea y el papel de los negroafricanos en la vida cultural e intelectual de la \u00e9poca. Con Espa\u00f1a y sus conexiones con el mundo ib\u00e9rico como eje central, el proyecto propone un nuevo marco acad\u00e9mico para comprender c\u00f3mo las comunidades negroafricanas\u2014libres, manumitidas parcialmente y esclavizadas\u2014participaron activamente en la creaci\u00f3n cultural, la construcci\u00f3n de la negritud y los procesos de formaci\u00f3n identitaria durante la modernidad temprana.   <\/p>\n\n\n\n<p><em>Badems<\/em> busca subsanar esta omisi\u00f3n hist\u00f3rica mediante una investigaci\u00f3n sistem\u00e1tica sobre las aportaciones culturales de las comunidades negroafricans en la Espa\u00f1a moderna. El proyecto tiene como objetivo descubrir nuevas evidencias, conectar datos previos aislados y arrojar luz sobre la vida art\u00edstica e intelectual de las comunidades negras, especialmente a trav\u00e9s de la historia social, cultural y literaria. Al centrarse en las experiencias cotidianas de las comunidades negras\u2014sus pr\u00e1cticas creativas, su participaci\u00f3n en las producciones culturales hegem\u00f3nicas y su papel en la configuraci\u00f3n de las narrativas sobre la negritud\u2014, <em>Badems<\/em> ofrece una necesaria relectura acad\u00e9mica de la historia cultural de Espa\u00f1a. M\u00e1s que un proyecto de recuperaci\u00f3n, <em>Badems<\/em> propone redefinir la forma en que entendemos la raza, la identidad cultural y la presencia negra en la Europa de los siglos XVI y XVII.<br\/><br\/>El proyecto se articula en torno a tres objetivos principales: primero, crear nuevos paradigmas en la historia cultural de la Espa\u00f1a moderna; segundo, redefinir la interpretaci\u00f3n de las producciones culturales; y tercero, transformar nuestra comprensi\u00f3n de la di\u00e1spora negroafricana en el \u00e1mbito ib\u00e9rico. Para alcanzar estas metas, <em>Badems<\/em> adopta una metodolog\u00eda multidisciplinar que abarca la historia cultural, el an\u00e1lisis literario y los estudios ling\u00fc\u00edsticos.      <\/p>\n\n\n\n<p><strong>Cultural History and the Black Diaspora. <\/strong>Cultural history has yet to offer a comprehensive study of the Black African diaspora in Spain, and <em>Badems<\/em> aims to fill this gap. By merging social and cultural practices, the project seeks to interrogate the early modern period through the lens of cultural history, posing critical questions about the roles Black Africans played in cultural life. How did Black women and men engage in cultural activities within the constraints and possibilities of their social positions? What forms of cultural production\u2014whether dance, music, theater, or other art forms\u2014were created or influenced by Black Africans? And perhaps most crucially, what traces of these cultural contributions have survived to the present day? By addressing these questions, <em>Badems<\/em> aims to deepen our understanding of the African presence in early modern Spain and its contributions to the making of European culture.     <\/p>\n\n\n\n<p><strong>Estudios literarios y negritud.<\/strong> En el \u00e1mbito de los estudios literarios, <em>Badems<\/em> desaf\u00eda el enfoque tradicional que a menudo se ha centrado en c\u00f3mo los autores blancos representaron a personajes negros y ha olvidado la participaci\u00f3n activa de las comunidades negras en la creaci\u00f3n cultural. <em>Badems<\/em> adopta una perspectiva innovadora al analizar tanto textos literarios como fuentes hist\u00f3ricas, ofreciendo una visi\u00f3n m\u00e1s completa de la relaci\u00f3n de los afrodescendientes con las producciones culturales. Algunas preguntas que orientan este an\u00e1lisis son: \u00bfc\u00f3mo contribuyeron las comunidades negras a dar forma a la noci\u00f3n de negritud en las narrativas culturales hegem\u00f3nicas? \u00bfQu\u00e9 condiciones, motivaciones y l\u00edmites definieron su participaci\u00f3n en estos procesos culturales? Al abordar estas cuestiones, <em>el proyecto<\/em> propone nuevas interpretaciones sobre la interacci\u00f3n entre los afrodescendientes y la literatura en la Espa\u00f1a moderna, enriqueciendo as\u00ed los contextos literarios e hist\u00f3ricos.   <\/p>\n\n\n\n<p><strong>Pr\u00e1cticas ling\u00fc\u00edsticas y mediaci\u00f3n transcultural.<\/strong> <em>El proyecto<\/em> tambi\u00e9n indaga en las dimensiones ling\u00fc\u00edsticas de la vida negroafricana en la Espa\u00f1a moderna. \u00bfQu\u00e9 lenguas hablaban, aprend\u00edan y utilizaban los negroafricanos y afrodescendientes en su d\u00eda a d\u00eda? \u00bfC\u00f3mo influy\u00f3 la interacci\u00f3n entre el portugu\u00e9s, el espa\u00f1ol y las lenguas africanas en sus pr\u00e1cticas culturales y sus relaciones con otras comunidades? <em>Badems<\/em> examina c\u00f3mo el multiling\u00fcismo molde\u00f3 las experiencias de los negroafricanos en la pen\u00ednsula ib\u00e9rica, llenando un vac\u00edo cr\u00edtico en la comprensi\u00f3n de la di\u00e1spora negra. Este enfoque ling\u00fc\u00edstico demuestra que los negroafricanos eran multiling\u00fces y se desenvolv\u00edan en espacios transculturales complejos. Estudiar estas pr\u00e1cticas ling\u00fc\u00edsticas permite entender c\u00f3mo hombres y mujeres negros mediaron en intercambios culturales y contribuyeron a la construcci\u00f3n de la identidad ib\u00e9rica.<em> <\/em>     <\/p>\n\n\n\n<p>En \u00faltima instancia, el proyecto <em>Badems<\/em> busca recuperar a una comunidad silenciada por el tiempo, el olvido cultural y las jerarqu\u00edas de poder, una comunidad que desempe\u00f1\u00f3 un papel crucial en la configuraci\u00f3n del paisaje cultural e intelectual de Espa\u00f1a y el mundo ib\u00e9rico. A trav\u00e9s de su enfoque interdisciplinario, Badems aspira a contribuir a los debates acad\u00e9micos globales sobre la construcci\u00f3n de la negritud, la aparici\u00f3n de la raza en Iberia y las aportaciones culturales de los negroafricanos en Europa, ofreciendo una comprensi\u00f3n m\u00e1s inclusiva y precisa de la cultura ib\u00e9rica en la modernidad temprana. <\/p>\n<\/div>\n<\/div>\n","protected":false},"excerpt":{"rendered":"<p>El proyecto Badems se adentra en el estudio de la di\u00e1spora negra en Espa\u00f1a durante los siglos XVI y XVII, con el objetivo de recuperar sus desconocidos legados culturales. A trav\u00e9s de un enfoque interdisciplinario, Badems cuestiona las narrativas tradicionales sobre la formaci\u00f3n de la identidad europea y el papel de los negroafricanos en la [&hellip;]<\/p>\n","protected":false},"author":3014,"featured_media":0,"parent":0,"menu_order":0,"comment_status":"closed","ping_status":"closed","template":"","meta":{"footnotes":""},"class_list":["post-839","page","type-page","status-publish","hentry"],"_links":{"self":[{"href":"https:\/\/webs.uab.cat\/badems\/es\/wp-json\/wp\/v2\/pages\/839","targetHints":{"allow":["GET"]}}],"collection":[{"href":"https:\/\/webs.uab.cat\/badems\/es\/wp-json\/wp\/v2\/pages"}],"about":[{"href":"https:\/\/webs.uab.cat\/badems\/es\/wp-json\/wp\/v2\/types\/page"}],"author":[{"embeddable":true,"href":"https:\/\/webs.uab.cat\/badems\/es\/wp-json\/wp\/v2\/users\/3014"}],"replies":[{"embeddable":true,"href":"https:\/\/webs.uab.cat\/badems\/es\/wp-json\/wp\/v2\/comments?post=839"}],"version-history":[{"count":1,"href":"https:\/\/webs.uab.cat\/badems\/es\/wp-json\/wp\/v2\/pages\/839\/revisions"}],"predecessor-version":[{"id":840,"href":"https:\/\/webs.uab.cat\/badems\/es\/wp-json\/wp\/v2\/pages\/839\/revisions\/840"}],"wp:attachment":[{"href":"https:\/\/webs.uab.cat\/badems\/es\/wp-json\/wp\/v2\/media?parent=839"}],"curies":[{"name":"wp","href":"https:\/\/api.w.org\/{rel}","templated":true}]}}