{"id":71,"date":"2024-02-16T00:39:09","date_gmt":"2024-02-15T22:39:09","guid":{"rendered":"https:\/\/webs.uab.cat\/barcelona-science-technology-studies-group\/?page_id=71"},"modified":"2024-02-16T01:17:28","modified_gmt":"2024-02-15T23:17:28","slug":"news-and-events","status":"publish","type":"page","link":"https:\/\/webs.uab.cat\/barcelona-science-technology-studies-group\/news-and-events\/","title":{"rendered":"News and Events"},"content":{"rendered":"\n<div class=\"wp-block-query is-layout-flow wp-block-query-is-layout-flow\"><ul class=\"wp-block-post-template is-layout-flow wp-block-post-template-is-layout-flow\"><li class=\"wp-block-post post-287 post type-post status-publish format-standard has-post-thumbnail hentry category-transfer-of-knowledge\">\n\n<div class=\"wp-block-columns are-vertically-aligned-center is-layout-flex wp-container-core-columns-is-layout-9d6595d7 wp-block-columns-is-layout-flex\">\n<div class=\"wp-block-column is-vertically-aligned-center is-layout-flow wp-block-column-is-layout-flow\" style=\"flex-basis:25%\"><figure class=\"wp-block-post-featured-image\"><a href=\"https:\/\/webs.uab.cat\/barcelona-science-technology-studies-group\/2026\/02\/21\/participacio-en-el-podcast-del-congreso-de-los-diputados-con-acento-en-la-ciencia-sobre-ia-i-educacio\/\" target=\"_self\"  ><img loading=\"lazy\" decoding=\"async\" width=\"322\" height=\"319\" src=\"https:\/\/webs.uab.cat\/barcelona-science-technology-studies-group\/wp-content\/uploads\/sites\/554\/2026\/02\/Captura-de-pantalla-2026-02-21-175552.png\" class=\"attachment-post-thumbnail size-post-thumbnail wp-post-image\" alt=\"Participaci\u00f3 en el podcast del Congreso de los diputados &#8220;Con acento en la ciencia&#8221; sobre IA i educaci\u00f3\" style=\"object-fit:cover;\" srcset=\"https:\/\/webs.uab.cat\/barcelona-science-technology-studies-group\/wp-content\/uploads\/sites\/554\/2026\/02\/Captura-de-pantalla-2026-02-21-175552.png 322w, https:\/\/webs.uab.cat\/barcelona-science-technology-studies-group\/wp-content\/uploads\/sites\/554\/2026\/02\/Captura-de-pantalla-2026-02-21-175552-300x297.png 300w, https:\/\/webs.uab.cat\/barcelona-science-technology-studies-group\/wp-content\/uploads\/sites\/554\/2026\/02\/Captura-de-pantalla-2026-02-21-175552-150x150.png 150w\" sizes=\"auto, (max-width: 322px) 100vw, 322px\" \/><\/a><\/figure><\/div>\n\n\n\n<div class=\"wp-block-column is-vertically-aligned-center is-layout-flow wp-block-column-is-layout-flow\" style=\"flex-basis:75%\"><h2 class=\"wp-block-post-title\"><a href=\"https:\/\/webs.uab.cat\/barcelona-science-technology-studies-group\/2026\/02\/21\/participacio-en-el-podcast-del-congreso-de-los-diputados-con-acento-en-la-ciencia-sobre-ia-i-educacio\/\" target=\"_self\" >Participaci\u00f3 en el podcast del Congreso de los diputados &#8220;Con acento en la ciencia&#8221; sobre IA i educaci\u00f3<\/a><\/h2><\/div>\n<\/div>\n\n<\/li><li class=\"wp-block-post post-273 post type-post status-publish format-standard has-post-thumbnail hentry category-conference\">\n\n<div class=\"wp-block-columns are-vertically-aligned-center is-layout-flex wp-container-core-columns-is-layout-9d6595d7 wp-block-columns-is-layout-flex\">\n<div class=\"wp-block-column is-vertically-aligned-center is-layout-flow wp-block-column-is-layout-flow\" style=\"flex-basis:25%\"><figure class=\"wp-block-post-featured-image\"><a href=\"https:\/\/webs.uab.cat\/barcelona-science-technology-studies-group\/2024\/11\/06\/participacion-en-el-ciclo-de-conferencias-y-debates-los-desafios-de-la-cuarta-revolucion-industrial-ia-trabajo-y-educacion\/\" target=\"_self\"  ><img loading=\"lazy\" decoding=\"async\" width=\"640\" height=\"400\" src=\"https:\/\/webs.uab.cat\/barcelona-science-technology-studies-group\/wp-content\/uploads\/sites\/554\/2024\/11\/IATrabajoEmpleo_miniatura_1720092926303-spa1.webp\" class=\"attachment-post-thumbnail size-post-thumbnail wp-post-image\" alt=\"Participaci\u00f3 en el Ciclo de conferencias y debates &#8220;Los desaf\u00edos de la cuarta revoluci\u00f3n industrial: IA, trabajo y educaci\u00f3n&#8221;\" style=\"object-fit:cover;\" srcset=\"https:\/\/webs.uab.cat\/barcelona-science-technology-studies-group\/wp-content\/uploads\/sites\/554\/2024\/11\/IATrabajoEmpleo_miniatura_1720092926303-spa1.webp 640w, https:\/\/webs.uab.cat\/barcelona-science-technology-studies-group\/wp-content\/uploads\/sites\/554\/2024\/11\/IATrabajoEmpleo_miniatura_1720092926303-spa1-300x188.webp 300w\" sizes=\"auto, (max-width: 640px) 100vw, 640px\" \/><\/a><\/figure><\/div>\n\n\n\n<div class=\"wp-block-column is-vertically-aligned-center is-layout-flow wp-block-column-is-layout-flow\" style=\"flex-basis:75%\"><h2 class=\"wp-block-post-title\"><a href=\"https:\/\/webs.uab.cat\/barcelona-science-technology-studies-group\/2024\/11\/06\/participacion-en-el-ciclo-de-conferencias-y-debates-los-desafios-de-la-cuarta-revolucion-industrial-ia-trabajo-y-educacion\/\" target=\"_self\" >Participaci\u00f3 en el Ciclo de conferencias y debates &#8220;Los desaf\u00edos de la cuarta revoluci\u00f3n industrial: IA, trabajo y educaci\u00f3n&#8221;<\/a><\/h2><\/div>\n<\/div>\n\n<\/li><li class=\"wp-block-post post-233 post type-post status-publish format-standard has-post-thumbnail hentry category-job-offer\">\n\n<div class=\"wp-block-columns are-vertically-aligned-center is-layout-flex wp-container-core-columns-is-layout-9d6595d7 wp-block-columns-is-layout-flex\">\n<div class=\"wp-block-column is-vertically-aligned-center is-layout-flow wp-block-column-is-layout-flow\" style=\"flex-basis:25%\"><figure class=\"wp-block-post-featured-image\"><a href=\"https:\/\/webs.uab.cat\/barcelona-science-technology-studies-group\/2024\/04\/23\/oberta-una-placa-de-tecnic-de-suport-a-la-recerca-per-al-projecte-romeo\/\" target=\"_self\"  ><img loading=\"lazy\" decoding=\"async\" width=\"415\" height=\"295\" src=\"https:\/\/webs.uab.cat\/barcelona-science-technology-studies-group\/wp-content\/uploads\/sites\/554\/2024\/04\/Captura-de-pantalla-2024-04-23-135238.png\" class=\"attachment-post-thumbnail size-post-thumbnail wp-post-image\" alt=\"Oberta una pla\u00e7a de t\u00e8cnic de suport a la recerca per al projecte RoMeO\" style=\"object-fit:cover;\" srcset=\"https:\/\/webs.uab.cat\/barcelona-science-technology-studies-group\/wp-content\/uploads\/sites\/554\/2024\/04\/Captura-de-pantalla-2024-04-23-135238.png 415w, https:\/\/webs.uab.cat\/barcelona-science-technology-studies-group\/wp-content\/uploads\/sites\/554\/2024\/04\/Captura-de-pantalla-2024-04-23-135238-300x213.png 300w\" sizes=\"auto, (max-width: 415px) 100vw, 415px\" \/><\/a><\/figure><\/div>\n\n\n\n<div class=\"wp-block-column is-vertically-aligned-center is-layout-flow wp-block-column-is-layout-flow\" style=\"flex-basis:75%\"><h2 class=\"wp-block-post-title\"><a href=\"https:\/\/webs.uab.cat\/barcelona-science-technology-studies-group\/2024\/04\/23\/oberta-una-placa-de-tecnic-de-suport-a-la-recerca-per-al-projecte-romeo\/\" target=\"_self\" >Oberta una pla\u00e7a de t\u00e8cnic de suport a la recerca per al projecte RoMeO<\/a><\/h2><\/div>\n<\/div>\n\n<\/li><\/ul><\/div>\n","protected":false},"excerpt":{"rendered":"","protected":false},"author":2865,"featured_media":0,"parent":0,"menu_order":5,"comment_status":"closed","ping_status":"closed","template":"","meta":{"footnotes":""},"class_list":["post-71","page","type-page","status-publish","hentry"],"_links":{"self":[{"href":"https:\/\/webs.uab.cat\/barcelona-science-technology-studies-group\/wp-json\/wp\/v2\/pages\/71","targetHints":{"allow":["GET"]}}],"collection":[{"href":"https:\/\/webs.uab.cat\/barcelona-science-technology-studies-group\/wp-json\/wp\/v2\/pages"}],"about":[{"href":"https:\/\/webs.uab.cat\/barcelona-science-technology-studies-group\/wp-json\/wp\/v2\/types\/page"}],"author":[{"embeddable":true,"href":"https:\/\/webs.uab.cat\/barcelona-science-technology-studies-group\/wp-json\/wp\/v2\/users\/2865"}],"replies":[{"embeddable":true,"href":"https:\/\/webs.uab.cat\/barcelona-science-technology-studies-group\/wp-json\/wp\/v2\/comments?post=71"}],"version-history":[{"count":2,"href":"https:\/\/webs.uab.cat\/barcelona-science-technology-studies-group\/wp-json\/wp\/v2\/pages\/71\/revisions"}],"predecessor-version":[{"id":78,"href":"https:\/\/webs.uab.cat\/barcelona-science-technology-studies-group\/wp-json\/wp\/v2\/pages\/71\/revisions\/78"}],"wp:attachment":[{"href":"https:\/\/webs.uab.cat\/barcelona-science-technology-studies-group\/wp-json\/wp\/v2\/media?parent=71"}],"curies":[{"name":"wp","href":"https:\/\/api.w.org\/{rel}","templated":true}]}}