{"id":262,"date":"2020-03-05T14:28:44","date_gmt":"2020-03-05T12:28:44","guid":{"rendered":"https:\/\/webs.uab.cat\/barrisinnovacio\/el-proyecto\/"},"modified":"2020-03-05T14:28:44","modified_gmt":"2020-03-05T12:28:44","slug":"el-proyecto","status":"publish","type":"page","link":"https:\/\/webs.uab.cat\/barrisinnovacio\/es\/","title":{"rendered":"El proyecto"},"content":{"rendered":"<p>Este espacio nace con la voluntad de dar continuidad a diferentes proyectos llevados a cabo desde el IGOP en torno a barrios, crisis e innovaci\u00f3n social. Pretende ser un espacio en el que dar a conocer las experiencias de innovaci\u00f3n social que tienen lugar en Catalu\u00f1a, pero tambi\u00e9n quiere facilitar el conocimiento y las relaciones entre las personas que est\u00e1n llevando a cabo iniciativas socialmente innovadoras.<\/p>\n","protected":false},"excerpt":{"rendered":"<p>Este espacio nace con la voluntad de dar continuidad a diferentes proyectos llevados a cabo desde el IGOP en torno a barrios, crisis e innovaci\u00f3n social. Pretende ser un espacio en el que dar a conocer las experiencias de innovaci\u00f3n social que tienen lugar en Catalu\u00f1a, pero tambi\u00e9n quiere facilitar el conocimiento y las relaciones [&hellip;]<\/p>\n","protected":false},"author":34,"featured_media":0,"parent":0,"menu_order":0,"comment_status":"closed","ping_status":"closed","template":"","meta":{"footnotes":""},"class_list":["post-262","page","type-page","status-publish","hentry"],"_links":{"self":[{"href":"https:\/\/webs.uab.cat\/barrisinnovacio\/es\/wp-json\/wp\/v2\/pages\/262","targetHints":{"allow":["GET"]}}],"collection":[{"href":"https:\/\/webs.uab.cat\/barrisinnovacio\/es\/wp-json\/wp\/v2\/pages"}],"about":[{"href":"https:\/\/webs.uab.cat\/barrisinnovacio\/es\/wp-json\/wp\/v2\/types\/page"}],"author":[{"embeddable":true,"href":"https:\/\/webs.uab.cat\/barrisinnovacio\/es\/wp-json\/wp\/v2\/users\/34"}],"replies":[{"embeddable":true,"href":"https:\/\/webs.uab.cat\/barrisinnovacio\/es\/wp-json\/wp\/v2\/comments?post=262"}],"version-history":[{"count":0,"href":"https:\/\/webs.uab.cat\/barrisinnovacio\/es\/wp-json\/wp\/v2\/pages\/262\/revisions"}],"wp:attachment":[{"href":"https:\/\/webs.uab.cat\/barrisinnovacio\/es\/wp-json\/wp\/v2\/media?parent=262"}],"curies":[{"name":"wp","href":"https:\/\/api.w.org\/{rel}","templated":true}]}}