{"id":15,"date":"2016-07-14T13:34:16","date_gmt":"2016-07-14T11:34:16","guid":{"rendered":"https:\/\/blogs.uab.cat\/barrisinnovacio\/?page_id=15"},"modified":"2022-07-19T11:22:30","modified_gmt":"2022-07-19T09:22:30","slug":"innovacio-i-metropoli","status":"publish","type":"page","link":"https:\/\/webs.uab.cat\/barrisinnovacio\/innovacio-i-metropoli\/","title":{"rendered":"Innovaci\u00f3 i Metr\u00f2poli"},"content":{"rendered":"<div class=\"entry-content\">\n<h2><strong>Descripci\u00f3<\/strong><\/h2>\n<p>L\u2019IGOP i l\u2019<a href=\"https:\/\/iermb.uab.cat\/\" target=\"_blank\" rel=\"noopener noreferrer\">IERMB<\/a>\u00a0col\u00b7laboren en el desenvolupament d\u2019aquesta recerca que es\u00a0proposa analitzar com diferents tipus de factors relacionats amb la\u00a0implantaci\u00f3 territorial de les pol\u00edtiques p\u00fabliques i de l\u2019acci\u00f3 social\u00a0contribueixen a agreujar o a temperar les din\u00e0miques de desigualat socioespacial a l\u2019\u00e0rea metropolitana de Barcelona, tot centrant la mirada en el\u00a0paper que poden jugar diferents tipus d\u2019innovacions pol\u00edtiques i socials en la\u00a0construcci\u00f3 d\u2019un entorn metropolit\u00e0 socioespacialment m\u00e9s cohesionat. El projecte parteix\u00a0de les evid\u00e8ncies emp\u00edriques acumulades en el camp d\u2019estudi de la\u00a0segregaci\u00f3 urbana per recerques com\u00a0<a href=\"http:\/\/barrisinnovacio.net\/barris-i-crisi\/\">Barris i Crisi<\/a>\u00a0(IGOP-UAB) i\u00a0<a href=\"https:\/\/iermb.uab.cat\/ca\/estudi\/la-segregacio-espacial-de-la-pobresa-a-catalunya-estructura-i-dinamica-de-la-desigualtat-social\/\">La segregaci\u00f3 espacial de la\u00a0pobresa<\/a> (IERMB).<\/p>\n<h2><strong>Objectius<\/strong><\/h2>\n<p>El projecte de recerca t\u00e9 tres objectius principals:<\/p>\n<p>1. Analitzar en quina mesura i de quina manera la\u00a0<strong>innovaci\u00f3 social<\/strong>\u00a0pot ser un factor de\u00a0cohesi\u00f3 socioespacial i de transformaci\u00f3 de les \u00e0rees urbanes m\u00e9s\u00a0vulnerables.<\/p>\n<p>2. Con\u00e8ixer quines\u00a0<strong>innovacions pol\u00edtiques<\/strong>\u00a0principals es produeixen en l\u2019\u00e0mbit\u00a0municipal a l\u2019\u00e0rea metropolitana de Barcelona, com es distribueixen territorialment i quin\u00a0paper juguen en la construcci\u00f3 d\u2019entorns urbans m\u00e9s cohesionats.<\/p>\n<p>3. Estudiar com es distribueixen territorialment els recursos p\u00fablics i en quina mesura\u00a0la major o menor\u00a0<strong>densitat institucional<\/strong> en el territori contraresta o\u00a0agreuja les desigualtats socioespacials existents.<\/p>\n<h2><strong>Resultats<\/strong><\/h2>\n<p><strong>Mapa de la Innovaci\u00f3 Social a l\u2019\u00e0rea metropolitana de Barcelona<\/strong>:\u00a0<a href=\"http:\/\/barrisinnovacio.net\/mapa-innovacio-social-amb\/\" target=\"_blank\" rel=\"noopener noreferrer\">enlla\u00e7 d\u2019acc\u00e9s<\/a>.<\/p>\n<p>El cartografia georeferencia experi\u00e8ncies socialment innovadores, visualitzant-les ja sigui per categories o segons el seu objectiu (aquelles pr\u00e0ctiques orientades al combat de la crisi i a la defensa de drets o aquelles que promouen un model socioecon\u00f2mic alternatiu). A banda de la localitzaci\u00f3 de les iniciatives, tamb\u00e9 es pot activar la visualitzaci\u00f3 de les \u00e0rees urbanes vulnerables i de les \u00e0rees urbanes benestants, una cartografia realitzada en el marc del projecte\u00a0<a href=\"https:\/\/blogs.uab.cat\/barrisinnovacio\/barris-i-crisi\/\" target=\"_blank\" rel=\"noopener noreferrer\">Barris i Crisi<\/a>. El Mapa \u00e9s col\u00b7laboratiu i disposa d\u2019un formulari on es poden introduir noves iniciatives.<\/p>\n<p><img loading=\"lazy\" decoding=\"async\" class=\"alignnone size-medium wp-image-148\" src=\"http:\/\/blogs.uab.cat\/barrisinnovacio\/files\/2020\/03\/IS-AMB-768x512-1-300x200.png\" alt=\"\" width=\"300\" height=\"200\" data-wp-editing=\"1\" srcset=\"https:\/\/webs.uab.cat\/barrisinnovacio\/wp-content\/uploads\/sites\/57\/2020\/03\/IS-AMB-768x512-1-300x200.png 300w, https:\/\/webs.uab.cat\/barrisinnovacio\/wp-content\/uploads\/sites\/57\/2020\/03\/IS-AMB-768x512-1.png 768w\" sizes=\"auto, (max-width: 300px) 100vw, 300px\" \/><a href=\"http:\/\/barrisinnovacio.net\/wp-content\/uploads\/2017\/03\/IS-AMB.png\"><img loading=\"lazy\" decoding=\"async\" class=\"alignnone wp-image-2129\" src=\"http:\/\/barrisinnovacio.net\/wp-content\/uploads\/2017\/03\/IS-AMB-300x200.png\" alt=\"\" width=\"500\" height=\"334\" \/><\/a><\/p>\n<p><strong>Cat\u00e0leg de la Innovaci\u00f3 Pol\u00edtica a l\u2019\u00e0rea metropolitana de Barcelona<\/strong>:\u00a0<a href=\"http:\/\/barrisinnovacio.net\/cataleg-innovacio-politica-amb\/\" target=\"_blank\" rel=\"noopener noreferrer\">enlla\u00e7 d\u2019acc\u00e9s<\/a>.<\/p>\n<p>El cat\u00e0leg es visualitza a trav\u00e9s d\u2019una eina que permet la identificaci\u00f3 de les pol\u00edtiques innovadores, ja sigui per municipis o per categories. L\u2019usuari pot ordenar i filtrar les pol\u00edtiques segons diferents criteris (nom, municipi, categoria, subcategoria o paraula clau). El cat\u00e0leg \u00e9s col\u00b7laboratiu\u00a0i disposa d\u2019un formulari on es poden introduir noves pol\u00edtiques.<\/p>\n<p><a href=\"http:\/\/barrisinnovacio.net\/wp-content\/uploads\/2017\/03\/CATALEG.png\"><img loading=\"lazy\" decoding=\"async\" class=\"alignnone wp-image-2130\" src=\"http:\/\/barrisinnovacio.net\/wp-content\/uploads\/2017\/03\/CATALEG-300x186.png\" alt=\"\" width=\"500\" height=\"309\" \/><\/a><\/p>\n<h2><strong>Equip<\/strong><\/h2>\n<p>IGOP:\u00a0Ismael Blanco, Rub\u00e9n Mart\u00ednez, N\u00faria Velasco, Yuni Salazar.<\/p>\n<p>IERMB: Ricard Gom\u00e0, Sergio Porcel, Fernando Ant\u00f3n Alonso, Helena Cruz, Francesc Coll.<\/p>\n<p>Assessorament t\u00e8cnic de Gerald Kogler.<\/p>\n<h2><strong>Finan\u00e7ament<\/strong><\/h2>\n<p>Innovaci\u00f3 i Metr\u00f2poli rep el suport de l\u2019<a href=\"http:\/\/www.amb.cat\/s\/home.html\" target=\"_blank\" rel=\"noopener noreferrer\">\u00c0rea Metropolitana de Barcelona<\/a>.<\/p>\n<h2><strong>Execuci\u00f3<\/strong><\/h2>\n<p>2016 \u2013 2017<\/p>\n<\/div>\n","protected":false},"excerpt":{"rendered":"<p>Descripci\u00f3 L\u2019IGOP i l\u2019IERMB\u00a0col\u00b7laboren en el desenvolupament d\u2019aquesta recerca que es\u00a0proposa analitzar com diferents tipus de factors relacionats amb la\u00a0implantaci\u00f3 territorial de les pol\u00edtiques p\u00fabliques i de l\u2019acci\u00f3 social\u00a0contribueixen a agreujar o a temperar les din\u00e0miques de desigualat socioespacial a l\u2019\u00e0rea metropolitana de Barcelona, tot centrant la mirada en el\u00a0paper que poden jugar diferents tipus [&hellip;]<\/p>\n","protected":false},"author":34,"featured_media":0,"parent":0,"menu_order":0,"comment_status":"closed","ping_status":"closed","template":"","meta":{"footnotes":""},"class_list":["post-15","page","type-page","status-publish","hentry"],"_links":{"self":[{"href":"https:\/\/webs.uab.cat\/barrisinnovacio\/wp-json\/wp\/v2\/pages\/15","targetHints":{"allow":["GET"]}}],"collection":[{"href":"https:\/\/webs.uab.cat\/barrisinnovacio\/wp-json\/wp\/v2\/pages"}],"about":[{"href":"https:\/\/webs.uab.cat\/barrisinnovacio\/wp-json\/wp\/v2\/types\/page"}],"author":[{"embeddable":true,"href":"https:\/\/webs.uab.cat\/barrisinnovacio\/wp-json\/wp\/v2\/users\/34"}],"replies":[{"embeddable":true,"href":"https:\/\/webs.uab.cat\/barrisinnovacio\/wp-json\/wp\/v2\/comments?post=15"}],"version-history":[{"count":1,"href":"https:\/\/webs.uab.cat\/barrisinnovacio\/wp-json\/wp\/v2\/pages\/15\/revisions"}],"predecessor-version":[{"id":189,"href":"https:\/\/webs.uab.cat\/barrisinnovacio\/wp-json\/wp\/v2\/pages\/15\/revisions\/189"}],"wp:attachment":[{"href":"https:\/\/webs.uab.cat\/barrisinnovacio\/wp-json\/wp\/v2\/media?parent=15"}],"curies":[{"name":"wp","href":"https:\/\/api.w.org\/{rel}","templated":true}]}}