{"id":87,"date":"2020-03-05T14:28:44","date_gmt":"2020-03-05T12:28:44","guid":{"rendered":"https:\/\/blogs.uab.cat\/barrisinnovacio\/?page_id=87"},"modified":"2020-03-05T14:28:44","modified_gmt":"2020-03-05T12:28:44","slug":"el-projecte","status":"publish","type":"page","link":"https:\/\/webs.uab.cat\/barrisinnovacio\/","title":{"rendered":"El projecte"},"content":{"rendered":"<p>Aquest espai neix amb la voluntat de donar continu\u00eftat a diferents projectes duts a terme des de l&#8217;IGOP entorn a barris, crisi i innovaci\u00f3 social. Pret\u00e9n ser un espai on donar a con\u00e8ixer les experi\u00e8ncies d\u2019innovaci\u00f3 social que tenen lloc a Catalunya, per\u00f2 tamb\u00e9 vol facilitar la coneixen\u00e7a i les relacions entre les persones que estan duent a terme iniciatives socialment innovadores.<\/p>\n","protected":false},"excerpt":{"rendered":"<p>Aquest espai neix amb la voluntat de donar continu\u00eftat a diferents projectes duts a terme des de l&#8217;IGOP entorn a barris, crisi i innovaci\u00f3 social. Pret\u00e9n ser un espai on donar a con\u00e8ixer les experi\u00e8ncies d\u2019innovaci\u00f3 social que tenen lloc a Catalunya, per\u00f2 tamb\u00e9 vol facilitar la coneixen\u00e7a i les relacions entre les persones que [&hellip;]<\/p>\n","protected":false},"author":34,"featured_media":0,"parent":0,"menu_order":0,"comment_status":"closed","ping_status":"closed","template":"","meta":{"footnotes":""},"class_list":["post-87","page","type-page","status-publish","hentry"],"_links":{"self":[{"href":"https:\/\/webs.uab.cat\/barrisinnovacio\/wp-json\/wp\/v2\/pages\/87","targetHints":{"allow":["GET"]}}],"collection":[{"href":"https:\/\/webs.uab.cat\/barrisinnovacio\/wp-json\/wp\/v2\/pages"}],"about":[{"href":"https:\/\/webs.uab.cat\/barrisinnovacio\/wp-json\/wp\/v2\/types\/page"}],"author":[{"embeddable":true,"href":"https:\/\/webs.uab.cat\/barrisinnovacio\/wp-json\/wp\/v2\/users\/34"}],"replies":[{"embeddable":true,"href":"https:\/\/webs.uab.cat\/barrisinnovacio\/wp-json\/wp\/v2\/comments?post=87"}],"version-history":[{"count":0,"href":"https:\/\/webs.uab.cat\/barrisinnovacio\/wp-json\/wp\/v2\/pages\/87\/revisions"}],"wp:attachment":[{"href":"https:\/\/webs.uab.cat\/barrisinnovacio\/wp-json\/wp\/v2\/media?parent=87"}],"curies":[{"name":"wp","href":"https:\/\/api.w.org\/{rel}","templated":true}]}}