{"id":106,"date":"2016-01-19T13:43:45","date_gmt":"2016-01-19T13:43:45","guid":{"rendered":"https:\/\/webs.uab.cat\/bauladuinsardu\/inici\/"},"modified":"2016-01-19T13:43:45","modified_gmt":"2016-01-19T13:43:45","slug":"inici","status":"publish","type":"page","link":"https:\/\/webs.uab.cat\/bauladuinsardu\/","title":{"rendered":"P\u00e0gina printzipale"},"content":{"rendered":"<h2>Progetu de collaboratzione intre su Comunu de Bauladu e sa UAB pro sa tradutzione&nbsp;de del\u00ecberas in sardu<\/h2>\n<p><strong>Su Comunu de Bauladu, cussiente de s&#8217;import\u00e0ntzia de sa publicatzione de testos&nbsp;amministrativos&nbsp;in limba sarda, at detz\u00ecdidu in su 2018 de cumintzare a publicare in italianu e in sardu is deliberatziones de sa Giunta e de su Cuss\u00ecgiu comunales. <\/strong>At incarreradu duncas unu progetu de collaboratzione cun su grupu de chirca Tradum\u00e0tica \u2014promotore de \u00e0teras initziativas acapiadas a sa tradutzione in limba sarda:<\/p>\n<blockquote>\n<p>Prima cl\u00e0usola: Sa cunventzione presente r\u00e8gulat is t\u00e8rmines de collaboratzione intre is partes de manera chi su Comunu de Bauladu potzat publicare is deliberatziones de s&#8217;assemblea e de su cuss\u00ecgiu munitzipales in formadu bil\u00ecngue italianu-sardu. Is tareas de sa UAB s&#8217;ant a cuntzentrare in s&#8217;istabilimentu de unu flussu de traballu cun tradutzione autom\u00e0tica e posteditzione, e in s&#8217;isvilupu e megioru posteriore de is sistemas chi esistint.<\/p>\n<\/blockquote>\n","protected":false},"excerpt":{"rendered":"<p>Progetu de collaboratzione intre su Comunu de Bauladu e sa UAB pro sa tradutzione&nbsp;de del\u00ecberas in sardu Su Comunu de Bauladu, cussiente de s&#8217;import\u00e0ntzia de sa publicatzione de testos&nbsp;amministrativos&nbsp;in limba sarda, at detz\u00ecdidu in su 2018 de cumintzare a publicare in italianu e in sardu is deliberatziones de sa Giunta e de su Cuss\u00ecgiu comunales. [&hellip;]<\/p>\n","protected":false},"author":44,"featured_media":0,"parent":0,"menu_order":0,"comment_status":"closed","ping_status":"closed","template":"","meta":{"footnotes":""},"class_list":["post-106","page","type-page","status-publish","hentry"],"_links":{"self":[{"href":"https:\/\/webs.uab.cat\/bauladuinsardu\/wp-json\/wp\/v2\/pages\/106","targetHints":{"allow":["GET"]}}],"collection":[{"href":"https:\/\/webs.uab.cat\/bauladuinsardu\/wp-json\/wp\/v2\/pages"}],"about":[{"href":"https:\/\/webs.uab.cat\/bauladuinsardu\/wp-json\/wp\/v2\/types\/page"}],"author":[{"embeddable":true,"href":"https:\/\/webs.uab.cat\/bauladuinsardu\/wp-json\/wp\/v2\/users\/44"}],"replies":[{"embeddable":true,"href":"https:\/\/webs.uab.cat\/bauladuinsardu\/wp-json\/wp\/v2\/comments?post=106"}],"version-history":[{"count":0,"href":"https:\/\/webs.uab.cat\/bauladuinsardu\/wp-json\/wp\/v2\/pages\/106\/revisions"}],"wp:attachment":[{"href":"https:\/\/webs.uab.cat\/bauladuinsardu\/wp-json\/wp\/v2\/media?parent=106"}],"curies":[{"name":"wp","href":"https:\/\/api.w.org\/{rel}","templated":true}]}}