{"id":145,"date":"2020-05-24T20:45:09","date_gmt":"2020-05-24T20:45:09","guid":{"rendered":"https:\/\/webs.uab.cat\/bauladuinsardu\/datos-e-resursas\/"},"modified":"2023-04-12T15:54:18","modified_gmt":"2023-04-12T15:54:18","slug":"datos-e-resursas","status":"publish","type":"page","link":"https:\/\/webs.uab.cat\/bauladuinsardu\/datos-e-resursas\/","title":{"rendered":"Datos e resursas"},"content":{"rendered":"\n<h2 class=\"wp-block-heading\"><strong>Datos cuantitativos de su progetu (a led\u00e0mine\u00a02022)<\/strong>:<\/h2>\n\n\n\n<p>Data prima tradutzione: 24\/07\/2019<br>Data \u00f9rtima tradutzione: 30\/04\/2022<br>N\u00f9meru de del\u00ecberas bortadas: 276<br>Totale de faeddos bortados: 355.136<\/p>\n\n\n\n<p>Iscuadra de tradutzione: 2 persones<br>Revisione: 1 persone<\/p>\n\n\n\n<p>Comente resurtadu de sa collaboratzione, in prus de is del\u00ecberas, s&#8217;iscuadra at generadu is resursas imbenientes:<\/p>\n\n\n\n<ul class=\"wp-block-list\"><li>unu gloss\u00e0riu terminol\u00f2gicu de 127 t\u00e8rmines [<a href=\"https:\/\/webs.uab.cat\/bauladuinsardu\/wp-content\/uploads\/sites\/416\/2020\/05\/bauladuglossary_2022_10.txt\" target=\"_blank\" rel=\"noopener\">TXT<\/a>];<\/li><li>una mem\u00f2ria de tradutzione de prus de 7.000 segmentos [<a href=\"https:\/\/sct.uab.cat\/bauladuinsardu\/sites\/sct.uab.cat.bauladuinsardu\/files\/bauladu_2022_10.tmx\" target=\"_blank\" rel=\"noopener\">TMX<\/a>];<\/li><li>su portale <a href=\"https:\/\/dtieao.uab.cat\/tramministrende\/\" target=\"_blank\" rel=\"noopener\">Tramministrende<\/a>, pro sa consulta de is resursas pretzedentes;<\/li><li>una tesi de l\u00e0urea:\n<p>Floris, Flavia Eva (2020). <em>Tecnologias pro sa tradutzione e limbas minorizadas: is del\u00ecberas de su Comunu de Bauladu in sardu<\/em>. Tesi de su cursu de l\u00e0urea magistrale Tradutzione ispetzial\u00ecstica de is testos, Universidade de Casteddu [<a href=\"https:\/\/webs.uab.cat\/bauladuinsardu\/wp-content\/uploads\/sites\/416\/2020\/05\/tesi_flavia_eva_floris_sc.pdf\" target=\"_blank\" rel=\"noopener\">PDF<\/a>].<\/p>\n<\/li><\/ul>\n","protected":false},"excerpt":{"rendered":"<p>Datos cuantitativos de su progetu (a led\u00e0mine\u00a02022): Data prima tradutzione: 24\/07\/2019Data \u00f9rtima tradutzione: 30\/04\/2022N\u00f9meru de del\u00ecberas bortadas: 276Totale de faeddos bortados: 355.136 Iscuadra de tradutzione: 2 personesRevisione: 1 persone Comente resurtadu de sa collaboratzione, in prus de is del\u00ecberas, s&#8217;iscuadra at generadu is resursas imbenientes: unu gloss\u00e0riu terminol\u00f2gicu de 127 t\u00e8rmines [TXT]; una mem\u00f2ria de [&hellip;]<\/p>\n","protected":false},"author":44,"featured_media":0,"parent":0,"menu_order":0,"comment_status":"closed","ping_status":"closed","template":"","meta":{"footnotes":""},"class_list":["post-145","page","type-page","status-publish","hentry"],"_links":{"self":[{"href":"https:\/\/webs.uab.cat\/bauladuinsardu\/wp-json\/wp\/v2\/pages\/145","targetHints":{"allow":["GET"]}}],"collection":[{"href":"https:\/\/webs.uab.cat\/bauladuinsardu\/wp-json\/wp\/v2\/pages"}],"about":[{"href":"https:\/\/webs.uab.cat\/bauladuinsardu\/wp-json\/wp\/v2\/types\/page"}],"author":[{"embeddable":true,"href":"https:\/\/webs.uab.cat\/bauladuinsardu\/wp-json\/wp\/v2\/users\/44"}],"replies":[{"embeddable":true,"href":"https:\/\/webs.uab.cat\/bauladuinsardu\/wp-json\/wp\/v2\/comments?post=145"}],"version-history":[{"count":1,"href":"https:\/\/webs.uab.cat\/bauladuinsardu\/wp-json\/wp\/v2\/pages\/145\/revisions"}],"predecessor-version":[{"id":311,"href":"https:\/\/webs.uab.cat\/bauladuinsardu\/wp-json\/wp\/v2\/pages\/145\/revisions\/311"}],"wp:attachment":[{"href":"https:\/\/webs.uab.cat\/bauladuinsardu\/wp-json\/wp\/v2\/media?parent=145"}],"curies":[{"name":"wp","href":"https:\/\/api.w.org\/{rel}","templated":true}]}}