{"id":1740,"date":"2024-06-14T18:32:51","date_gmt":"2024-06-14T16:32:51","guid":{"rendered":"https:\/\/webs.uab.cat\/bctot\/?page_id=1740"},"modified":"2026-04-14T16:23:03","modified_gmt":"2026-04-14T14:23:03","slug":"la-tarima","status":"publish","type":"page","link":"https:\/\/webs.uab.cat\/bctot\/la-tarima\/","title":{"rendered":"La Tarima"},"content":{"rendered":"\n<figure class=\"wp-block-image size-large\"><img loading=\"lazy\" decoding=\"async\" width=\"1024\" height=\"256\" src=\"https:\/\/webs.uab.cat\/bctot\/wp-content\/uploads\/sites\/90\/2024\/06\/latarima-02bb-1024x256.jpg\" alt=\"\" class=\"wp-image-1749\" srcset=\"https:\/\/webs.uab.cat\/bctot\/wp-content\/uploads\/sites\/90\/2024\/06\/latarima-02bb-1024x256.jpg 1024w, https:\/\/webs.uab.cat\/bctot\/wp-content\/uploads\/sites\/90\/2024\/06\/latarima-02bb-300x75.jpg 300w, https:\/\/webs.uab.cat\/bctot\/wp-content\/uploads\/sites\/90\/2024\/06\/latarima-02bb-768x192.jpg 768w, https:\/\/webs.uab.cat\/bctot\/wp-content\/uploads\/sites\/90\/2024\/06\/latarima-02bb-1536x384.jpg 1536w, https:\/\/webs.uab.cat\/bctot\/wp-content\/uploads\/sites\/90\/2024\/06\/latarima-02bb-1200x300.jpg 1200w, https:\/\/webs.uab.cat\/bctot\/wp-content\/uploads\/sites\/90\/2024\/06\/latarima-02bb.jpg 1653w\" sizes=\"auto, (max-width: 1024px) 100vw, 1024px\" \/><\/figure>\n\n\n\n<\/p>\n<p>La Biblioteca de Ci\u00e8ncia i Tecnologia organitza <a href=\"https:\/\/webs.uab.cat\/bibliotecainformacions\/2025\/07\/01\/les-presentacions-a-lespai-bct-2022-2025-copete-jose-luis\/\" target=\"_blank\" rel=\"noreferrer noopener\">activitats divulgatives a l&#8217;Espai BCT des del 2022<\/a> amb la intenci\u00f3 d\u2019omplir de coneixement els migdies del campus UAB.<\/p>\n<p>\n\n\n\n<\/p>\n<p>El curs passat 2024-25, la nostra oferta es va cohesionar sota el nom gen\u00e8ric de<strong> <a href=\"https:\/\/bsky.app\/profile\/bctuab.bsky.social\/post\/3ltf62askas2x\" target=\"_blank\" rel=\"noreferrer noopener\">La Tarima de la BCT<\/a><\/strong><a href=\"https:\/\/bsky.app\/profile\/bctuab.bsky.social\/post\/3ltf62askas2x\" target=\"_blank\" rel=\"noreferrer noopener\"> aconseguint reunir 433 persones al llarg de les 14 activitats programades<\/a>, superant les xifres de participaci\u00f3 del curs 2023-2024 en quasi 100 persones.<\/p>\n<p>\n\n\n<p>\u00a0 \u00a0 \u00a0 \u00a0 \u00a0 \u00a0 \u00a0 \u00a0 \u00a0 \u00a0 \u00a0 \u00a0 \u00a0 \u00a0 \u00a0 \u00a0 \u00a0 \u00a0<a href=\"https:\/\/webs.uab.cat\/bctot\/la-tarima-curs-academic-2023-2024\/\"><img loading=\"lazy\" decoding=\"async\" class=\"alignnone wp-image-2441\" src=\"https:\/\/webs.uab.cat\/bctot\/wp-content\/uploads\/sites\/90\/2025\/09\/latarima-boto-resum-23-24bis.jpg\" alt=\"\" width=\"200\" height=\"56\" srcset=\"https:\/\/webs.uab.cat\/bctot\/wp-content\/uploads\/sites\/90\/2025\/09\/latarima-boto-resum-23-24bis.jpg 423w, https:\/\/webs.uab.cat\/bctot\/wp-content\/uploads\/sites\/90\/2025\/09\/latarima-boto-resum-23-24bis-300x84.jpg 300w\" sizes=\"auto, (max-width: 200px) 100vw, 200px\" \/><\/a> <a href=\"https:\/\/webs.uab.cat\/bctot\/la-tarima-curs-academic-2024-2025\/\"><img loading=\"lazy\" decoding=\"async\" class=\"alignnone wp-image-2442\" src=\"https:\/\/webs.uab.cat\/bctot\/wp-content\/uploads\/sites\/90\/2025\/09\/latarima-boto-resum-24-25bis.jpg\" alt=\"\" width=\"200\" height=\"56\" srcset=\"https:\/\/webs.uab.cat\/bctot\/wp-content\/uploads\/sites\/90\/2025\/09\/latarima-boto-resum-24-25bis.jpg 423w, https:\/\/webs.uab.cat\/bctot\/wp-content\/uploads\/sites\/90\/2025\/09\/latarima-boto-resum-24-25bis-300x84.jpg 300w\" sizes=\"auto, (max-width: 200px) 100vw, 200px\" \/><\/a><\/p>\n<p>I, enguany, seguim apostant pel <strong>Cicle d\u2019activitats LA TARIMA de la BCT<\/strong>, amb el prop\u00f2sit de consolidar-la com la millor plataforma per a tothom que vulgui comunicar ci\u00e8ncia.<\/p>\n<p>Aix\u00ed:<\/p>\n<ul>\n<li>Les activitats es duran a terme al llarg del curs acad\u00e8mic 2025-2006<\/li>\n<li>Durant els migdies, al voltant de les 13h, a l&#8217;Espai BCT<\/li>\n<li>Sense inscripci\u00f3 pr\u00e8via<\/li>\n<li>I gratu\u00eftes<\/li>\n<\/ul>\n<p>Us hi esperem!<\/p>\n\n\n<details class=\"wp-block-details is-layout-flow wp-block-details-is-layout-flow\"><summary>Dimecres 22 d&#8217;abril de 2026, 13h: Presentaci\u00f3 del llibre &#8220;La meva visi\u00f3 del m\u00f3n&#8221; d&#8217;Albert Einstein<\/summary>\n<p>A m\u00e9s de la seva tasca colossal en el camp cient\u00edfic, Albert Einstein es va pronunciar sobre multitud de temes i no va estar-se mai de dir la seva en q\u00fcestions com la religi\u00f3, la pol\u00edtica o la situaci\u00f3 dels jueus.<br><strong><em>La meva visi\u00f3 del m\u00f3n<\/em><\/strong> \u00e9s la principal compilaci\u00f3 dels seus escrits, el llibre que s\u2019ha considerat can\u00f2nic per entendre el pensament d&#8217;aquest cient\u00edfic.<br>Els textos recopilats comprenen articles, intervencions i cartes en qu\u00e8 Einstein parla de temes socials, filos\u00f2fics, pol\u00edtics i tamb\u00e9 cient\u00edfics, un llibre imprescindible per entendre una \u00e8poca i un dels seus personatges determinants.<\/p>\n\n\n\n<p>Agra\u00efm la iniciativa d&#8217;aquesta presentaci\u00f3 a <a href=\"https:\/\/velesiventsedicions.cat\/\" target=\"_blank\" rel=\"noreferrer noopener\">Veles i Vents Edicions<\/a> que, amb la seva col\u00b7lecci\u00f3 \u00abMestres d\u2019aixa\u00bb, volen omplir el buit en el llibre d&#8217;assaig en catal\u00e0 amb obres de grans personalitats dins del seu camp.<\/p>\n\n\n\n<p><strong>En acabar l&#8217;acte, es sortejar\u00e0 un exemplar del llibre presentat entre el p\u00fablic assistent.<\/strong><\/p>\n\n\n\n<p><em>A c\u00e0rrec de:<\/em><\/p>\n\n\n\n<ul class=\"wp-block-list\">\n<li><strong>Anna May<\/strong> <em>(editora de Veles i Vents Edicions)<\/em><\/li>\n\n\n\n<li><strong>Xavier Roqu\u00e9<\/strong> <em>(membre de l&#8217;Institut d&#8217;Hist\u00f2ria de la Ci\u00e8ncia i professor del Departament de Filosofia de la UAB)<\/em><\/li>\n<\/ul>\n<\/details>\n\n\n\n<details class=\"wp-block-details is-layout-flow wp-block-details-is-layout-flow\"><summary>Dimecres 25 de mar\u00e7 de 2026, 13h: Confer\u00e8ncia &#8220;Conservaci\u00f3n vs Zoos: \u00bfpuede la cautividad ayudar a la conservaci\u00f3n de especies?&#8221;<\/summary>\n<p><a href=\"https:\/\/www.youtube.com\/watch?v=tlKQN3L5APw\" target=\"_blank\" rel=\"noreferrer noopener\">\ud83c\udf9e <\/a><a href=\"https:\/\/www.youtube.com\/watch?v=3hFETzu6STg\" target=\"_blank\" rel=\"noreferrer noopener\">Veure la confer\u00e8ncia en YouTube<\/a><\/p>\n\n\n\n<p>Qu\u00e8 s&#8217;amaga rere les portes dels zool\u00f2gics?<br>S\u00f3n realment espais de conservaci\u00f3, educaci\u00f3, investigaci\u00f3 i benestar animal?<br>Mirarem de con\u00e8ixer la realitat a partir de l&#8217;experi\u00e8ncia d&#8217;un veterinari que, a m\u00e9s, \u00e9s especialista en aquest tipus d&#8217;instal\u00b7lacions i, tamb\u00e9, en aquaris.<\/p>\n\n\n\n<p><em>A c\u00e0rrec de:<\/em><br><strong>David Perpi\u00f1\u00e1n <\/strong><em>(Veterinari)<\/em><br><\/p>\n\n\n\n<p><\/p>\n<\/details>\n\n\n\n<details class=\"wp-block-details is-layout-flow wp-block-details-is-layout-flow\"><summary>Dimarts 24 de mar\u00e7 de 2026, 13h: Xerrada informativa expr\u00e9s &#8220;\u00das responsable de la IA en els teus treballs acad\u00e8mics&#8221;<\/summary>\n<p><a href=\"https:\/\/www.youtube.com\/watch?v=tlKQN3L5APw\" target=\"_blank\" rel=\"noreferrer noopener\">\ud83c\udf9e <\/a><a href=\"https:\/\/www.youtube.com\/watch?v=rMu278V99kw\" target=\"_blank\" rel=\"noreferrer noopener\">Veure la confer\u00e8ncia en YouTube<\/a><\/p>\n\n\n\n<p>El nostre especialista en IA, <strong>Dami\u00e0 Gil<\/strong>, far\u00e0 una xerrada informativa expr\u00e9s (30 minuts) sobre l&#8217;\u00fas responsable de la intel\u00b7lig\u00e8ncia artifical. Ser\u00e0 una sessi\u00f3 r\u00e0pida, pr\u00e0ctica i plena de trucs que et poden estalviar temps i ajudar-te a fer millors treballs acad\u00e8mics.<br>Tractar\u00e0 q\u00fcestions claus com:<br>* La IA com a copilot<br>* Qui \u00e9s l\u2019autor\/a<br>* \u00das responsable<br>* Prompts i NotrebookLM<br>* Declaraci\u00f3 d\u2019\u00fas<\/p>\n\n\n\n<p>Vine, escolta i treu-ne profit!.<\/p>\n\n\n\n<p><em>A c\u00e0rrec de:<\/em><br><strong>Dami\u00e0 Gil <\/strong><em>(Bibliotecari de la Biblioteca de Ci\u00e8ncia i Tecnologia, Servei de Biblioteques UAB)<\/em><br><\/p>\n\n\n\n<p><\/p>\n<\/details>\n\n\n\n<details class=\"wp-block-details is-layout-flow wp-block-details-is-layout-flow\"><summary>Dimarts 17 de mar\u00e7 de 2026, 13h: Confer\u00e8ncia &#8220;Els singn\u00e0tids del Mediterrani, molt m\u00e9s que cavallets de mar&#8221;<\/summary>\n<p><a href=\"https:\/\/www.youtube.com\/watch?v=tlKQN3L5APw\" target=\"_blank\" rel=\"noreferrer noopener\">\ud83c\udf9e <\/a><a href=\"https:\/\/www.youtube.com\/watch?v=61p4dmFtq30\" target=\"_blank\" rel=\"noreferrer noopener\">Veure la confer\u00e8ncia en YouTube<\/a><\/p>\n\n\n\n<p>Un cop m\u00e9s cedim els aparadors de la Biblioteca per exposar el treball de recerca d&#8217;un grup d&#8217;alumnes de 4t de Biologia Ambiental de l&#8217;assignatura d&#8217;Ictiologia de la professora Anna Soler Membrives (Facultat de Bioci\u00e8ncies).<br>Enguany toca con\u00e8ixer els cavallets de mar i els peixos agulla tamb\u00e9 amb aquesta confer\u00e8ncia!<\/p>\n\n\n\n<p><em>A c\u00e0rrec de:<\/em><br><strong>Singn\u00e0tides<\/strong> (Xiang Martin, Alba Piris, Alaitz Meiyue Azcona, D\u00e8lia Mirabet i Maria Ibarz)<br><\/p>\n\n\n\n<p><\/p>\n<\/details>\n\n\n\n<details class=\"wp-block-details is-layout-flow wp-block-details-is-layout-flow\"><summary>Dimarts 10 de mar\u00e7 de 2026, 13h: Presentaci\u00f3 del llibre \u201cCanvi global. Crisi ecosocial i perspectives futures&#8221;<\/summary>\n<p><a href=\"https:\/\/www.youtube.com\/watch?v=tlKQN3L5APw\" target=\"_blank\" rel=\"noreferrer noopener\">\ud83c\udf9e <\/a><a href=\"https:\/\/www.youtube.com\/watch?v=_KbnU7iNlG4\" target=\"_blank\" rel=\"noreferrer noopener\">Veure la confer\u00e8ncia en YouTube<\/a><\/p>\n\n\n\n<p>En un moment decisiu per al canvi global contemporani, el llibre col\u00b7lectiu <strong><a href=\"https:\/\/bibcercador.uab.cat\/permalink\/34CSUC_UAB\/14ej3l4\/cdi_univbarcelona_dspace_oai_diposit_ub_edu_2445_224499\" target=\"_blank\" rel=\"noreferrer noopener\">Canvi global: crisi ecosocial i perspectives de futur<\/a><\/strong> explica les claus per comprendre i afrontar les r\u00e0pides transformacions del m\u00f3n en qu\u00e8 vivim: des dels desafiaments clim\u00e0tics fins als reptes que plantegen, a escala planet\u00e0ria, problemes com la p\u00e8rdua de la biodiversitat, l\u2019escassetat de recursos o la urbanitzaci\u00f3 accelerada.<br>Hi conversarem al respecte amb dos dels seus editors.<\/p>\n\n\n\n<p><em>A c\u00e0rrec de:<\/em><br><strong>Carles Barriocanal<\/strong> <em>(Professor de Geografia a la UB i membre del grup de recerca <a href=\"https:\/\/www.ub.edu\/antalp\/\" target=\"_blank\" rel=\"noreferrer noopener\">Antarctic, Arctic and Alpine Environment<\/a> (ANTALP))<\/em><br><strong>Jordi Mart\u00edn-D\u00edaz<\/strong> <em>(Professor de Geografia a la UB i membre, tamb\u00e9, del grup ANTALP)<\/em><br><\/p>\n\n\n\n<p><\/p>\n<\/details>\n\n\n\n<details class=\"wp-block-details is-layout-flow wp-block-details-is-layout-flow\"><summary>Dijous 26 de febrer de 2026, 13h: Presentaci\u00f3 del llibre \u201cParadojas de la experimentaci\u00f3n en animales\u201d <\/summary>\n<p><a href=\"https:\/\/www.youtube.com\/watch?v=tlKQN3L5APw\" target=\"_blank\" rel=\"noreferrer noopener\">\ud83c\udf9e Veure la confer\u00e8ncia en YouTube<\/a><\/p>\n\n\n\n<p>Es pot justificar \u00e8ticament l&#8217;experimentaci\u00f3 cient\u00edfica en animals?<br>Aquesta q\u00fcesti\u00f3 planteja interrogants filos\u00f2fics de gran import\u00e0ncia, ja que ens condueix a preguntar-nos quin \u00e9s el prop\u00f2sit de la investigaci\u00f3 cient\u00edfica, en quina mesura l&#8217;\u00e8tica hauria de guiar la ci\u00e8ncia i per qu\u00e8 els \u00e9ssers humans ens considerem a nosaltres mateixos m\u00e9s valuosos que a la resta d&#8217;animals.<\/p>\n\n\n\n<p>Amb la presentaci\u00f3 del llibre <strong><a href=\"https:\/\/bibcercador.uab.cat\/permalink\/34CSUC_UAB\/9t830t\/alma991011224548906709\" target=\"_blank\" rel=\"noreferrer noopener\">Paradojas de la experimentaci\u00f3n en animales : \u00e9tica, salud y crisis ecol\u00f3gica<\/a><\/strong>, de la professora Marta Tafalla, intentarem donar-los resposta.<\/p>\n\n\n\n<p><em>A c\u00e0rrec de<\/em>:<br><strong>Marta Tafalla Gonz\u00e1lez<\/strong> <em>(autora del llibre i professora del Departament de Filosofia de la UAB)<\/em><br><\/p>\n\n\n\n<p><\/p>\n<\/details>\n\n\n\n<details class=\"wp-block-details is-layout-flow wp-block-details-is-layout-flow\"><summary>Dimecres 10 de desembre de 2025, 13h: Votacions i eleccions. Podr\u00edem fer-ho millor!<\/summary>\n<p>\ud83c\udf9e <a href=\"https:\/\/www.youtube.com\/watch?v=sMSjaIcE9c4\" target=\"_blank\" rel=\"noreferrer noopener\">Veure la confer\u00e8ncia en YouTube<\/a><\/p>\n\n\n\n<p>Aprofitant l\u2019exposici\u00f3 <a href=\"https:\/\/ddd.uab.cat\/record\/322520\" target=\"_blank\" rel=\"noreferrer noopener\">Votacions i eleccions. Podr\u00edem fer-ho millor!<\/a>, feta per Xavier Mora i Rosa Camps del Departament de Matem\u00e0tiques de la UAB i que es pot veure a la Biblioteca de Ci\u00e8ncia i Tecnologia, coneixerem de primera m\u00e0 la problem\u00e0tica que envolta els m\u00e8todes de votaci\u00f3 per a prendre decisions col\u00b7lectives i els m\u00e8todes d&#8217;elecci\u00f3 d&#8217;\u00f2rgans de representaci\u00f3.<\/p>\n\n\n\n<p><em>A c\u00e0rrec de:<\/em><\/p>\n\n\n\n<ul class=\"wp-block-list\">\n<li><strong>Xavier Mora<\/strong> <em>(professor honorari del Departament de Matem\u00e0tiques, UAB)<\/em><\/li>\n\n\n\n<li><strong>Rosa Camps<\/strong> <em>(professora del Departament de Matem\u00e0tiques, UAB)<\/em> <\/li>\n<\/ul>\n\n\n\n<p><\/p>\n<\/details>\n\n\n\n<details class=\"wp-block-details is-layout-flow wp-block-details-is-layout-flow\"><summary>Dijous 4 de desembre de 2025, 13h: Garraf en mar: exploraci\u00f3 dels recursos marins per entendre i protegir la costa del Garraf<\/summary>\n<p>\ud83c\udf9e <a href=\"https:\/\/www.youtube.com\/watch?v=_u_W0Ocpw20\" target=\"_blank\" rel=\"noreferrer noopener\">Veure la confer\u00e8ncia en YouTube<\/a><\/p>\n\n\n\n<p>Aquesta confer\u00e8ncia ens permetr\u00e0 con\u00e8ixer el projecte <a href=\"https:\/\/www.uab.cat\/web\/detall-de-noticia\/garraf-en-mar-exploracio-dels-recursos-marins-per-entendre-i-protegir-la-costa-del-garraf-1345469002000.html?noticiaid=1345949215426\" target=\"_blank\" rel=\"noreferrer noopener\">GARRAF EN MAR: Avaluaci\u00f3 de l\u2019estat de salut dels recursos pesquers i caracteritzaci\u00f3 ecol\u00f2gica de l\u2019Espai Mar\u00ed de les Costes del Garraf i Plana del Foix<\/a>, que vol aprofundir en el coneixement adequat dels recursos naturals i la caracteritzaci\u00f3 dels seus h\u00e0bitats per tal de prendre decisions de gesti\u00f3 basades en el coneixement cient\u00edfic.<br>El projecte est\u00e0 desenvolupat pel grup de recerca en <strong>Salut d\u2019Ecosistemes i Animals Aqu\u00e0tics de la UAB (SEAaq-UAB)<\/strong>.<\/p>\n\n\n\n<p><em>A c\u00e0rrec de:<\/em><br><strong>Anna Soler Membrives<\/strong> <em>(Professora del Departament de Biologia Animal, Biologia Vegetal i Ecologia de la Facultat de Bioci\u00e8ncies, UAB)<\/em><br><strong>Sara Dallar\u00e9s Villar<\/strong> <em>(Professora del Departament de Biologia Animal, Biologia Vegetal i Ecologia de la Facultat de Bioci\u00e8ncies, UAB)<\/em><\/p>\n<\/details>\n\n\n\n<details class=\"wp-block-details is-layout-flow wp-block-details-is-layout-flow\"><summary>Dijous 27 de novembre de 2025, 18h: Presentaci\u00f3 EN L\u00edNIA del llibre \u201cBiometr\u00eda de un encuentro\u201d<\/summary>\n<p>\ud83c\udf9e <a href=\"https:\/\/www.youtube.com\/watch?v=uPFRX42FSuQ\" target=\"_blank\" rel=\"noreferrer noopener\">Veure la confer\u00e8ncia en YouTube<\/a><\/p>\n\n\n\n<p>El llibre <strong><a href=\"https:\/\/bibcercador.uab.cat\/permalink\/34CSUC_UAB\/1eqfv2p\/alma991011201906806709\" target=\"_blank\" rel=\"noreferrer noopener\">Biometr\u00eda de un encuentro<\/a><\/strong> s&#8217;est\u00e0 convertint en un supervendes entre els observadors d&#8217;ocells, que tracta justament sobre ells, explicant les impressions del seu autor, Carlos Lozano, despr\u00e9s de trobar-se al camp amb un total de 40 apassionats per aquesta activitat.<br>Animem a les persones assistents a parlar amb l&#8217;autor i el moderador en una conversa col\u00b7lectiva!<\/p>\n\n\n\n<p><em>A c\u00e0rrec de:<\/em><br><strong>Carlos Lozano<\/strong>, autor <em>(Professor al Colegio Santo \u00c1ngel British School de Madrid)<\/em><br><strong>Jos\u00e9 Luis Copete<\/strong>, moderador <em>(Gestor Suport d\u2019Usuaris de la BCT i ocellaire)<\/em><\/p>\n\n\n\n<p><\/p>\n<\/details>\n\n\n\n<details class=\"wp-block-details is-layout-flow wp-block-details-is-layout-flow\"><summary>Dijous 13 de novembre de 2025, 13h: La recerca a la UAB en videojocs<\/summary>\n<p>\ud83c\udf9e <a href=\"https:\/\/www.youtube.com\/watch?v=_QuWoTMH2m0\" target=\"_blank\" rel=\"noreferrer noopener\">Veure la confer\u00e8ncia en YouTube<\/a><\/p>\n\n\n\n<p>Aprofitant l&#8217;exposici\u00f3 <a href=\"https:\/\/ddd.uab.cat\/record\/321061\" target=\"_blank\" rel=\"noreferrer noopener\">Start Game: els videojocs a la UAB<\/a> de la Biblioteca de Ci\u00e8ncia i Tecnologia, volem con\u00e8ixer de primera m\u00e0 la recerca que du a terme el <strong>Grup d&#8217;Inter\u00e8s en Videojocs <\/strong>de la UAB. I quatre dels seus membres ens explicaran aspectes relacionats amb la localitzaci\u00f3 i l\u2019accessibilitat dels videojocs, el disseny \u00e8tic dels sistemes d\u2019IA, i l&#8217;\u00fas que se&#8217;n fa per ensenyar matem\u00e0tiques a l&#8217;escola o a usar una c\u00e0mera de televisi\u00f3 entre l&#8217;alumnat de Ci\u00e8ncies de la Comunicaci\u00f3.<\/p>\n\n\n\n<p><em>A c\u00e0rrec de:<\/em><\/p>\n\n\n\n<ul class=\"wp-block-list\">\n<li>Dr. <strong>Llu\u00eds Albarrac\u00edn<\/strong> <em>(Departament de Did\u00e0ctica de la Matem\u00e0tica i de les Ci\u00e8ncies Experimentals, Facultat de Ci\u00e8ncies de l&#8217;Educaci\u00f3, UAB)<\/em>. <strong>T\u00edtol de la seva presentaci\u00f3: &#8220;Jugar a videojocs, aprendre matem\u00e0tiques, conquerir el m\u00f3n!&#8221;<\/strong>.<\/li>\n\n\n\n<li>Dra. <strong>Pilar Dellunde<\/strong> <em>(Departament de Filosofia, Facultat de Filosofia i Lletres, UAB)<\/em>. <strong>T\u00edtol de la seva presentaci\u00f3: &#8220;La introducci\u00f3 de la IA en els videojocs: nous reptes \u00e8tics&#8221;<\/strong>.<\/li>\n\n\n\n<li>Dra. <strong>Carme Mangiron<\/strong> <em>(Departament de Traducci\u00f3 i d&#8217;Interpretaci\u00f3 i d&#8217;Estudis de l&#8217;\u00c0sia Oriental, Facultat de Traducci\u00f3 i d&#8217;Interpretaci\u00f3, UAB)<\/em>. <strong>T\u00edtol de la seva presentaci\u00f3: &#8220;La recerca en videojocs de TransMedia Catalonia&#8221;<\/strong>.<\/li>\n\n\n\n<li>Dr. <strong>Francesc Xavier Ribes<\/strong> <em>(Departament de Comunicaci\u00f3 Audiovisual i Publicitat, Facultat de Ci\u00e8ncies de la Comunicaci\u00f3, UAB)<\/em>. <strong>T\u00edtol de la seva presentaci\u00f3: &#8220;Plat\u00f3 Virtual: una eina per consolidar aprenentatges&#8221;<\/strong>.<\/li>\n<\/ul>\n\n\n\n<p><\/p>\n<\/details>\n\n\n\n<details class=\"wp-block-details is-layout-flow wp-block-details-is-layout-flow\"><summary>Dimarts 4 de novembre de 2025, 13h: Els enginyers tamb\u00e9 fem videojocs! Els videojocs a l&#8217;Escola d&#8217;Enginyeria<\/summary>\n<p>\ud83c\udf9e <a href=\"https:\/\/www.youtube.com\/watch?v=MOdLOuYaL1M\" target=\"_blank\" rel=\"noreferrer noopener\">Veure la confer\u00e8ncia en YouTube<\/a><\/p>\n\n\n\n<p>Aprofitant l&#8217;exposici\u00f3 <a href=\"https:\/\/ddd.uab.cat\/record\/321061\" target=\"_blank\" rel=\"noreferrer noopener\">Start Game: els videojocs a la UAB<\/a> de la Biblioteca de Ci\u00e8ncia i Tecnologia, coneixerem de primera m\u00e0 la doc\u00e8ncia que sobre videojocs es fa a l&#8217;Escola d&#8217;Enginyeria gr\u00e0cies al professor Enric Mart\u00ed G\u00f2dia, del Departament de Ci\u00e8ncies de la Computaci\u00f3.<br>I, per altra banda, dos antics alumnes de l&#8217;Escola vindran a explicar-nos la seva experi\u00e8ncia en videojocs, tant durant els estudis com ara a nivell professional.<\/p>\n\n\n\n<p><em>A c\u00e0rrec de:<\/em><\/p>\n\n\n\n<ul class=\"wp-block-list\">\n<li><strong>Enric Mart\u00ed G\u00f2dia<\/strong> <em>(professor del Departament de Ci\u00e8ncies de la Computaci\u00f3 de l\u2019Escola d\u2019Enginyeria, UAB)<\/em><\/li>\n\n\n\n<li><strong>Carlos Ad\u00e1n L\u00f3pez<\/strong> <em>(Ex-alumne del M\u00e0ster en Creaci\u00f3 de Videojocs UAB, Unity Developer i Game Designer en Save Games Studi<\/em>o<em>)<\/em><\/li>\n\n\n\n<li><strong>Levani Makharashvili<\/strong> <em>(Ex-alumne del Grau en Enginyeria Inform\u00e0tica UAB i Unity 3D Developer)<\/em><\/li>\n<\/ul>\n\n\n\n<p><\/p>\n<\/details>\n\n\n\n<details class=\"wp-block-details is-layout-flow wp-block-details-is-layout-flow\"><summary>Dijous 16 d&#8217;octubre de 2025, 13h: Abecedari de la qu\u00e0ntica<\/summary>\n<p>\ud83c\udf9e <a href=\"https:\/\/youtu.be\/yj_RxRenIQM\" target=\"_blank\" rel=\"noreferrer noopener\">Veure la confer\u00e8ncia en YouTube<\/a><\/p>\n\n\n\n<p>Aprofitant que la Biblioteca i el <a href=\"https:\/\/webs.uab.cat\/giq\/\" target=\"_blank\" rel=\"noreferrer noopener\">Grup d&#8217;Informaci\u00f3 Qu\u00e0ntica<\/a> (GIQ) de la UAB hem organitzat una exposici\u00f3 per a celebrar l&#8217;<strong>Any Internacional de la Ci\u00e8ncia i la Tecnologia Qu\u00e0ntiques<\/strong> (IYQ) 2025, us proposem un recorregut pels 100 anys transcorreguts des del desenvolupament inicial de la mec\u00e0nica qu\u00e0ntica i fins als nostres dies.<\/p>\n\n\n\n<p><em>A c\u00e0rrec de:<\/em><br><strong>Dr. Xavier Roqu\u00e9<\/strong> (Institut d\u2019Hist\u00f2ria de la Ci\u00e8ncia)<\/p>\n<\/details>\n\n\n\n<details class=\"wp-block-details is-layout-flow wp-block-details-is-layout-flow\"><summary>Dimarts 7 d&#8217;octubre de 2025, 13h: Riscos per a la salut dels micro- i nanopl\u00e0stics<\/summary>\n<p>\ud83c\udf9e<strong><a href=\"https:\/\/www.youtube.com\/watch?v=lBSGcajSB8g\" target=\"_blank\" rel=\"noreferrer noopener\">Veure la confer\u00e8ncia en YouTube<\/a><\/strong><\/p>\n\n\n\n<p>A finals del 2024, una investigaci\u00f3 de la UAB va aconseguir caracteritzar detalladament <a href=\"https:\/\/www.uab.cat\/web\/sala-de-premsa\/detall-noticia\/les-bossetes-de-te-comercials-alliberen-milions-de-microplastics-durant-l-us-1345829508832.html?detid=1345940427095\" target=\"_blank\" rel=\"noreferrer noopener\">com les bossetes de te comercials basades en pol\u00edmers alliberen a la infusi\u00f3 milions de micro- i nanopl\u00e0stics<\/a>.<br>I al mar\u00e7 del 2025, vam saber que <a href=\"https:\/\/www.uab.cat\/web\/sala-de-premsa\/detall-noticia\/un-projecte-pioner-liderat-per-la-uab-revela-els-riscos-dels-micro-i-nanoplastics-per-a-la-salut-humana-1345829508832.html?detid=1345948461434\" target=\"_blank\" rel=\"noreferrer noopener\">aquestes formes petites i invisibles de contaminaci\u00f3 pl\u00e0stica representen un risc per a la salut humana<\/a>. Aix\u00ed es recull a les conclusions del projecte europeu PlasticHeal, coordinat per la UAB.<br>Quins s\u00f3n aquests riscos?<\/p>\n\n\n\n<p><em>A c\u00e0rrec de:<\/em><br><strong>Dra. Alba Hern\u00e1ndez Bonilla<\/strong> (L\u00edder del UAB-Mutagenesis research group i Directora del Departament de Gen\u00e8tica i de Microbiologia de la UAB)<\/p>\n<\/details>\n\n\n\n<p><\/p>\n","protected":false},"excerpt":{"rendered":"<p>La Biblioteca de Ci\u00e8ncia i Tecnologia organitza activitats divulgatives a l&#8217;Espai BCT des del 2022 amb la intenci\u00f3 d\u2019omplir de coneixement els migdies del campus UAB. El curs passat 2024-25, la nostra oferta es va cohesionar sota el nom gen\u00e8ric de La Tarima de la BCT aconseguint reunir 433 persones al llarg de les 14 [&hellip;]<\/p>\n","protected":false},"author":131,"featured_media":0,"parent":0,"menu_order":0,"comment_status":"closed","ping_status":"closed","template":"","meta":{"footnotes":""},"class_list":["post-1740","page","type-page","status-publish","hentry"],"_links":{"self":[{"href":"https:\/\/webs.uab.cat\/bctot\/wp-json\/wp\/v2\/pages\/1740","targetHints":{"allow":["GET"]}}],"collection":[{"href":"https:\/\/webs.uab.cat\/bctot\/wp-json\/wp\/v2\/pages"}],"about":[{"href":"https:\/\/webs.uab.cat\/bctot\/wp-json\/wp\/v2\/types\/page"}],"author":[{"embeddable":true,"href":"https:\/\/webs.uab.cat\/bctot\/wp-json\/wp\/v2\/users\/131"}],"replies":[{"embeddable":true,"href":"https:\/\/webs.uab.cat\/bctot\/wp-json\/wp\/v2\/comments?post=1740"}],"version-history":[{"count":99,"href":"https:\/\/webs.uab.cat\/bctot\/wp-json\/wp\/v2\/pages\/1740\/revisions"}],"predecessor-version":[{"id":2798,"href":"https:\/\/webs.uab.cat\/bctot\/wp-json\/wp\/v2\/pages\/1740\/revisions\/2798"}],"wp:attachment":[{"href":"https:\/\/webs.uab.cat\/bctot\/wp-json\/wp\/v2\/media?parent=1740"}],"curies":[{"name":"wp","href":"https:\/\/api.w.org\/{rel}","templated":true}]}}