{"id":2114,"date":"2025-05-23T10:05:51","date_gmt":"2025-05-23T08:05:51","guid":{"rendered":"https:\/\/webs.uab.cat\/bctot\/?page_id=2114"},"modified":"2026-01-29T17:13:34","modified_gmt":"2026-01-29T15:13:34","slug":"bibliografia-de-curs","status":"publish","type":"page","link":"https:\/\/webs.uab.cat\/bctot\/bibliografia-de-curs\/","title":{"rendered":"Bibliografia de curs"},"content":{"rendered":"\n<div class=\"wp-block-columns is-layout-flex wp-container-core-columns-is-layout-9d6595d7 wp-block-columns-is-layout-flex\">\n<div class=\"wp-block-column is-layout-flow wp-block-column-is-layout-flow\">\n<div class=\"wp-block-buttons is-layout-flex wp-block-buttons-is-layout-flex\">\n<div class=\"wp-block-button\"><a class=\"wp-block-button__link has-vivid-cyan-blue-to-vivid-purple-gradient-background has-background wp-element-button\" href=\"https:\/\/webs.uab.cat\/bctot\/bibliografia-de-curs-de-ciencies\" target=\"_blank\" rel=\"noreferrer noopener\">facultat de ci\u00e8ncies<\/a><\/div>\n<\/div>\n<\/div>\n\n\n\n<div class=\"wp-block-column is-layout-flow wp-block-column-is-layout-flow\">\n<div class=\"wp-block-buttons is-layout-flex wp-block-buttons-is-layout-flex\">\n<div class=\"wp-block-button\"><a class=\"wp-block-button__link has-electric-grass-gradient-background has-background wp-element-button\" href=\"https:\/\/webs.uab.cat\/bctot\/bibliografia-de-curs-de-biociencies\" target=\"_blank\" rel=\"noreferrer noopener\">facultat de bioci\u00e8ncies<\/a><\/div>\n<\/div>\n<\/div>\n\n\n\n<div class=\"wp-block-column is-layout-flow wp-block-column-is-layout-flow\">\n<div class=\"wp-block-buttons is-layout-flex wp-block-buttons-is-layout-flex\">\n<div class=\"wp-block-button\"><a class=\"wp-block-button__link has-luminous-vivid-amber-to-luminous-vivid-orange-gradient-background has-background wp-element-button\" href=\"https:\/\/webs.uab.cat\/bctot\/bibliografia-de-curs-denginyeria\/\" target=\"_blank\" rel=\"noreferrer noopener\">escola d&#8217;enginyeria<\/a><\/div>\n<\/div>\n<\/div>\n<\/div>\n\n\n\n<p>En aquests enlla\u00e7os us presentem els accessos a les bibliografies de curs de les assignatures dels graus de la Facultat de Ci\u00e8ncies, de la Facultat de Bioci\u00e8ncies i de l&#8217;Escola d&#8217;Enginyeria, ordenades per graus i per cursos.<\/p>\n\n\n\n<p>Aquestes bibliografies estan enlla\u00e7ades al Cat\u00e0leg de les Biblioteques i s&#8217;actualitzen constantment quan arriben nous documents recomanats.<\/p>\n\n\n\n<p>Podeu fer consultes i suggeriments a <strong>bib.ciencia.tecnologia@uab.cat<\/strong><\/p>\n","protected":false},"excerpt":{"rendered":"<p>En aquests enlla\u00e7os us presentem els accessos a les bibliografies de curs de les assignatures dels graus de la Facultat de Ci\u00e8ncies, de la Facultat de Bioci\u00e8ncies i de l&#8217;Escola d&#8217;Enginyeria, ordenades per graus i per cursos. Aquestes bibliografies estan enlla\u00e7ades al Cat\u00e0leg de les Biblioteques i s&#8217;actualitzen constantment quan arriben nous documents recomanats. Podeu [&hellip;]<\/p>\n","protected":false},"author":48,"featured_media":0,"parent":0,"menu_order":0,"comment_status":"closed","ping_status":"closed","template":"","meta":{"footnotes":""},"class_list":["post-2114","page","type-page","status-publish","hentry"],"_links":{"self":[{"href":"https:\/\/webs.uab.cat\/bctot\/wp-json\/wp\/v2\/pages\/2114","targetHints":{"allow":["GET"]}}],"collection":[{"href":"https:\/\/webs.uab.cat\/bctot\/wp-json\/wp\/v2\/pages"}],"about":[{"href":"https:\/\/webs.uab.cat\/bctot\/wp-json\/wp\/v2\/types\/page"}],"author":[{"embeddable":true,"href":"https:\/\/webs.uab.cat\/bctot\/wp-json\/wp\/v2\/users\/48"}],"replies":[{"embeddable":true,"href":"https:\/\/webs.uab.cat\/bctot\/wp-json\/wp\/v2\/comments?post=2114"}],"version-history":[{"count":15,"href":"https:\/\/webs.uab.cat\/bctot\/wp-json\/wp\/v2\/pages\/2114\/revisions"}],"predecessor-version":[{"id":2739,"href":"https:\/\/webs.uab.cat\/bctot\/wp-json\/wp\/v2\/pages\/2114\/revisions\/2739"}],"wp:attachment":[{"href":"https:\/\/webs.uab.cat\/bctot\/wp-json\/wp\/v2\/media?parent=2114"}],"curies":[{"name":"wp","href":"https:\/\/api.w.org\/{rel}","templated":true}]}}