{"id":2188,"date":"2025-05-29T20:12:47","date_gmt":"2025-05-29T18:12:47","guid":{"rendered":"https:\/\/webs.uab.cat\/bctot\/?page_id=2188"},"modified":"2025-09-26T18:34:27","modified_gmt":"2025-09-26T16:34:27","slug":"bct-al-dia","status":"publish","type":"page","link":"https:\/\/webs.uab.cat\/bctot\/","title":{"rendered":"Els nostres imprescindibles"},"content":{"rendered":"\n<div class=\"wp-block-columns is-layout-flex wp-container-core-columns-is-layout-9d6595d7 wp-block-columns-is-layout-flex\">\n<div class=\"wp-block-column is-layout-flow wp-block-column-is-layout-flow\">\n<figure class=\"wp-block-image size-full\"><a href=\"https:\/\/webs.uab.cat\/cienciaxllegir\/\" target=\"_blank\" rel=\" noreferrer noopener\"><img loading=\"lazy\" decoding=\"async\" width=\"500\" height=\"500\" src=\"https:\/\/webs.uab.cat\/bctot\/wp-content\/uploads\/sites\/90\/2025\/05\/CxL2.jpg\" alt=\"\" class=\"wp-image-2272\" srcset=\"https:\/\/webs.uab.cat\/bctot\/wp-content\/uploads\/sites\/90\/2025\/05\/CxL2.jpg 500w, https:\/\/webs.uab.cat\/bctot\/wp-content\/uploads\/sites\/90\/2025\/05\/CxL2-300x300.jpg 300w, https:\/\/webs.uab.cat\/bctot\/wp-content\/uploads\/sites\/90\/2025\/05\/CxL2-150x150.jpg 150w\" sizes=\"auto, (max-width: 500px) 100vw, 500px\" \/><\/a><figcaption class=\"wp-element-caption\"><strong>El nostre espai de divulgaci\u00f3 cient\u00edfica<\/strong><\/figcaption><\/figure>\n\n\n\n<figure class=\"wp-block-image size-full\"><a href=\"https:\/\/webs.uab.cat\/bctot\/butlleti\/\" target=\"_blank\" rel=\" noreferrer noopener\"><img loading=\"lazy\" decoding=\"async\" width=\"500\" height=\"500\" src=\"https:\/\/webs.uab.cat\/bctot\/wp-content\/uploads\/sites\/90\/2025\/05\/BUTLLETI2.jpg\" alt=\"\" class=\"wp-image-2277\" srcset=\"https:\/\/webs.uab.cat\/bctot\/wp-content\/uploads\/sites\/90\/2025\/05\/BUTLLETI2.jpg 500w, https:\/\/webs.uab.cat\/bctot\/wp-content\/uploads\/sites\/90\/2025\/05\/BUTLLETI2-300x300.jpg 300w, https:\/\/webs.uab.cat\/bctot\/wp-content\/uploads\/sites\/90\/2025\/05\/BUTLLETI2-150x150.jpg 150w\" sizes=\"auto, (max-width: 500px) 100vw, 500px\" \/><\/a><figcaption class=\"wp-element-caption\"><strong>L&#8217;actualitat mensual de la BCT<\/strong> <\/figcaption><\/figure>\n\n\n\n<figure class=\"wp-block-image size-full\"><a href=\"https:\/\/bibcercador.uab.cat\/discovery\/collectionDiscovery?vid=34CSUC_UAB:VU1&amp;inst=34CSUC_UAB&amp;collectionId=81227912490006709&amp;lang=ca\" target=\"_blank\" rel=\" noreferrer noopener\"><img loading=\"lazy\" decoding=\"async\" width=\"990\" height=\"636\" src=\"https:\/\/webs.uab.cat\/bctot\/wp-content\/uploads\/sites\/90\/2025\/05\/Sin-titulo-1.jpg\" alt=\"\" class=\"wp-image-2212\" srcset=\"https:\/\/webs.uab.cat\/bctot\/wp-content\/uploads\/sites\/90\/2025\/05\/Sin-titulo-1.jpg 990w, https:\/\/webs.uab.cat\/bctot\/wp-content\/uploads\/sites\/90\/2025\/05\/Sin-titulo-1-300x193.jpg 300w, https:\/\/webs.uab.cat\/bctot\/wp-content\/uploads\/sites\/90\/2025\/05\/Sin-titulo-1-768x493.jpg 768w\" sizes=\"auto, (max-width: 990px) 100vw, 990px\" \/><\/a><figcaption class=\"wp-element-caption\"><strong>Les col\u00b7leccions de la BCT<\/strong><\/figcaption><\/figure>\n<\/div>\n\n\n\n<div class=\"wp-block-column is-layout-flow wp-block-column-is-layout-flow\">\n<figure class=\"wp-block-image size-full\"><a href=\"https:\/\/webs.uab.cat\/bctot\/bibliografia-de-curs\/\"><img loading=\"lazy\" decoding=\"async\" width=\"500\" height=\"500\" src=\"https:\/\/webs.uab.cat\/bctot\/wp-content\/uploads\/sites\/90\/2025\/05\/BIBCURS2-1.jpg\" alt=\"\" class=\"wp-image-2282\" srcset=\"https:\/\/webs.uab.cat\/bctot\/wp-content\/uploads\/sites\/90\/2025\/05\/BIBCURS2-1.jpg 500w, https:\/\/webs.uab.cat\/bctot\/wp-content\/uploads\/sites\/90\/2025\/05\/BIBCURS2-1-300x300.jpg 300w, https:\/\/webs.uab.cat\/bctot\/wp-content\/uploads\/sites\/90\/2025\/05\/BIBCURS2-1-150x150.jpg 150w\" sizes=\"auto, (max-width: 500px) 100vw, 500px\" \/><\/a><figcaption class=\"wp-element-caption\"><strong>Tots els llibres recomanats disponibles a la BCT                         <\/strong><\/figcaption><\/figure>\n\n\n\n<figure class=\"wp-block-image size-full\"><a href=\"https:\/\/webs.uab.cat\/bctot\/la-tarima\/\" target=\"_blank\" rel=\" noreferrer noopener\"><img loading=\"lazy\" decoding=\"async\" width=\"500\" height=\"500\" src=\"https:\/\/webs.uab.cat\/bctot\/wp-content\/uploads\/sites\/90\/2025\/05\/LA-TARIMA.jpg\" alt=\"\" class=\"wp-image-2278\" srcset=\"https:\/\/webs.uab.cat\/bctot\/wp-content\/uploads\/sites\/90\/2025\/05\/LA-TARIMA.jpg 500w, https:\/\/webs.uab.cat\/bctot\/wp-content\/uploads\/sites\/90\/2025\/05\/LA-TARIMA-300x300.jpg 300w, https:\/\/webs.uab.cat\/bctot\/wp-content\/uploads\/sites\/90\/2025\/05\/LA-TARIMA-150x150.jpg 150w\" sizes=\"auto, (max-width: 500px) 100vw, 500px\" \/><\/a><figcaption class=\"wp-element-caption\"><strong>Cicle d&#8217;activitats a l&#8217;Espai BCT<\/strong><\/figcaption><\/figure>\n\n\n\n<figure class=\"wp-block-image size-full\"><a href=\"https:\/\/bsky.app\/search?q=%23Ci%C3%A8nciaiPoesia\" target=\"_blank\" rel=\" noreferrer noopener\"><img loading=\"lazy\" decoding=\"async\" width=\"300\" height=\"300\" src=\"https:\/\/webs.uab.cat\/bctot\/wp-content\/uploads\/sites\/90\/2023\/07\/bctot-tuits-cienciaipoesia2.jpg\" alt=\"\" class=\"wp-image-1584\" srcset=\"https:\/\/webs.uab.cat\/bctot\/wp-content\/uploads\/sites\/90\/2023\/07\/bctot-tuits-cienciaipoesia2.jpg 300w, https:\/\/webs.uab.cat\/bctot\/wp-content\/uploads\/sites\/90\/2023\/07\/bctot-tuits-cienciaipoesia2-150x150.jpg 150w\" sizes=\"auto, (max-width: 300px) 100vw, 300px\" \/><\/a><figcaption class=\"wp-element-caption\"><strong>La #CienciaiPoesia de cada dissabte<\/strong> (amb bsky)<\/figcaption><\/figure>\n<\/div>\n\n\n\n<div class=\"wp-block-column is-layout-flow wp-block-column-is-layout-flow\">\n<figure class=\"wp-block-image size-full\"><a href=\"https:\/\/webs.uab.cat\/bctot\/temes\/\" target=\"_blank\" rel=\" noreferrer noopener\"><img loading=\"lazy\" decoding=\"async\" width=\"500\" height=\"500\" src=\"https:\/\/webs.uab.cat\/bctot\/wp-content\/uploads\/sites\/90\/2025\/05\/INDEX_2.jpg\" alt=\"\" class=\"wp-image-2275\" srcset=\"https:\/\/webs.uab.cat\/bctot\/wp-content\/uploads\/sites\/90\/2025\/05\/INDEX_2.jpg 500w, https:\/\/webs.uab.cat\/bctot\/wp-content\/uploads\/sites\/90\/2025\/05\/INDEX_2-300x300.jpg 300w, https:\/\/webs.uab.cat\/bctot\/wp-content\/uploads\/sites\/90\/2025\/05\/INDEX_2-150x150.jpg 150w\" sizes=\"auto, (max-width: 500px) 100vw, 500px\" \/><\/a><figcaption class=\"wp-element-caption\"><strong>Totes les mat\u00e8ries de la BCT en una llista \u00fanica<\/strong><\/figcaption><\/figure>\n\n\n\n<figure class=\"wp-block-image size-full\"><a href=\"https:\/\/www.uab.cat\/ca\/biblioteques\/cat\/guies-tematiques\" target=\"_blank\" rel=\" noreferrer noopener\"><img loading=\"lazy\" decoding=\"async\" width=\"500\" height=\"500\" src=\"https:\/\/webs.uab.cat\/bctot\/wp-content\/uploads\/sites\/90\/2025\/05\/guies2.jpg\" alt=\"\" class=\"wp-image-2279\" srcset=\"https:\/\/webs.uab.cat\/bctot\/wp-content\/uploads\/sites\/90\/2025\/05\/guies2.jpg 500w, https:\/\/webs.uab.cat\/bctot\/wp-content\/uploads\/sites\/90\/2025\/05\/guies2-300x300.jpg 300w, https:\/\/webs.uab.cat\/bctot\/wp-content\/uploads\/sites\/90\/2025\/05\/guies2-150x150.jpg 150w\" sizes=\"auto, (max-width: 500px) 100vw, 500px\" \/><\/a><figcaption class=\"wp-element-caption\"><strong>Recursos d&#8217;informaci\u00f3 d&#8217;\u00e0mbit cient\u00edfic<\/strong><\/figcaption><\/figure>\n\n\n\n<figure class=\"wp-block-image size-large\"><a href=\"https:\/\/bsky.app\/hashtag\/InflatdeCi%C3%A8ncia?author=bctuab.bsky.social\" target=\"_blank\" rel=\" noreferrer noopener\"><img loading=\"lazy\" decoding=\"async\" width=\"1024\" height=\"1024\" src=\"https:\/\/webs.uab.cat\/bctot\/wp-content\/uploads\/sites\/90\/2025\/05\/temporada-6-quadrat-1-1024x1024.jpg\" alt=\"\" class=\"wp-image-2086\" srcset=\"https:\/\/webs.uab.cat\/bctot\/wp-content\/uploads\/sites\/90\/2025\/05\/temporada-6-quadrat-1-1024x1024.jpg 1024w, https:\/\/webs.uab.cat\/bctot\/wp-content\/uploads\/sites\/90\/2025\/05\/temporada-6-quadrat-1-300x300.jpg 300w, https:\/\/webs.uab.cat\/bctot\/wp-content\/uploads\/sites\/90\/2025\/05\/temporada-6-quadrat-1-150x150.jpg 150w, https:\/\/webs.uab.cat\/bctot\/wp-content\/uploads\/sites\/90\/2025\/05\/temporada-6-quadrat-1-768x768.jpg 768w, https:\/\/webs.uab.cat\/bctot\/wp-content\/uploads\/sites\/90\/2025\/05\/temporada-6-quadrat-1-1200x1200.jpg 1200w, https:\/\/webs.uab.cat\/bctot\/wp-content\/uploads\/sites\/90\/2025\/05\/temporada-6-quadrat-1.jpg 1472w\" sizes=\"auto, (max-width: 1024px) 100vw, 1024px\" \/><\/a><figcaption class=\"wp-element-caption\"><strong>Novetats estiuenques sobre #Divulgaci\u00f3Cient\u00edfica<\/strong> (amb bsky)<\/figcaption><\/figure>\n<\/div>\n<\/div>\n","protected":false},"excerpt":{"rendered":"","protected":false},"author":48,"featured_media":0,"parent":0,"menu_order":0,"comment_status":"closed","ping_status":"closed","template":"","meta":{"footnotes":""},"class_list":["post-2188","page","type-page","status-publish","hentry"],"_links":{"self":[{"href":"https:\/\/webs.uab.cat\/bctot\/wp-json\/wp\/v2\/pages\/2188","targetHints":{"allow":["GET"]}}],"collection":[{"href":"https:\/\/webs.uab.cat\/bctot\/wp-json\/wp\/v2\/pages"}],"about":[{"href":"https:\/\/webs.uab.cat\/bctot\/wp-json\/wp\/v2\/types\/page"}],"author":[{"embeddable":true,"href":"https:\/\/webs.uab.cat\/bctot\/wp-json\/wp\/v2\/users\/48"}],"replies":[{"embeddable":true,"href":"https:\/\/webs.uab.cat\/bctot\/wp-json\/wp\/v2\/comments?post=2188"}],"version-history":[{"count":56,"href":"https:\/\/webs.uab.cat\/bctot\/wp-json\/wp\/v2\/pages\/2188\/revisions"}],"predecessor-version":[{"id":2631,"href":"https:\/\/webs.uab.cat\/bctot\/wp-json\/wp\/v2\/pages\/2188\/revisions\/2631"}],"wp:attachment":[{"href":"https:\/\/webs.uab.cat\/bctot\/wp-json\/wp\/v2\/media?parent=2188"}],"curies":[{"name":"wp","href":"https:\/\/api.w.org\/{rel}","templated":true}]}}