{"id":2410,"date":"2025-07-07T18:58:14","date_gmt":"2025-07-07T16:58:14","guid":{"rendered":"https:\/\/webs.uab.cat\/bctot\/?page_id=2410"},"modified":"2025-07-07T19:01:07","modified_gmt":"2025-07-07T17:01:07","slug":"la-tarima-curs-academic-2023-2024","status":"publish","type":"page","link":"https:\/\/webs.uab.cat\/bctot\/la-tarima-curs-academic-2023-2024\/","title":{"rendered":"La Tarima, curs acad\u00e8mic 2023-2024"},"content":{"rendered":"\n<p>La Biblioteca de Ci\u00e8ncia i Tecnologia tanca les activitats a l&#8217;Espai BCT, per al curs 2023-2024, amb les seg\u00fcents dades:<\/p>\n\n\n\n<ul class=\"wp-block-list\">\n<li>15 presentacions<\/li>\n\n\n\n<li>al llarg de 9 mesos (d&#8217;octubre del 2023 al juny del 2024)<\/li>\n\n\n\n<li>amb 356 assistents, i<\/li>\n\n\n\n<li>una mitjana de 24 persones per acte<\/li>\n<\/ul>\n\n\n\n<p>Les 3 activitats amb m\u00e9s participaci\u00f3 han estat:<\/p>\n\n\n\n<p>\u2705Treballs del Taller de Modelitzaci\u00f3 Matem\u00e0tica: 44 assistents<br>\u2705Taller d&#8217;il\u00b7lustraci\u00f3 digital a c\u00e0rrec de Toni LLobet: 42 assistents<br>\u2705Presentaci\u00f3 de l&#8217;Atles d&#8217;ocells del Campus UAB: 38 assistents<\/p>\n\n\n\n<figure class=\"wp-block-image size-large\"><img loading=\"lazy\" decoding=\"async\" width=\"1024\" height=\"516\" src=\"https:\/\/webs.uab.cat\/bctot\/wp-content\/uploads\/sites\/90\/2025\/07\/latarima-23-24-foto02-1024x516.jpg\" alt=\"\" class=\"wp-image-2411\" srcset=\"https:\/\/webs.uab.cat\/bctot\/wp-content\/uploads\/sites\/90\/2025\/07\/latarima-23-24-foto02-1024x516.jpg 1024w, https:\/\/webs.uab.cat\/bctot\/wp-content\/uploads\/sites\/90\/2025\/07\/latarima-23-24-foto02-300x151.jpg 300w, https:\/\/webs.uab.cat\/bctot\/wp-content\/uploads\/sites\/90\/2025\/07\/latarima-23-24-foto02-768x387.jpg 768w, https:\/\/webs.uab.cat\/bctot\/wp-content\/uploads\/sites\/90\/2025\/07\/latarima-23-24-foto02.jpg 1200w\" sizes=\"auto, (max-width: 1024px) 100vw, 1024px\" \/><\/figure>\n\n\n\n<p>Les tem\u00e0tiques del total de 15 activitats programades son: <\/p>\n\n\n\n<ul class=\"wp-block-list\">\n<li>5 Presentacions per part de l&#8217;alumnat UAB<\/li>\n\n\n\n<li>2 Presentacions de llibres<\/li>\n\n\n\n<li>2 Dones i ci\u00e8ncia<\/li>\n\n\n\n<li>2 Ci\u00e8ncia i poesia<\/li>\n\n\n\n<li>1 I\u00b7lustraci\u00f3 cient\u00edfica<\/li>\n\n\n\n<li>1 Terratr\u00e8mols i matem\u00e0tiques<\/li>\n\n\n\n<li>1 Biblioteques<\/li>\n\n\n\n<li>1 Viquip\u00e8dia<\/li>\n<\/ul>\n\n\n\n<p>Les 5 presentacions fetes per l&#8217;alumnat de la UAB han aplegat 125 persones, el 35% del total d&#8217;assistents al conjunt d&#8217;activitats per aquest curs.<\/p>\n\n\n\n<p>\u2705La sobrepesca dels taurons<br>\u2705Un mar en canvi<br>\u2705Gu\u00eda de artr\u00f3podos del campus UAB<br>\u2705Treballs del Taller de Modelitzaci\u00f3 Matem\u00e0tica<br>\u2705AmfiCAT<\/p>\n\n\n\n<figure class=\"wp-block-image size-full\"><img loading=\"lazy\" decoding=\"async\" width=\"843\" height=\"1200\" src=\"https:\/\/webs.uab.cat\/bctot\/wp-content\/uploads\/sites\/90\/2025\/07\/latarima-23-24-foto04.jpg\" alt=\"\" class=\"wp-image-2413\" srcset=\"https:\/\/webs.uab.cat\/bctot\/wp-content\/uploads\/sites\/90\/2025\/07\/latarima-23-24-foto04.jpg 843w, https:\/\/webs.uab.cat\/bctot\/wp-content\/uploads\/sites\/90\/2025\/07\/latarima-23-24-foto04-211x300.jpg 211w, https:\/\/webs.uab.cat\/bctot\/wp-content\/uploads\/sites\/90\/2025\/07\/latarima-23-24-foto04-719x1024.jpg 719w, https:\/\/webs.uab.cat\/bctot\/wp-content\/uploads\/sites\/90\/2025\/07\/latarima-23-24-foto04-768x1093.jpg 768w\" sizes=\"auto, (max-width: 843px) 100vw, 843px\" \/><\/figure>\n\n\n\n<p>Volem agrair a les persones que han fet possible aquestes presentacions, i a les que hi han assistit, la seva participaci\u00f3.<\/p>\n\n\n\n<p>I gr\u00e0cies, tamb\u00e9, per fer-nos confian\u00e7a i per apostar per la divulgaci\u00f3 cient\u00edfica i pels continguts de qualitat.<\/p>\n","protected":false},"excerpt":{"rendered":"<p>La Biblioteca de Ci\u00e8ncia i Tecnologia tanca les activitats a l&#8217;Espai BCT, per al curs 2023-2024, amb les seg\u00fcents dades: Les 3 activitats amb m\u00e9s participaci\u00f3 han estat: \u2705Treballs del Taller de Modelitzaci\u00f3 Matem\u00e0tica: 44 assistents\u2705Taller d&#8217;il\u00b7lustraci\u00f3 digital a c\u00e0rrec de Toni LLobet: 42 assistents\u2705Presentaci\u00f3 de l&#8217;Atles d&#8217;ocells del Campus UAB: 38 assistents Les tem\u00e0tiques [&hellip;]<\/p>\n","protected":false},"author":131,"featured_media":0,"parent":0,"menu_order":0,"comment_status":"closed","ping_status":"closed","template":"","meta":{"footnotes":""},"class_list":["post-2410","page","type-page","status-publish","hentry"],"_links":{"self":[{"href":"https:\/\/webs.uab.cat\/bctot\/wp-json\/wp\/v2\/pages\/2410","targetHints":{"allow":["GET"]}}],"collection":[{"href":"https:\/\/webs.uab.cat\/bctot\/wp-json\/wp\/v2\/pages"}],"about":[{"href":"https:\/\/webs.uab.cat\/bctot\/wp-json\/wp\/v2\/types\/page"}],"author":[{"embeddable":true,"href":"https:\/\/webs.uab.cat\/bctot\/wp-json\/wp\/v2\/users\/131"}],"replies":[{"embeddable":true,"href":"https:\/\/webs.uab.cat\/bctot\/wp-json\/wp\/v2\/comments?post=2410"}],"version-history":[{"count":3,"href":"https:\/\/webs.uab.cat\/bctot\/wp-json\/wp\/v2\/pages\/2410\/revisions"}],"predecessor-version":[{"id":2416,"href":"https:\/\/webs.uab.cat\/bctot\/wp-json\/wp\/v2\/pages\/2410\/revisions\/2416"}],"wp:attachment":[{"href":"https:\/\/webs.uab.cat\/bctot\/wp-json\/wp\/v2\/media?parent=2410"}],"curies":[{"name":"wp","href":"https:\/\/api.w.org\/{rel}","templated":true}]}}