{"id":297,"date":"2017-05-24T10:40:39","date_gmt":"2017-05-24T08:40:39","guid":{"rendered":"http:\/\/blogs.uab.cat\/bctot\/?page_id=297"},"modified":"2026-03-25T20:33:46","modified_gmt":"2026-03-25T18:33:46","slug":"butlleti","status":"publish","type":"page","link":"https:\/\/webs.uab.cat\/bctot\/butlleti\/","title":{"rendered":"Butllet\u00ed Mar\u00e7 2026"},"content":{"rendered":"\n<p class=\"has-normal-font-size\"><\/p>\n\n\n\n<div class=\"wp-block-media-text alignwide is-stacked-on-mobile is-vertically-aligned-center has-small-font-size\" style=\"grid-template-columns:32% auto\"><figure class=\"wp-block-media-text__media\"><img loading=\"lazy\" decoding=\"async\" width=\"1024\" height=\"341\" src=\"https:\/\/webs.uab.cat\/bctot\/wp-content\/uploads\/sites\/90\/2026\/03\/69c15e968b59e7e838b12e0f-1024x341.jpg\" alt=\"\" class=\"wp-image-2789 size-full\" srcset=\"https:\/\/webs.uab.cat\/bctot\/wp-content\/uploads\/sites\/90\/2026\/03\/69c15e968b59e7e838b12e0f-1024x341.jpg 1024w, https:\/\/webs.uab.cat\/bctot\/wp-content\/uploads\/sites\/90\/2026\/03\/69c15e968b59e7e838b12e0f-300x100.jpg 300w, https:\/\/webs.uab.cat\/bctot\/wp-content\/uploads\/sites\/90\/2026\/03\/69c15e968b59e7e838b12e0f-768x256.jpg 768w, https:\/\/webs.uab.cat\/bctot\/wp-content\/uploads\/sites\/90\/2026\/03\/69c15e968b59e7e838b12e0f-1200x400.jpg 1200w, https:\/\/webs.uab.cat\/bctot\/wp-content\/uploads\/sites\/90\/2026\/03\/69c15e968b59e7e838b12e0f.jpg 1500w\" sizes=\"auto, (max-width: 1024px) 100vw, 1024px\" \/><\/figure><div class=\"wp-block-media-text__content\">\n<p class=\"has-normal-font-size\"><strong><strong><strong>Dues presentacions a\u00a0<a href=\"https:\/\/webs.uab.cat\/bctot\/la-tarima\/\" target=\"_blank\" rel=\"noreferrer noopener\"><strong>La Tarima<\/strong><\/a><\/strong><\/strong><\/strong><\/p>\n\n\n\n<p>El&nbsp;<strong>dimarts 24 de mar\u00e7 a les 13h<\/strong>, tindrem la xerrada informativa expr\u00e9s (30 minuts)&nbsp;<strong><em>\u00das responsable de la IA en els teus treballs acad\u00e8mics<\/em><\/strong>, per part de&nbsp;<strong>Dami\u00e0 Gil<\/strong>, especialista en IA de la BCT.<\/p>\n\n\n\n<p>I l&#8217;endem\u00e0,\u00a0<strong>dimecres 25 de mar\u00e7 a les 13h,\u00a0<em>Conservaci\u00f3n vs zoos: \u00bfpuede la cautividad ayudar a la conservaci\u00f3n de especies?<\/em><\/strong>, per part de\u00a0<strong>David Perpi\u00f1\u00e1<\/strong><strong>n<\/strong>, veterinari i especialista en zoos.<\/p>\n\n\n\n<p><\/p>\n<\/div><\/div>\n\n\n\n<hr class=\"wp-block-separator has-alpha-channel-opacity\" \/>\n\n\n\n<div class=\"wp-block-media-text alignwide is-stacked-on-mobile has-small-font-size\" style=\"grid-template-columns:32% auto\"><figure class=\"wp-block-media-text__media\"><img loading=\"lazy\" decoding=\"async\" width=\"1024\" height=\"576\" src=\"https:\/\/webs.uab.cat\/bctot\/wp-content\/uploads\/sites\/90\/2026\/03\/69c157938b59e7e838b12a1e-1024x576.jpg\" alt=\"\" class=\"wp-image-2790 size-full\" srcset=\"https:\/\/webs.uab.cat\/bctot\/wp-content\/uploads\/sites\/90\/2026\/03\/69c157938b59e7e838b12a1e-1024x576.jpg 1024w, https:\/\/webs.uab.cat\/bctot\/wp-content\/uploads\/sites\/90\/2026\/03\/69c157938b59e7e838b12a1e-300x169.jpg 300w, https:\/\/webs.uab.cat\/bctot\/wp-content\/uploads\/sites\/90\/2026\/03\/69c157938b59e7e838b12a1e-768x432.jpg 768w, https:\/\/webs.uab.cat\/bctot\/wp-content\/uploads\/sites\/90\/2026\/03\/69c157938b59e7e838b12a1e-1536x864.jpg 1536w, https:\/\/webs.uab.cat\/bctot\/wp-content\/uploads\/sites\/90\/2026\/03\/69c157938b59e7e838b12a1e-1200x675.jpg 1200w, https:\/\/webs.uab.cat\/bctot\/wp-content\/uploads\/sites\/90\/2026\/03\/69c157938b59e7e838b12a1e.jpg 1920w\" sizes=\"auto, (max-width: 1024px) 100vw, 1024px\" \/><\/figure><div class=\"wp-block-media-text__content\">\n<p class=\"has-normal-font-size\"><span><strong style=\"font-weight: bold\">Estrenem cabina individual insonoritzada per fer videoconfer\u00e8ncies<\/strong><\/span><\/p>\n\n\n\n<p class=\"has-small-font-size\">Aquesta setmana tindrem operativa una\u00a0<strong>nova cabina<\/strong>\u00a0per als usuaris que necessitin fer una\u00a0<strong>videoconfer\u00e8ncia<\/strong>. Avui l&#8217;estem instal\u00b7lant a la Sala General i la podreu fer servir properament. Ser\u00e0 reservable com la resta de sales de treball, per\u00f2 en aquest cas\u00a0<strong>per dues hores.<\/strong><\/p>\n\n\n\n<p class=\"has-small-font-size\">\u00a0<\/p>\n\n\n\n<p><\/p>\n<\/div><\/div>\n\n\n\n<hr class=\"wp-block-separator has-alpha-channel-opacity\" \/>\n\n\n\n<div class=\"wp-block-media-text alignwide is-stacked-on-mobile is-vertically-aligned-center has-small-font-size\" style=\"grid-template-columns:32% auto\"><figure class=\"wp-block-media-text__media\"><img loading=\"lazy\" decoding=\"async\" width=\"900\" height=\"600\" src=\"https:\/\/webs.uab.cat\/bctot\/wp-content\/uploads\/sites\/90\/2026\/03\/69c157a7b1d2e6b8f2b64140.png\" alt=\"\" class=\"wp-image-2791 size-full\" srcset=\"https:\/\/webs.uab.cat\/bctot\/wp-content\/uploads\/sites\/90\/2026\/03\/69c157a7b1d2e6b8f2b64140.png 900w, https:\/\/webs.uab.cat\/bctot\/wp-content\/uploads\/sites\/90\/2026\/03\/69c157a7b1d2e6b8f2b64140-300x200.png 300w, https:\/\/webs.uab.cat\/bctot\/wp-content\/uploads\/sites\/90\/2026\/03\/69c157a7b1d2e6b8f2b64140-768x512.png 768w\" sizes=\"auto, (max-width: 900px) 100vw, 900px\" \/><\/figure><div class=\"wp-block-media-text__content\">\n<p class=\"has-normal-font-size\"><strong><strong><strong><strong>Enquesta sobre ci\u00e8ncia oberta adre\u00e7ada al personal investigador<\/strong><\/strong><\/strong><\/strong><\/p>\n\n\n\n<p>Coincidint amb l\u2019acte de lliurament del premi a la UAB en la primera edici\u00f3 dels&nbsp;<a href=\"https:\/\/premiscienciaoberta.cat\/\">Premis Ci\u00e8ncia Oberta de Catalunya<\/a>&nbsp;en la modalitat institucional, la Universitat dona veu a les&nbsp;<strong>persones investigadores<\/strong>&nbsp;a trav\u00e9s d\u2019una&nbsp;<strong>enquesta<\/strong>.<\/p>\n\n\n\n<p>L\u2019enquesta, dirigida al PDI i als estudiants de doctorat, t\u00e9 com a&nbsp;<strong>objectiu copsar&nbsp;<\/strong>de primera m\u00e0&nbsp;<strong>les necessitats, suggeriments i coneixement de la ci\u00e8ncia oberta<\/strong>&nbsp;que hi ha, amb la voluntat de poder fer accions que contribueixin a l&#8217;aven\u00e7 col\u00b7lectiu en aquest \u00e0mbit.<\/p>\n\n\n\n<p>&nbsp;Us convidem a respondre el&nbsp;<a href=\"https:\/\/forms.office.com\/pages\/responsepage.aspx?id=KUxRa5EjMUi3dITzXEW_AYqRFWGLvMxAscvEk3u4vkpUOTc4SEU2UFhLV0hFM042UUVOOVdHSzdOTC4u&amp;route=shorturl\" target=\"_blank\" rel=\"noreferrer noopener\"><strong>Q\u00fcestionari sobre ci\u00e8ncia oberta a la UAB<\/strong><\/a>,&nbsp;<strong>fins al 10 d\u2019abril<\/strong>, i podreu participar en el&nbsp;<strong>sorteig<\/strong>&nbsp;de 3 vals de 50\u202f\u20ac cadasc\u00fa en marxandatge de la UAB.<\/p>\n\n\n\n<p><\/p>\n<\/div><\/div>\n\n\n\n<hr class=\"wp-block-separator has-alpha-channel-opacity\" \/>\n\n\n\n<div class=\"wp-block-media-text alignwide is-stacked-on-mobile is-vertically-aligned-center has-small-font-size\" style=\"grid-template-columns:32% auto\"><figure class=\"wp-block-media-text__media\"><img loading=\"lazy\" decoding=\"async\" width=\"1024\" height=\"294\" src=\"https:\/\/webs.uab.cat\/bctot\/wp-content\/uploads\/sites\/90\/2026\/03\/69c157dc277698099ba5f0f3-1024x294.jpg\" alt=\"\" class=\"wp-image-2792 size-full\" srcset=\"https:\/\/webs.uab.cat\/bctot\/wp-content\/uploads\/sites\/90\/2026\/03\/69c157dc277698099ba5f0f3-1024x294.jpg 1024w, https:\/\/webs.uab.cat\/bctot\/wp-content\/uploads\/sites\/90\/2026\/03\/69c157dc277698099ba5f0f3-300x86.jpg 300w, https:\/\/webs.uab.cat\/bctot\/wp-content\/uploads\/sites\/90\/2026\/03\/69c157dc277698099ba5f0f3-768x221.jpg 768w, https:\/\/webs.uab.cat\/bctot\/wp-content\/uploads\/sites\/90\/2026\/03\/69c157dc277698099ba5f0f3.jpg 1200w\" sizes=\"auto, (max-width: 1024px) 100vw, 1024px\" \/><\/figure><div class=\"wp-block-media-text__content\">\n<p class=\"has-normal-font-size\"><strong><strong><strong><strong><strong>Millores dels perfils dels investigadors a Web of Science<\/strong><\/strong><\/strong><\/strong><\/strong><\/p>\n\n\n\n<p>Com a part de l&#8217;enfocament continu per enfortir la fiabilitat i la precisi\u00f3 dels&nbsp;<strong>Perfils d&#8217;Investigador de Web of Science<\/strong>,&nbsp;<strong>Clarivate<\/strong>&nbsp;est\u00e0&nbsp;<strong>invertint en noves eines d&#8217;intel\u00b7lig\u00e8ncia artificial<\/strong>&nbsp;per ampliar la curaci\u00f3 manual i millorar la desambiguaci\u00f3 d&#8217;autors.<\/p>\n\n\n\n<p id=\"isPasted\">En aquest sentit, els investigadors poden observar alguns canvis als seus perfils o rebre notificacions d&#8217;ORCID si tenen tots dos sistemes vinculats.<\/p>\n\n\n\n<p>\u00c9s possible, doncs, que es produeixin&nbsp;<strong>ajustaments addicionals als perfils d&#8217;autor<\/strong>.&nbsp;<\/p>\n\n\n\n<p><\/p>\n<\/div><\/div>\n\n\n\n<hr class=\"wp-block-separator has-alpha-channel-opacity\" \/>\n\n\n\n<!--more-->\n\n\n\n<blockquote class=\"wp-block-quote is-style-plain is-layout-flow wp-block-quote-is-layout-flow\">\n<p><\/p>\n\n\n\n<p class=\"has-text-align-left has-small-font-size\"><em><sub>El tractament de les vostres dades personals en aquesta llista de distribuci\u00f3\/difusi\u00f3 t\u00e9 la finalitat de mantenir-vos informat de les novetats de les Biblioteques UAB. D\u2019acord amb la legislaci\u00f3 vigent en mat\u00e8ria de protecci\u00f3 de dades de car\u00e0cter personal, podeu exercir els drets d\u2019acc\u00e8s, rectificaci\u00f3, supressi\u00f3, oposici\u00f3 i limitaci\u00f3 del tractament enviant un missatge a&nbsp;<a href=\"mailto:bib.ciencia.tecnologia@uab.cat\">bib.ciencia.tecnologia@uab.cat<\/a><\/sub><\/em><\/p>\n<\/blockquote>\n\n\n\n<ul class=\"wp-block-list\">\n<li><\/li>\n<\/ul>\n","protected":false},"excerpt":{"rendered":"<p>Dues presentacions a\u00a0La Tarima El&nbsp;dimarts 24 de mar\u00e7 a les 13h, tindrem la xerrada informativa expr\u00e9s (30 minuts)&nbsp;\u00das responsable de la IA en els teus treballs acad\u00e8mics, per part de&nbsp;Dami\u00e0 Gil, especialista en IA de la BCT. I l&#8217;endem\u00e0,\u00a0dimecres 25 de mar\u00e7 a les 13h,\u00a0Conservaci\u00f3n vs zoos: \u00bfpuede la cautividad ayudar a la conservaci\u00f3n de [&hellip;]<\/p>\n","protected":false},"author":48,"featured_media":0,"parent":0,"menu_order":0,"comment_status":"closed","ping_status":"closed","template":"","meta":{"footnotes":""},"class_list":["post-297","page","type-page","status-publish","hentry"],"_links":{"self":[{"href":"https:\/\/webs.uab.cat\/bctot\/wp-json\/wp\/v2\/pages\/297","targetHints":{"allow":["GET"]}}],"collection":[{"href":"https:\/\/webs.uab.cat\/bctot\/wp-json\/wp\/v2\/pages"}],"about":[{"href":"https:\/\/webs.uab.cat\/bctot\/wp-json\/wp\/v2\/types\/page"}],"author":[{"embeddable":true,"href":"https:\/\/webs.uab.cat\/bctot\/wp-json\/wp\/v2\/users\/48"}],"replies":[{"embeddable":true,"href":"https:\/\/webs.uab.cat\/bctot\/wp-json\/wp\/v2\/comments?post=297"}],"version-history":[{"count":83,"href":"https:\/\/webs.uab.cat\/bctot\/wp-json\/wp\/v2\/pages\/297\/revisions"}],"predecessor-version":[{"id":2793,"href":"https:\/\/webs.uab.cat\/bctot\/wp-json\/wp\/v2\/pages\/297\/revisions\/2793"}],"wp:attachment":[{"href":"https:\/\/webs.uab.cat\/bctot\/wp-json\/wp\/v2\/media?parent=297"}],"curies":[{"name":"wp","href":"https:\/\/api.w.org\/{rel}","templated":true}]}}