{"id":550,"date":"2019-05-21T17:15:58","date_gmt":"2019-05-21T16:15:58","guid":{"rendered":"http:\/\/blogs.uab.cat\/bctot\/?page_id=550"},"modified":"2026-03-25T17:45:39","modified_gmt":"2026-03-25T15:45:39","slug":"butlletins-antics","status":"publish","type":"page","link":"https:\/\/webs.uab.cat\/bctot\/butlletins-antics\/","title":{"rendered":"Butlletins antics"},"content":{"rendered":"\n<p><\/p>\n\n\n\n<p><\/p>\n\n\n\n<p><\/p>\n\n\n\n<figure class=\"wp-block-table\"><table><tbody><tr><td class=\"has-text-align-center\" data-align=\"center\" colspan=\"6\"><br><strong>2017<\/strong><br><a href=\"https:\/\/websb.uab.cat\/lacarpeta\/sb21bct\/missatge.php?id=117\">Gener<\/a> | <a href=\"https:\/\/websb.uab.cat\/lacarpeta\/sb21bct\/missatge.php?id=123\">Febrer<\/a> | <a href=\"https:\/\/websb.uab.cat\/lacarpeta\/sb21bct\/missatge.php?id=128\">Mar\u00e7<\/a> | <a href=\"https:\/\/websb.uab.cat\/lacarpeta\/sb21bct\/missatge.php?id=130\">Maig<\/a> | <a href=\"https:\/\/websb.uab.cat\/lacarpeta\/sb21bct\/missatge.php?id=132\">Juny<\/a> | <a href=\"https:\/\/websb.uab.cat\/lacarpeta\/sb21bct\/missatge.php?id=134\">Setembre<\/a> | <a href=\"https:\/\/websb.uab.cat\/lacarpeta\/sb21bct\/missatge.php?id=136\">Octubre<\/a> | <a href=\"https:\/\/websb.uab.cat\/lacarpeta\/sb21bct\/missatge.php?id=138\">Desembre<\/a><\/td><\/tr><tr><td class=\"has-text-align-center\" data-align=\"center\" colspan=\"6\"><strong>2018<\/strong><br><a href=\"https:\/\/websb.uab.cat\/lacarpeta\/sb21bct\/missatge.php?id=141\">Gener<\/a> |<a href=\"https:\/\/websb.uab.cat\/lacarpeta\/sb21bct\/missatge.php?id=143\"> Mar\u00e7<\/a> | <a href=\"https:\/\/websb.uab.cat\/lacarpeta\/sb21bct\/missatge.php?id=145\">Abril<\/a> |<a href=\"https:\/\/websb.uab.cat\/lacarpeta\/sb21bct\/missatge.php?id=147\"> Maig<\/a> | <a href=\"https:\/\/websb.uab.cat\/lacarpeta\/sb21bct\/missatge.php?id=151\">Juny<\/a> |<a href=\"https:\/\/websb.uab.cat\/lacarpeta\/sb21bct\/missatge.php?id=153\"> Setembre<\/a> | <a href=\"https:\/\/websb.uab.cat\/lacarpeta\/sb21bct\/missatge.php?id=155\">Octubre<\/a> | <a href=\"https:\/\/websb.uab.cat\/lacarpeta\/sb21bct\/missatge.php?id=158\">Desembre<\/a><\/td><\/tr><tr><td class=\"has-text-align-center\" data-align=\"center\" colspan=\"6\"><strong>2019<\/strong><br><a href=\"https:\/\/websb.uab.cat\/lacarpeta\/sb21bct\/missatge.php?id=160\">Gener<\/a> | <a href=\"https:\/\/websb.uab.cat\/lacarpeta\/sb21bct\/missatge.php?id=164\">Febrer<\/a> | <a href=\"https:\/\/websb.uab.cat\/lacarpeta\/sb21bct\/missatge.php?id=166\">Mar\u00e7<\/a> | <a href=\"https:\/\/websb.uab.cat\/lacarpeta\/sb21bct\/missatge.php?id=168\">Maig<\/a> | <a href=\"https:\/\/websb.uab.cat\/lacarpeta\/sb21bct\/missatge.php?id=170\">Juny<\/a> | <a href=\"https:\/\/websb.uab.cat\/lacarpeta\/sb21bct\/missatge.php?id=172\">Setembre<\/a> | <a href=\"https:\/\/websb.uab.cat\/lacarpeta\/sb21bct\/missatge.php?id=176\">Octubre<\/a> | <a href=\"https:\/\/websb.uab.cat\/lacarpeta\/sb21bct\/missatge.php?id=178\">Novembre<\/a> | <a href=\"https:\/\/websb.uab.cat\/lacarpeta\/sb21bct\/missatge.php?id=184\">Desembre<\/a><\/td><\/tr><tr><td class=\"has-text-align-center\" data-align=\"center\" colspan=\"6\"><strong>2020<\/strong><br><a href=\"https:\/\/websb.uab.cat\/lacarpeta\/sb21bct\/missatge.php?id=191\">Gener<\/a> | <a href=\"https:\/\/websb.uab.cat\/lacarpeta\/sb21bct\/missatge.php?id=199\">Mar\u00e7<\/a> | <a href=\"https:\/\/websb.uab.cat\/lacarpeta\/sb21bct\/missatge.php?id=202\">Abril<\/a> | <a href=\"https:\/\/websb.uab.cat\/lacarpeta\/sb21bct\/missatge.php?id=207\">Maig<\/a> | <a href=\"https:\/\/websb.uab.cat\/lacarpeta\/sb21bct\/missatge.php?id=210\">Juny<\/a> | <a href=\"https:\/\/websb.uab.cat\/lacarpeta\/sb21bct\/missatge.php?id=225\">Setembre<\/a> | <a href=\"https:\/\/websb.uab.cat\/lacarpeta\/sb21bct\/missatge.php?id=236\">Octubre<\/a> |<a href=\"https:\/\/websb.uab.cat\/lacarpeta\/sb21bct\/missatge.php?id=240\">Novembre<\/a>| <a href=\"https:\/\/websb.uab.cat\/lacarpeta\/sb21bct\/missatge.php?id=241\">Desembre<\/a><\/td><\/tr><tr><td class=\"has-text-align-center\" data-align=\"center\" colspan=\"6\"><strong>2021<\/strong><br><a href=\"https:\/\/websb.uab.cat\/lacarpeta\/sb21bct\/missatge.php?id=273\">Gener<\/a> | <a href=\"https:\/\/websb.uab.cat\/lacarpeta\/sb21bct\/missatge.php?id=277\">Febrer<\/a> | <a href=\"https:\/\/websb.uab.cat\/lacarpeta\/sb21bct\/missatge.php?id=281\">Mar\u00e7<\/a> | <a href=\"https:\/\/websb.uab.cat\/lacarpeta\/sb21bct\/missatge.php?id=284\">Abril<\/a> | <a href=\"https:\/\/websb.uab.cat\/lacarpeta\/sb21bct\/missatge.php?id=285\">Maig<\/a> | <a href=\"https:\/\/websb.uab.cat\/lacarpeta\/sb21bct\/missatge.php?id=294\">Juny<\/a> | <a href=\"https:\/\/websb.uab.cat\/lacarpeta\/sb21bct\/missatge.php?id=309\">Setembre<\/a> <\/td><\/tr><tr><td class=\"has-text-align-center\" data-align=\"center\"><p><strong>2022<\/strong><br> <a href=\"https:\/\/websb.uab.cat\/lacarpeta\/sb21bct\/missatge.php?id=317\">Mar\u00e7<\/a> | <a href=\"https:\/\/websb.uab.cat\/lacarpeta\/sb21bct\/missatge.php?id=321\">Abril<\/a> | <a href=\"https:\/\/websb.uab.cat\/lacarpeta\/sb21bct\/missatge.php?id=325\">Maig<\/a> | <a href=\"https:\/\/websb.uab.cat\/lacarpeta\/sb21bct\/missatge.php?id=336\">Juny<\/a> | <a href=\"https:\/\/websb.uab.cat\/lacarpeta\/sb21bct\/missatge.php?id=342\">Setembre <\/a>| <a href=\"https:\/\/websb.uab.cat\/lacarpeta\/sb21bct\/missatge.php?id=347\">Octubre<\/a> | <a href=\"https:\/\/webs.uab.cat\/bctot\/wp-admin\/post.php?post=297&amp;action=edit\">Novembre<\/a> | <a href=\"https:\/\/websb.uab.cat\/lacarpeta\/sb21bct\/missatge.php?id=366\">Desembre<\/a><\/p><\/td><\/tr><tr><td class=\"has-text-align-center\" data-align=\"center\" colspan=\"6\">  <strong style=\"font-size: revert;font-family: inherit;color: var(--color-negre);letter-spacing: 0.05rem\">2023<\/strong><p><a href=\"https:\/\/websb.uab.cat\/lacarpeta\/sb21bct\/missatge.php?id=368\">Gener<\/a> | <a href=\"https:\/\/websb.uab.cat\/lacarpeta\/sb21bct\/missatge.php?id=370\">Febrer<\/a> | <a href=\"https:\/\/websb.uab.cat\/lacarpeta\/sb21bct\/missatge.php?id=381\">Mar\u00e7<\/a> | <a href=\"https:\/\/websb.uab.cat\/lacarpeta\/sb21bct\/missatge.php?id=402\">Abril<\/a> |<a href=\"https:\/\/websb.uab.cat\/lacarpeta\/sb21bct\/missatge.php?id=406\"> Maig<\/a> | <a href=\"https:\/\/websb.uab.cat\/lacarpeta\/sb21bct\/missatge.php?id=408\">Juny<\/a> | <a href=\"https:\/\/www.bib.uab.cat\/lacarpeta\/sb21bct\/missatge.php?id=410\">Setembre<\/a> | <a href=\"https:\/\/www.bib.uab.cat\/lacarpeta\/sb21bct\/missatge.php?id=416\">Octubre<\/a> | <a href=\"https:\/\/www.bib.uab.cat\/lacarpeta\/sb21bct\/missatge.php?id=418\">Novembre<\/a> | <a href=\"https:\/\/www.bib.uab.cat\/lacarpeta\/sb21bct\/missatge.php?id=420\">Desembre<\/a><\/p><\/td><\/tr><tr><td class=\"has-text-align-center\" data-align=\"center\"><strong>2024<\/strong><br><p><a href=\"https:\/\/www.bib.uab.cat\/lacarpeta\/sb21bct\/missatge.php?id=422\">Gener<\/a> | <a href=\"https:\/\/www.bib.uab.cat\/lacarpeta\/sb21bct\/missatge.php?id=425\">Febrer<\/a> | <a href=\"https:\/\/www.bib.uab.cat\/lacarpeta\/sb21bct\/missatge.php?id=429\">Mar\u00e7<\/a> | <a href=\"https:\/\/www.bib.uab.cat\/lacarpeta\/sb21bct\/missatge.php?id=431\">Abril<\/a> | <a href=\"https:\/\/www.bib.uab.cat\/lacarpeta\/sb21bct\/missatge.php?id=434\">Maig<\/a> |<a href=\"https:\/\/www.bib.uab.cat\/lacarpeta\/sb21bct\/missatge.php?id=436\"> Juny<\/a> | <a href=\"https:\/\/www.bib.uab.cat\/lacarpeta\/sb21bct\/missatge.php?id=437\">Setembre<\/a> | <a href=\"https:\/\/www.bib.uab.cat\/lacarpeta\/sb21bct\/missatge.php?id=438\">Octubre<\/a> | <a href=\"https:\/\/www.bib.uab.cat\/lacarpeta\/sb21bct\/missatge.php?id=440\">Novembre<\/a> | <a href=\"https:\/\/www.bib.uab.cat\/lacarpeta\/sb21bct\/missatge.php?id=443\">Desembre<\/a><\/p><\/td><\/tr><tr><td class=\"has-text-align-center\" data-align=\"center\"><strong>2025<\/strong><br><a href=\"https:\/\/www.bib.uab.cat\/lacarpeta\/sb21bct\/missatge.php?id=445\">Gener<\/a> | <a href=\"https:\/\/www.bib.uab.cat\/lacarpeta\/sb21bct\/missatge.php?id=448\">Febrer<\/a> | <a href=\"https:\/\/www.bib.uab.cat\/lacarpeta\/sb21bct\/missatge.php?id=449\">Mar\u00e7<\/a> | <a href=\"https:\/\/www.bib.uab.cat\/lacarpeta\/sb21bct\/missatge.php?id=453\">Abril <\/a>| <a href=\"https:\/\/www.bib.uab.cat\/lacarpeta\/sb21bct\/missatge.php?id=460\" data-type=\"link\" data-id=\"https:\/\/www.bib.uab.cat\/lacarpeta\/sb21bct\/missatge.php?id=460\">Maig<\/a> | <a href=\"https:\/\/www.bib.uab.cat\/lacarpeta\/sb21bct\/missatge.php?id=461\">Juny <\/a>| <a href=\"https:\/\/www.bib.uab.cat\/lacarpeta\/sb21bct\/missatge.php?id=464\">Setembre<\/a> |<a href=\"https:\/\/www.bib.uab.cat\/lacarpeta\/sb21bct\/missatge.php?id=473\">Octubre<\/a> | <a href=\"https:\/\/www.bib.uab.cat\/lacarpeta\/sb21bct\/missatge.php?id=476\">Novembre<\/a> | <a href=\"https:\/\/www.bib.uab.cat\/lacarpeta\/sb21bct\/missatge.php?id=478\">Desembre<\/a><br><\/td><\/tr><tr><td class=\"has-text-align-center\" data-align=\"center\"><strong>2026<\/strong><br><a href=\"https:\/\/www.bib.uab.cat\/lacarpeta\/sb21bct\/missatge.php?id=479\">Gener<\/a> | <a href=\"https:\/\/www.bib.uab.cat\/lacarpeta\/sb21bct\/missatge.php?id=482\">Febrer<\/a> | <a href=\"https:\/\/www.bib.uab.cat\/lacarpeta\/sb21bct\/missatge.php?id=487\">Mar\u00e7<\/a> | Abril | Maig | Juny<a href=\"https:\/\/www.bib.uab.cat\/lacarpeta\/sb21bct\/missatge.php?id=461\"><\/a>| Setembre |Octubre | Novembre | Desembre<\/td><\/tr><\/tbody><\/table><\/figure>\n\n\n\n<p><\/p>\n","protected":false},"excerpt":{"rendered":"<p>2017Gener | Febrer | Mar\u00e7 | Maig | Juny | Setembre | Octubre | Desembre 2018Gener | Mar\u00e7 | Abril | Maig | Juny | Setembre | Octubre | Desembre 2019Gener | Febrer | Mar\u00e7 | Maig | Juny | Setembre | Octubre | Novembre | Desembre 2020Gener | Mar\u00e7 | Abril | Maig | [&hellip;]<\/p>\n","protected":false},"author":48,"featured_media":0,"parent":0,"menu_order":0,"comment_status":"closed","ping_status":"closed","template":"","meta":{"footnotes":""},"class_list":["post-550","page","type-page","status-publish","hentry"],"_links":{"self":[{"href":"https:\/\/webs.uab.cat\/bctot\/wp-json\/wp\/v2\/pages\/550","targetHints":{"allow":["GET"]}}],"collection":[{"href":"https:\/\/webs.uab.cat\/bctot\/wp-json\/wp\/v2\/pages"}],"about":[{"href":"https:\/\/webs.uab.cat\/bctot\/wp-json\/wp\/v2\/types\/page"}],"author":[{"embeddable":true,"href":"https:\/\/webs.uab.cat\/bctot\/wp-json\/wp\/v2\/users\/48"}],"replies":[{"embeddable":true,"href":"https:\/\/webs.uab.cat\/bctot\/wp-json\/wp\/v2\/comments?post=550"}],"version-history":[{"count":41,"href":"https:\/\/webs.uab.cat\/bctot\/wp-json\/wp\/v2\/pages\/550\/revisions"}],"predecessor-version":[{"id":2786,"href":"https:\/\/webs.uab.cat\/bctot\/wp-json\/wp\/v2\/pages\/550\/revisions\/2786"}],"wp:attachment":[{"href":"https:\/\/webs.uab.cat\/bctot\/wp-json\/wp\/v2\/media?parent=550"}],"curies":[{"name":"wp","href":"https:\/\/api.w.org\/{rel}","templated":true}]}}