{"id":1029,"date":"2025-05-14T11:42:29","date_gmt":"2025-05-14T09:42:29","guid":{"rendered":"https:\/\/biocampus25.wordpress.com\/?page_id=1029"},"modified":"2025-05-19T12:57:12","modified_gmt":"2025-05-19T10:57:12","slug":"muscidae","status":"publish","type":"page","link":"https:\/\/webs.uab.cat\/bees\/muscidae\/","title":{"rendered":"Muscidae"},"content":{"rendered":"\n<div class=\"wp-block-group is-vertical is-layout-flex wp-container-core-group-is-layout-3e0ae1ae wp-block-group-is-layout-flex\">\n<p><strong>Descripci\u00f3n:<\/strong><\/p>\n\n\n\n<p class=\"has-text-align-justify has-alegreya-font-family has-small-font-size\">Esta familia de braqu\u00edceros incluye cerca de 4.000 especies, entre las cuales se encuentra la &#8220;<em><a href=\"https:\/\/webs.uab.cat\/bees\/mosca-comun\/\" data-type=\"page\" data-id=\"1033\">Musca domestica<\/a><\/em>&#8220;.<\/p>\n\n\n\n<p class=\"has-text-align-justify has-alegreya-font-family has-small-font-size\">Se caracterizan por presentar antenas formadas por tres segmentos con aristas. En cuanto a su ciclo vital, los huevos suelen depositarse sobre agua, carro\u00f1a o restos vegetales.<\/p>\n\n\n\n<p class=\"has-text-align-justify has-alegreya-font-family has-small-font-size\">Los adultos pueden tener dietas variadas, siendo depredadores, hemat\u00f3fagos, sapr\u00f3fagos, entre otros. Adem\u00e1s, se sienten atra\u00eddos por sustancias como el az\u00facar, la sangre, el sudor o las l\u00e1grimas.<\/p>\n<\/div>\n\n\n\n<div style=\"height:30px\" aria-hidden=\"true\" class=\"wp-block-spacer\"><\/div>\n\n\n\n<p><strong>Bibliografia:<\/strong><\/p>\n\n\n\n<p class=\"has-text-align-justify has-small-font-size\">Wikipedia contributors. (n.d.-h).&nbsp;<em>Muscidae<\/em>. Wikipedia, The Free Encyclopedia. <a href=\"https:\/\/es.wikipedia.org\/w\/index.php?title=Muscidae&amp;oldid=166697700\">https:\/\/es.wikipedia.org\/w\/index.php?title=Muscidae&amp;oldid=166697700<\/a><\/p>\n","protected":false},"excerpt":{"rendered":"<p>Descripci\u00f3n: Esta familia de braqu\u00edceros incluye cerca de 4.000 especies, entre las cuales se encuentra la &#8220;Musca domestica&#8220;. Se caracterizan por presentar antenas formadas por tres segmentos con aristas. En cuanto a su ciclo vital, los huevos suelen depositarse sobre agua, carro\u00f1a o restos vegetales. Los adultos pueden tener dietas variadas, siendo depredadores, hemat\u00f3fagos, sapr\u00f3fagos, [&hellip;]<\/p>\n","protected":false},"author":2556,"featured_media":0,"parent":0,"menu_order":0,"comment_status":"closed","ping_status":"closed","template":"","meta":{"footnotes":""},"class_list":["post-1029","page","type-page","status-publish","hentry"],"_links":{"self":[{"href":"https:\/\/webs.uab.cat\/bees\/wp-json\/wp\/v2\/pages\/1029","targetHints":{"allow":["GET"]}}],"collection":[{"href":"https:\/\/webs.uab.cat\/bees\/wp-json\/wp\/v2\/pages"}],"about":[{"href":"https:\/\/webs.uab.cat\/bees\/wp-json\/wp\/v2\/types\/page"}],"author":[{"embeddable":true,"href":"https:\/\/webs.uab.cat\/bees\/wp-json\/wp\/v2\/users\/2556"}],"replies":[{"embeddable":true,"href":"https:\/\/webs.uab.cat\/bees\/wp-json\/wp\/v2\/comments?post=1029"}],"version-history":[{"count":1,"href":"https:\/\/webs.uab.cat\/bees\/wp-json\/wp\/v2\/pages\/1029\/revisions"}],"predecessor-version":[{"id":4256,"href":"https:\/\/webs.uab.cat\/bees\/wp-json\/wp\/v2\/pages\/1029\/revisions\/4256"}],"wp:attachment":[{"href":"https:\/\/webs.uab.cat\/bees\/wp-json\/wp\/v2\/media?parent=1029"}],"curies":[{"name":"wp","href":"https:\/\/api.w.org\/{rel}","templated":true}]}}