{"id":1052,"date":"2025-05-14T11:42:31","date_gmt":"2025-05-14T09:42:31","guid":{"rendered":"https:\/\/biocampus25.wordpress.com\/?page_id=1052"},"modified":"2025-05-19T13:00:22","modified_gmt":"2025-05-19T11:00:22","slug":"odonata","status":"publish","type":"page","link":"https:\/\/webs.uab.cat\/bees\/odonata\/","title":{"rendered":"Odonata"},"content":{"rendered":"\n<div class=\"wp-block-group is-vertical is-layout-flex wp-container-core-group-is-layout-3e0ae1ae wp-block-group-is-layout-flex\">\n<p><strong>Descripci\u00f3n:<\/strong><\/p>\n\n\n\n<p class=\"has-text-align-justify has-alegreya-font-family has-small-font-size\">En este orden podemos encontrar aproximadamente 6.000 especies, entre las cuales destacan las lib\u00e9lulas por su gran tama\u00f1o, coloraci\u00f3n y facilidad de reconocimiento. Este orden est\u00e1 dividido en 2 sub\u00f3rdenes: los zygoptera (com\u00fanmente conocidos como damiselas o caballitos del diablo) y los anis\u00f3ptera (donde se encuentran las lib\u00e9lulas).<\/p>\n\n\n\n<p class=\"has-text-align-justify has-alegreya-font-family has-small-font-size\">En la zona de la cabeza podemos observar unos ojos grandes y poco separados entre s\u00ed (en el caso de los anis\u00f3ptera), que casi ocupan la totalidad de la cabeza. Otras estructuras importantes de esta zona son los ocelos (ojos simples, normalmente agrupados en grupos de tres, que sirven para captar est\u00edmulos luminosos y poco m\u00e1s), el aparato masticador y unas antenas cortas.<\/p>\n\n\n\n<p class=\"has-text-align-justify has-alegreya-font-family has-small-font-size\">A diferencia de otros hex\u00e1podos, este grupo solo presenta dos segmentos en el t\u00f3rax: un prot\u00f3rax y un sint\u00f3rax (fusi\u00f3n del metat\u00f3rax y el mesot\u00f3rax). Las estructuras m\u00e1s distintivas de esta regi\u00f3n son sus patas alargadas y sus dos grandes pares de alas, que presentan una alta densidad de venas.<\/p>\n\n\n\n<p class=\"has-text-align-justify has-alegreya-font-family has-small-font-size\">En la regi\u00f3n abdominal podemos encontrar que tanto los machos como las hembras presentan el orificio genital en el octavo segmento, pero los machos tienen el aparato copulador en el segundo segmento. Es por eso que cuando se quieren reproducir los machos deben doblar el abdomen para realizar la c\u00f3pula, generando una forma de coraz\u00f3n muy caracter\u00edstica.<\/p>\n\n\n\n<p class=\"has-text-align-justify has-alegreya-font-family has-small-font-size\">Adem\u00e1s de generar esta forma de coraz\u00f3n, los odonatos tienen otros comportamientos caracter\u00edsticos en la c\u00f3pula. Algunos de estos son que el macho realiza un cortejo para atraer a la hembra o que tienen ap\u00e9ndices en la zona terminal del abdomen para sujetar a la pareja. Adem\u00e1s, antes de la c\u00f3pula, el macho debe transportar externamente los espermatozoides del poro genital al aparato copulador, ya que este no est\u00e1 conectado a los genitales.<\/p>\n\n\n\n<p class=\"has-text-align-justify has-alegreya-font-family has-small-font-size\">Una vez que se han reproducido, depositan los huevos sobre la vegetaci\u00f3n encontrada en el agua. Esta fase podr\u00eda durar entre una semana y un par de meses, momento en el que se abre y deja al descubierto una fase de ninfa.<\/p>\n\n\n\n<p class=\"has-text-align-justify has-alegreya-font-family has-small-font-size\">Esta ninfa o n\u00e1yade tiene una estructura similar a la del adulto, pero no tiene las alas bien formadas y tiene el cabeza pentagonal o rectangular. Un car\u00e1cter importante de esta fase es la presencia de una m\u00e1scara, es decir, mantiene el aparato bucal oculto y cuando detecta a la presa lo proyecta.<\/p>\n\n\n\n<p class=\"has-text-align-justify has-alegreya-font-family has-small-font-size\">Para que esta fase juvenil llegue a adulta, el individuo debe realizar una serie de mudas (generalmente entre 9 y 17). Esta fase adulta suele ser territorial y se alimenta de otros insectos. Hay especies que realizan migraciones, pero generalmente se quedan en zonas cercanas a donde vivieron como ninfas.<\/p>\n\n\n\n<p class=\"has-text-align-justify has-alegreya-font-family has-small-font-size\">La \u00fanica especie presente en la zona de muestreo es \u201c<em><a href=\"https:\/\/webs.uab.cat\/bees\/libelula-tigre\/\" data-type=\"page\" data-id=\"1058\">Cordulegaster boltonii<\/a><\/em>\u201d.<\/p>\n<\/div>\n\n\n\n<div style=\"height:30px\" aria-hidden=\"true\" class=\"wp-block-spacer\"><\/div>\n\n\n\n<p><strong>Bibliografia:<\/strong><\/p>\n\n\n\n<p class=\"has-text-align-justify has-small-font-size\"><em>Orden Odonata &#8211; Insectarium Virtual del Parc Natural del Penyal d\u2019Ifac &#8211; Generalitat Valenciana<\/em>. (n.d.). Insectarium Virtual del Parc Natural del Penyal d\u2019Ifac. Retrieved January 4, 2025, from <a href=\"https:\/\/parquesnaturales.gva.es\/es\/web\/insectarium-virtual-del-parc-natural-del-penyal-d-ifac\/orden-odonata\">https:\/\/parquesnaturales.gva.es\/es\/web\/insectarium-virtual-del-parc-natural-del-penyal-d-ifac\/orden-odonata<\/a><\/p>\n\n\n\n<p class=\"has-text-align-justify has-small-font-size\"><em>Morfolog\u00eda<\/em>. (n.d.). Myspecies.Info. Retrieved January 4, 2025, from <a href=\"https:\/\/iberianodonataucm.myspecies.info\/node\/7\">https:\/\/iberianodonataucm.myspecies.info\/node\/7<\/a><\/p>\n\n\n\n<p><\/p>\n","protected":false},"excerpt":{"rendered":"<p>Descripci\u00f3n: En este orden podemos encontrar aproximadamente 6.000 especies, entre las cuales destacan las lib\u00e9lulas por su gran tama\u00f1o, coloraci\u00f3n y facilidad de reconocimiento. Este orden est\u00e1 dividido en 2 sub\u00f3rdenes: los zygoptera (com\u00fanmente conocidos como damiselas o caballitos del diablo) y los anis\u00f3ptera (donde se encuentran las lib\u00e9lulas). En la zona de la cabeza [&hellip;]<\/p>\n","protected":false},"author":2556,"featured_media":0,"parent":0,"menu_order":0,"comment_status":"closed","ping_status":"closed","template":"","meta":{"footnotes":""},"class_list":["post-1052","page","type-page","status-publish","hentry"],"_links":{"self":[{"href":"https:\/\/webs.uab.cat\/bees\/wp-json\/wp\/v2\/pages\/1052","targetHints":{"allow":["GET"]}}],"collection":[{"href":"https:\/\/webs.uab.cat\/bees\/wp-json\/wp\/v2\/pages"}],"about":[{"href":"https:\/\/webs.uab.cat\/bees\/wp-json\/wp\/v2\/types\/page"}],"author":[{"embeddable":true,"href":"https:\/\/webs.uab.cat\/bees\/wp-json\/wp\/v2\/users\/2556"}],"replies":[{"embeddable":true,"href":"https:\/\/webs.uab.cat\/bees\/wp-json\/wp\/v2\/comments?post=1052"}],"version-history":[{"count":1,"href":"https:\/\/webs.uab.cat\/bees\/wp-json\/wp\/v2\/pages\/1052\/revisions"}],"predecessor-version":[{"id":4262,"href":"https:\/\/webs.uab.cat\/bees\/wp-json\/wp\/v2\/pages\/1052\/revisions\/4262"}],"wp:attachment":[{"href":"https:\/\/webs.uab.cat\/bees\/wp-json\/wp\/v2\/media?parent=1052"}],"curies":[{"name":"wp","href":"https:\/\/api.w.org\/{rel}","templated":true}]}}