{"id":1058,"date":"2025-05-14T11:41:56","date_gmt":"2025-05-14T09:41:56","guid":{"rendered":"https:\/\/biocampus25.wordpress.com\/?page_id=1058"},"modified":"2025-05-19T12:14:13","modified_gmt":"2025-05-19T10:14:13","slug":"libelula-tigre","status":"publish","type":"page","link":"https:\/\/webs.uab.cat\/bees\/libelula-tigre\/","title":{"rendered":"LIB\u00c9LULA TIGRE"},"content":{"rendered":"\n<div class=\"wp-block-group is-vertical is-layout-flex wp-container-core-group-is-layout-769d0143 wp-block-group-is-layout-flex\">\n<figure class=\"wp-block-image size-large\"><img loading=\"lazy\" decoding=\"async\" width=\"1184\" height=\"900\" src=\"https:\/\/biocampus25.wordpress.com\/wp-content\/uploads\/2025\/04\/cordulegaster_boltonii_le_collet-de-deze_lozere_france_51411673522.jpg?w=1024\" alt=\"\" class=\"wp-image-1059\" srcset=\"https:\/\/webs.uab.cat\/bees\/wp-content\/uploads\/sites\/329\/2025\/04\/cordulegaster_boltonii_le_collet-de-deze_lozere_france_51411673522.jpg 1184w, https:\/\/webs.uab.cat\/bees\/wp-content\/uploads\/sites\/329\/2025\/04\/cordulegaster_boltonii_le_collet-de-deze_lozere_france_51411673522-300x228.jpg 300w, https:\/\/webs.uab.cat\/bees\/wp-content\/uploads\/sites\/329\/2025\/04\/cordulegaster_boltonii_le_collet-de-deze_lozere_france_51411673522-1024x778.jpg 1024w, https:\/\/webs.uab.cat\/bees\/wp-content\/uploads\/sites\/329\/2025\/04\/cordulegaster_boltonii_le_collet-de-deze_lozere_france_51411673522-768x584.jpg 768w\" sizes=\"auto, (max-width: 1184px) 100vw, 1184px\" \/><\/figure>\n\n\n\n<p class=\"has-text-align-justify has-small-font-size\">Cordulegaster boltonii. Imagen con copyrigth CC BY 2.0, creada por Frank Vassen y obtenida de Wikimedia commons en: <a href=\"https:\/\/commons.wikimedia.org\/wiki\/File:Cordulegaster_boltonii,_Le_Collet-de-D%C3%A8ze,_Loz%C3%A8re,_France_(51411673522).jpg\">https:\/\/commons.wikimedia.org\/wiki\/File:Cordulegaster_boltonii,_Le_Collet-de-D%C3%A8ze,_Loz%C3%A8re,_France_(51411673522).jpg<\/a><\/p>\n<\/div>\n\n\n\n<div style=\"height:10px\" aria-hidden=\"true\" class=\"wp-block-spacer\"><\/div>\n\n\n\n<div class=\"wp-block-columns is-layout-flex wp-container-core-columns-is-layout-9d6595d7 wp-block-columns-is-layout-flex\">\n<div class=\"wp-block-column is-layout-flow wp-block-column-is-layout-flow\">\n<figure class=\"wp-block-table has-alegreya-font-family has-small-font-size\"><table><tbody><tr><td class=\"has-text-align-center\" data-align=\"center\"><strong>Reino<\/strong><\/td><td class=\"has-text-align-center\" data-align=\"center\">Animalia<\/td><\/tr><tr><td class=\"has-text-align-center\" data-align=\"center\"><strong>Filo<\/strong><\/td><td class=\"has-text-align-center\" data-align=\"center\">Arthropoda<\/td><\/tr><tr><td class=\"has-text-align-center\" data-align=\"center\"><strong>Subfilo<\/strong><\/td><td class=\"has-text-align-center\" data-align=\"center\"><a href=\"https:\/\/webs.uab.cat\/bees\/hexapoda\/\" data-type=\"page\" data-id=\"4095\">Hexapoda<\/a><\/td><\/tr><tr><td class=\"has-text-align-center\" data-align=\"center\"><strong>Clase<\/strong><\/td><td class=\"has-text-align-center\" data-align=\"center\">Insecta<\/td><\/tr><tr><td class=\"has-text-align-center\" data-align=\"center\"><strong>Subclase<\/strong><\/td><td class=\"has-text-align-center\" data-align=\"center\">Pterygota<\/td><\/tr><tr><td class=\"has-text-align-center\" data-align=\"center\"><strong>Orden<\/strong><\/td><td class=\"has-text-align-center\" data-align=\"center\"><a href=\"https:\/\/webs.uab.cat\/bees\/odonata\/\" data-type=\"page\" data-id=\"1052\">Odonata<\/a><\/td><\/tr><tr><td class=\"has-text-align-center\" data-align=\"center\"><strong>Suborden<\/strong><\/td><td class=\"has-text-align-center\" data-align=\"center\">Anisoptera<\/td><\/tr><tr><td class=\"has-text-align-center\" data-align=\"center\"><strong>Superfamilia<\/strong><\/td><td class=\"has-text-align-center\" data-align=\"center\">Cordulegastroidea<\/td><\/tr><tr><td class=\"has-text-align-center\" data-align=\"center\"><strong>Familia<\/strong><\/td><td class=\"has-text-align-center\" data-align=\"center\">Cordulegastridae<\/td><\/tr><tr><td class=\"has-text-align-center\" data-align=\"center\"><strong>G\u00e9nero<\/strong><\/td><td class=\"has-text-align-center\" data-align=\"center\">Cordulegaster<\/td><\/tr><tr><td class=\"has-text-align-center\" data-align=\"center\"><strong>Especie<\/strong><\/td><td class=\"has-text-align-center\" data-align=\"center\">C. boltonii<\/td><\/tr><\/tbody><\/table><\/figure>\n<\/div>\n\n\n\n<div class=\"wp-block-column is-layout-flow wp-block-column-is-layout-flow\">\n<p><strong>DESCRIPCI\u00d3N:<\/strong><\/p>\n\n\n\n<p class=\"has-text-align-justify has-alegreya-font-family has-small-font-size\">La lib\u00e9lula tigre es un odonato de tama\u00f1o mediano, que suele medir entre 7 y 9cm. Su nombre proviene de su coloraci\u00f3n caracter\u00edstica, que combina el negro de fondo y diversas manchas amarillentas.<\/p>\n\n\n\n<p class=\"has-text-align-justify has-alegreya-font-family has-small-font-size\">Su dimorfismo sexual se basa en un peque\u00f1o aumento de tama\u00f1o en las hembras y en la presencia de un abdomen ensanchado en la parte terminal de los machos.<\/p>\n\n\n\n<p class=\"has-text-align-justify has-alegreya-font-family has-small-font-size\">Algunos de los caracteres m\u00e1s destacables de este grupo son la presencia de unas alas de gran longitud (en algunas ocasiones mide lo mismo que su cuerpo), el hecho de que tienen las extremidades inferiores ligeramente dentadas y sus ojos grandes y verdes.<\/p>\n<\/div>\n<\/div>\n\n\n\n<div style=\"height:10px\" aria-hidden=\"true\" class=\"wp-block-spacer\"><\/div>\n\n\n\n<div class=\"wp-block-group is-vertical is-layout-flex wp-container-core-group-is-layout-769d0143 wp-block-group-is-layout-flex\">\n<p><strong>DIETA:<\/strong><\/p>\n\n\n\n<p class=\"has-text-align-justify has-alegreya-font-family has-small-font-size\">Su dieta suele estar basada en la captura de insectos voladores que habitan cercanos a ellos. Pueden descartar algunas de las partes del cuerpo de su v\u00edctima, entre las cuales estar\u00edan las alas.<\/p>\n<\/div>\n\n\n\n<div style=\"height:10px\" aria-hidden=\"true\" class=\"wp-block-spacer\"><\/div>\n\n\n\n<div class=\"wp-block-group is-vertical is-layout-flex wp-container-core-group-is-layout-769d0143 wp-block-group-is-layout-flex\">\n<p><strong>ESTRUCTURA SOCIAL Y COMPORTAMIENTO:<\/strong><\/p>\n\n\n\n<p class=\"has-text-align-justify has-alegreya-font-family has-small-font-size\">Los organismos adultos muestran un claro comportamiento solitario y territorial, de manera que los machos se atacan entre si cuando viven cerca unos de otros (sobre todo en periodo reproductivo).<\/p>\n\n\n\n<p class=\"has-text-align-justify has-alegreya-font-family has-small-font-size\">Igual que la mayor\u00eda de los odonatos, esta lib\u00e9lula es de h\u00e1bitos diurnos cuando est\u00e1 en fase adulta, pero la larva podr\u00eda encontrarse activo durante la noche.<\/p>\n\n\n\n<p class=\"has-text-align-justify has-alegreya-font-family has-small-font-size\">Su periodo reproductivo se produce entre mayo y septiembre, momento en el que los machos se aproximan al curso medio o superior de los r\u00edos en busca de hembras. Tras la reproducci\u00f3n, la hembra deposita los huevos en el agua.<\/p>\n\n\n\n<p class=\"has-text-align-justify has-alegreya-font-family has-small-font-size\">La larva vive semienterrada en la arena del fondo, dejando al descubierto su cabeza, abdomen y las patas anteriores. Despu\u00e9s de 3-4 a\u00f1os, la larva empieza a escalar por la vegetaci\u00f3n de la orilla para hacer la metamorfosis. Esta suele durar unas 2-3 horas y para llegar a la maduraci\u00f3n sexual, han de transcurrir unos 10 d\u00edas.<\/p>\n<\/div>\n\n\n<div class=\"wp-block-image\">\n<figure class=\"aligncenter size-large\"><img loading=\"lazy\" decoding=\"async\" width=\"752\" height=\"63\" src=\"https:\/\/biocampus25.wordpress.com\/wp-content\/uploads\/2025\/04\/captura-de-pantalla-2025-04-17-225617.png?w=752\" alt=\"\" class=\"wp-image-1065\" srcset=\"https:\/\/webs.uab.cat\/bees\/wp-content\/uploads\/sites\/329\/2025\/04\/captura-de-pantalla-2025-04-17-225617.png 752w, https:\/\/webs.uab.cat\/bees\/wp-content\/uploads\/sites\/329\/2025\/04\/captura-de-pantalla-2025-04-17-225617-300x25.png 300w\" sizes=\"auto, (max-width: 752px) 100vw, 752px\" \/><\/figure>\n<\/div>\n\n\n<div style=\"height:10px\" aria-hidden=\"true\" class=\"wp-block-spacer\"><\/div>\n\n\n\n<div class=\"wp-block-group is-vertical is-layout-flex wp-container-core-group-is-layout-769d0143 wp-block-group-is-layout-flex\">\n<p><strong>HABITAT Y ZONA DE DISTRIBUCI\u00d3N:<\/strong><\/p>\n\n\n\n<p class=\"has-text-align-justify has-alegreya-font-family has-small-font-size\">Esta especie se encuentra ampliamente distribuida por toda Europa, a excepci\u00f3n de la regi\u00f3n sudeste.<\/p>\n\n\n\n<p class=\"has-text-align-justify has-alegreya-font-family has-small-font-size\">Suele vivir en la vegetaci\u00f3n pr\u00f3xima a los cursos de agua, debido a que se encuentran especialmente unidos a ella por su reproducci\u00f3n y ciclo de vida.<\/p>\n<\/div>\n\n\n\n<div class=\"wp-block-group is-vertical is-layout-flex wp-container-core-group-is-layout-769d0143 wp-block-group-is-layout-flex\">\n<figure class=\"wp-block-image size-large\"><img loading=\"lazy\" decoding=\"async\" width=\"641\" height=\"318\" src=\"https:\/\/biocampus25.wordpress.com\/wp-content\/uploads\/2025\/04\/captura-de-pantalla-2025-04-17-225819.png?w=641\" alt=\"\" class=\"wp-image-1068\" srcset=\"https:\/\/webs.uab.cat\/bees\/wp-content\/uploads\/sites\/329\/2025\/04\/captura-de-pantalla-2025-04-17-225819.png 641w, https:\/\/webs.uab.cat\/bees\/wp-content\/uploads\/sites\/329\/2025\/04\/captura-de-pantalla-2025-04-17-225819-300x149.png 300w\" sizes=\"auto, (max-width: 641px) 100vw, 641px\" \/><\/figure>\n\n\n\n<p class=\"has-small-font-size\">Mapa de distribuci\u00f3n de Cordulegaster boltonii. Imagen obtenida de Gbif en: <a href=\"https:\/\/www.gbif.org\/es\/species\/7936251\">https:\/\/www.gbif.org\/es\/species\/7936251<\/a><\/p>\n<\/div>\n\n\n\n<div style=\"height:10px\" aria-hidden=\"true\" class=\"wp-block-spacer\"><\/div>\n\n\n\n<div class=\"wp-block-group is-vertical is-layout-flex wp-container-core-group-is-layout-769d0143 wp-block-group-is-layout-flex\">\n<p><strong>ESTADO DE CONSERVACI\u00d3N:<\/strong><\/p>\n\n\n\n<p class=\"has-text-align-justify has-alegreya-font-family has-small-font-size\">Esta especie est\u00e1 considerada de preocupaci\u00f3n menor seg\u00fan los datos de la IUCN.<\/p>\n<\/div>\n\n\n<div class=\"wp-block-image\">\n<figure class=\"aligncenter size-large\"><img loading=\"lazy\" decoding=\"async\" width=\"797\" height=\"222\" src=\"https:\/\/biocampus25.wordpress.com\/wp-content\/uploads\/2025\/04\/captura_de_pantalla_2025-03-27_213157-removebg-preview-25.png?w=797\" alt=\"\" class=\"wp-image-1071\" srcset=\"https:\/\/webs.uab.cat\/bees\/wp-content\/uploads\/sites\/329\/2025\/04\/captura_de_pantalla_2025-03-27_213157-removebg-preview-25.png 797w, https:\/\/webs.uab.cat\/bees\/wp-content\/uploads\/sites\/329\/2025\/04\/captura_de_pantalla_2025-03-27_213157-removebg-preview-25-300x84.png 300w, https:\/\/webs.uab.cat\/bees\/wp-content\/uploads\/sites\/329\/2025\/04\/captura_de_pantalla_2025-03-27_213157-removebg-preview-25-768x214.png 768w\" sizes=\"auto, (max-width: 797px) 100vw, 797px\" \/><\/figure>\n<\/div>\n\n\n<div style=\"height:30px\" aria-hidden=\"true\" class=\"wp-block-spacer\"><\/div>\n\n\n\n<p><strong>REFERENCIAS:<\/strong><\/p>\n\n\n\n<p class=\"has-text-align-justify has-small-font-size\"><em>Subespecie Cordulegaster boltonii iberica<\/em>. (n.d.). iNaturalist Ecuador. Retrieved February 15, 2025, from <a href=\"https:\/\/ecuador.inaturalist.org\/taxa\/85062-Cordulegaster-boltonii-iberica\">https:\/\/ecuador.inaturalist.org\/taxa\/85062-Cordulegaster-boltonii-iberica<\/a><\/p>\n\n\n\n<p class=\"has-text-align-justify has-small-font-size\"><em>Odonatos<\/em>. (n.d.). Odonatos.com. Retrieved February 15, 2025, from <a href=\"https:\/\/www.odonatos.com\/index.php?spp=Cordulegaster_boltonii\">https:\/\/www.odonatos.com\/index.php?spp=Cordulegaster_boltonii<\/a><\/p>\n\n\n\n<p class=\"has-text-align-justify has-small-font-size\">Jean-Pierre Boudot (IUCN SSC Dragonfly Specialist Group). (2018). IUCN Red List of Threatened Species: Cordulegaster boltonii.&nbsp;<em>IUCN Red List of Threatened Species<\/em>.&nbsp;&nbsp;&nbsp;&nbsp;&nbsp;&nbsp;&nbsp;&nbsp;&nbsp;&nbsp;&nbsp;&nbsp;&nbsp;&nbsp;&nbsp;&nbsp;&nbsp;&nbsp;&nbsp;&nbsp;&nbsp;&nbsp;&nbsp;&nbsp;&nbsp;&nbsp;&nbsp;&nbsp;&nbsp;&nbsp;&nbsp;&nbsp;&nbsp;&nbsp;&nbsp;&nbsp;&nbsp;&nbsp;&nbsp;&nbsp;&nbsp;&nbsp;&nbsp;&nbsp;&nbsp;&nbsp;&nbsp;&nbsp;&nbsp;&nbsp;&nbsp;&nbsp;&nbsp;&nbsp;&nbsp;&nbsp;&nbsp;&nbsp;&nbsp;&nbsp;&nbsp;&nbsp;&nbsp;&nbsp;&nbsp;&nbsp;&nbsp;&nbsp;&nbsp;&nbsp;&nbsp;&nbsp;&nbsp;&nbsp;&nbsp;&nbsp;&nbsp;&nbsp;&nbsp;&nbsp;&nbsp; <a href=\"https:\/\/www.iucnredlist.org\/es\/species\/165509\/140511553\">https:\/\/www.iucnredlist.org\/es\/species\/165509\/140511553<\/a><\/p>\n","protected":false},"excerpt":{"rendered":"<p>Cordulegaster boltonii. Imagen con copyrigth CC BY 2.0, creada por Frank Vassen y obtenida de Wikimedia commons en: https:\/\/commons.wikimedia.org\/wiki\/File:Cordulegaster_boltonii,_Le_Collet-de-D%C3%A8ze,_Loz%C3%A8re,_France_(51411673522).jpg Reino Animalia Filo Arthropoda Subfilo Hexapoda Clase Insecta Subclase Pterygota Orden Odonata Suborden Anisoptera Superfamilia Cordulegastroidea Familia Cordulegastridae G\u00e9nero Cordulegaster Especie C. boltonii DESCRIPCI\u00d3N: La lib\u00e9lula tigre es un odonato de tama\u00f1o mediano, que suele medir [&hellip;]<\/p>\n","protected":false},"author":2556,"featured_media":0,"parent":0,"menu_order":0,"comment_status":"closed","ping_status":"closed","template":"","meta":{"footnotes":""},"class_list":["post-1058","page","type-page","status-publish","hentry"],"_links":{"self":[{"href":"https:\/\/webs.uab.cat\/bees\/wp-json\/wp\/v2\/pages\/1058","targetHints":{"allow":["GET"]}}],"collection":[{"href":"https:\/\/webs.uab.cat\/bees\/wp-json\/wp\/v2\/pages"}],"about":[{"href":"https:\/\/webs.uab.cat\/bees\/wp-json\/wp\/v2\/types\/page"}],"author":[{"embeddable":true,"href":"https:\/\/webs.uab.cat\/bees\/wp-json\/wp\/v2\/users\/2556"}],"replies":[{"embeddable":true,"href":"https:\/\/webs.uab.cat\/bees\/wp-json\/wp\/v2\/comments?post=1058"}],"version-history":[{"count":1,"href":"https:\/\/webs.uab.cat\/bees\/wp-json\/wp\/v2\/pages\/1058\/revisions"}],"predecessor-version":[{"id":4223,"href":"https:\/\/webs.uab.cat\/bees\/wp-json\/wp\/v2\/pages\/1058\/revisions\/4223"}],"wp:attachment":[{"href":"https:\/\/webs.uab.cat\/bees\/wp-json\/wp\/v2\/media?parent=1058"}],"curies":[{"name":"wp","href":"https:\/\/api.w.org\/{rel}","templated":true}]}}