{"id":1076,"date":"2025-05-14T11:41:55","date_gmt":"2025-05-14T09:41:55","guid":{"rendered":"https:\/\/biocampus25.wordpress.com\/?page_id=1076"},"modified":"2025-05-19T12:13:34","modified_gmt":"2025-05-19T10:13:34","slug":"lepidoptera","status":"publish","type":"page","link":"https:\/\/webs.uab.cat\/bees\/lepidoptera\/","title":{"rendered":"Lepidoptera"},"content":{"rendered":"\n<div class=\"wp-block-group is-vertical is-layout-flex wp-container-core-group-is-layout-3e0ae1ae wp-block-group-is-layout-flex\">\n<p><strong>Descripci\u00f3n:<\/strong><\/p>\n\n\n\n<p class=\"has-text-align-justify has-alegreya-font-family has-small-font-size\">Este orden est\u00e1 formado por aproximadamente 150.000 especies, entre las cuales destacan las mariposas y las polillas. Este grupo representa el tercer orden de insectos m\u00e1s diverso, y podemos encontrarlos en casi cualquier parte del mundo, excepto en las zonas polares.<\/p>\n\n\n\n<p class=\"has-text-align-justify has-alegreya-font-family has-small-font-size\">Los lepid\u00f3pteros se pueden clasificar seg\u00fan el per\u00edodo del d\u00eda en el que est\u00e1n activos: los heter\u00f3ceros son de h\u00e1bitos nocturnos, mientras que los ropal\u00f3ceros son diurnos.<\/p>\n\n\n\n<p class=\"has-text-align-justify has-alegreya-font-family has-small-font-size\">En la zona de la cabeza podemos encontrar un par de antenas de forma variada, un par de ocelos y un par de ojos compuestos. Adem\u00e1s, su aparato bucal es de tipo chupador-lamedor, a veces con espir\u00e1culo, lo que les facilita la captura del n\u00e9ctar de las flores.<\/p>\n\n\n\n<p class=\"has-text-align-justify has-alegreya-font-family has-small-font-size\">En el t\u00f3rax encontramos un prot\u00f3rax reducido y un mesot\u00f3rax y metat\u00f3rax con alas. Estas presentan en su superficie escamas aplanadas y aristas, que permiten modificar la reflexi\u00f3n de la luz. Las alas les son especialmente \u00fatiles para el cortejo, la termorregulaci\u00f3n y el vuelo (donde unen ambas alas gracias a unas estructuras en forma de garfio).<\/p>\n\n\n\n<p class=\"has-text-align-justify has-alegreya-font-family has-small-font-size\">El abdomen est\u00e1 formado por diez segmentos, aunque el s\u00e9ptimo y octavo no presentan la estructura cl\u00e1sica, sino que forman parte del aparato genital externo.<\/p>\n\n\n\n<p class=\"has-text-align-justify has-alegreya-font-family has-small-font-size\">En cuanto a su reproducci\u00f3n, antes de la c\u00f3pula, el macho realiza un cortejo que consiste en mostrar su t\u00e9cnica de vuelo y elaborar feromonas. En la c\u00f3pula, la hembra es capaz de almacenar los espermatozoides en una bursa copulatrix.<\/p>\n\n\n\n<p class=\"has-text-align-justify has-alegreya-font-family has-small-font-size\">De los huevos salen orugas con aparato bucal masticador, que se alimentan de las estructuras vegetales de la zona donde se encuentran. Tambi\u00e9n se caracterizan por tener tres pares de patas, cinco pares de patas falsas y una estructura productora de las sedas para la metamorfosis en la cabeza. Utilizan este \u00faltimo elemento al pasar a la fase de pupa, momento en el que dejan de alimentarse hasta el momento en que sale el individuo adulto.<\/p>\n<\/div>\n\n\n\n<div style=\"height:20px\" aria-hidden=\"true\" class=\"wp-block-spacer\"><\/div>\n\n\n\n<p><strong>Clave dicot\u00f3mica:<\/strong><\/p>\n\n\n\n<div class=\"wp-block-columns is-layout-flex wp-container-core-columns-is-layout-9d6595d7 wp-block-columns-is-layout-flex\">\n<div class=\"wp-block-column is-layout-flow wp-block-column-is-layout-flow\" style=\"flex-basis:66.66%\">\n<div class=\"wp-block-group is-vertical is-layout-flex wp-container-core-group-is-layout-769d0143 wp-block-group-is-layout-flex\">\n<p class=\"has-text-align-justify has-small-font-size\"><strong>1a.<\/strong> Antenas en forma de filamento o pluma, sin forma de maza. Principalmente vuelan por la noche &#8212;&#8212;&#8212;&#8212;&#8212;&#8212;&#8212;&#8212;&#8212;&#8212;&#8212;&#8212;&#8212;&gt; 2<\/p>\n\n\n\n<p class=\"has-text-align-justify has-small-font-size\"><strong>1b.<\/strong> Antenas en forma de maza o ligeramente gruesas en el extremo. Principalmente son diurnos &#8212;&#8212;&#8212;&#8212;&#8212;&#8212;&#8212;&#8212;&#8212;&#8212;&#8212;&#8212;&#8211;&gt; 5<\/p>\n<\/div>\n\n\n\n<div style=\"height:44px\" aria-hidden=\"true\" class=\"wp-block-spacer\"><\/div>\n\n\n\n<div class=\"wp-block-group is-vertical is-layout-flex wp-container-core-group-is-layout-769d0143 wp-block-group-is-layout-flex\">\n<p class=\"has-text-align-justify has-small-font-size\"><strong>2a.<\/strong> Alas con escamas alargadas y de coloraci\u00f3n cr\u00edptica. Generalmente con el cuerpo robusto y peludo &#8212;&#8212;&#8212;&#8212;&#8212;&#8212;&#8212;&#8212;&#8212;&#8212;-&gt; <strong><a href=\"https:\/\/webs.uab.cat\/bees\/erebidae\/\" data-type=\"page\" data-id=\"1105\">Erebidae<\/a><\/strong><\/p>\n\n\n\n<p class=\"has-text-align-justify has-small-font-size\"><strong>2b.<\/strong> Alas sin escamas alargadas y cuerpo menos robusto&nbsp; &#8212;&#8212;&#8212;&#8212;&#8212;&#8212;&#8212;&#8212;&#8212;&#8212;&#8212;&#8212;-&gt; 3<\/p>\n<\/div>\n\n\n\n<div style=\"height:22px\" aria-hidden=\"true\" class=\"wp-block-spacer\"><\/div>\n\n\n\n<div class=\"wp-block-group has-small-font-size is-vertical is-layout-flex wp-container-core-group-is-layout-769d0143 wp-block-group-is-layout-flex\">\n<p class=\"has-text-align-justify has-small-font-size\"><strong>3a.<\/strong> Alas anteriores estrechas y con morfolog\u00eda triangular. Puede volar a grandes velocidades &#8212;&#8212;&#8212;&#8212;&#8212;&#8212;&#8212;&#8212;&#8212;&#8212;&#8212;&#8212;&#8212;&gt; <strong><a href=\"https:\/\/webs.uab.cat\/bees\/sphingidae\/\" data-type=\"page\" data-id=\"1131\">Sphingidae<\/a><\/strong><\/p>\n\n\n\n<p class=\"has-text-align-justify has-small-font-size\"><strong>3b.<\/strong> Alas anteriores m\u00e1s amplias y no con forma triangular &#8212;&#8212;&#8212;&#8212;&#8212;&#8212;&#8212;&#8212;&#8212;&#8212;&#8212;&#8212;&gt; 4<\/p>\n<\/div>\n\n\n\n<div style=\"height:10px\" aria-hidden=\"true\" class=\"wp-block-spacer\"><\/div>\n\n\n\n<div class=\"wp-block-group is-vertical is-layout-flex wp-container-core-group-is-layout-769d0143 wp-block-group-is-layout-flex\">\n<p class=\"has-text-align-justify has-small-font-size\"><strong>4a.<\/strong> Peque\u00f1as polillas con alas plegadas en forma de tejado y normalmente vive cerca de zonas agr\u00edcolas &#8212;&#8212;&#8212;&#8212;&#8212;&#8212;&#8211;&gt; <strong><a href=\"https:\/\/webs.uab.cat\/bees\/crambidae\/\" data-type=\"page\" data-id=\"1168\">Crambidae<\/a><\/strong><\/p>\n\n\n\n<p class=\"has-text-align-justify has-small-font-size\"><strong>4b.<\/strong> Polillas de tama\u00f1o peque\u00f1o-mediano, de colores apagados, que suelen vivir en bosques h\u00famedos &#8212;&#8212;&#8212;&#8212;&#8212;&#8212;-&gt; <strong><a href=\"https:\/\/webs.uab.cat\/bees\/thaumetopoeidae\/\" data-type=\"page\" data-id=\"1176\">Thaumetopoeidae<\/a><\/strong><\/p>\n<\/div>\n\n\n\n<div style=\"height:133px\" aria-hidden=\"true\" class=\"wp-block-spacer\"><\/div>\n\n\n\n<div class=\"wp-block-group is-vertical is-layout-flex wp-container-core-group-is-layout-769d0143 wp-block-group-is-layout-flex\">\n<p class=\"has-text-align-justify has-small-font-size\"><strong>5a. <\/strong>\u00a0Son de colores blancos o amarillos y sus u\u00f1as est\u00e1n bifurcadas &#8212;&#8212;&#8212;&#8212;&#8212;-&gt; <strong><a href=\"https:\/\/webs.uab.cat\/bees\/pieridae\/\" data-type=\"page\" data-id=\"1245\">Pieridae<\/a><\/strong><\/p>\n\n\n\n<p class=\"has-text-align-justify has-small-font-size\"><strong>5b. <\/strong>No cumple con esta descripci\u00f3n &#8212;&#8212;&#8212;&gt; 6<\/p>\n<\/div>\n\n\n\n<div style=\"height:144px\" aria-hidden=\"true\" class=\"wp-block-spacer\"><\/div>\n\n\n\n<div class=\"wp-block-group is-vertical is-layout-flex wp-container-core-group-is-layout-769d0143 wp-block-group-is-layout-flex\">\n<p class=\"has-text-align-justify has-small-font-size\"><strong>6a. <\/strong>Mariposas con alas de colores vistosos y con los extremos irregulares en algunas especies. Tienen el primer par de patas absentes o reducidas &#8212;&#8212;&#8212;&#8212;&gt; <strong><a href=\"https:\/\/webs.uab.cat\/bees\/nymphalidae\/\" data-type=\"page\" data-id=\"1198\">Nymphalidae<\/a><\/strong><\/p>\n\n\n\n<p class=\"has-text-align-justify has-small-font-size\"><strong>6b.<\/strong> Mariposas con alas de colores met\u00e1licos o iridiscentes. Tienen tres pares de alas &#8211;&gt; <strong><a href=\"https:\/\/webs.uab.cat\/bees\/lycaenidae\/\" data-type=\"page\" data-id=\"1222\">Lycaenidae<\/a><\/strong><\/p>\n<\/div>\n<\/div>\n\n\n\n<div class=\"wp-block-column is-layout-flow wp-block-column-is-layout-flow\" style=\"flex-basis:33.33%\">\n<div class=\"wp-block-group is-vertical is-layout-flex wp-container-core-group-is-layout-769d0143 wp-block-group-is-layout-flex\">\n<figure class=\"wp-block-image size-large\"><img loading=\"lazy\" decoding=\"async\" width=\"640\" height=\"427\" src=\"https:\/\/biocampus25.wordpress.com\/wp-content\/uploads\/2025\/04\/640px-moth_antenna_26299498644.jpg?w=640\" alt=\"\" class=\"wp-image-1092\" srcset=\"https:\/\/webs.uab.cat\/bees\/wp-content\/uploads\/sites\/329\/2025\/04\/640px-moth_antenna_26299498644.jpg 640w, https:\/\/webs.uab.cat\/bees\/wp-content\/uploads\/sites\/329\/2025\/04\/640px-moth_antenna_26299498644-300x200.jpg 300w\" sizes=\"auto, (max-width: 640px) 100vw, 640px\" \/><figcaption class=\"wp-element-caption\">Antena plumosa. Imagen con copyright CC BY 2.0, creada por patrickkavanagh y obtenida de wikimedia commons en <a href=\"https:\/\/commons.wikimedia.org\/wiki\/File:Moth_antenna_(26299498644).jpg\">https:\/\/commons.wikimedia.org\/wiki\/File:Moth_antenna_(26299498644).jpg<\/a><\/figcaption><\/figure>\n<\/div>\n\n\n\n<div style=\"height:55px\" aria-hidden=\"true\" class=\"wp-block-spacer\"><\/div>\n\n\n\n<div class=\"wp-block-group is-vertical is-layout-flex wp-container-core-group-is-layout-769d0143 wp-block-group-is-layout-flex\">\n<figure class=\"wp-block-image size-large\"><img loading=\"lazy\" decoding=\"async\" width=\"640\" height=\"469\" src=\"https:\/\/biocampus25.wordpress.com\/wp-content\/uploads\/2025\/04\/640px-callambulyx_tatarinovii.jpg?w=640\" alt=\"\" class=\"wp-image-1095\" srcset=\"https:\/\/webs.uab.cat\/bees\/wp-content\/uploads\/sites\/329\/2025\/04\/640px-callambulyx_tatarinovii.jpg 640w, https:\/\/webs.uab.cat\/bees\/wp-content\/uploads\/sites\/329\/2025\/04\/640px-callambulyx_tatarinovii-300x220.jpg 300w\" sizes=\"auto, (max-width: 640px) 100vw, 640px\" \/><figcaption class=\"wp-element-caption\"><a href=\"https:\/\/webs.uab.cat\/bees\/sphingidae\/\" data-type=\"page\" data-id=\"1131\">Sphingidae<\/a><\/figcaption><\/figure>\n<\/div>\n\n\n\n<div class=\"wp-block-group is-vertical is-layout-flex wp-container-core-group-is-layout-769d0143 wp-block-group-is-layout-flex\">\n<figure class=\"wp-block-image size-large\"><img loading=\"lazy\" decoding=\"async\" width=\"640\" height=\"558\" src=\"https:\/\/biocampus25.wordpress.com\/wp-content\/uploads\/2025\/04\/evergestis_pallidata_02.jpg?w=640\" alt=\"\" class=\"wp-image-1098\" srcset=\"https:\/\/webs.uab.cat\/bees\/wp-content\/uploads\/sites\/329\/2025\/04\/evergestis_pallidata_02.jpg 640w, https:\/\/webs.uab.cat\/bees\/wp-content\/uploads\/sites\/329\/2025\/04\/evergestis_pallidata_02-300x262.jpg 300w\" sizes=\"auto, (max-width: 640px) 100vw, 640px\" \/><figcaption class=\"wp-element-caption\"><a href=\"https:\/\/webs.uab.cat\/bees\/crambidae\/\" data-type=\"page\" data-id=\"1168\">Crambidae<\/a><\/figcaption><\/figure>\n<\/div>\n\n\n\n<div class=\"wp-block-group is-vertical is-layout-flex wp-container-core-group-is-layout-769d0143 wp-block-group-is-layout-flex\">\n<figure class=\"wp-block-image size-large\"><img loading=\"lazy\" decoding=\"async\" width=\"640\" height=\"480\" src=\"https:\/\/biocampus25.wordpress.com\/wp-content\/uploads\/2025\/04\/grass_yellow_2845521740.jpg?w=640\" alt=\"\" class=\"wp-image-1101\" srcset=\"https:\/\/webs.uab.cat\/bees\/wp-content\/uploads\/sites\/329\/2025\/04\/grass_yellow_2845521740.jpg 640w, https:\/\/webs.uab.cat\/bees\/wp-content\/uploads\/sites\/329\/2025\/04\/grass_yellow_2845521740-300x225.jpg 300w\" sizes=\"auto, (max-width: 640px) 100vw, 640px\" \/><figcaption class=\"wp-element-caption\"><a href=\"https:\/\/webs.uab.cat\/bees\/pieridae\/\" data-type=\"page\" data-id=\"1245\">Pieridae<\/a><\/figcaption><\/figure>\n<\/div>\n\n\n\n<div class=\"wp-block-group has-small-font-size is-vertical is-layout-flex wp-container-core-group-is-layout-769d0143 wp-block-group-is-layout-flex\">\n<figure class=\"wp-block-image size-large\"><img loading=\"lazy\" decoding=\"async\" width=\"640\" height=\"479\" src=\"https:\/\/biocampus25.wordpress.com\/wp-content\/uploads\/2025\/04\/aglais_io_nymphalidae_sp._arnhem_the_netherlands.jpg?w=640\" alt=\"\" class=\"wp-image-1102\" srcset=\"https:\/\/webs.uab.cat\/bees\/wp-content\/uploads\/sites\/329\/2025\/04\/aglais_io_nymphalidae_sp._arnhem_the_netherlands.jpg 640w, https:\/\/webs.uab.cat\/bees\/wp-content\/uploads\/sites\/329\/2025\/04\/aglais_io_nymphalidae_sp._arnhem_the_netherlands-300x225.jpg 300w\" sizes=\"auto, (max-width: 640px) 100vw, 640px\" \/><figcaption class=\"wp-element-caption\"><a href=\"https:\/\/webs.uab.cat\/bees\/nymphalidae\/\" data-type=\"page\" data-id=\"1198\">Nymphalidae<\/a><\/figcaption><\/figure>\n<\/div>\n<\/div>\n<\/div>\n\n\n\n<div style=\"height:30px\" aria-hidden=\"true\" class=\"wp-block-spacer\"><\/div>\n\n\n\n<p><strong>Bibliografia:<\/strong><\/p>\n\n\n\n<p class=\"has-text-align-justify has-small-font-size\"><em>Mariposas y polillas (Orden Lepidoptera)<\/em>. (n.d.). iNaturalist Mexico. Retrieved January 5, 2025, from <a href=\"https:\/\/mexico.inaturalist.org\/taxa\/47157-Lepidoptera\">https:\/\/mexico.inaturalist.org\/taxa\/47157-Lepidoptera<\/a><\/p>\n\n\n\n<p class=\"has-text-align-justify has-small-font-size\"><em>Orden Lepidoptera &#8211; Insectarium Virtual del Parc Natural del Penyal d\u2019Ifac &#8211; Generalitat Valenciana<\/em>. (n.d.). Insectarium Virtual del Parc Natural del Penyal d\u2019Ifac. Retrieved January 5, 2025, from <a href=\"https:\/\/parquesnaturales.gva.es\/es\/web\/insectarium-virtual-del-parc-natural-del-penyal-d-ifac\/orden-lepidoptera\">https:\/\/parquesnaturales.gva.es\/es\/web\/insectarium-virtual-del-parc-natural-del-penyal-d-ifac\/orden-lepidoptera<\/a><\/p>\n\n\n\n<p class=\"has-text-align-justify has-small-font-size\"><em>Cu\u00e1les son las caracter\u00edsticas y ejemplos de los lepid\u00f3pteros<\/em>. (2023, December 19). Ecolog\u00eda SE. <a href=\"https:\/\/ecose.org\/lepidopteros\/\">https:\/\/ecose.org\/lepidopteros\/<\/a><\/p>\n\n\n\n<p class=\"has-small-font-size\"><em>Lepid\u00f3pteros<\/em>. (2018, July 9). Animales. <a href=\"https:\/\/www.animales.website\/lepidopteros\/\">https:\/\/www.animales.website\/lepidopteros\/<\/a><\/p>\n","protected":false},"excerpt":{"rendered":"<p>Descripci\u00f3n: Este orden est\u00e1 formado por aproximadamente 150.000 especies, entre las cuales destacan las mariposas y las polillas. Este grupo representa el tercer orden de insectos m\u00e1s diverso, y podemos encontrarlos en casi cualquier parte del mundo, excepto en las zonas polares. Los lepid\u00f3pteros se pueden clasificar seg\u00fan el per\u00edodo del d\u00eda en el que [&hellip;]<\/p>\n","protected":false},"author":2556,"featured_media":0,"parent":0,"menu_order":0,"comment_status":"closed","ping_status":"closed","template":"","meta":{"footnotes":""},"class_list":["post-1076","page","type-page","status-publish","hentry"],"_links":{"self":[{"href":"https:\/\/webs.uab.cat\/bees\/wp-json\/wp\/v2\/pages\/1076","targetHints":{"allow":["GET"]}}],"collection":[{"href":"https:\/\/webs.uab.cat\/bees\/wp-json\/wp\/v2\/pages"}],"about":[{"href":"https:\/\/webs.uab.cat\/bees\/wp-json\/wp\/v2\/types\/page"}],"author":[{"embeddable":true,"href":"https:\/\/webs.uab.cat\/bees\/wp-json\/wp\/v2\/users\/2556"}],"replies":[{"embeddable":true,"href":"https:\/\/webs.uab.cat\/bees\/wp-json\/wp\/v2\/comments?post=1076"}],"version-history":[{"count":2,"href":"https:\/\/webs.uab.cat\/bees\/wp-json\/wp\/v2\/pages\/1076\/revisions"}],"predecessor-version":[{"id":4222,"href":"https:\/\/webs.uab.cat\/bees\/wp-json\/wp\/v2\/pages\/1076\/revisions\/4222"}],"wp:attachment":[{"href":"https:\/\/webs.uab.cat\/bees\/wp-json\/wp\/v2\/media?parent=1076"}],"curies":[{"name":"wp","href":"https:\/\/api.w.org\/{rel}","templated":true}]}}