{"id":1131,"date":"2025-05-14T11:43:41","date_gmt":"2025-05-14T09:43:41","guid":{"rendered":"https:\/\/biocampus25.wordpress.com\/?page_id=1131"},"modified":"2025-05-19T13:41:39","modified_gmt":"2025-05-19T11:41:39","slug":"sphingidae","status":"publish","type":"page","link":"https:\/\/webs.uab.cat\/bees\/sphingidae\/","title":{"rendered":"Sphingidae"},"content":{"rendered":"\n<div class=\"wp-block-group is-vertical is-layout-flex wp-container-core-group-is-layout-3e0ae1ae wp-block-group-is-layout-flex\">\n<p><strong>Descripci\u00f3n:<\/strong><\/p>\n\n\n\n<p class=\"has-text-align-justify\">Esta familia de lepid\u00f3pteros heter\u00f3ceros est\u00e1 formada por unas 1.000 especies, de las cuales solo unas 30 se encuentran en Europa. Las caracter\u00edsticas m\u00e1s definitorias de este grupo son:<\/p>\n\n\n\n<div class=\"wp-block-group has-alegreya-font-family has-small-font-size is-vertical is-layout-flex wp-container-core-group-is-layout-8cf370e7 wp-block-group-is-layout-flex\">\n<ul class=\"wp-block-list\">\n<li>Presentan orugas de gran tama\u00f1o, que tienen una estructura en forma de cuerno en el und\u00e9cimo segmento abdominal. Adem\u00e1s, su cuerpo es bastante robusto y carece de pelo.<\/li>\n\n\n\n<li>Tienen la capacidad de volar a gran velocidad, momento en el que aprovechan para alimentarse de n\u00e9ctar con su larga prob\u00f3scide. Sin embargo, hay especies que, en su fase adulta, pierden la capacidad de alimentarse porque no tienen prob\u00f3scide.<\/li>\n\n\n\n<li>Su primer par de alas es estrecho y con forma puntiaguda, mientras que el segundo par tiende a ser m\u00e1s grueso. En reposo, mantienen las alas extendidas hacia atr\u00e1s.<\/li>\n<\/ul>\n\n\n\n<p class=\"has-text-align-justify\">La especie elegida para representar a este grupo ha sido &#8220;<em><a href=\"https:\/\/webs.uab.cat\/bees\/esfinge-colibri\/\" data-type=\"page\" data-id=\"1136\">Macroglossum stellatarum<\/a><\/em>&#8220;.<\/p>\n<\/div>\n<\/div>\n\n\n\n<div style=\"height:30px\" aria-hidden=\"true\" class=\"wp-block-spacer\"><\/div>\n\n\n\n<p><strong>Bibliografia:<\/strong><\/p>\n\n\n\n<p class=\"has-text-align-justify has-small-font-size\">Valderrey, J. L. M. (n.d.-b).&nbsp;<em>Sphingidae (Latreille, 1802)<\/em>. Naturaleza y turismo. Retrieved January 6, 2025, from <a href=\"https:\/\/www.asturnatura.com\/familia\/sphingidae\">https:\/\/www.asturnatura.com\/familia\/sphingidae<\/a><\/p>\n\n\n\n<p class=\"has-text-align-justify has-small-font-size\"><em>SPHINGIDAE<\/em>. (n.d.). Ecosdelbosque.com. Retrieved January 6, 2025, from <a href=\"https:\/\/ecosdelbosque.com\/familias\/sphingidae\">https:\/\/ecosdelbosque.com\/familias\/sphingidae<\/a><\/p>\n\n\n\n<p class=\"has-text-align-justify has-small-font-size\"><em>polillas esfinge (Familia Sphingidae)<\/em>. (n.d.). iNaturalist Mexico. Retrieved April 18, 2025, from <a href=\"https:\/\/mexico.inaturalist.org\/taxa\/47213-Sphingidae\">https:\/\/mexico.inaturalist.org\/taxa\/47213-Sphingidae<\/a><\/p>\n\n\n\n<p><\/p>\n","protected":false},"excerpt":{"rendered":"<p>Descripci\u00f3n: Esta familia de lepid\u00f3pteros heter\u00f3ceros est\u00e1 formada por unas 1.000 especies, de las cuales solo unas 30 se encuentran en Europa. Las caracter\u00edsticas m\u00e1s definitorias de este grupo son: La especie elegida para representar a este grupo ha sido &#8220;Macroglossum stellatarum&#8220;. Bibliografia: Valderrey, J. L. M. (n.d.-b).&nbsp;Sphingidae (Latreille, 1802). Naturaleza y turismo. Retrieved January [&hellip;]<\/p>\n","protected":false},"author":2556,"featured_media":0,"parent":0,"menu_order":0,"comment_status":"closed","ping_status":"closed","template":"","meta":{"footnotes":""},"class_list":["post-1131","page","type-page","status-publish","hentry"],"_links":{"self":[{"href":"https:\/\/webs.uab.cat\/bees\/wp-json\/wp\/v2\/pages\/1131","targetHints":{"allow":["GET"]}}],"collection":[{"href":"https:\/\/webs.uab.cat\/bees\/wp-json\/wp\/v2\/pages"}],"about":[{"href":"https:\/\/webs.uab.cat\/bees\/wp-json\/wp\/v2\/types\/page"}],"author":[{"embeddable":true,"href":"https:\/\/webs.uab.cat\/bees\/wp-json\/wp\/v2\/users\/2556"}],"replies":[{"embeddable":true,"href":"https:\/\/webs.uab.cat\/bees\/wp-json\/wp\/v2\/comments?post=1131"}],"version-history":[{"count":1,"href":"https:\/\/webs.uab.cat\/bees\/wp-json\/wp\/v2\/pages\/1131\/revisions"}],"predecessor-version":[{"id":4292,"href":"https:\/\/webs.uab.cat\/bees\/wp-json\/wp\/v2\/pages\/1131\/revisions\/4292"}],"wp:attachment":[{"href":"https:\/\/webs.uab.cat\/bees\/wp-json\/wp\/v2\/media?parent=1131"}],"curies":[{"name":"wp","href":"https:\/\/api.w.org\/{rel}","templated":true}]}}