{"id":1136,"date":"2025-05-14T11:41:04","date_gmt":"2025-05-14T09:41:04","guid":{"rendered":"https:\/\/biocampus25.wordpress.com\/?page_id=1136"},"modified":"2025-05-19T11:18:10","modified_gmt":"2025-05-19T09:18:10","slug":"esfinge-colibri","status":"publish","type":"page","link":"https:\/\/webs.uab.cat\/bees\/esfinge-colibri\/","title":{"rendered":"ESFINGE COLIBR\u00cd\u00a0"},"content":{"rendered":"<div class=\"wp-block-image\">\n<figure class=\"aligncenter size-large\"><img loading=\"lazy\" decoding=\"async\" width=\"640\" height=\"360\" src=\"https:\/\/biocampus25.wordpress.com\/wp-content\/uploads\/2025\/04\/macroglossum_stellatarum_1-edited.jpg\" alt=\"\" class=\"wp-image-1139\" srcset=\"https:\/\/webs.uab.cat\/bees\/wp-content\/uploads\/sites\/329\/2025\/04\/macroglossum_stellatarum_1-edited.jpg 640w, https:\/\/webs.uab.cat\/bees\/wp-content\/uploads\/sites\/329\/2025\/04\/macroglossum_stellatarum_1-edited-300x169.jpg 300w\" sizes=\"auto, (max-width: 640px) 100vw, 640px\" \/><\/figure>\n<\/div>\n\n\n<div style=\"height:10px\" aria-hidden=\"true\" class=\"wp-block-spacer\"><\/div>\n\n\n\n<div class=\"wp-block-columns is-layout-flex wp-container-core-columns-is-layout-9d6595d7 wp-block-columns-is-layout-flex\">\n<div class=\"wp-block-column is-layout-flow wp-block-column-is-layout-flow\">\n<figure class=\"wp-block-table has-alegreya-font-family has-small-font-size\"><table><tbody><tr><td class=\"has-text-align-center\" data-align=\"center\"><strong>Reino<\/strong><\/td><td class=\"has-text-align-center\" data-align=\"center\">Animalia<\/td><\/tr><tr><td class=\"has-text-align-center\" data-align=\"center\"><strong>Filo<\/strong><\/td><td class=\"has-text-align-center\" data-align=\"center\">Arthropoda<\/td><\/tr><tr><td class=\"has-text-align-center\" data-align=\"center\"><strong>Subfilo<\/strong><\/td><td class=\"has-text-align-center\" data-align=\"center\"><a href=\"https:\/\/webs.uab.cat\/bees\/hexapoda\/\" data-type=\"page\" data-id=\"4095\">Hexapoda<\/a><\/td><\/tr><tr><td class=\"has-text-align-center\" data-align=\"center\"><strong>Clase<\/strong><\/td><td class=\"has-text-align-center\" data-align=\"center\">Insecta<\/td><\/tr><tr><td class=\"has-text-align-center\" data-align=\"center\"><strong>Subclase<\/strong><\/td><td class=\"has-text-align-center\" data-align=\"center\">Pterygota<\/td><\/tr><tr><td class=\"has-text-align-center\" data-align=\"center\"><strong>Orden<\/strong><\/td><td class=\"has-text-align-center\" data-align=\"center\"><a href=\"https:\/\/webs.uab.cat\/bees\/lepidoptera\/\" data-type=\"page\" data-id=\"1076\">Lepidoptera<\/a><\/td><\/tr><tr><td class=\"has-text-align-center\" data-align=\"center\"><strong>Superfamilia<\/strong><\/td><td class=\"has-text-align-center\" data-align=\"center\">Bombycoidea<\/td><\/tr><tr><td class=\"has-text-align-center\" data-align=\"center\"><strong>Familia<\/strong><\/td><td class=\"has-text-align-center\" data-align=\"center\"><a href=\"https:\/\/webs.uab.cat\/bees\/sphingidae\/\" data-type=\"page\" data-id=\"1131\">Sphingidae<\/a><\/td><\/tr><tr><td class=\"has-text-align-center\" data-align=\"center\"><strong>Subfamilia<\/strong><\/td><td class=\"has-text-align-center\" data-align=\"center\">Macroglossinae<\/td><\/tr><tr><td class=\"has-text-align-center\" data-align=\"center\"><strong>Tribu<\/strong><\/td><td class=\"has-text-align-center\" data-align=\"center\">Macroglossini<\/td><\/tr><tr><td class=\"has-text-align-center\" data-align=\"center\"><strong>Subtribu<\/strong><\/td><td class=\"has-text-align-center\" data-align=\"center\">Macroglossina<\/td><\/tr><tr><td class=\"has-text-align-center\" data-align=\"center\"><strong>G\u00e9nero<\/strong><\/td><td class=\"has-text-align-center\" data-align=\"center\">Macroglossum<\/td><\/tr><tr><td class=\"has-text-align-center\" data-align=\"center\"><strong>Especie<\/strong><\/td><td class=\"has-text-align-center\" data-align=\"center\">M. stellatarum<\/td><\/tr><\/tbody><\/table><\/figure>\n<\/div>\n\n\n\n<div class=\"wp-block-column is-layout-flow wp-block-column-is-layout-flow\">\n<p><strong>DESCRIPCI\u00d3N:<\/strong><\/p>\n\n\n\n<p class=\"has-text-align-justify has-alegreya-font-family has-small-font-size\">La esfinge colibr\u00ed es una polilla de tama\u00f1o mediano, que suele medir unos 2,1-2,4 cm y tiene una envergadura alar de 3,4-5cm.<\/p>\n\n\n\n<p class=\"has-text-align-justify has-alegreya-font-family has-small-font-size\">Su cabeza es bastante ancha, lo que permite que desarrollen unos ojos grandes, un par de antenas anchas que acaban en forma de gancho y una prob\u00f3scide alargada.<\/p>\n\n\n\n<p class=\"has-text-align-justify has-alegreya-font-family has-small-font-size\">Sus alas anteriores son de color pardo, con un par de l\u00edneas negras de posici\u00f3n transversal y un punto entre ellas. Sus alas posteriores en cambio son anaranjadas o amarillentas y son de tama\u00f1o muy inferior. Cuando se encuentran reposando, las alas anteriores cubren a las posteriores.<\/p>\n\n\n\n<p class=\"has-text-align-justify has-alegreya-font-family has-small-font-size\">El t\u00f3rax y el abdomen se encuentran ligeramente aplanados. La zona terminal combina escamas negras y blancas y tiene la funci\u00f3n de estabilizar el vuelo.<\/p>\n<\/div>\n<\/div>\n\n\n\n<div style=\"height:10px\" aria-hidden=\"true\" class=\"wp-block-spacer\"><\/div>\n\n\n\n<div class=\"wp-block-group is-vertical is-layout-flex wp-container-core-group-is-layout-769d0143 wp-block-group-is-layout-flex\">\n<p><strong>DIETA:<\/strong><\/p>\n\n\n\n<p class=\"has-text-align-justify has-alegreya-font-family has-small-font-size\">Su nombre proviene precisamente de su forma de alimentarse, ya que se alimenta del n\u00e9ctar de las flores, pero sin parar de volar. Esto hace que nos recuerden a la forma de comportarse de los colibr\u00edes.<\/p>\n<\/div>\n\n\n\n<div style=\"height:10px\" aria-hidden=\"true\" class=\"wp-block-spacer\"><\/div>\n\n\n\n<div class=\"wp-block-group is-vertical is-layout-flex wp-container-core-group-is-layout-769d0143 wp-block-group-is-layout-flex\">\n<p><strong>ESTRUCTURA SOCIAL Y COMPORTAMIENTO:<\/strong><\/p>\n\n\n\n<p class=\"has-text-align-justify has-alegreya-font-family has-small-font-size\">Esta especie es de h\u00e1bitos diurnos, caracter\u00edstica poco com\u00fan entre el resto de las esfinges de Europa.<\/p>\n\n\n\n<p class=\"has-text-align-justify has-alegreya-font-family has-small-font-size\">Tambi\u00e9n se caracteriza por el hecho de que puede realizar migraciones o puede hibernar para intentar huir de las condiciones fr\u00edas, ya que no suelen sobrevivir a estas condiciones.<\/p>\n\n\n\n<p class=\"has-text-align-justify has-alegreya-font-family has-small-font-size\">En lo que respecta a la reproducci\u00f3n, esto se puede dar en diversas ocasiones al a\u00f1o en entornos c\u00e1lidos. Una vez realizada la c\u00f3pula, la hembra deposita unos 200 huevos sobre una planta del g\u00e9nero Galium. Estos se abrir\u00e1n pasados 6-8 d\u00edas, dando lugar a una larva.<\/p>\n\n\n\n<p class=\"has-text-align-justify has-alegreya-font-family has-small-font-size\">La larva pasa por diferentes fases, con un desarrollo dependiente de la temperatura, donde la primera es de coloraci\u00f3n amarillenta y luego se torna verdosa y con una l\u00ednea gris\u00e1cea al costado. Finalmente adquiere una tonalidad rojiza, justo antes de pasar a la fase de pupa.<\/p>\n\n\n\n<p class=\"has-text-align-justify has-alegreya-font-family has-small-font-size\">La pupa es de color pardo, con algunas regiones m\u00e1s translucidas u oscuras, ya presenta una prob\u00f3scide de gran tama\u00f1o y la forma ligeramente comprimida. Igual que pasaba con la larva, su desarrollo depende de las condiciones del ambiente y siempre desarroll\u00e1ndose en momentos m\u00e1s c\u00e1lidos.<\/p>\n<\/div>\n\n\n\n<div style=\"height:10px\" aria-hidden=\"true\" class=\"wp-block-spacer\"><\/div>\n\n\n\n<div class=\"wp-block-group is-vertical is-layout-flex wp-container-core-group-is-layout-769d0143 wp-block-group-is-layout-flex\">\n<p><strong>HABITAT Y ZONA DE DISTRIBUCI\u00d3N:<\/strong><\/p>\n\n\n\n<p class=\"has-text-align-justify has-alegreya-font-family has-small-font-size\">Esta polilla se encuentra ampliamente distribuida por Europa, el norte de \u00c1frica y al este de \u00c1sia.<\/p>\n\n\n\n<p class=\"has-text-align-justify has-alegreya-font-family has-small-font-size\">La podemos encontrar en muchos ambientes urbanos, como por ejemplo parques o jardines. Adem\u00e1s, puede haber ejemplares en bosques con vegetaci\u00f3n baja y espacios abiertos.<\/p>\n<\/div>\n\n\n\n<div class=\"wp-block-group is-vertical is-layout-flex wp-container-core-group-is-layout-769d0143 wp-block-group-is-layout-flex\">\n<figure class=\"wp-block-image size-large\"><img loading=\"lazy\" decoding=\"async\" width=\"1051\" height=\"531\" src=\"https:\/\/biocampus25.wordpress.com\/wp-content\/uploads\/2025\/04\/captura-de-pantalla-2025-04-18-122010.png?w=1024\" alt=\"\" class=\"wp-image-1146\" srcset=\"https:\/\/webs.uab.cat\/bees\/wp-content\/uploads\/sites\/329\/2025\/04\/captura-de-pantalla-2025-04-18-122010.png 1051w, https:\/\/webs.uab.cat\/bees\/wp-content\/uploads\/sites\/329\/2025\/04\/captura-de-pantalla-2025-04-18-122010-300x152.png 300w, https:\/\/webs.uab.cat\/bees\/wp-content\/uploads\/sites\/329\/2025\/04\/captura-de-pantalla-2025-04-18-122010-1024x517.png 1024w, https:\/\/webs.uab.cat\/bees\/wp-content\/uploads\/sites\/329\/2025\/04\/captura-de-pantalla-2025-04-18-122010-768x388.png 768w\" sizes=\"auto, (max-width: 1051px) 100vw, 1051px\" \/><\/figure>\n\n\n\n<p class=\"has-text-align-justify has-small-font-size\">Mapa de distribuci\u00f3n de Macroglossum stellatarum. Imagen obtenida de Gbif en:&nbsp;&nbsp;&nbsp;&nbsp;&nbsp;&nbsp;&nbsp;&nbsp;&nbsp;&nbsp;&nbsp;&nbsp;&nbsp; <a href=\"https:\/\/www.gbif.org\/es\/species\/1864652\">https:\/\/www.gbif.org\/es\/species\/1864652<\/a><\/p>\n<\/div>\n\n\n\n<div style=\"height:10px\" aria-hidden=\"true\" class=\"wp-block-spacer\"><\/div>\n\n\n\n<div class=\"wp-block-group is-vertical is-layout-flex wp-container-core-group-is-layout-769d0143 wp-block-group-is-layout-flex\">\n<p><strong>ESTADO DE CONSERVACI\u00d3N:<\/strong><\/p>\n\n\n\n<p class=\"has-text-align-justify has-alegreya-font-family has-small-font-size\">No se conoce cual es su estado de conservaci\u00f3n, pero no existen medidas espec\u00edficas para protegerlos.<\/p>\n<\/div>\n\n\n<div class=\"wp-block-image\">\n<figure class=\"aligncenter size-large is-resized\"><img loading=\"lazy\" decoding=\"async\" width=\"582\" height=\"167\" src=\"https:\/\/biocampus25.wordpress.com\/wp-content\/uploads\/2025\/04\/captura_de_pantalla_2025-04-16_221652-removebg-preview-5.png?w=582\" alt=\"\" class=\"wp-image-1148\" style=\"width:620px;height:auto\" srcset=\"https:\/\/webs.uab.cat\/bees\/wp-content\/uploads\/sites\/329\/2025\/04\/captura_de_pantalla_2025-04-16_221652-removebg-preview-5.png 582w, https:\/\/webs.uab.cat\/bees\/wp-content\/uploads\/sites\/329\/2025\/04\/captura_de_pantalla_2025-04-16_221652-removebg-preview-5-300x86.png 300w\" sizes=\"auto, (max-width: 582px) 100vw, 582px\" \/><\/figure>\n<\/div>\n\n\n<div style=\"height:30px\" aria-hidden=\"true\" class=\"wp-block-spacer\"><\/div>\n\n\n\n<p><strong>REFERENCIAS:<\/strong><\/p>\n\n\n\n<p class=\"has-text-align-justify has-small-font-size\"><em>Polilla esfinge colibr\u00ed (Macroglossum stellatarum)<\/em>. (n.d.). Natusfera. Retrieved February 17, 2025, from <a href=\"https:\/\/spain.inaturalist.org\/taxa\/56293-Macroglossum-stellatarum\">https:\/\/spain.inaturalist.org\/taxa\/56293-Macroglossum-stellatarum<\/a><\/p>\n\n\n\n<p class=\"has-text-align-justify has-small-font-size\">Valderrey, J. L. M. (2006, August 24).&nbsp;<em>Macroglossum stellatarum (Linnaeus, 1758)<\/em>. Naturaleza y turismo. <a href=\"https:\/\/www.asturnatura.com\/especie\/macroglossum-stellatarum\">https:\/\/www.asturnatura.com\/especie\/macroglossum-stellatarum<\/a><\/p>\n\n\n\n<p class=\"has-text-align-justify has-small-font-size\"><em>Macroglossum Stellatarum<\/em>. (2025, February 17). Malaga.es. <a href=\"https:\/\/www.malaga.es\/es\/laprovincia\/naturaleza\/lis_cd-17244\/macroglossum-stellatarum\">https:\/\/www.malaga.es\/es\/laprovincia\/naturaleza\/lis_cd-17244\/macroglossum-stellatarum<\/a><\/p>\n","protected":false},"excerpt":{"rendered":"<p>Reino Animalia Filo Arthropoda Subfilo Hexapoda Clase Insecta Subclase Pterygota Orden Lepidoptera Superfamilia Bombycoidea Familia Sphingidae Subfamilia Macroglossinae Tribu Macroglossini Subtribu Macroglossina G\u00e9nero Macroglossum Especie M. stellatarum DESCRIPCI\u00d3N: La esfinge colibr\u00ed es una polilla de tama\u00f1o mediano, que suele medir unos 2,1-2,4 cm y tiene una envergadura alar de 3,4-5cm. Su cabeza es bastante ancha, [&hellip;]<\/p>\n","protected":false},"author":2556,"featured_media":0,"parent":0,"menu_order":0,"comment_status":"closed","ping_status":"closed","template":"","meta":{"footnotes":""},"class_list":["post-1136","page","type-page","status-publish","hentry"],"_links":{"self":[{"href":"https:\/\/webs.uab.cat\/bees\/wp-json\/wp\/v2\/pages\/1136","targetHints":{"allow":["GET"]}}],"collection":[{"href":"https:\/\/webs.uab.cat\/bees\/wp-json\/wp\/v2\/pages"}],"about":[{"href":"https:\/\/webs.uab.cat\/bees\/wp-json\/wp\/v2\/types\/page"}],"author":[{"embeddable":true,"href":"https:\/\/webs.uab.cat\/bees\/wp-json\/wp\/v2\/users\/2556"}],"replies":[{"embeddable":true,"href":"https:\/\/webs.uab.cat\/bees\/wp-json\/wp\/v2\/comments?post=1136"}],"version-history":[{"count":1,"href":"https:\/\/webs.uab.cat\/bees\/wp-json\/wp\/v2\/pages\/1136\/revisions"}],"predecessor-version":[{"id":4191,"href":"https:\/\/webs.uab.cat\/bees\/wp-json\/wp\/v2\/pages\/1136\/revisions\/4191"}],"wp:attachment":[{"href":"https:\/\/webs.uab.cat\/bees\/wp-json\/wp\/v2\/media?parent=1136"}],"curies":[{"name":"wp","href":"https:\/\/api.w.org\/{rel}","templated":true}]}}