{"id":1168,"date":"2025-05-14T11:40:09","date_gmt":"2025-05-14T09:40:09","guid":{"rendered":"https:\/\/biocampus25.wordpress.com\/?page_id=1168"},"modified":"2025-05-19T11:02:16","modified_gmt":"2025-05-19T09:02:16","slug":"crambidae","status":"publish","type":"page","link":"https:\/\/webs.uab.cat\/bees\/crambidae\/","title":{"rendered":"Crambidae"},"content":{"rendered":"\n<div class=\"wp-block-group is-vertical is-layout-flex wp-container-core-group-is-layout-3e0ae1ae wp-block-group-is-layout-flex\">\n<p><strong>DESCRIPCI\u00d3N:<\/strong><\/p>\n\n\n\n<p class=\"has-text-align-justify\">Esta familia de lepid\u00f3pteros heter\u00f3ceros est\u00e1 formada por unas 11.600 especies, que se subdividen en diecis\u00e9is subfamilias. Este grupo se caracteriza por:<\/p>\n\n\n\n<div class=\"wp-block-group has-alegreya-font-family has-small-font-size is-vertical is-layout-flex wp-container-core-group-is-layout-8cf370e7 wp-block-group-is-layout-flex\">\n<ul class=\"wp-block-list\">\n<li>Algunas especies pueden convertirse en plagas, mientras que otras nos sirven como bioindicadores para combatir otras plagas o especies introducidas.<\/li>\n\n\n\n<li>En su fase de larva, suelen alimentarse de diversos tipos de plantas que generalmente son cultivadas por el hombre (como el trigo o el arroz). Por ello, se dice que generan grandes da\u00f1os econ\u00f3micos.<\/li>\n\n\n\n<li>Los individuos adultos suelen presentar alas estrechas y alargadas, de colores claros y con patrones iridiscentes o brillantes. En reposo, mantienen las alas desplegadas hacia atr\u00e1s.<\/li>\n\n\n\n<li>En muchos casos, presentan una cabeza prominente con un morro puntiagudo. Esta caracter\u00edstica les ha conferido el nombre com\u00fan de &#8220;polillas de morro&#8221;.<\/li>\n<\/ul>\n\n\n\n<p class=\"has-text-align-justify\">La especie m\u00e1s com\u00fan en nuestro territorio es &#8220;<em><a href=\"https:\/\/webs.uab.cat\/bees\/polilla-de-la-remolacha\/\" data-type=\"page\" data-id=\"1154\">Spoladea recurvalis<\/a><\/em>&#8220;.<\/p>\n<\/div>\n<\/div>\n\n\n\n<div style=\"height:30px\" aria-hidden=\"true\" class=\"wp-block-spacer\"><\/div>\n\n\n\n<p><strong>BIBLIOGRAFIA:<\/strong><\/p>\n\n\n\n<p class=\"has-text-align-justify has-small-font-size\"><em>CRAMBIDAE<\/em>. (n.d.). Ecosdelbosque.com. Retrieved January 7, 2025, from <a href=\"https:\/\/ecosdelbosque.com\/familias\/crambidae\">https:\/\/ecosdelbosque.com\/familias\/crambidae<\/a><\/p>\n\n\n\n<p class=\"has-text-align-justify has-small-font-size\">Wikipedia contributors. (2023, March 29).&nbsp;<em>Crambidae<\/em>. Wikipedia, The Free Encyclopedia. <a href=\"https:\/\/en.wikipedia.org\/w\/index.php?title=Crambidae&amp;oldid=1147208127\">https:\/\/en.wikipedia.org\/w\/index.php?title=Crambidae&amp;oldid=1147208127<\/a><\/p>\n\n\n\n<p><\/p>\n","protected":false},"excerpt":{"rendered":"<p>DESCRIPCI\u00d3N: Esta familia de lepid\u00f3pteros heter\u00f3ceros est\u00e1 formada por unas 11.600 especies, que se subdividen en diecis\u00e9is subfamilias. Este grupo se caracteriza por: La especie m\u00e1s com\u00fan en nuestro territorio es &#8220;Spoladea recurvalis&#8220;. BIBLIOGRAFIA: CRAMBIDAE. (n.d.). Ecosdelbosque.com. Retrieved January 7, 2025, from https:\/\/ecosdelbosque.com\/familias\/crambidae Wikipedia contributors. (2023, March 29).&nbsp;Crambidae. Wikipedia, The Free Encyclopedia. https:\/\/en.wikipedia.org\/w\/index.php?title=Crambidae&amp;oldid=1147208127<\/p>\n","protected":false},"author":2556,"featured_media":0,"parent":0,"menu_order":0,"comment_status":"closed","ping_status":"closed","template":"","meta":{"footnotes":""},"class_list":["post-1168","page","type-page","status-publish","hentry"],"_links":{"self":[{"href":"https:\/\/webs.uab.cat\/bees\/wp-json\/wp\/v2\/pages\/1168","targetHints":{"allow":["GET"]}}],"collection":[{"href":"https:\/\/webs.uab.cat\/bees\/wp-json\/wp\/v2\/pages"}],"about":[{"href":"https:\/\/webs.uab.cat\/bees\/wp-json\/wp\/v2\/types\/page"}],"author":[{"embeddable":true,"href":"https:\/\/webs.uab.cat\/bees\/wp-json\/wp\/v2\/users\/2556"}],"replies":[{"embeddable":true,"href":"https:\/\/webs.uab.cat\/bees\/wp-json\/wp\/v2\/comments?post=1168"}],"version-history":[{"count":2,"href":"https:\/\/webs.uab.cat\/bees\/wp-json\/wp\/v2\/pages\/1168\/revisions"}],"predecessor-version":[{"id":4173,"href":"https:\/\/webs.uab.cat\/bees\/wp-json\/wp\/v2\/pages\/1168\/revisions\/4173"}],"wp:attachment":[{"href":"https:\/\/webs.uab.cat\/bees\/wp-json\/wp\/v2\/media?parent=1168"}],"curies":[{"name":"wp","href":"https:\/\/api.w.org\/{rel}","templated":true}]}}