{"id":1176,"date":"2025-05-14T11:46:44","date_gmt":"2025-05-14T09:46:44","guid":{"rendered":"https:\/\/biocampus25.wordpress.com\/?page_id=1176"},"modified":"2025-05-19T13:44:38","modified_gmt":"2025-05-19T11:44:38","slug":"thaumetopoeidae","status":"publish","type":"page","link":"https:\/\/webs.uab.cat\/bees\/thaumetopoeidae\/","title":{"rendered":"Thaumetopoeidae"},"content":{"rendered":"\n<div class=\"wp-block-group is-vertical is-layout-flex wp-container-core-group-is-layout-3e0ae1ae wp-block-group-is-layout-flex\">\n<p><strong>DESCRIPCI\u00d3N:<\/strong><\/p>\n\n\n\n<p class=\"has-text-align-justify has-alegreya-font-family has-small-font-size\">Esta familia de heter\u00f3ceros se caracteriza principalmente por el comportamiento de las orugas. Estas se denominan procesionarias, debido a que se desplazan una detr\u00e1s de otra formando una fila recta. Adem\u00e1s, cuando necesitan realizar la muda, varias orugas se agrupan en el mismo \u00e1rbol y construyen un nido comunal.&nbsp;&nbsp;&nbsp;&nbsp;&nbsp;&nbsp;&nbsp;&nbsp;<\/p>\n\n\n\n<p class=\"has-text-align-justify has-alegreya-font-family has-small-font-size\">Cabe destacar que suelen presentar una alta pilosidad, con pelos que pueden variar entre tonalidades marrones o rojizas.<\/p>\n\n\n\n<p class=\"has-text-align-justify has-alegreya-font-family has-small-font-size\">La \u00fanica especie presente en el campus es &#8220;<em><a href=\"https:\/\/webs.uab.cat\/bees\/procesionaria-del-pino\/\" data-type=\"page\" data-id=\"1181\">Thaumetopoea pityocampa<\/a>&#8220;.<\/em><\/p>\n<\/div>\n\n\n\n<div style=\"height:30px\" aria-hidden=\"true\" class=\"wp-block-spacer\"><\/div>\n\n\n\n<p><strong>BIBLIOGRAFIA:<\/strong><\/p>\n\n\n\n<p class=\"has-text-align-justify has-small-font-size\">Wikipedia contributors. (n.d.-m).&nbsp;<em>Thaumetopoeidae<\/em>. Wikipedia, The Free Encyclopedia. <a href=\"https:\/\/es.wikipedia.org\/w\/index.php?title=Thaumetopoeidae&amp;oldid=159129289\">https:\/\/es.wikipedia.org\/w\/index.php?title=Thaumetopoeidae&amp;oldid=159129289<\/a><\/p>\n","protected":false},"excerpt":{"rendered":"<p>DESCRIPCI\u00d3N: Esta familia de heter\u00f3ceros se caracteriza principalmente por el comportamiento de las orugas. Estas se denominan procesionarias, debido a que se desplazan una detr\u00e1s de otra formando una fila recta. Adem\u00e1s, cuando necesitan realizar la muda, varias orugas se agrupan en el mismo \u00e1rbol y construyen un nido comunal.&nbsp;&nbsp;&nbsp;&nbsp;&nbsp;&nbsp;&nbsp;&nbsp; Cabe destacar que suelen presentar [&hellip;]<\/p>\n","protected":false},"author":2556,"featured_media":0,"parent":0,"menu_order":0,"comment_status":"closed","ping_status":"closed","template":"","meta":{"footnotes":""},"class_list":["post-1176","page","type-page","status-publish","hentry"],"_links":{"self":[{"href":"https:\/\/webs.uab.cat\/bees\/wp-json\/wp\/v2\/pages\/1176","targetHints":{"allow":["GET"]}}],"collection":[{"href":"https:\/\/webs.uab.cat\/bees\/wp-json\/wp\/v2\/pages"}],"about":[{"href":"https:\/\/webs.uab.cat\/bees\/wp-json\/wp\/v2\/types\/page"}],"author":[{"embeddable":true,"href":"https:\/\/webs.uab.cat\/bees\/wp-json\/wp\/v2\/users\/2556"}],"replies":[{"embeddable":true,"href":"https:\/\/webs.uab.cat\/bees\/wp-json\/wp\/v2\/comments?post=1176"}],"version-history":[{"count":1,"href":"https:\/\/webs.uab.cat\/bees\/wp-json\/wp\/v2\/pages\/1176\/revisions"}],"predecessor-version":[{"id":4296,"href":"https:\/\/webs.uab.cat\/bees\/wp-json\/wp\/v2\/pages\/1176\/revisions\/4296"}],"wp:attachment":[{"href":"https:\/\/webs.uab.cat\/bees\/wp-json\/wp\/v2\/media?parent=1176"}],"curies":[{"name":"wp","href":"https:\/\/api.w.org\/{rel}","templated":true}]}}