{"id":1181,"date":"2025-05-14T11:43:36","date_gmt":"2025-05-14T09:43:36","guid":{"rendered":"https:\/\/biocampus25.wordpress.com\/?page_id=1181"},"modified":"2025-05-19T13:32:04","modified_gmt":"2025-05-19T11:32:04","slug":"procesionaria-del-pino","status":"publish","type":"page","link":"https:\/\/webs.uab.cat\/bees\/procesionaria-del-pino\/","title":{"rendered":"PROCESIONARIA DEL PINO"},"content":{"rendered":"<div class=\"wp-block-image\">\n<figure class=\"aligncenter size-large\"><img loading=\"lazy\" decoding=\"async\" width=\"1200\" height=\"900\" src=\"https:\/\/biocampus25.wordpress.com\/wp-content\/uploads\/2025\/04\/1200px-thaumetopoea_pityocampa_2867229952.jpg?w=1024\" alt=\"\" class=\"wp-image-1182\" srcset=\"https:\/\/webs.uab.cat\/bees\/wp-content\/uploads\/sites\/329\/2025\/04\/1200px-thaumetopoea_pityocampa_2867229952.jpg 1200w, https:\/\/webs.uab.cat\/bees\/wp-content\/uploads\/sites\/329\/2025\/04\/1200px-thaumetopoea_pityocampa_2867229952-300x225.jpg 300w, https:\/\/webs.uab.cat\/bees\/wp-content\/uploads\/sites\/329\/2025\/04\/1200px-thaumetopoea_pityocampa_2867229952-1024x768.jpg 1024w, https:\/\/webs.uab.cat\/bees\/wp-content\/uploads\/sites\/329\/2025\/04\/1200px-thaumetopoea_pityocampa_2867229952-768x576.jpg 768w\" sizes=\"auto, (max-width: 1200px) 100vw, 1200px\" \/><\/figure>\n<\/div>\n\n\n<p class=\"has-text-align-justify has-small-font-size\">Thaumetopoea pityocampa. Imagen con copyrigt CC BY 2.0, creada por Donald Hobern y obtenida de Wikimmedia commons en: <a href=\"https:\/\/commons.wikimedia.org\/wiki\/File:Thaumetopoea_pityocampa_(2867229952).jpg\">https:\/\/commons.wikimedia.org\/wiki\/File:Thaumetopoea_pityocampa_(2867229952).jpg<\/a><\/p>\n\n\n\n<div style=\"height:10px\" aria-hidden=\"true\" class=\"wp-block-spacer\"><\/div>\n\n\n\n<div class=\"wp-block-columns is-layout-flex wp-container-core-columns-is-layout-9d6595d7 wp-block-columns-is-layout-flex\">\n<div class=\"wp-block-column is-layout-flow wp-block-column-is-layout-flow\">\n<figure class=\"wp-block-table has-alegreya-font-family has-small-font-size\"><table><tbody><tr><td class=\"has-text-align-center\" data-align=\"center\"><strong>Reino<\/strong><\/td><td class=\"has-text-align-center\" data-align=\"center\">Animalia<\/td><\/tr><tr><td class=\"has-text-align-center\" data-align=\"center\"><strong>Filo<\/strong><\/td><td class=\"has-text-align-center\" data-align=\"center\">Arthropoda<\/td><\/tr><tr><td class=\"has-text-align-center\" data-align=\"center\"><strong>Subfilo<\/strong><\/td><td class=\"has-text-align-center\" data-align=\"center\"><a href=\"https:\/\/webs.uab.cat\/bees\/hexapoda\/\" data-type=\"page\" data-id=\"4095\">Hexapoda<\/a><\/td><\/tr><tr><td class=\"has-text-align-center\" data-align=\"center\"><strong>Clase<\/strong><\/td><td class=\"has-text-align-center\" data-align=\"center\">Insecta<\/td><\/tr><tr><td class=\"has-text-align-center\" data-align=\"center\"><strong>Subclase<\/strong><\/td><td class=\"has-text-align-center\" data-align=\"center\">Pterygota<\/td><\/tr><tr><td class=\"has-text-align-center\" data-align=\"center\"><strong>Orden<\/strong><\/td><td class=\"has-text-align-center\" data-align=\"center\"><a href=\"https:\/\/webs.uab.cat\/bees\/lepidoptera\/\" data-type=\"page\" data-id=\"1076\">Lepidoptera<\/a><\/td><\/tr><tr><td class=\"has-text-align-center\" data-align=\"center\"><strong>Superfamilia<\/strong><\/td><td class=\"has-text-align-center\" data-align=\"center\">Noctuoidea<\/td><\/tr><tr><td class=\"has-text-align-center\" data-align=\"center\"><strong>Familia<\/strong><\/td><td class=\"has-text-align-center\" data-align=\"center\"><a href=\"https:\/\/webs.uab.cat\/bees\/thaumetopoeidae\/\" data-type=\"page\" data-id=\"1176\">Thaumetopoeidae<\/a><\/td><\/tr><tr><td class=\"has-text-align-center\" data-align=\"center\"><strong>Subfamilia<\/strong><\/td><td class=\"has-text-align-center\" data-align=\"center\">Thaumetopoeinae<\/td><\/tr><tr><td class=\"has-text-align-center\" data-align=\"center\"><strong>G\u00e9nero<\/strong><\/td><td class=\"has-text-align-center\" data-align=\"center\">Thaumetopoea<\/td><\/tr><tr><td class=\"has-text-align-center\" data-align=\"center\"><strong>Especie<\/strong><\/td><td class=\"has-text-align-center\" data-align=\"center\">T. pityocampa<\/td><\/tr><\/tbody><\/table><\/figure>\n<\/div>\n\n\n\n<div class=\"wp-block-column is-layout-flow wp-block-column-is-layout-flow\">\n<div class=\"wp-block-group is-vertical is-layout-flex wp-container-core-group-is-layout-769d0143 wp-block-group-is-layout-flex\">\n<p><strong>DESCRIPCI\u00d3N:<\/strong><\/p>\n\n\n\n<p class=\"has-text-align-justify has-alegreya-font-family has-small-font-size\">La procesionaria del pino es una polilla de tama\u00f1o mediano, que suele medir unos 30-49mm, siendo la hembra de mayor tama\u00f1o que el macho. Su primer par de alas son gris\u00e1ceas y presentan tres l\u00edneas m\u00e1s oscuras a lo ancho de estas estructuras. En cambio, el segundo par de alas son m\u00e1s blanquecinas y presentan una mancha oscura cerca del a\u00f1o.<\/p>\n\n\n\n<p class=\"has-text-align-justify has-alegreya-font-family has-small-font-size\">El t\u00f3rax es tremendamente piloso, mientras que el abdomen, de forma cil\u00edndrica y gruesa, destaca por presentar toda una serie de escamas de tonalidades doradas. El abdomen de los machos es ligeramente m\u00e1s delgado y piloso que el de la hembra.<\/p>\n\n\n\n<p class=\"has-text-align-justify has-alegreya-font-family has-small-font-size\">Las orugas destacan por ser de colores marrones y presentan una gran densidad de pelos blanquinosos, los cuales tienen cierta capacidad urticante.<\/p>\n<\/div>\n<\/div>\n<\/div>\n\n\n\n<div style=\"height:10px\" aria-hidden=\"true\" class=\"wp-block-spacer\"><\/div>\n\n\n\n<div class=\"wp-block-group is-vertical is-layout-flex wp-container-core-group-is-layout-769d0143 wp-block-group-is-layout-flex\">\n<p><strong>DIETA:<\/strong><\/p>\n\n\n\n<p class=\"has-text-align-justify has-alegreya-font-family has-small-font-size\">Durante la fase larvaria se alimentan de las ac\u00edculas de diversas especies de pinos, es decir de las estructuras en forma de delgadas agujas. Al pasar a fase adulta, su aparato bucal se reduce enormemente, de manera que no suelen alimentarse en este estadio vital.<\/p>\n\n\n\n<p class=\"has-text-align-justify has-alegreya-font-family has-small-font-size\">Debido a su tipo de dieta, es considerada una de las especies m\u00e1s da\u00f1inas para los pinos.<\/p>\n<\/div>\n\n\n\n<div style=\"height:10px\" aria-hidden=\"true\" class=\"wp-block-spacer\"><\/div>\n\n\n\n<div class=\"wp-block-group is-vertical is-layout-flex wp-container-core-group-is-layout-769d0143 wp-block-group-is-layout-flex\">\n<p><strong>ESTRUCTURA SOCIAL Y COMPORTAMIENTO:<\/strong><\/p>\n\n\n\n<p class=\"has-text-align-justify has-alegreya-font-family has-small-font-size\">Esta especie destaca por su marcada sociabilidad, especialmente en la etapa larvaria, cuando se desplaza en grupos organizados formando una l\u00ednea perfectamente alineada. Adem\u00e1s, es com\u00fan que elaboren un capullo comunitario, donde m\u00faltiples larvas crecen y se desarrollan juntas.<\/p>\n\n\n\n<p class=\"has-text-align-justify has-alegreya-font-family has-small-font-size\">Los adultos son exclusivamente activos en horario nocturno, mientras que las larvas pueden comportarse de forma diurna o nocturna dependiendo de si las temperaturas a la noche son muy bajas.<\/p>\n\n\n\n<p class=\"has-text-align-justify has-alegreya-font-family has-small-font-size\">En lo que respecta a su ciclo, suelen reproducirse y poner los huevos en cuesti\u00f3n de dos d\u00edas, entre los meses de junio y septiembre. Se suelen generar entre 120-300 huevos, que son depositados entre las ac\u00edculas de los pinos.<\/p>\n\n\n\n<p class=\"has-text-align-justify has-alegreya-font-family has-small-font-size\">Al cabo de 30-40 d\u00edas, estos huevos se abren y dejan ver a unas orugas que ya pueden empezar a alimentarse. Durante los meses de septiembre y marzo, vivir\u00e1n entre las ramas y realizar\u00e1n un total de 5 mudas. Con todo esto, pasar\u00e1n de medir 2,5mm a unos 3-4cm y se dispondr\u00e1n a descender del pino.<\/p>\n\n\n\n<p class=\"has-text-align-justify has-alegreya-font-family has-small-font-size\">Una vez en el suelo, se enterrar\u00e1n para as\u00ed volverse una pupa. El desarrollo de esta depender\u00e1 directamente de las condiciones ambientales y acabar\u00e1 dando lugar a la corta fase de adulto.<\/p>\n<\/div>\n\n\n<div class=\"wp-block-image\">\n<figure class=\"aligncenter size-large\"><img loading=\"lazy\" decoding=\"async\" width=\"1110\" height=\"94\" src=\"https:\/\/biocampus25.wordpress.com\/wp-content\/uploads\/2025\/04\/captura-de-pantalla-2025-04-18-130956.png?w=1024\" alt=\"\" class=\"wp-image-1189\" srcset=\"https:\/\/webs.uab.cat\/bees\/wp-content\/uploads\/sites\/329\/2025\/04\/captura-de-pantalla-2025-04-18-130956.png 1110w, https:\/\/webs.uab.cat\/bees\/wp-content\/uploads\/sites\/329\/2025\/04\/captura-de-pantalla-2025-04-18-130956-300x25.png 300w, https:\/\/webs.uab.cat\/bees\/wp-content\/uploads\/sites\/329\/2025\/04\/captura-de-pantalla-2025-04-18-130956-1024x87.png 1024w, https:\/\/webs.uab.cat\/bees\/wp-content\/uploads\/sites\/329\/2025\/04\/captura-de-pantalla-2025-04-18-130956-768x65.png 768w\" sizes=\"auto, (max-width: 1110px) 100vw, 1110px\" \/><\/figure>\n<\/div>\n\n\n<div style=\"height:10px\" aria-hidden=\"true\" class=\"wp-block-spacer\"><\/div>\n\n\n\n<div class=\"wp-block-group is-vertical is-layout-flex wp-container-core-group-is-layout-769d0143 wp-block-group-is-layout-flex\">\n<p><strong>HABITAT Y ZONA DE DISTRIBUCI\u00d3N:<\/strong><\/p>\n\n\n\n<p class=\"has-text-align-justify has-alegreya-font-family has-small-font-size\">Podemos encontrarlos por buena parte de Europa, a excepci\u00f3n de las regiones m\u00e1s hacia el este y en la pen\u00ednsula Escandinava. En menor abundancia pueden estar en el norte de \u00e1frica y oriente medio.<\/p>\n\n\n\n<p class=\"has-text-align-justify has-alegreya-font-family has-small-font-size\">Su h\u00e1bitat t\u00edpico son los bosques de pinares, que no sean muy densos y con temperaturas siempre superiores a los -12\u00baC. Tambi\u00e9n es posible encontrarlos en zonas urbanas o pr\u00f3ximas a ellas.<\/p>\n<\/div>\n\n\n\n<div class=\"wp-block-group is-vertical is-layout-flex wp-container-core-group-is-layout-769d0143 wp-block-group-is-layout-flex\">\n<figure class=\"wp-block-image size-large is-resized\"><img loading=\"lazy\" decoding=\"async\" width=\"669\" height=\"336\" src=\"https:\/\/biocampus25.wordpress.com\/wp-content\/uploads\/2025\/04\/captura-de-pantalla-2025-04-18-131142.png?w=669\" alt=\"\" class=\"wp-image-1191\" style=\"width:620px;height:auto\" srcset=\"https:\/\/webs.uab.cat\/bees\/wp-content\/uploads\/sites\/329\/2025\/04\/captura-de-pantalla-2025-04-18-131142.png 669w, https:\/\/webs.uab.cat\/bees\/wp-content\/uploads\/sites\/329\/2025\/04\/captura-de-pantalla-2025-04-18-131142-300x151.png 300w\" sizes=\"auto, (max-width: 669px) 100vw, 669px\" \/><\/figure>\n\n\n\n<p class=\"has-text-align-justify has-small-font-size\">Mapa de distribuci\u00f3n de Thaumetopoea pityocampa. Imagen obtenida de Gbif en: <a href=\"https:\/\/www.gbif.org\/es\/species\/1824131\">https:\/\/www.gbif.org\/es\/species\/1824131<\/a><\/p>\n<\/div>\n\n\n\n<div style=\"height:10px\" aria-hidden=\"true\" class=\"wp-block-spacer\"><\/div>\n\n\n\n<div class=\"wp-block-group is-vertical is-layout-flex wp-container-core-group-is-layout-769d0143 wp-block-group-is-layout-flex\">\n<p><strong>ESTADO DE CONSERVACI\u00d3N:<\/strong><\/p>\n\n\n\n<p class=\"has-text-align-justify has-alegreya-font-family has-small-font-size\">No se conoce el estado de conservaci\u00f3n exacto de esta especie, pero recientemente se ha visto que debido al cambio clim\u00e1tico, cada vez est\u00e1n ascendiendo a mayores alturas. Esto est\u00e1 provocando que se alteren los ecosistemas de los lugares a los que viajan.<\/p>\n<\/div>\n\n\n<div class=\"wp-block-image\">\n<figure class=\"aligncenter size-large is-resized\"><img loading=\"lazy\" decoding=\"async\" width=\"582\" height=\"167\" src=\"https:\/\/biocampus25.wordpress.com\/wp-content\/uploads\/2025\/04\/captura_de_pantalla_2025-04-16_221652-removebg-preview-7.png?w=582\" alt=\"\" class=\"wp-image-1194\" style=\"width:620px;height:auto\" srcset=\"https:\/\/webs.uab.cat\/bees\/wp-content\/uploads\/sites\/329\/2025\/04\/captura_de_pantalla_2025-04-16_221652-removebg-preview-7.png 582w, https:\/\/webs.uab.cat\/bees\/wp-content\/uploads\/sites\/329\/2025\/04\/captura_de_pantalla_2025-04-16_221652-removebg-preview-7-300x86.png 300w\" sizes=\"auto, (max-width: 582px) 100vw, 582px\" \/><\/figure>\n<\/div>\n\n\n<div style=\"height:30px\" aria-hidden=\"true\" class=\"wp-block-spacer\"><\/div>\n\n\n\n<p><strong>REFERENCIAS:<\/strong><\/p>\n\n\n\n<p class=\"has-text-align-justify has-small-font-size\"><em>Procesionaria del pino (Thaumetopoea pityocampa)<\/em>. (n.d.). Natusfera. Retrieved February 19, 2025, from <a href=\"https:\/\/spain.inaturalist.org\/taxa\/61293-Thaumetopoea-pityocampa\">https:\/\/spain.inaturalist.org\/taxa\/61293-Thaumetopoea-pityocampa<\/a><\/p>\n\n\n\n<p class=\"has-text-align-justify has-small-font-size\"><em>Thaumetopoea pityocampa<\/em>. (n.d.). Thaumetopoeapityocampa.com. Retrieved February 19, 2025, from <a href=\"https:\/\/www.thaumetopoeapityocampa.com\/\">https:\/\/www.thaumetopoeapityocampa.com\/<\/a><\/p>\n\n\n\n<p class=\"has-text-align-justify has-small-font-size\">Valderrey, J. L. M. (2006a, March 6).&nbsp;<em>Thaumetopoea pityocampa (Denis &amp; Schifferm\u00fcller, 1775)<\/em>. Naturaleza y turismo. <a href=\"https:\/\/www.asturnatura.com\/especie\/thaumetopoea-pityocampa\">https:\/\/www.asturnatura.com\/especie\/thaumetopoea-pityocampa<\/a><\/p>\n","protected":false},"excerpt":{"rendered":"<p>Thaumetopoea pityocampa. Imagen con copyrigt CC BY 2.0, creada por Donald Hobern y obtenida de Wikimmedia commons en: https:\/\/commons.wikimedia.org\/wiki\/File:Thaumetopoea_pityocampa_(2867229952).jpg Reino Animalia Filo Arthropoda Subfilo Hexapoda Clase Insecta Subclase Pterygota Orden Lepidoptera Superfamilia Noctuoidea Familia Thaumetopoeidae Subfamilia Thaumetopoeinae G\u00e9nero Thaumetopoea Especie T. pityocampa DESCRIPCI\u00d3N: La procesionaria del pino es una polilla de tama\u00f1o mediano, que suele [&hellip;]<\/p>\n","protected":false},"author":2556,"featured_media":0,"parent":0,"menu_order":0,"comment_status":"closed","ping_status":"closed","template":"","meta":{"footnotes":""},"class_list":["post-1181","page","type-page","status-publish","hentry"],"_links":{"self":[{"href":"https:\/\/webs.uab.cat\/bees\/wp-json\/wp\/v2\/pages\/1181","targetHints":{"allow":["GET"]}}],"collection":[{"href":"https:\/\/webs.uab.cat\/bees\/wp-json\/wp\/v2\/pages"}],"about":[{"href":"https:\/\/webs.uab.cat\/bees\/wp-json\/wp\/v2\/types\/page"}],"author":[{"embeddable":true,"href":"https:\/\/webs.uab.cat\/bees\/wp-json\/wp\/v2\/users\/2556"}],"replies":[{"embeddable":true,"href":"https:\/\/webs.uab.cat\/bees\/wp-json\/wp\/v2\/comments?post=1181"}],"version-history":[{"count":1,"href":"https:\/\/webs.uab.cat\/bees\/wp-json\/wp\/v2\/pages\/1181\/revisions"}],"predecessor-version":[{"id":4279,"href":"https:\/\/webs.uab.cat\/bees\/wp-json\/wp\/v2\/pages\/1181\/revisions\/4279"}],"wp:attachment":[{"href":"https:\/\/webs.uab.cat\/bees\/wp-json\/wp\/v2\/media?parent=1181"}],"curies":[{"name":"wp","href":"https:\/\/api.w.org\/{rel}","templated":true}]}}